{"id":11044,"date":"2020-03-02T14:57:12","date_gmt":"2020-03-02T13:57:12","guid":{"rendered":"http:\/\/wir-von-der-kennedy.de\/wirvonderkennedyfinal\/?page_id=11044"},"modified":"2020-06-10T14:07:07","modified_gmt":"2020-06-10T12:07:07","slug":"schuljahr-2019-2020-1-halbjahr-2","status":"publish","type":"page","link":"https:\/\/wir-von-der-kennedy.de\/wirvonderkennedyfinal\/schuljahr-2019-2020-1-halbjahr-2\/","title":{"rendered":"Schuljahr 2019\/2020, 2. Halbjahr"},"content":{"rendered":"\n\n\n<h1 class=\"wp-block-heading\"><strong>&#8222;Mit Abstand die Besten&#8230;&#8220;<\/strong><\/h1>\n\n\n\n<p class=\"wp-block-paragraph\">\u2026 steht auf den Abschluss-Pullovern der Klasse 10a. Ein treffendes Motto in der Corona-Zeit. Die Klasse 10a von Marie-Luise Olbrich und Co-Klassenlehrer Martin Wolfsholz verabschiedet sich von der JFK. Abschlussfeiern im kleineren Rahmen als sonst finden f\u00fcr alle f\u00fcnf Abschlussklassen Ende Juni statt.<\/p>\n\n\n\n<figure class=\"wp-block-image size-large is-resized\"><a href=\"http:\/\/wir-von-der-kennedy.de\/wirvonderkennedyfinal\/wp-content\/uploads\/2020\/06\/Foto-04.06.20-10-17-03-X-scaled.jpg\"><img loading=\"lazy\" decoding=\"async\" class=\"alignnone wp-image-11361\" src=\"http:\/\/wir-von-der-kennedy.de\/wirvonderkennedyfinal\/wp-content\/uploads\/2020\/06\/Foto-04.06.20-10-17-03-X-1024x683.jpg\" alt=\"\" width=\"768\" height=\"512\" srcset=\"https:\/\/wir-von-der-kennedy.de\/wirvonderkennedyfinal\/wp-content\/uploads\/2020\/06\/Foto-04.06.20-10-17-03-X-1024x683.jpg 1024w, https:\/\/wir-von-der-kennedy.de\/wirvonderkennedyfinal\/wp-content\/uploads\/2020\/06\/Foto-04.06.20-10-17-03-X-300x200.jpg 300w, https:\/\/wir-von-der-kennedy.de\/wirvonderkennedyfinal\/wp-content\/uploads\/2020\/06\/Foto-04.06.20-10-17-03-X-768x512.jpg 768w, https:\/\/wir-von-der-kennedy.de\/wirvonderkennedyfinal\/wp-content\/uploads\/2020\/06\/Foto-04.06.20-10-17-03-X-1536x1024.jpg 1536w, https:\/\/wir-von-der-kennedy.de\/wirvonderkennedyfinal\/wp-content\/uploads\/2020\/06\/Foto-04.06.20-10-17-03-X-2048x1366.jpg 2048w\" sizes=\"auto, (max-width: 768px) 100vw, 768px\" \/><\/a><\/figure>\n\n\n\n<p class=\"wp-block-paragraph\"><em>whz, Foto: PaRi<\/em><\/p>\n\n\n\n\n\n<hr class=\"wp-block-separator\"\/>\n\n\n\n\n\n<h1 class=\"wp-block-heading\"><strong>Mein Leben in der Corona-Zeit!<\/strong> (2)<\/h1>\n\n\n\n<h3 class=\"wp-block-heading\"><em>Eine Siebtkl\u00e4sslerin berichtet von der unterrichtsfreien Zeit vor und nach den Osterferien<\/em><\/h3>\n\n\n\n<p class=\"wp-block-paragraph\">Seit ungef\u00e4hr einem Monat haben wir schon \u201eCorona-Ferien\u201c. In den Nachrichten wurde es gesagt, aber auch in der Schule. Ich war erstmal \u00fcberrascht, denn ich h\u00e4tte gedacht, dass wir mindestens noch eine Woche mehr Schule gehabt h\u00e4tten.<\/p>\n\n\n\n<p class=\"wp-block-paragraph\">Der Alltag hat sich ein bisschen ver\u00e4ndert, wie zum Beispiel beim Einkaufen; dort gibt es Linien auf dem Boden bei der Kasse, damit man Abstand h\u00e4lt. Kontakt zu Klassenkameraden habe ich, wir halten uns alle auf dem Laufenden in einer WhatsApp-Gruppe. Besch\u00e4ftigen tue ich mich, indem ich raus in den Garten gehe, Netflix gucke oder mit meinen Geschwistern spiele. Meistens spielen wir Brettspiele wie Monopoly, Schach oder auch Mensch-\u00e4rgere-dich-nicht. Au\u00dferdem gehe ich noch mit meiner Familie spazieren oder wir gehen auch joggen, denn wir haben einen Wald bei uns um die Ecke.<\/p>\n\n\n\n<p class=\"wp-block-paragraph\">Ich finde, Homeschooling ist eine gute Idee, doch am Anfang ist es mir schwer gefallen mich damit <em>(gemeint ist wtkedu; Anm. der Redaktion)<\/em> zurechtzufinden. Mittlerweile kenne ich mich schon gut damit aus und komme auch gut zurecht. Gestern hatten wir das orthodoxe Osterfest (19. April). Der Tag war sch\u00f6n, wir haben zusammen gefr\u00fchst\u00fcckt und danach im Garten Eier und S\u00fc\u00dfigkeiten gesucht.<\/p>\n\n\n\n<p class=\"wp-block-paragraph\">Meiner Meinung nach sind die \u201eCorona-Ferien\u201c ganz okay. Der einzige Vorteil ist, dass man ausschlafen kann. Ansonsten vermisse ich die Schule und meine Freunde.<\/p>\n\n\n\n<p class=\"wp-block-paragraph\"><em>Victorija, Klasse 7a<\/em><\/p>\n\n\n\n\n\n<hr class=\"wp-block-separator\"\/>\n\n\n\n\n\n<h1 class=\"wp-block-heading\"><strong>Mein Leben in der Corona-Zeit!<\/strong> (1)<\/h1>\n\n\n\n<h3 class=\"wp-block-heading\"><em>Eine Neuntkl\u00e4sslerin berichtet von der unterrichtsfreien Zeit vor und nach den Osterferien<\/em><\/h3>\n\n\n\n<p class=\"wp-block-paragraph\">Bei mir hat sich seit der Corona-Zeit einiges ver\u00e4ndert. Anfang Januar begannen die Medien immer h\u00e4ufiger dar\u00fcber zu sprechen, allerdings habe ich damals nie damit gerechnet, dass es soweit kommen w\u00fcrde und dass wir irgendwann nicht mehr in die Schule k\u00f6nnen.<\/p>\n\n\n\n<p class=\"wp-block-paragraph\">Normalerweise bin ich sportlich aktiv und treffe mich viel mit meinen Freunden, was nun nicht mehr m\u00f6glich ist \u2013 und das finde ich schade. Mir fehlt vor allem die Abwechslung am Tag, denn nur zuhause zu sein, Hausaufgaben zu machen und nicht mal seine Freunde sehen zu k\u00f6nnen, finde ich sehr langweilig. Ich hoffe auch sehr, dass wir bald wieder mit unseren Freunden im kommenden Sommer Aktivit\u00e4ten zusammen unternehmen und sie genie\u00dfen k\u00f6nnen, wie zum Beispiel ins Freibad gehen. Ich versuche nat\u00fcrlich trotzdem, mit ihnen in Kontakt zu bleiben und telefoniere oder schreibe mit ihnen.<\/p>\n\n\n\n<p class=\"wp-block-paragraph\">Ich verstehe nat\u00fcrlich, dass die ganzen Ma\u00dfnahmen, die getroffen werden, nur zum Schutz von uns allen da sind. Ich m\u00f6chte mich zwar gerne verabreden, allerdings habe ich Angst um meine Familie, da zum Beispiel mein Opa 92 Jahre alt ist und er nat\u00fcrlich ein viel h\u00f6heres Risiko hat, daran schwer zu erkranken. Daf\u00fcr schaue ich in letzter Zeit viel mehr Filme und Serien. Besonders abends bleibe ich nun l\u00e4nger auf und bin m\u00fcder als sonst. Das Osterfest war sch\u00f6n, aber auch nicht komplett anders als die anderen Tage, da zum Beispiel niemand zu Besuch kommen konnte.<\/p>\n\n\n\n<p class=\"wp-block-paragraph\">Das Einzige was f\u00fcr mich sch\u00f6n war, ist, dass wir uns kurz vor der Schulschlie\u00dfung einen Welpen angeschafft haben und ich so alle H\u00e4nde voll zu tun habe mit ihm. So habe ich die M\u00f6glichkeit, regelm\u00e4\u00dfig rausgehen zu k\u00f6nnen. Ich w\u00fcrde sagen, dass dadurch meine Zeit mit Corona viel leichter und ertr\u00e4glicher war, denn so habe ich immer etwas zu tun. Auch mache ich mit meiner Familie viele Ausfl\u00fcge, zum Beispiel Fahrrad fahren. An jedem Tag passiert etwas Neues und ich habe viel Spa\u00df mit meinem Welpen. Ich w\u00fcrde sagen, dass das meine Zeit viel besser gemacht hat, ansonsten w\u00e4re es wahrscheinlich noch langweiliger.<\/p>\n\n\n\n<div class=\"wp-block-image\">\r\n<figure class=\"aligncenter size-medium is-resized\"><a href=\"http:\/\/wir-von-der-kennedy.de\/wirvonderkennedyfinal\/wp-content\/uploads\/2020\/06\/Emmas-Hund-quer.jpg\"><img loading=\"lazy\" decoding=\"async\" class=\"alignnone wp-image-11344\" src=\"http:\/\/wir-von-der-kennedy.de\/wirvonderkennedyfinal\/wp-content\/uploads\/2020\/06\/Emmas-Hund-quer-300x225.jpg\" alt=\"\" width=\"444\" height=\"334\" srcset=\"https:\/\/wir-von-der-kennedy.de\/wirvonderkennedyfinal\/wp-content\/uploads\/2020\/06\/Emmas-Hund-quer-300x225.jpg 300w, https:\/\/wir-von-der-kennedy.de\/wirvonderkennedyfinal\/wp-content\/uploads\/2020\/06\/Emmas-Hund-quer-1024x769.jpg 1024w, https:\/\/wir-von-der-kennedy.de\/wirvonderkennedyfinal\/wp-content\/uploads\/2020\/06\/Emmas-Hund-quer-768x577.jpg 768w, https:\/\/wir-von-der-kennedy.de\/wirvonderkennedyfinal\/wp-content\/uploads\/2020\/06\/Emmas-Hund-quer-400x300.jpg 400w, https:\/\/wir-von-der-kennedy.de\/wirvonderkennedyfinal\/wp-content\/uploads\/2020\/06\/Emmas-Hund-quer.jpg 1196w\" sizes=\"auto, (max-width: 444px) 100vw, 444px\" \/><\/a><\/figure>\r\n<\/div>\n\n\n\n<p class=\"wp-block-paragraph\"><em>anonym<\/em><\/p>\n\n\n\n\n\n<hr class=\"wp-block-separator\"\/>\n\n\n\n\n\n<h1 class=\"has-text-align-left wp-block-heading\"><strong>&#8222;Lernen von Daheim&#8220; &#8211; Tipps f\u00fcr die unterrichtsfreie Zeit!<\/strong><\/h1>\n\n\n\n<p class=\"wp-block-paragraph\">Lehrerinnen und Lehrer der JFK haben sich \u00fcberlegt, was man neben seinen Hausaufgaben in der unterrichtsfreien Zeit bis zu den Osterferien machen kann, damit es zuhause nicht langweilig wird. Daraus entstand ein Video, dass \u00fcber den folgenden Link zu sehen ist! Viel Spa\u00df!&nbsp;<a href=\"https:\/\/youtu.be\/Y2OizRjzzYg\">Video &#8222;Lernen von Daheim&#8220;<\/a><\/p>\n\n\n\n<figure class=\"wp-block-gallery columns-3 is-cropped wp-block-gallery-1 is-layout-flex wp-block-gallery-is-layout-flex\"><ul class=\"blocks-gallery-grid\"><li class=\"blocks-gallery-item\"><figure><a href=\"http:\/\/wir-von-der-kennedy.de\/wirvonderkennedyfinal\/wp-content\/uploads\/2020\/03\/Lernen-von-Daheim-Bild-1-1024x523.png\"><img loading=\"lazy\" decoding=\"async\" width=\"1024\" height=\"523\" src=\"http:\/\/wir-von-der-kennedy.de\/wirvonderkennedyfinal\/wp-content\/uploads\/2020\/03\/Lernen-von-Daheim-Bild-1-1024x523.png\" alt=\"\" data-id=\"11147\" data-link=\"http:\/\/wir-von-der-kennedy.de\/wirvonderkennedyfinal\/lernen-von-daheim-tipps-fuer-die-unterrichtsfreie-zeit\/lernen-von-daheim-bild-1\/\" class=\"wp-image-11147\" srcset=\"https:\/\/wir-von-der-kennedy.de\/wirvonderkennedyfinal\/wp-content\/uploads\/2020\/03\/Lernen-von-Daheim-Bild-1-1024x523.png 1024w, https:\/\/wir-von-der-kennedy.de\/wirvonderkennedyfinal\/wp-content\/uploads\/2020\/03\/Lernen-von-Daheim-Bild-1-300x153.png 300w, https:\/\/wir-von-der-kennedy.de\/wirvonderkennedyfinal\/wp-content\/uploads\/2020\/03\/Lernen-von-Daheim-Bild-1-768x393.png 768w, https:\/\/wir-von-der-kennedy.de\/wirvonderkennedyfinal\/wp-content\/uploads\/2020\/03\/Lernen-von-Daheim-Bild-1.png 1254w\" sizes=\"auto, (max-width: 1024px) 100vw, 1024px\" \/><\/a><\/figure><\/li><li class=\"blocks-gallery-item\"><figure><a href=\"http:\/\/wir-von-der-kennedy.de\/wirvonderkennedyfinal\/wp-content\/uploads\/2020\/03\/Lernen-von-Daheim-Bild-2-1024x526.png\"><img loading=\"lazy\" decoding=\"async\" width=\"1024\" height=\"526\" src=\"http:\/\/wir-von-der-kennedy.de\/wirvonderkennedyfinal\/wp-content\/uploads\/2020\/03\/Lernen-von-Daheim-Bild-2-1024x526.png\" alt=\"\" data-id=\"11148\" data-link=\"http:\/\/wir-von-der-kennedy.de\/wirvonderkennedyfinal\/lernen-von-daheim-tipps-fuer-die-unterrichtsfreie-zeit\/lernen-von-daheim-bild-2\/\" class=\"wp-image-11148\" srcset=\"https:\/\/wir-von-der-kennedy.de\/wirvonderkennedyfinal\/wp-content\/uploads\/2020\/03\/Lernen-von-Daheim-Bild-2-1024x526.png 1024w, https:\/\/wir-von-der-kennedy.de\/wirvonderkennedyfinal\/wp-content\/uploads\/2020\/03\/Lernen-von-Daheim-Bild-2-300x154.png 300w, https:\/\/wir-von-der-kennedy.de\/wirvonderkennedyfinal\/wp-content\/uploads\/2020\/03\/Lernen-von-Daheim-Bild-2-768x395.png 768w, https:\/\/wir-von-der-kennedy.de\/wirvonderkennedyfinal\/wp-content\/uploads\/2020\/03\/Lernen-von-Daheim-Bild-2.png 1253w\" sizes=\"auto, (max-width: 1024px) 100vw, 1024px\" \/><\/a><\/figure><\/li><li class=\"blocks-gallery-item\"><figure><a href=\"http:\/\/wir-von-der-kennedy.de\/wirvonderkennedyfinal\/wp-content\/uploads\/2020\/03\/Lernen-von-Daheim-Bild-3-1024x526.png\"><img loading=\"lazy\" decoding=\"async\" width=\"1024\" height=\"526\" src=\"http:\/\/wir-von-der-kennedy.de\/wirvonderkennedyfinal\/wp-content\/uploads\/2020\/03\/Lernen-von-Daheim-Bild-3-1024x526.png\" alt=\"\" data-id=\"11149\" data-link=\"http:\/\/wir-von-der-kennedy.de\/wirvonderkennedyfinal\/lernen-von-daheim-tipps-fuer-die-unterrichtsfreie-zeit\/lernen-von-daheim-bild-3\/\" class=\"wp-image-11149\" srcset=\"https:\/\/wir-von-der-kennedy.de\/wirvonderkennedyfinal\/wp-content\/uploads\/2020\/03\/Lernen-von-Daheim-Bild-3-1024x526.png 1024w, https:\/\/wir-von-der-kennedy.de\/wirvonderkennedyfinal\/wp-content\/uploads\/2020\/03\/Lernen-von-Daheim-Bild-3-300x154.png 300w, https:\/\/wir-von-der-kennedy.de\/wirvonderkennedyfinal\/wp-content\/uploads\/2020\/03\/Lernen-von-Daheim-Bild-3-768x394.png 768w, https:\/\/wir-von-der-kennedy.de\/wirvonderkennedyfinal\/wp-content\/uploads\/2020\/03\/Lernen-von-Daheim-Bild-3.png 1258w\" sizes=\"auto, (max-width: 1024px) 100vw, 1024px\" \/><\/a><\/figure><\/li><li class=\"blocks-gallery-item\"><figure><a href=\"http:\/\/wir-von-der-kennedy.de\/wirvonderkennedyfinal\/wp-content\/uploads\/2020\/03\/Lernen-von-Daheim-Bild-4-1024x527.png\"><img loading=\"lazy\" decoding=\"async\" width=\"1024\" height=\"527\" src=\"http:\/\/wir-von-der-kennedy.de\/wirvonderkennedyfinal\/wp-content\/uploads\/2020\/03\/Lernen-von-Daheim-Bild-4-1024x527.png\" alt=\"\" data-id=\"11150\" data-link=\"http:\/\/wir-von-der-kennedy.de\/wirvonderkennedyfinal\/lernen-von-daheim-tipps-fuer-die-unterrichtsfreie-zeit\/lernen-von-daheim-bild-4\/\" class=\"wp-image-11150\" srcset=\"https:\/\/wir-von-der-kennedy.de\/wirvonderkennedyfinal\/wp-content\/uploads\/2020\/03\/Lernen-von-Daheim-Bild-4-1024x527.png 1024w, https:\/\/wir-von-der-kennedy.de\/wirvonderkennedyfinal\/wp-content\/uploads\/2020\/03\/Lernen-von-Daheim-Bild-4-300x154.png 300w, https:\/\/wir-von-der-kennedy.de\/wirvonderkennedyfinal\/wp-content\/uploads\/2020\/03\/Lernen-von-Daheim-Bild-4-768x395.png 768w, https:\/\/wir-von-der-kennedy.de\/wirvonderkennedyfinal\/wp-content\/uploads\/2020\/03\/Lernen-von-Daheim-Bild-4.png 1255w\" sizes=\"auto, (max-width: 1024px) 100vw, 1024px\" \/><\/a><\/figure><\/li><li class=\"blocks-gallery-item\"><figure><a href=\"http:\/\/wir-von-der-kennedy.de\/wirvonderkennedyfinal\/wp-content\/uploads\/2020\/03\/Lernen-von-Daheim-Bild-5-1024x525.png\"><img loading=\"lazy\" decoding=\"async\" width=\"1024\" height=\"525\" src=\"http:\/\/wir-von-der-kennedy.de\/wirvonderkennedyfinal\/wp-content\/uploads\/2020\/03\/Lernen-von-Daheim-Bild-5-1024x525.png\" alt=\"\" data-id=\"11151\" data-link=\"http:\/\/wir-von-der-kennedy.de\/wirvonderkennedyfinal\/lernen-von-daheim-tipps-fuer-die-unterrichtsfreie-zeit\/lernen-von-daheim-bild-5\/\" class=\"wp-image-11151\" srcset=\"https:\/\/wir-von-der-kennedy.de\/wirvonderkennedyfinal\/wp-content\/uploads\/2020\/03\/Lernen-von-Daheim-Bild-5-1024x525.png 1024w, https:\/\/wir-von-der-kennedy.de\/wirvonderkennedyfinal\/wp-content\/uploads\/2020\/03\/Lernen-von-Daheim-Bild-5-300x154.png 300w, https:\/\/wir-von-der-kennedy.de\/wirvonderkennedyfinal\/wp-content\/uploads\/2020\/03\/Lernen-von-Daheim-Bild-5-768x394.png 768w, https:\/\/wir-von-der-kennedy.de\/wirvonderkennedyfinal\/wp-content\/uploads\/2020\/03\/Lernen-von-Daheim-Bild-5.png 1260w\" sizes=\"auto, (max-width: 1024px) 100vw, 1024px\" \/><\/a><\/figure><\/li><li class=\"blocks-gallery-item\"><figure><a href=\"http:\/\/wir-von-der-kennedy.de\/wirvonderkennedyfinal\/wp-content\/uploads\/2020\/04\/Msn-Lego-1-1024x543.jpg\"><img loading=\"lazy\" decoding=\"async\" width=\"1024\" height=\"543\" src=\"http:\/\/wir-von-der-kennedy.de\/wirvonderkennedyfinal\/wp-content\/uploads\/2020\/04\/Msn-Lego-1-1024x543.jpg\" alt=\"\" data-id=\"11229\" data-link=\"http:\/\/wir-von-der-kennedy.de\/wirvonderkennedyfinal\/schuljahr-2019-2020-1-halbjahr-2\/msn-lego-1\/\" class=\"wp-image-11229\" srcset=\"https:\/\/wir-von-der-kennedy.de\/wirvonderkennedyfinal\/wp-content\/uploads\/2020\/04\/Msn-Lego-1-1024x543.jpg 1024w, https:\/\/wir-von-der-kennedy.de\/wirvonderkennedyfinal\/wp-content\/uploads\/2020\/04\/Msn-Lego-1-300x159.jpg 300w, https:\/\/wir-von-der-kennedy.de\/wirvonderkennedyfinal\/wp-content\/uploads\/2020\/04\/Msn-Lego-1-768x407.jpg 768w, https:\/\/wir-von-der-kennedy.de\/wirvonderkennedyfinal\/wp-content\/uploads\/2020\/04\/Msn-Lego-1.jpg 1258w\" sizes=\"auto, (max-width: 1024px) 100vw, 1024px\" \/><\/a><\/figure><\/li><\/ul><\/figure>\n\n\n\n\n\n<hr class=\"wp-block-separator\"\/>\n\n\n\n\n\n<h1 class=\"wp-block-heading\"><strong>Mit Helm und ZDF: Besuch einer Baustelle!<\/strong><\/h1>\n\n\n\n<p class=\"wp-block-paragraph\">Am 06.03.2020 waren Sch\u00fclerinnen und Sch\u00fcler der John-F.-Kennedy-Schule im ZDF-Mittagsmagazin zu sehen (siehe Video unten). Wie es dazu kam, erz\u00e4hlte uns die Konrektorin der JFK, Luzie Betz. In den vergangenen Wochen besuchte sie mit den drei Realschulkassen 8b, 9a und 9b eine Baustelle der ALEA Hoch- und Industriebau AG am Nordbahnhof in Bad Vilbel. Organisiert wurden die Besuche von der \u201eInitiative Zukunft Fachkraft\u201c.<\/p>\n\n\n\n<p class=\"wp-block-paragraph\">An drei Tagen ging es um 10 Uhr los auf die Baustelle. Dort wurden ein paar Berufe vorgestellt, die auf einer Baustelle vertreten sind, wie Maurer, Vermessungstechniker oder auch Polier. Der Vermessungstechniker ist das ideale Beispiel daf\u00fcr, wie manche Berufe mit dem Technikwandel mitgehen. Denn Vermessungstechniker arbeiten heutzutage mit Drohnen. Auf der Baustelle geht es auch nicht wie fr\u00fcher zu, denn heute sieht man kaum noch, wie eine Wand Stein f\u00fcr Stein hochgezogen wird. Stattdessen werden W\u00e4nde per Fernbedienung mit einem Kran eingesetzt. Also ist wesentlich weniger k\u00f6rperliche Arbeit vonn\u00f6ten.<\/p>\n\n\n\n<p class=\"wp-block-paragraph\">Die meisten Kinder, die ganz authentisch mit Helm und Weste die Baustelle betraten, zeigten sich recht interessiert. Die Besuche seien wichtig f\u00fcr die Kinder, damit sie einen Einblick in die Berufswelt werfen k\u00f6nnen, meint Luzie Betz. Ihnen werde auch gezeigt, dass man nicht unbedingt studieren muss, um beste Aussichten auf einen guten Job zu haben. Zudem kann eine Ausbildung auch zum Fachabitur f\u00fchren.<\/p>\n\n\n\n<figure class=\"wp-block-gallery columns-2 is-cropped wp-block-gallery-2 is-layout-flex wp-block-gallery-is-layout-flex\"><ul class=\"blocks-gallery-grid\"><li class=\"blocks-gallery-item\"><figure><a href=\"http:\/\/wir-von-der-kennedy.de\/wirvonderkennedyfinal\/wp-content\/uploads\/2020\/03\/01-1024x683.jpg\"><img loading=\"lazy\" decoding=\"async\" width=\"1024\" height=\"683\" src=\"http:\/\/wir-von-der-kennedy.de\/wirvonderkennedyfinal\/wp-content\/uploads\/2020\/03\/01-1024x683.jpg\" alt=\"\" data-id=\"11063\" data-link=\"http:\/\/wir-von-der-kennedy.de\/wirvonderkennedyfinal\/01\/\" class=\"wp-image-11063\" srcset=\"https:\/\/wir-von-der-kennedy.de\/wirvonderkennedyfinal\/wp-content\/uploads\/2020\/03\/01-1024x683.jpg 1024w, https:\/\/wir-von-der-kennedy.de\/wirvonderkennedyfinal\/wp-content\/uploads\/2020\/03\/01-300x200.jpg 300w, https:\/\/wir-von-der-kennedy.de\/wirvonderkennedyfinal\/wp-content\/uploads\/2020\/03\/01-768x512.jpg 768w, https:\/\/wir-von-der-kennedy.de\/wirvonderkennedyfinal\/wp-content\/uploads\/2020\/03\/01.jpg 1178w\" sizes=\"auto, (max-width: 1024px) 100vw, 1024px\" \/><\/a><\/figure><\/li><li class=\"blocks-gallery-item\"><figure><a href=\"http:\/\/wir-von-der-kennedy.de\/wirvonderkennedyfinal\/wp-content\/uploads\/2020\/03\/03-1024x683.jpg\"><img loading=\"lazy\" decoding=\"async\" width=\"1024\" height=\"683\" src=\"http:\/\/wir-von-der-kennedy.de\/wirvonderkennedyfinal\/wp-content\/uploads\/2020\/03\/03-1024x683.jpg\" alt=\"\" data-id=\"11065\" data-link=\"http:\/\/wir-von-der-kennedy.de\/wirvonderkennedyfinal\/03\/\" class=\"wp-image-11065\" srcset=\"https:\/\/wir-von-der-kennedy.de\/wirvonderkennedyfinal\/wp-content\/uploads\/2020\/03\/03-1024x683.jpg 1024w, https:\/\/wir-von-der-kennedy.de\/wirvonderkennedyfinal\/wp-content\/uploads\/2020\/03\/03-300x200.jpg 300w, https:\/\/wir-von-der-kennedy.de\/wirvonderkennedyfinal\/wp-content\/uploads\/2020\/03\/03-768x512.jpg 768w, https:\/\/wir-von-der-kennedy.de\/wirvonderkennedyfinal\/wp-content\/uploads\/2020\/03\/03.jpg 1172w\" sizes=\"auto, (max-width: 1024px) 100vw, 1024px\" \/><\/a><\/figure><\/li><li class=\"blocks-gallery-item\"><figure><a href=\"http:\/\/wir-von-der-kennedy.de\/wirvonderkennedyfinal\/wp-content\/uploads\/2020\/03\/02-1024x683.jpg\"><img loading=\"lazy\" decoding=\"async\" width=\"1024\" height=\"683\" src=\"http:\/\/wir-von-der-kennedy.de\/wirvonderkennedyfinal\/wp-content\/uploads\/2020\/03\/02-1024x683.jpg\" alt=\"\" data-id=\"11064\" data-link=\"http:\/\/wir-von-der-kennedy.de\/wirvonderkennedyfinal\/02\/\" class=\"wp-image-11064\" srcset=\"https:\/\/wir-von-der-kennedy.de\/wirvonderkennedyfinal\/wp-content\/uploads\/2020\/03\/02-1024x683.jpg 1024w, https:\/\/wir-von-der-kennedy.de\/wirvonderkennedyfinal\/wp-content\/uploads\/2020\/03\/02-300x200.jpg 300w, https:\/\/wir-von-der-kennedy.de\/wirvonderkennedyfinal\/wp-content\/uploads\/2020\/03\/02-768x512.jpg 768w, https:\/\/wir-von-der-kennedy.de\/wirvonderkennedyfinal\/wp-content\/uploads\/2020\/03\/02.jpg 1175w\" sizes=\"auto, (max-width: 1024px) 100vw, 1024px\" \/><\/a><\/figure><\/li><li class=\"blocks-gallery-item\"><figure><a href=\"http:\/\/wir-von-der-kennedy.de\/wirvonderkennedyfinal\/wp-content\/uploads\/2020\/03\/04-1024x683.jpg\"><img loading=\"lazy\" decoding=\"async\" width=\"1024\" height=\"683\" src=\"http:\/\/wir-von-der-kennedy.de\/wirvonderkennedyfinal\/wp-content\/uploads\/2020\/03\/04-1024x683.jpg\" alt=\"\" data-id=\"11066\" data-link=\"http:\/\/wir-von-der-kennedy.de\/wirvonderkennedyfinal\/04\/\" class=\"wp-image-11066\" srcset=\"https:\/\/wir-von-der-kennedy.de\/wirvonderkennedyfinal\/wp-content\/uploads\/2020\/03\/04-1024x683.jpg 1024w, https:\/\/wir-von-der-kennedy.de\/wirvonderkennedyfinal\/wp-content\/uploads\/2020\/03\/04-300x200.jpg 300w, https:\/\/wir-von-der-kennedy.de\/wirvonderkennedyfinal\/wp-content\/uploads\/2020\/03\/04-768x512.jpg 768w, https:\/\/wir-von-der-kennedy.de\/wirvonderkennedyfinal\/wp-content\/uploads\/2020\/03\/04.jpg 1181w\" sizes=\"auto, (max-width: 1024px) 100vw, 1024px\" \/><\/a><\/figure><\/li><\/ul><\/figure>\n\n\n\n<figure class=\"wp-block-video\"><video style=\"aspect-ratio: 1280 \/ 720;\" src=\"http:\/\/wir-von-der-kennedy.de\/wirvonderkennedyfinal\/wp-content\/uploads\/2020\/03\/jfk-im-zdf-28.mp4\" controls=\"controls\" width=\"1280\" height=\"720\"><\/video><\/figure>\n\n\n\n<p class=\"wp-block-paragraph\"><em>MaMa<\/em><\/p>\n\n\n\n\n\n<hr class=\"wp-block-separator\"\/>\n\n\n\n\n\n<h1 class=\"wp-block-heading\"><strong> Zu viel Fu\u00dfball f\u00fcr mich <\/strong><\/h1>\n\n\n\n<h3 class=\"wp-block-heading\"><em>jfk-news-Redakteurin Beyza hat wenig Freude am Fu\u00dfballsport <\/em><\/h3>\n\n\n\n<p class=\"wp-block-paragraph\">Am 25.02.2020 fand das Fu\u00dfballturnier statt. Ich fand es sehr langweilig, weil mich Fu\u00dfball sowieso nicht interessiert und das Team meiner Klasse 7a zudem noch sehr schlecht war. In den ersten beiden Stunden war regul\u00e4rer Sportunterricht. Wir \u00fcbten eine Weile Fu\u00dfball, was ziemlich unn\u00f6tig war, fand ich. Danach fand das Fu\u00dfballturnier statt. Ich bin zwar kein gro\u00dfer Fan von Fu\u00dfball, aber ich schaute mir die Spiele trotzdem an. Wir verloren beide, was schon bl\u00f6d war. Ende der vierten Stunde mussten wir zum Schulhof und in die Pause. Ich fand das ziemlich \u00fcberfl\u00fcssig, weil wir danach direkt wieder in die Sporthalle gehen mussten. &nbsp;In der f\u00fcnften Stunde durften wir noch das Finale sehen, obwohl die Mannschaft meiner Klasse daran nicht beteiligt war. Danach mussten wir noch in den Unterricht, was ziemlich \u00f6de war.&nbsp;<\/p>\n\n\n\n<p class=\"wp-block-paragraph\"><em>BeCi <\/em><\/p>\n\n\n\n\n\n<hr class=\"wp-block-separator\"\/>\n\n\n","protected":false},"excerpt":{"rendered":"<p>&#8222;Mit Abstand die Besten&#8230;&#8220; \u2026 steht auf den Abschluss-Pullovern der Klasse 10a. Ein treffendes Motto in der Corona-Zeit. Die Klasse 10a von Marie-Luise Olbrich und Co-Klassenlehrer Martin Wolfsholz verabschiedet sich von der JFK. Abschlussfeiern im kleineren Rahmen als sonst finden f\u00fcr alle f\u00fcnf Abschlussklassen Ende Juni statt. whz, Foto: PaRi Mein Leben in der Corona-Zeit!&#8230; <\/p>\n<div class=\"clear\"><\/div>\n<p><a href=\"https:\/\/wir-von-der-kennedy.de\/wirvonderkennedyfinal\/schuljahr-2019-2020-1-halbjahr-2\/\" class=\"gdlr-info-font excerpt-read-more\">Read More<\/a><\/p>\n","protected":false},"author":2,"featured_media":0,"parent":0,"menu_order":0,"comment_status":"closed","ping_status":"closed","template":"","meta":{"_crdt_document":"","footnotes":""},"class_list":["post-11044","page","type-page","status-publish","hentry"],"_links":{"self":[{"href":"https:\/\/wir-von-der-kennedy.de\/wirvonderkennedyfinal\/wp-json\/wp\/v2\/pages\/11044","targetHints":{"allow":["GET"]}}],"collection":[{"href":"https:\/\/wir-von-der-kennedy.de\/wirvonderkennedyfinal\/wp-json\/wp\/v2\/pages"}],"about":[{"href":"https:\/\/wir-von-der-kennedy.de\/wirvonderkennedyfinal\/wp-json\/wp\/v2\/types\/page"}],"author":[{"embeddable":true,"href":"https:\/\/wir-von-der-kennedy.de\/wirvonderkennedyfinal\/wp-json\/wp\/v2\/users\/2"}],"replies":[{"embeddable":true,"href":"https:\/\/wir-von-der-kennedy.de\/wirvonderkennedyfinal\/wp-json\/wp\/v2\/comments?post=11044"}],"version-history":[{"count":34,"href":"https:\/\/wir-von-der-kennedy.de\/wirvonderkennedyfinal\/wp-json\/wp\/v2\/pages\/11044\/revisions"}],"predecessor-version":[{"id":11387,"href":"https:\/\/wir-von-der-kennedy.de\/wirvonderkennedyfinal\/wp-json\/wp\/v2\/pages\/11044\/revisions\/11387"}],"wp:attachment":[{"href":"https:\/\/wir-von-der-kennedy.de\/wirvonderkennedyfinal\/wp-json\/wp\/v2\/media?parent=11044"}],"curies":[{"name":"wp","href":"https:\/\/api.w.org\/{rel}","templated":true}]}}