{"id":11564,"date":"2020-08-31T14:25:39","date_gmt":"2020-08-31T12:25:39","guid":{"rendered":"http:\/\/wir-von-der-kennedy.de\/wirvonderkennedyfinal\/?page_id=11564"},"modified":"2021-02-20T12:05:45","modified_gmt":"2021-02-20T11:05:45","slug":"schuljahr-2020-2021-1-halbjahr","status":"publish","type":"page","link":"https:\/\/wir-von-der-kennedy.de\/wirvonderkennedyfinal\/schuljahr-2020-2021-1-halbjahr\/","title":{"rendered":"Schuljahr 2020\/2021, 1. Halbjahr"},"content":{"rendered":"\n<h1 class=\"wp-block-heading\"><strong>Gemeinsam kochen mit Abstand!<\/strong><\/h1>\n\n\n\n<h2 class=\"wp-block-heading\"><em>Videokonferenz mit Rosenkohlauflauf<\/em> <\/h2>\n\n\n\n<p class=\"wp-block-paragraph\">In meinem Kopf klingelt es zur f\u00fcnften Stunde. Es ist genau 11:45 Uhr und nach und nach treten immer mehr Schuler der Videokonferenz bei und mein Bildschirm f\u00fcllt sich. Herr Loos begr\u00fc\u00dft uns und zeigt uns, wie man Rosenkohl richtig sch\u00e4lt. Denn darum geht es in dieser Stunde: Wir kochen einen Rosenkohlauflauf.<\/p>\n\n\n\n<figure class=\"wp-block-image size-large\"><img loading=\"lazy\" decoding=\"async\" width=\"1024\" height=\"733\" src=\"http:\/\/wir-von-der-kennedy.de\/wirvonderkennedyfinal\/wp-content\/uploads\/2021\/02\/Rosenkohl-1024x733.jpg\" alt=\"\" class=\"wp-image-11926\" srcset=\"https:\/\/wir-von-der-kennedy.de\/wirvonderkennedyfinal\/wp-content\/uploads\/2021\/02\/Rosenkohl-1024x733.jpg 1024w, https:\/\/wir-von-der-kennedy.de\/wirvonderkennedyfinal\/wp-content\/uploads\/2021\/02\/Rosenkohl-300x215.jpg 300w, https:\/\/wir-von-der-kennedy.de\/wirvonderkennedyfinal\/wp-content\/uploads\/2021\/02\/Rosenkohl-768x550.jpg 768w, https:\/\/wir-von-der-kennedy.de\/wirvonderkennedyfinal\/wp-content\/uploads\/2021\/02\/Rosenkohl-1536x1100.jpg 1536w, https:\/\/wir-von-der-kennedy.de\/wirvonderkennedyfinal\/wp-content\/uploads\/2021\/02\/Rosenkohl.jpg 1600w\" sizes=\"auto, (max-width: 1024px) 100vw, 1024px\" \/><\/figure>\n\n\n\n<p class=\"wp-block-paragraph\">Unser Klassenlehrer hat jedem von uns die Einkaufsliste zugeschickt. Damit ging dann jeder Sch\u00fcler einkaufen und nun steht jeder Sch\u00fcler in seiner K\u00fcche und sch\u00e4lt zun\u00e4chst Rosenkohl. Laut Video-Anweisungen, denn Handy, Tablet oder Laptop sind mit in der K\u00fcche. W\u00e4hrend wir den Rosenkohl sch\u00e4len, fragt uns Herr Loos, wieso Rosenkohl zurzeit so preiswert ist. Weil der Preis saisonal bedingt steigt und f\u00e4llt, antwortet eine Sch\u00fclerin. &nbsp;<br>Jetzt setzten wir Wasser mit Salz auf. Bis das Wasser kocht, sch\u00e4len wir die Kartoffeln und schneiden sie in W\u00fcrfel. Das Wasser kocht und wir geben die Kartoffeln in das Wasser. Jetzt lassen wir die Kartoffeln 10 Minuten kochen und schlagen die Sahne. In einen separaten Beh\u00e4lter geben wir Eier, Salz, Pfeffer, Muskat, und einen Teil vom K\u00e4se und verr\u00fchren das Ganze. Zu den Kartoffeln geben wir noch den Rosenkohl und lassen alles f\u00fcr weitere 5 Minuten kochen.<br>Die Auflaufform wird eingefettet und die Cabanossi-Wurst in St\u00fccke geschnitten. Rosenkohl und Kartoffeln werden abgesch\u00fcttet und in die Auflaufform gegeben. Die Kabanossi mit dazu, Sahne mit der Ei-K\u00e4se-Masse verr\u00fchren und auch in die Auflaufform geben. Jetzt geben wir noch den restlichen K\u00e4se dr\u00fcber und der Auflauf kommt f\u00fcr 30 Minuten bei 180 Grad Umluft in den Ofen. Dieses Gericht ist leicht zu machen, sehr lecker, vitaminreich und zurzeit g\u00fcnstig im Einkauf.<br>Nach insgesamt etwa einer Stunde genie\u00dfe ich meine Kochk\u00fcnste und esse den Auflauf. Er schmeckt sehr gut, das Rezept merke ich mir.<\/p>\n\n\n\n<p class=\"wp-block-paragraph\"><em>Sophia Stieger, 9c R<\/em><\/p>\n\n\n\n\n\n<hr class=\"wp-block-separator\"\/>\n\n\n\n\n\n<h1 class=\"wp-block-heading\"><strong>Lockdown in der John-F.-Kennedy-Schule!<\/strong><\/h1>\n\n\n\n<p class=\"wp-block-paragraph\">Wegen des Lockdowns wird unsere Schule f\u00fcr Sch\u00fclerinnen und Sch\u00fcler ab der Klasse 7 geschlossen bleiben und sie m\u00fcssen so lange am Online-Unterricht teilnehmen (die Abschlussklassen haben allerdings Pr\u00e4senzunterricht). Die Anwesenheit im Online-Unterricht wird kontrolliert. Viele Lehrerinnen und Lehrer unterrichten von der Schule aus, andere nutzen ihr Homeoffice. In den Klassen- und Fachr\u00e4umen stehen jetzt Computer oder Laptops, mit denen die Video-Konferenzen abgehalten werden. Die meisten Lehrkr\u00e4fte sind mit dem Online-Unterricht zufrieden und sagen, es laufe in ihren Klassen gut. Trotzdem hoffen eigentlich alle darauf, dass die Schule bald wieder (richtig) beginnt.<\/p>\n\n\n\n<figure class=\"wp-block-image size-large\"><img loading=\"lazy\" decoding=\"async\" width=\"1024\" height=\"768\" src=\"http:\/\/wir-von-der-kennedy.de\/wirvonderkennedyfinal\/wp-content\/uploads\/2021\/01\/IMG-20210111-WA0013-1024x768.jpg\" alt=\"\" class=\"wp-image-11823\" srcset=\"https:\/\/wir-von-der-kennedy.de\/wirvonderkennedyfinal\/wp-content\/uploads\/2021\/01\/IMG-20210111-WA0013-1024x768.jpg 1024w, https:\/\/wir-von-der-kennedy.de\/wirvonderkennedyfinal\/wp-content\/uploads\/2021\/01\/IMG-20210111-WA0013-300x225.jpg 300w, https:\/\/wir-von-der-kennedy.de\/wirvonderkennedyfinal\/wp-content\/uploads\/2021\/01\/IMG-20210111-WA0013-768x576.jpg 768w, https:\/\/wir-von-der-kennedy.de\/wirvonderkennedyfinal\/wp-content\/uploads\/2021\/01\/IMG-20210111-WA0013-1536x1152.jpg 1536w, https:\/\/wir-von-der-kennedy.de\/wirvonderkennedyfinal\/wp-content\/uploads\/2021\/01\/IMG-20210111-WA0013-400x300.jpg 400w, https:\/\/wir-von-der-kennedy.de\/wirvonderkennedyfinal\/wp-content\/uploads\/2021\/01\/IMG-20210111-WA0013.jpg 1600w\" sizes=\"auto, (max-width: 1024px) 100vw, 1024px\" \/><figcaption>Online-Unterricht &#8211; kann auch Spa\u00df machen!<\/figcaption><\/figure>\n\n\n\n<p class=\"wp-block-paragraph\"><em>MM<\/em> <em>(zzt. im Homeoffice)<\/em><\/p>\n\n\n\n<p class=\"has-text-color wp-block-paragraph\" style=\"color:#ffffff\">Hallo!<\/p>\n\n\n\n<hr class=\"wp-block-separator\"\/>\n\n\n\n\n\n<h1 class=\"wp-block-heading\"><strong>Frida im Gl\u00fcck!<\/strong><\/h1>\n\n\n\n<p class=\"wp-block-paragraph\">Seit diesem Schuljahr wird in der John-F-Kennedy-Schule eine Hunde-AG von Frau Betz geleitet. Zu jeder AG-Stunde ist Frida da. Sie ist die 4-j\u00e4hrige H\u00fcndin von Frau Betz. Mit dem jungen Labrador gehen 15 Kinder jede AG-Stunde spazieren, was Frida gl\u00fccklich macht. Labradore sind Wasserhunde, die Rasse stammt von der Halbinsel Neufundland. Und so liebt es auch Frida in der Nidda zu schwimmen. Sie ist ein ausgebildeter&nbsp; Schulhund. Die Ausbildung dauert eineinhalb Jahre mindestens. Jede Hunderasse ist theoretisch geeignet. In ca. 1000 Schulen in Deutschland sind Hunde im p\u00e4dagogischen Einsatz. Die Schulhunde bringen Kindern etwas Positives. Die AG findet jeden Donnerstag um 14:15 Uhr statt und dauert bis 15:30 Uhr.<\/p>\n\n\n\n<figure class=\"wp-block-gallery columns-3 is-cropped wp-block-gallery-1 is-layout-flex wp-block-gallery-is-layout-flex\"><ul class=\"blocks-gallery-grid\"><li class=\"blocks-gallery-item\"><figure><a href=\"http:\/\/wir-von-der-kennedy.de\/wirvonderkennedyfinal\/wp-content\/uploads\/2020\/09\/WhatsApp-Image-2020-09-28-at-15.01.47-1.jpeg\"><img loading=\"lazy\" decoding=\"async\" width=\"684\" height=\"1024\" src=\"http:\/\/wir-von-der-kennedy.de\/wirvonderkennedyfinal\/wp-content\/uploads\/2020\/09\/WhatsApp-Image-2020-09-28-at-15.01.47-1-684x1024.jpeg\" alt=\"\" data-id=\"11614\" data-full-url=\"http:\/\/wir-von-der-kennedy.de\/wirvonderkennedyfinal\/wp-content\/uploads\/2020\/09\/WhatsApp-Image-2020-09-28-at-15.01.47-1.jpeg\" data-link=\"http:\/\/wir-von-der-kennedy.de\/wirvonderkennedyfinal\/whatsapp-image-2020-09-28-at-15-01-47-1\/\" class=\"wp-image-11614\" srcset=\"https:\/\/wir-von-der-kennedy.de\/wirvonderkennedyfinal\/wp-content\/uploads\/2020\/09\/WhatsApp-Image-2020-09-28-at-15.01.47-1-684x1024.jpeg 684w, https:\/\/wir-von-der-kennedy.de\/wirvonderkennedyfinal\/wp-content\/uploads\/2020\/09\/WhatsApp-Image-2020-09-28-at-15.01.47-1-200x300.jpeg 200w, https:\/\/wir-von-der-kennedy.de\/wirvonderkennedyfinal\/wp-content\/uploads\/2020\/09\/WhatsApp-Image-2020-09-28-at-15.01.47-1-768x1151.jpeg 768w, https:\/\/wir-von-der-kennedy.de\/wirvonderkennedyfinal\/wp-content\/uploads\/2020\/09\/WhatsApp-Image-2020-09-28-at-15.01.47-1.jpeg 777w\" sizes=\"auto, (max-width: 684px) 100vw, 684px\" \/><\/a><\/figure><\/li><li class=\"blocks-gallery-item\"><figure><a href=\"http:\/\/wir-von-der-kennedy.de\/wirvonderkennedyfinal\/wp-content\/uploads\/2020\/09\/WhatsApp-Image-2020-09-28-at-15.01.09.jpeg\"><img loading=\"lazy\" decoding=\"async\" width=\"1017\" height=\"678\" src=\"http:\/\/wir-von-der-kennedy.de\/wirvonderkennedyfinal\/wp-content\/uploads\/2020\/09\/WhatsApp-Image-2020-09-28-at-15.01.09.jpeg\" alt=\"\" data-id=\"11613\" data-full-url=\"http:\/\/wir-von-der-kennedy.de\/wirvonderkennedyfinal\/wp-content\/uploads\/2020\/09\/WhatsApp-Image-2020-09-28-at-15.01.09.jpeg\" data-link=\"http:\/\/wir-von-der-kennedy.de\/wirvonderkennedyfinal\/whatsapp-image-2020-09-28-at-15-01-09\/\" class=\"wp-image-11613\" srcset=\"https:\/\/wir-von-der-kennedy.de\/wirvonderkennedyfinal\/wp-content\/uploads\/2020\/09\/WhatsApp-Image-2020-09-28-at-15.01.09.jpeg 1017w, https:\/\/wir-von-der-kennedy.de\/wirvonderkennedyfinal\/wp-content\/uploads\/2020\/09\/WhatsApp-Image-2020-09-28-at-15.01.09-300x200.jpeg 300w, https:\/\/wir-von-der-kennedy.de\/wirvonderkennedyfinal\/wp-content\/uploads\/2020\/09\/WhatsApp-Image-2020-09-28-at-15.01.09-768x512.jpeg 768w\" sizes=\"auto, (max-width: 1017px) 100vw, 1017px\" \/><\/a><\/figure><\/li><li class=\"blocks-gallery-item\"><figure><a href=\"http:\/\/wir-von-der-kennedy.de\/wirvonderkennedyfinal\/wp-content\/uploads\/2020\/09\/WhatsApp-Image-2020-09-28-at-15.01.47.jpeg\"><img loading=\"lazy\" decoding=\"async\" width=\"684\" height=\"1024\" src=\"http:\/\/wir-von-der-kennedy.de\/wirvonderkennedyfinal\/wp-content\/uploads\/2020\/09\/WhatsApp-Image-2020-09-28-at-15.01.47-684x1024.jpeg\" alt=\"\" data-id=\"11616\" data-full-url=\"http:\/\/wir-von-der-kennedy.de\/wirvonderkennedyfinal\/wp-content\/uploads\/2020\/09\/WhatsApp-Image-2020-09-28-at-15.01.47.jpeg\" data-link=\"http:\/\/wir-von-der-kennedy.de\/wirvonderkennedyfinal\/whatsapp-image-2020-09-28-at-15-01-47\/\" class=\"wp-image-11616\" srcset=\"https:\/\/wir-von-der-kennedy.de\/wirvonderkennedyfinal\/wp-content\/uploads\/2020\/09\/WhatsApp-Image-2020-09-28-at-15.01.47-684x1024.jpeg 684w, https:\/\/wir-von-der-kennedy.de\/wirvonderkennedyfinal\/wp-content\/uploads\/2020\/09\/WhatsApp-Image-2020-09-28-at-15.01.47-200x300.jpeg 200w, https:\/\/wir-von-der-kennedy.de\/wirvonderkennedyfinal\/wp-content\/uploads\/2020\/09\/WhatsApp-Image-2020-09-28-at-15.01.47-768x1151.jpeg 768w, https:\/\/wir-von-der-kennedy.de\/wirvonderkennedyfinal\/wp-content\/uploads\/2020\/09\/WhatsApp-Image-2020-09-28-at-15.01.47.jpeg 777w\" sizes=\"auto, (max-width: 684px) 100vw, 684px\" \/><\/a><\/figure><\/li><li class=\"blocks-gallery-item\"><figure><a href=\"http:\/\/wir-von-der-kennedy.de\/wirvonderkennedyfinal\/wp-content\/uploads\/2020\/09\/WhatsApp-Image-2020-09-28-at-15.01.48-1.jpeg\"><img loading=\"lazy\" decoding=\"async\" width=\"684\" height=\"1024\" src=\"http:\/\/wir-von-der-kennedy.de\/wirvonderkennedyfinal\/wp-content\/uploads\/2020\/09\/WhatsApp-Image-2020-09-28-at-15.01.48-1-684x1024.jpeg\" alt=\"\" data-id=\"11617\" data-full-url=\"http:\/\/wir-von-der-kennedy.de\/wirvonderkennedyfinal\/wp-content\/uploads\/2020\/09\/WhatsApp-Image-2020-09-28-at-15.01.48-1.jpeg\" data-link=\"http:\/\/wir-von-der-kennedy.de\/wirvonderkennedyfinal\/whatsapp-image-2020-09-28-at-15-01-48-1\/\" class=\"wp-image-11617\" srcset=\"https:\/\/wir-von-der-kennedy.de\/wirvonderkennedyfinal\/wp-content\/uploads\/2020\/09\/WhatsApp-Image-2020-09-28-at-15.01.48-1-684x1024.jpeg 684w, https:\/\/wir-von-der-kennedy.de\/wirvonderkennedyfinal\/wp-content\/uploads\/2020\/09\/WhatsApp-Image-2020-09-28-at-15.01.48-1-200x300.jpeg 200w, https:\/\/wir-von-der-kennedy.de\/wirvonderkennedyfinal\/wp-content\/uploads\/2020\/09\/WhatsApp-Image-2020-09-28-at-15.01.48-1-768x1151.jpeg 768w, https:\/\/wir-von-der-kennedy.de\/wirvonderkennedyfinal\/wp-content\/uploads\/2020\/09\/WhatsApp-Image-2020-09-28-at-15.01.48-1.jpeg 777w\" sizes=\"auto, (max-width: 684px) 100vw, 684px\" \/><\/a><\/figure><\/li><li class=\"blocks-gallery-item\"><figure><a href=\"http:\/\/wir-von-der-kennedy.de\/wirvonderkennedyfinal\/wp-content\/uploads\/2020\/09\/WhatsApp-Image-2020-09-28-at-15.01.48.jpeg\"><img loading=\"lazy\" decoding=\"async\" width=\"684\" height=\"1024\" src=\"http:\/\/wir-von-der-kennedy.de\/wirvonderkennedyfinal\/wp-content\/uploads\/2020\/09\/WhatsApp-Image-2020-09-28-at-15.01.48-684x1024.jpeg\" alt=\"\" data-id=\"11618\" data-full-url=\"http:\/\/wir-von-der-kennedy.de\/wirvonderkennedyfinal\/wp-content\/uploads\/2020\/09\/WhatsApp-Image-2020-09-28-at-15.01.48.jpeg\" data-link=\"http:\/\/wir-von-der-kennedy.de\/wirvonderkennedyfinal\/whatsapp-image-2020-09-28-at-15-01-48\/\" class=\"wp-image-11618\" srcset=\"https:\/\/wir-von-der-kennedy.de\/wirvonderkennedyfinal\/wp-content\/uploads\/2020\/09\/WhatsApp-Image-2020-09-28-at-15.01.48-684x1024.jpeg 684w, https:\/\/wir-von-der-kennedy.de\/wirvonderkennedyfinal\/wp-content\/uploads\/2020\/09\/WhatsApp-Image-2020-09-28-at-15.01.48-200x300.jpeg 200w, https:\/\/wir-von-der-kennedy.de\/wirvonderkennedyfinal\/wp-content\/uploads\/2020\/09\/WhatsApp-Image-2020-09-28-at-15.01.48-768x1151.jpeg 768w, https:\/\/wir-von-der-kennedy.de\/wirvonderkennedyfinal\/wp-content\/uploads\/2020\/09\/WhatsApp-Image-2020-09-28-at-15.01.48.jpeg 777w\" sizes=\"auto, (max-width: 684px) 100vw, 684px\" \/><\/a><\/figure><\/li><li class=\"blocks-gallery-item\"><figure><a href=\"http:\/\/wir-von-der-kennedy.de\/wirvonderkennedyfinal\/wp-content\/uploads\/2020\/09\/WhatsApp-Image-2020-09-28-at-15.01.47-2.jpeg\"><img loading=\"lazy\" decoding=\"async\" width=\"684\" height=\"1024\" src=\"http:\/\/wir-von-der-kennedy.de\/wirvonderkennedyfinal\/wp-content\/uploads\/2020\/09\/WhatsApp-Image-2020-09-28-at-15.01.47-2-684x1024.jpeg\" alt=\"\" data-id=\"11615\" data-full-url=\"http:\/\/wir-von-der-kennedy.de\/wirvonderkennedyfinal\/wp-content\/uploads\/2020\/09\/WhatsApp-Image-2020-09-28-at-15.01.47-2.jpeg\" data-link=\"http:\/\/wir-von-der-kennedy.de\/wirvonderkennedyfinal\/whatsapp-image-2020-09-28-at-15-01-47-2\/\" class=\"wp-image-11615\" srcset=\"https:\/\/wir-von-der-kennedy.de\/wirvonderkennedyfinal\/wp-content\/uploads\/2020\/09\/WhatsApp-Image-2020-09-28-at-15.01.47-2-684x1024.jpeg 684w, https:\/\/wir-von-der-kennedy.de\/wirvonderkennedyfinal\/wp-content\/uploads\/2020\/09\/WhatsApp-Image-2020-09-28-at-15.01.47-2-200x300.jpeg 200w, https:\/\/wir-von-der-kennedy.de\/wirvonderkennedyfinal\/wp-content\/uploads\/2020\/09\/WhatsApp-Image-2020-09-28-at-15.01.47-2-768x1151.jpeg 768w, https:\/\/wir-von-der-kennedy.de\/wirvonderkennedyfinal\/wp-content\/uploads\/2020\/09\/WhatsApp-Image-2020-09-28-at-15.01.47-2.jpeg 777w\" sizes=\"auto, (max-width: 684px) 100vw, 684px\" \/><\/a><\/figure><\/li><\/ul><\/figure>\n\n\n\n<p class=\"wp-block-paragraph\"><em>MM<\/em><\/p>\n\n\n\n\n\n<hr class=\"wp-block-separator\"\/>\n\n\n\n\n\n<h1 class=\"wp-block-heading\"><strong>Endlich ohne Maske!<\/strong><\/h1>\n\n\n\n<p class=\"wp-block-paragraph\">In der Gesamtkonferenz am letzten Donnerstag (3. September 2020) wurde entschieden, dass die Sch\u00fclerInnen ebenso wie die LehrerInnen im Unterricht keinen Mund-Nasen-Schutz tragen m\u00fcssen. Aber bei manchen LehrerInnen soll man dennoch die Maske tragen, weil sie zur Risikogruppe geh\u00f6ren. Auf dem Schulhof ist es nach wie vor Pflicht einen Mund-Nasen-Schutz zu tragen.<\/p>\n\n\n\n<p class=\"wp-block-paragraph\">Am Kiosk kann man \u00fcbrigens keine Kartoffelchips und auch keine Lollis mehr kaufen. Das Knabberzeug wird nicht mehr verkauft, weil die Sch\u00fcler gemeinsam in eine T\u00fcte greifen. Nicht sehr hygienisch! Und die Lollis wurden auch im Unterricht unter den Masken versteckt.<\/p>\n\n\n\n<figure class=\"wp-block-image size-large is-resized\"><img loading=\"lazy\" decoding=\"async\" src=\"http:\/\/wir-von-der-kennedy.de\/wirvonderkennedyfinal\/wp-content\/uploads\/2020\/09\/Maskenpflicht-endet-scaled-e1599496817342-1024x682.jpg\" alt=\"\" class=\"wp-image-11591\" width=\"768\" height=\"512\" srcset=\"https:\/\/wir-von-der-kennedy.de\/wirvonderkennedyfinal\/wp-content\/uploads\/2020\/09\/Maskenpflicht-endet-scaled-e1599496817342-1024x682.jpg 1024w, https:\/\/wir-von-der-kennedy.de\/wirvonderkennedyfinal\/wp-content\/uploads\/2020\/09\/Maskenpflicht-endet-scaled-e1599496817342-300x200.jpg 300w, https:\/\/wir-von-der-kennedy.de\/wirvonderkennedyfinal\/wp-content\/uploads\/2020\/09\/Maskenpflicht-endet-scaled-e1599496817342-768x512.jpg 768w, https:\/\/wir-von-der-kennedy.de\/wirvonderkennedyfinal\/wp-content\/uploads\/2020\/09\/Maskenpflicht-endet-scaled-e1599496817342-1536x1024.jpg 1536w, https:\/\/wir-von-der-kennedy.de\/wirvonderkennedyfinal\/wp-content\/uploads\/2020\/09\/Maskenpflicht-endet-scaled-e1599496817342-2048x1365.jpg 2048w\" sizes=\"auto, (max-width: 768px) 100vw, 768px\" \/><\/figure>\n\n\n\n<p class=\"wp-block-paragraph\"><em>MM, BeCi; Zeichnung: MM<\/em><\/p>\n\n\n\n\n\n<hr class=\"wp-block-separator\"\/>\n\n\n\n\n\n<h1 class=\"wp-block-heading\">Schulanfang mit Maskenpflicht<\/h1>\n\n\n\n<p class=\"wp-block-paragraph\">Seit zwei Wochen l\u00e4uft das Schuljahr 2020\/2021. Ab dem ersten Tag war f\u00fcr alle Maskenpflicht wegen der Corona-Pandemie. Die Maskenpflicht gilt auf dem Schulhof, im Schulgeb\u00e4ude und auch im Unterricht. Zudem m\u00fcssen die R\u00e4ume st\u00e4ndig gel\u00fcftet werden, was im Altbau auch gut funktioniert. Sch\u00fclerInnen mit Asthma m\u00fcssen die Maske nicht tragen, k\u00f6nnen es aber tun. Uns Sch\u00fclern f\u00e4llt es schwer, den ganzen Schultag lang die Maske zu tragen. Auch die Lehrer w\u00fcrden lieber ohne Maske unterrichten. Man kann die Lehrer trotz Maske gut verstehen.<\/p>\n\n\n\n<p class=\"wp-block-paragraph\">Auf dem Schulhof darf man zum Essen und Trinken die Maske absetzen, aber daf\u00fcr muss man zu den anderen Sch\u00fclerInnen einen Mindestabstand von 1,5 m einhalten. Inzwischen f\u00e4llt es den Sch\u00fclern leichter eine Maske zu tragen als am Anfang des Schuljahres. In der Mensa darf man in der Pause zurzeit nicht mehr sitzen. Also muss das Schnitzelbr\u00f6tchen auf dem Schulhof gegessen werden. Wie lange die Maskenpflicht noch gilt, ist noch unbekannt. Uns wurde zugezwitschert, dass am Donnerstag eine Gesamtkonferenz sein wird, wo diskutiert wird, wie lange noch die Maskenpflicht gelten wird.<\/p>\n\n\n\n<figure class=\"wp-block-image size-large is-resized\"><img loading=\"lazy\" decoding=\"async\" src=\"http:\/\/wir-von-der-kennedy.de\/wirvonderkennedyfinal\/wp-content\/uploads\/2020\/08\/20200831_144529-1024x683.jpg\" alt=\"\" class=\"wp-image-11571\" width=\"768\" height=\"512\" srcset=\"https:\/\/wir-von-der-kennedy.de\/wirvonderkennedyfinal\/wp-content\/uploads\/2020\/08\/20200831_144529-1024x683.jpg 1024w, https:\/\/wir-von-der-kennedy.de\/wirvonderkennedyfinal\/wp-content\/uploads\/2020\/08\/20200831_144529-300x200.jpg 300w, https:\/\/wir-von-der-kennedy.de\/wirvonderkennedyfinal\/wp-content\/uploads\/2020\/08\/20200831_144529-768x512.jpg 768w, https:\/\/wir-von-der-kennedy.de\/wirvonderkennedyfinal\/wp-content\/uploads\/2020\/08\/20200831_144529-1536x1024.jpg 1536w, https:\/\/wir-von-der-kennedy.de\/wirvonderkennedyfinal\/wp-content\/uploads\/2020\/08\/20200831_144529-2048x1366.jpg 2048w\" sizes=\"auto, (max-width: 768px) 100vw, 768px\" \/><\/figure>\n\n\n\n<p class=\"wp-block-paragraph\"><em>BeCi, MM<\/em><\/p>\n\n\n","protected":false},"excerpt":{"rendered":"<p>Gemeinsam kochen mit Abstand! Videokonferenz mit Rosenkohlauflauf In meinem Kopf klingelt es zur f\u00fcnften Stunde. Es ist genau 11:45 Uhr und nach und nach treten immer mehr Schuler der Videokonferenz bei und mein Bildschirm f\u00fcllt sich. Herr Loos begr\u00fc\u00dft uns und zeigt uns, wie man Rosenkohl richtig sch\u00e4lt. Denn darum geht es in dieser Stunde:&#8230; <\/p>\n<div class=\"clear\"><\/div>\n<p><a href=\"https:\/\/wir-von-der-kennedy.de\/wirvonderkennedyfinal\/schuljahr-2020-2021-1-halbjahr\/\" class=\"gdlr-info-font excerpt-read-more\">Read More<\/a><\/p>\n","protected":false},"author":2,"featured_media":0,"parent":0,"menu_order":0,"comment_status":"closed","ping_status":"closed","template":"","meta":{"_crdt_document":"","footnotes":""},"class_list":["post-11564","page","type-page","status-publish","hentry"],"_links":{"self":[{"href":"https:\/\/wir-von-der-kennedy.de\/wirvonderkennedyfinal\/wp-json\/wp\/v2\/pages\/11564","targetHints":{"allow":["GET"]}}],"collection":[{"href":"https:\/\/wir-von-der-kennedy.de\/wirvonderkennedyfinal\/wp-json\/wp\/v2\/pages"}],"about":[{"href":"https:\/\/wir-von-der-kennedy.de\/wirvonderkennedyfinal\/wp-json\/wp\/v2\/types\/page"}],"author":[{"embeddable":true,"href":"https:\/\/wir-von-der-kennedy.de\/wirvonderkennedyfinal\/wp-json\/wp\/v2\/users\/2"}],"replies":[{"embeddable":true,"href":"https:\/\/wir-von-der-kennedy.de\/wirvonderkennedyfinal\/wp-json\/wp\/v2\/comments?post=11564"}],"version-history":[{"count":23,"href":"https:\/\/wir-von-der-kennedy.de\/wirvonderkennedyfinal\/wp-json\/wp\/v2\/pages\/11564\/revisions"}],"predecessor-version":[{"id":11932,"href":"https:\/\/wir-von-der-kennedy.de\/wirvonderkennedyfinal\/wp-json\/wp\/v2\/pages\/11564\/revisions\/11932"}],"wp:attachment":[{"href":"https:\/\/wir-von-der-kennedy.de\/wirvonderkennedyfinal\/wp-json\/wp\/v2\/media?parent=11564"}],"curies":[{"name":"wp","href":"https:\/\/api.w.org\/{rel}","templated":true}]}}