{"id":12258,"date":"2021-07-13T18:46:55","date_gmt":"2021-07-13T16:46:55","guid":{"rendered":"http:\/\/wir-von-der-kennedy.de\/wirvonderkennedyfinal\/?page_id=12258"},"modified":"2021-09-06T14:17:35","modified_gmt":"2021-09-06T12:17:35","slug":"schuljahr-2020-2021-2-halbjahr","status":"publish","type":"page","link":"https:\/\/wir-von-der-kennedy.de\/wirvonderkennedyfinal\/schuljahr-2020-2021-2-halbjahr\/","title":{"rendered":"Schuljahr 2020\/2021, 2. Halbjahr"},"content":{"rendered":"\r\n<h1 class=\"wp-block-heading\"><strong>Die 5b F im Dschungel der Burgfestspiele!<\/strong><\/h1>\r\n\r\n\r\n\r\n<p class=\"wp-block-paragraph\">Am Mittwochmorgen (23. Juni 2021) ging die Klasse 5b F mit ihrer Klassenlehrerin Uta Brauer zu den Burgfestspielen. Sie schauten sich das ca. zwei Stunden lange Musical \u201eDas Dschungelbuch\u201c an.<\/p>\r\n\r\n\r\n\r\n<p class=\"wp-block-paragraph\">Mogli wurde von den W\u00f6lfen aufgezogen, aber leider m\u00fcssen sie ihn abgeben, weil sie das Menschenkind nicht vor Shir Khan besch\u00fctzen k\u00f6nnen. Nun passen Baghira und Balu auf Mogli auf. Mogli hat viel Spa\u00df mit Balu und die beiden verstehen sich gut. Balu ist immer nett. Baghira ist strenger, weil er die Nummer 1 im Dschungel ist und Mogli von ihm lernen soll. Als Balu und Mogli schlafen, entf\u00fchren die Affen den Jungen. Sie bringen ihn zu einem Schloss, das nur aus Steinen ist. Baghira und Balu eilen zum Schloss und helfen Mogli daraus zu entkommen. Sp\u00e4ter taucht noch die Schlange Kaa auf und hypnotisiert alle, sodass Mogli gerettet wird. <em>(Zusammenfassung von Tatjana)<\/em> \u00a0<\/p>\r\n\r\n\r\n\r\n<p class=\"wp-block-paragraph\">Laura: \u201eDas Musical war voll cool und witzig war es auch. Ich fand Queen Ellie die Beste und die Sch\u00f6nste!\u201c<\/p>\r\n\r\n\r\n\r\n<p class=\"wp-block-paragraph\">Oskar: \u201eIch fand es besonders lustig an der Stelle, als Kaa singen wollte und sie dann husten musste. Die Musik fand ich sch\u00f6n. Es war ein toller Ausflug!\u201c<\/p>\r\n\r\n\r\n\r\n<p class=\"wp-block-paragraph\">Paula: \u201eAm lustigsten fand ich den B\u00e4ren Balu, der immer nur am essen war. In dem St\u00fcck gab es gute Laune, coole Tanzmoves, lustige Spr\u00fcche und noch vieles mehr!\u201c<\/p>\r\n\r\n\r\n\r\n<p class=\"wp-block-paragraph\">Tatjana: \u201eMir haben am besten der Tiger Shir Khan und Baghira gefallen!\u201c<\/p>\r\n\r\n\r\n\r\n<figure class=\"wp-block-gallery columns-2 is-cropped wp-block-gallery-1 is-layout-flex wp-block-gallery-is-layout-flex\">\r\n<ul class=\"blocks-gallery-grid\">\r\n<li class=\"blocks-gallery-item\">\r\n<figure><a href=\"http:\/\/wir-von-der-kennedy.de\/wirvonderkennedyfinal\/wp-content\/uploads\/2021\/07\/WhatsApp-Image-2021-06-23-at-13.39.17.jpeg\"><img loading=\"lazy\" decoding=\"async\" width=\"1024\" height=\"768\" class=\"wp-image-12270\" src=\"http:\/\/wir-von-der-kennedy.de\/wirvonderkennedyfinal\/wp-content\/uploads\/2021\/07\/WhatsApp-Image-2021-06-23-at-13.39.17-1024x768.jpeg\" alt=\"\" data-id=\"12270\" data-full-url=\"http:\/\/wir-von-der-kennedy.de\/wirvonderkennedyfinal\/wp-content\/uploads\/2021\/07\/WhatsApp-Image-2021-06-23-at-13.39.17.jpeg\" data-link=\"http:\/\/wir-von-der-kennedy.de\/wirvonderkennedyfinal\/whatsapp-image-2021-06-23-at-13-39-17\/\" srcset=\"https:\/\/wir-von-der-kennedy.de\/wirvonderkennedyfinal\/wp-content\/uploads\/2021\/07\/WhatsApp-Image-2021-06-23-at-13.39.17-1024x768.jpeg 1024w, https:\/\/wir-von-der-kennedy.de\/wirvonderkennedyfinal\/wp-content\/uploads\/2021\/07\/WhatsApp-Image-2021-06-23-at-13.39.17-300x225.jpeg 300w, https:\/\/wir-von-der-kennedy.de\/wirvonderkennedyfinal\/wp-content\/uploads\/2021\/07\/WhatsApp-Image-2021-06-23-at-13.39.17-768x576.jpeg 768w, https:\/\/wir-von-der-kennedy.de\/wirvonderkennedyfinal\/wp-content\/uploads\/2021\/07\/WhatsApp-Image-2021-06-23-at-13.39.17-1536x1153.jpeg 1536w, https:\/\/wir-von-der-kennedy.de\/wirvonderkennedyfinal\/wp-content\/uploads\/2021\/07\/WhatsApp-Image-2021-06-23-at-13.39.17-400x300.jpeg 400w, https:\/\/wir-von-der-kennedy.de\/wirvonderkennedyfinal\/wp-content\/uploads\/2021\/07\/WhatsApp-Image-2021-06-23-at-13.39.17.jpeg 1599w\" sizes=\"auto, (max-width: 1024px) 100vw, 1024px\" \/><\/a><\/figure>\r\n<\/li>\r\n<li class=\"blocks-gallery-item\">\r\n<figure><a href=\"http:\/\/wir-von-der-kennedy.de\/wirvonderkennedyfinal\/wp-content\/uploads\/2021\/07\/WhatsApp-Image-2021-06-23-at-13.39.17-1.jpeg\"><img loading=\"lazy\" decoding=\"async\" width=\"1024\" height=\"768\" class=\"wp-image-12269\" src=\"http:\/\/wir-von-der-kennedy.de\/wirvonderkennedyfinal\/wp-content\/uploads\/2021\/07\/WhatsApp-Image-2021-06-23-at-13.39.17-1-1024x768.jpeg\" alt=\"\" data-id=\"12269\" data-full-url=\"http:\/\/wir-von-der-kennedy.de\/wirvonderkennedyfinal\/wp-content\/uploads\/2021\/07\/WhatsApp-Image-2021-06-23-at-13.39.17-1.jpeg\" data-link=\"http:\/\/wir-von-der-kennedy.de\/wirvonderkennedyfinal\/whatsapp-image-2021-06-23-at-13-39-17-1\/\" srcset=\"https:\/\/wir-von-der-kennedy.de\/wirvonderkennedyfinal\/wp-content\/uploads\/2021\/07\/WhatsApp-Image-2021-06-23-at-13.39.17-1-1024x768.jpeg 1024w, https:\/\/wir-von-der-kennedy.de\/wirvonderkennedyfinal\/wp-content\/uploads\/2021\/07\/WhatsApp-Image-2021-06-23-at-13.39.17-1-300x225.jpeg 300w, https:\/\/wir-von-der-kennedy.de\/wirvonderkennedyfinal\/wp-content\/uploads\/2021\/07\/WhatsApp-Image-2021-06-23-at-13.39.17-1-768x576.jpeg 768w, https:\/\/wir-von-der-kennedy.de\/wirvonderkennedyfinal\/wp-content\/uploads\/2021\/07\/WhatsApp-Image-2021-06-23-at-13.39.17-1-400x300.jpeg 400w, https:\/\/wir-von-der-kennedy.de\/wirvonderkennedyfinal\/wp-content\/uploads\/2021\/07\/WhatsApp-Image-2021-06-23-at-13.39.17-1.jpeg 1198w\" sizes=\"auto, (max-width: 1024px) 100vw, 1024px\" \/><\/a><\/figure>\r\n<\/li>\r\n<li class=\"blocks-gallery-item\">\r\n<figure><a href=\"http:\/\/wir-von-der-kennedy.de\/wirvonderkennedyfinal\/wp-content\/uploads\/2021\/07\/Foto_2021-07-13_181837-scaled.jpg\"><img loading=\"lazy\" decoding=\"async\" width=\"1024\" height=\"740\" class=\"wp-image-12266\" src=\"http:\/\/wir-von-der-kennedy.de\/wirvonderkennedyfinal\/wp-content\/uploads\/2021\/07\/Foto_2021-07-13_181837-1024x740.jpg\" alt=\"\" data-id=\"12266\" data-full-url=\"http:\/\/wir-von-der-kennedy.de\/wirvonderkennedyfinal\/wp-content\/uploads\/2021\/07\/Foto_2021-07-13_181837-scaled.jpg\" data-link=\"http:\/\/wir-von-der-kennedy.de\/wirvonderkennedyfinal\/foto_2021-07-13_181837\/\" srcset=\"https:\/\/wir-von-der-kennedy.de\/wirvonderkennedyfinal\/wp-content\/uploads\/2021\/07\/Foto_2021-07-13_181837-1024x740.jpg 1024w, https:\/\/wir-von-der-kennedy.de\/wirvonderkennedyfinal\/wp-content\/uploads\/2021\/07\/Foto_2021-07-13_181837-300x217.jpg 300w, https:\/\/wir-von-der-kennedy.de\/wirvonderkennedyfinal\/wp-content\/uploads\/2021\/07\/Foto_2021-07-13_181837-768x555.jpg 768w, https:\/\/wir-von-der-kennedy.de\/wirvonderkennedyfinal\/wp-content\/uploads\/2021\/07\/Foto_2021-07-13_181837-1536x1110.jpg 1536w, https:\/\/wir-von-der-kennedy.de\/wirvonderkennedyfinal\/wp-content\/uploads\/2021\/07\/Foto_2021-07-13_181837-2048x1479.jpg 2048w\" sizes=\"auto, (max-width: 1024px) 100vw, 1024px\" \/><\/a>\r\n<figcaption class=\"blocks-gallery-item__caption\">Bild von Romy<\/figcaption>\r\n<\/figure>\r\n<\/li>\r\n<li class=\"blocks-gallery-item\">\r\n<figure><a href=\"http:\/\/wir-von-der-kennedy.de\/wirvonderkennedyfinal\/wp-content\/uploads\/2021\/07\/Foto_2021-07-13_181959-scaled.jpg\"><img loading=\"lazy\" decoding=\"async\" width=\"1024\" height=\"740\" class=\"wp-image-12267\" src=\"http:\/\/wir-von-der-kennedy.de\/wirvonderkennedyfinal\/wp-content\/uploads\/2021\/07\/Foto_2021-07-13_181959-1024x740.jpg\" alt=\"\" data-id=\"12267\" data-full-url=\"http:\/\/wir-von-der-kennedy.de\/wirvonderkennedyfinal\/wp-content\/uploads\/2021\/07\/Foto_2021-07-13_181959-scaled.jpg\" data-link=\"http:\/\/wir-von-der-kennedy.de\/wirvonderkennedyfinal\/foto_2021-07-13_181959\/\" srcset=\"https:\/\/wir-von-der-kennedy.de\/wirvonderkennedyfinal\/wp-content\/uploads\/2021\/07\/Foto_2021-07-13_181959-1024x740.jpg 1024w, https:\/\/wir-von-der-kennedy.de\/wirvonderkennedyfinal\/wp-content\/uploads\/2021\/07\/Foto_2021-07-13_181959-300x217.jpg 300w, https:\/\/wir-von-der-kennedy.de\/wirvonderkennedyfinal\/wp-content\/uploads\/2021\/07\/Foto_2021-07-13_181959-768x555.jpg 768w, https:\/\/wir-von-der-kennedy.de\/wirvonderkennedyfinal\/wp-content\/uploads\/2021\/07\/Foto_2021-07-13_181959-1536x1109.jpg 1536w, https:\/\/wir-von-der-kennedy.de\/wirvonderkennedyfinal\/wp-content\/uploads\/2021\/07\/Foto_2021-07-13_181959-2048x1479.jpg 2048w\" sizes=\"auto, (max-width: 1024px) 100vw, 1024px\" \/><\/a>\r\n<figcaption class=\"blocks-gallery-item__caption\">Bild von Tatjana<\/figcaption>\r\n<\/figure>\r\n<\/li>\r\n<\/ul>\r\n<\/figure>\r\n","protected":false},"excerpt":{"rendered":"<p>Die 5b F im Dschungel der Burgfestspiele! Am Mittwochmorgen (23. Juni 2021) ging die Klasse 5b F mit ihrer Klassenlehrerin Uta Brauer zu den Burgfestspielen. Sie schauten sich das ca. zwei Stunden lange Musical \u201eDas Dschungelbuch\u201c an. Mogli wurde von den W\u00f6lfen aufgezogen, aber leider m\u00fcssen sie ihn abgeben, weil sie das Menschenkind nicht vor&#8230; <\/p>\n<div class=\"clear\"><\/div>\n<p><a href=\"https:\/\/wir-von-der-kennedy.de\/wirvonderkennedyfinal\/schuljahr-2020-2021-2-halbjahr\/\" class=\"gdlr-info-font excerpt-read-more\">Read More<\/a><\/p>\n","protected":false},"author":2,"featured_media":0,"parent":0,"menu_order":0,"comment_status":"closed","ping_status":"closed","template":"","meta":{"_crdt_document":"","footnotes":""},"class_list":["post-12258","page","type-page","status-publish","hentry"],"_links":{"self":[{"href":"https:\/\/wir-von-der-kennedy.de\/wirvonderkennedyfinal\/wp-json\/wp\/v2\/pages\/12258","targetHints":{"allow":["GET"]}}],"collection":[{"href":"https:\/\/wir-von-der-kennedy.de\/wirvonderkennedyfinal\/wp-json\/wp\/v2\/pages"}],"about":[{"href":"https:\/\/wir-von-der-kennedy.de\/wirvonderkennedyfinal\/wp-json\/wp\/v2\/types\/page"}],"author":[{"embeddable":true,"href":"https:\/\/wir-von-der-kennedy.de\/wirvonderkennedyfinal\/wp-json\/wp\/v2\/users\/2"}],"replies":[{"embeddable":true,"href":"https:\/\/wir-von-der-kennedy.de\/wirvonderkennedyfinal\/wp-json\/wp\/v2\/comments?post=12258"}],"version-history":[{"count":9,"href":"https:\/\/wir-von-der-kennedy.de\/wirvonderkennedyfinal\/wp-json\/wp\/v2\/pages\/12258\/revisions"}],"predecessor-version":[{"id":12331,"href":"https:\/\/wir-von-der-kennedy.de\/wirvonderkennedyfinal\/wp-json\/wp\/v2\/pages\/12258\/revisions\/12331"}],"wp:attachment":[{"href":"https:\/\/wir-von-der-kennedy.de\/wirvonderkennedyfinal\/wp-json\/wp\/v2\/media?parent=12258"}],"curies":[{"name":"wp","href":"https:\/\/api.w.org\/{rel}","templated":true}]}}