{"id":140,"date":"2015-02-22T11:27:13","date_gmt":"2015-02-22T10:27:13","guid":{"rendered":"http:\/\/wir-von-der-kennedy.de\/wirvonderkennedy\/?page_id=140"},"modified":"2026-03-12T14:20:04","modified_gmt":"2026-03-12T13:20:04","slug":"schuelerzeitung","status":"publish","type":"page","link":"https:\/\/wir-von-der-kennedy.de\/wirvonderkennedyfinal\/schuelerzeitung\/","title":{"rendered":"Sch\u00fclerzeitung"},"content":{"rendered":"\r\n<h1 class=\"wp-block-heading\">jfk-news<\/h1>\r\n\r\n\r\n\r\n<h3 class=\"wp-block-heading\">Die Sch\u00fclerzeitung unserer Schule hei\u00dft &#8222;jfk-news&#8220; und ist die erste und einzige Online-Sch\u00fclerzeitung, die es an der John-F.-Kennedy-Schule je gegeben hat. Pressesprecher und Pressesprecherinnen aus allen Klassen schreiben hier unter anderem \u00fcber lustige Klassenfahrten, spannende Ausfl\u00fcge und den interessanten Unterricht an der JFK.<\/h3>\r\n<p>\u2665\u00a0 <a href=\"https:\/\/wir-von-der-kennedy.de\/wirvonderkennedyfinal\/schuljahr-2025-2026-2-halbjahr\/\">Schuljahr 2025\/26, 2. Halbjahr<\/a> \u00a0\u2665\u00a0 <a href=\"https:\/\/wir-von-der-kennedy.de\/wirvonderkennedyfinal\/schuljahr-2025-2026-1-halbjahr\/\">Schuljahr 2025\/26, 1. Halbjahr<\/a><\/p>\r\n<p>\u2665\u00a0 <a href=\"https:\/\/wir-von-der-kennedy.de\/wirvonderkennedyfinal\/schuljahr-2024-2025-2-halbjahr\/\">Schuljahr 2024\/25, 2. Halbjahr<\/a>\u00a0 \u2665\u00a0 <a href=\"https:\/\/wir-von-der-kennedy.de\/wirvonderkennedyfinal\/schuljahr-2024-2025-1-halbjahr\/\">Schuljahr 2024\/25, 1. Halbjahr<\/a><\/p>\r\n<p>\u2665\u00a0 <a href=\"https:\/\/wir-von-der-kennedy.de\/wirvonderkennedyfinal\/schuljahr-2023-2024-2-halbjahr\/\">Schuljahr 2023\/24, 2. Halbjahr<\/a>\u00a0 \u2665\u00a0 <a href=\"https:\/\/wir-von-der-kennedy.de\/wirvonderkennedyfinal\/schuljahr-2023-24-1-halbjahr\/\">Schuljahr 2023\/24, 1. Halbjahr<\/a><\/p>\r\n<p>\u2665\u00a0 <a href=\"http:\/\/wir-von-der-kennedy.de\/wirvonderkennedyfinal\/schuljahr-2022-2023-2-halbjahr\/\">Schuljahr 2022\/23, 2. Halbjahr<\/a>\u00a0 \u2665\u00a0 <a href=\"http:\/\/wir-von-der-kennedy.de\/wirvonderkennedyfinal\/schuljahr-2022-2023-1-halbjahr\/\">Schuljahr 2022\/23, 1. Halbjahr<\/a><\/p>\r\n<p>\u2665\u00a0 <a href=\"http:\/\/wir-von-der-kennedy.de\/wirvonderkennedyfinal\/schuljahr-2021-22-2-halbjahr\/\">Schuljahr 2021\/22, 2. Halbjahr<\/a>\u00a0 \u2665\u00a0 <a href=\"http:\/\/wir-von-der-kennedy.de\/wirvonderkennedyfinal\/schuljahr-2021-2022-1-halbjahr\/\">Schuljahr 2021\/22, 1. Halbjahr<\/a><\/p>\r\n<p>\u2665\u00a0 <a href=\"http:\/\/wir-von-der-kennedy.de\/wirvonderkennedyfinal\/schuljahr-2020-2021-2-halbjahr\/\">Schuljahr 2020\/21, 2. Halbjahr<\/a>\u00a0 \u2665\u00a0 <a href=\"http:\/\/wir-von-der-kennedy.de\/wirvonderkennedyfinal\/schuljahr-2020-2021-1-halbjahr\/\">Schuljahr 2020\/21, 1. Halbjahr<\/a><\/p>\r\n<p>\u2665\u00a0 <a href=\"http:\/\/wir-von-der-kennedy.de\/wirvonderkennedyfinal\/schuljahr-2019-2020-1-halbjahr-2\/\">Schuljahr 2019\/20, 2. Halbjahr<\/a>\u00a0 \u2665\u00a0 <a href=\"http:\/\/wir-von-der-kennedy.de\/wirvonderkennedyfinal\/schuljahr-2019-2020-1-halbjahr\/\">Schuljahr 2019\/20, 1. Halbjahr<\/a><\/p>\r\n<p>\u2665\u00a0 <a href=\"http:\/\/wir-von-der-kennedy.de\/wirvonderkennedyfinal\/schuljahr-2018-2019-2-halbjahr\/\">Schuljahr 2018\/19, 2. Halbjahr<\/a>\u00a0 \u2665\u00a0 <a href=\"http:\/\/wir-von-der-kennedy.de\/wirvonderkennedyfinal\/schuljahr-2018-2019-1-halbjahr\/\">Schuljahr 2018\/19, 1. Halbjahr<\/a><\/p>\r\n<p>\u2665\u00a0\u00a0<a href=\"http:\/\/wir-von-der-kennedy.de\/wirvonderkennedyfinal\/schuljahr-2017-2018-2-halbjahr\/\">Schuljahr 2017\/18, 2. Halbjahr<\/a>\u00a0 \u2665\u00a0\u00a0<a href=\"http:\/\/wir-von-der-kennedy.de\/wirvonderkennedyfinal\/schuljahr-20172018-1-halbjahr\/\">Schuljahr 2017\/18, 1. Halbjahr<\/a><\/p>\r\n<p>\u2665\u00a0\u00a0<a href=\"http:\/\/wir-von-der-kennedy.de\/wirvonderkennedyfinal\/schuljahr-20162017-2-halbjahr\/\">Schuljahr 2016\/17, 2. Halbjahr<\/a>\u00a0 \u2665\u00a0\u00a0<a href=\"http:\/\/wir-von-der-kennedy.de\/wirvonderkennedyfinal\/schuljahr-20162017-1-halbjahr\/\">Schuljahr 2016\/17, 1. Halbjahr<\/a><\/p>\r\n<p>\u2665\u00a0\u00a0<a href=\"http:\/\/wir-von-der-kennedy.de\/wirvonderkennedyfinal\/schuljahr-20152016-2-halbjahr\/\">Schuljahr 2015\/16, 2. Halbjahr<\/a>\u00a0 \u2665\u00a0\u00a0<a href=\"http:\/\/wir-von-der-kennedy.de\/wirvonderkennedyfinal\/schuljahr-20152016-1-halbjahr\/\">Schuljahr 2015\/16, 1. Halbjahr<\/a><\/p>\r\n<p>\u2665\u00a0\u00a0<a href=\"http:\/\/wir-von-der-kennedy.de\/wirvonderkennedyfinal\/schuelerzeitung\/neues-aus-der-schule\/schuljahr-20142015-2-halbjahr\/\">Schuljahr 2014\/15, 2. Halbjahr<\/a>\u00a0 \u2665\u00a0\u00a0<a href=\"http:\/\/wir-von-der-kennedy.de\/wirvonderkennedyfinal\/schuelerzeitung\/neues-aus-der-schule\/schuljahr-20142015-1-halbjahr\/\">Schuljahr 2014\/15, 1. Halbjahr<\/a><\/p>\r\n<p>&nbsp;<\/p>\r\n<p>&nbsp;<\/p>\r\n","protected":false},"excerpt":{"rendered":"<p>jfk-news Die Sch\u00fclerzeitung unserer Schule hei\u00dft &#8222;jfk-news&#8220; und ist die erste und einzige Online-Sch\u00fclerzeitung, die es an der John-F.-Kennedy-Schule je gegeben hat. Pressesprecher und Pressesprecherinnen aus allen Klassen schreiben hier unter anderem \u00fcber lustige Klassenfahrten, spannende Ausfl\u00fcge und den interessanten Unterricht an der JFK. \u2665\u00a0 Schuljahr 2025\/26, 2. Halbjahr \u00a0\u2665\u00a0 Schuljahr 2025\/26, 1. Halbjahr \u2665\u00a0&#8230; <\/p>\n<div class=\"clear\"><\/div>\n<p><a href=\"https:\/\/wir-von-der-kennedy.de\/wirvonderkennedyfinal\/schuelerzeitung\/\" class=\"gdlr-info-font excerpt-read-more\">Read More<\/a><\/p>\n","protected":false},"author":2,"featured_media":0,"parent":0,"menu_order":0,"comment_status":"closed","ping_status":"closed","template":"","meta":{"_crdt_document":"","footnotes":""},"class_list":["post-140","page","type-page","status-publish","hentry"],"_links":{"self":[{"href":"https:\/\/wir-von-der-kennedy.de\/wirvonderkennedyfinal\/wp-json\/wp\/v2\/pages\/140","targetHints":{"allow":["GET"]}}],"collection":[{"href":"https:\/\/wir-von-der-kennedy.de\/wirvonderkennedyfinal\/wp-json\/wp\/v2\/pages"}],"about":[{"href":"https:\/\/wir-von-der-kennedy.de\/wirvonderkennedyfinal\/wp-json\/wp\/v2\/types\/page"}],"author":[{"embeddable":true,"href":"https:\/\/wir-von-der-kennedy.de\/wirvonderkennedyfinal\/wp-json\/wp\/v2\/users\/2"}],"replies":[{"embeddable":true,"href":"https:\/\/wir-von-der-kennedy.de\/wirvonderkennedyfinal\/wp-json\/wp\/v2\/comments?post=140"}],"version-history":[{"count":10,"href":"https:\/\/wir-von-der-kennedy.de\/wirvonderkennedyfinal\/wp-json\/wp\/v2\/pages\/140\/revisions"}],"predecessor-version":[{"id":17043,"href":"https:\/\/wir-von-der-kennedy.de\/wirvonderkennedyfinal\/wp-json\/wp\/v2\/pages\/140\/revisions\/17043"}],"wp:attachment":[{"href":"https:\/\/wir-von-der-kennedy.de\/wirvonderkennedyfinal\/wp-json\/wp\/v2\/media?parent=140"}],"curies":[{"name":"wp","href":"https:\/\/api.w.org\/{rel}","templated":true}]}}