{"id":14082,"date":"2023-03-14T13:55:40","date_gmt":"2023-03-14T12:55:40","guid":{"rendered":"http:\/\/wir-von-der-kennedy.de\/wirvonderkennedyfinal\/?page_id=14082"},"modified":"2025-10-21T16:11:13","modified_gmt":"2025-10-21T14:11:13","slug":"ethik","status":"publish","type":"page","link":"https:\/\/wir-von-der-kennedy.de\/wirvonderkennedyfinal\/ethik\/","title":{"rendered":"Ethik"},"content":{"rendered":"\r\n<h1 class=\"wp-block-heading\"><strong>Ethik an der John-F.-Kennedy-Schule<\/strong><\/h1>\r\n\r\n\r\n\r\n<p class=\"wp-block-paragraph\">An der John-F.-Kennedy-Schule legen wir gro\u00dfen Wert darauf, dass Sch\u00fclerinnen und Sch\u00fcler nicht nur fachliches Wissen erwerben, sondern auch wichtige Werte f\u00fcr das Zusammenleben in einer vielf\u00e4ltigen Gesellschaft kennenlernen, abw\u00e4gen und reflektieren. Aus diesem Grund bieten wir als Alternative zum Religionsunterricht das Fach Ethik an. Dieses Fach richtet sich an alle, die nicht am evangelischen oder katholischen Religionsunterricht teilnehmen, und ist gem\u00e4\u00df \u00a78 Abs. 4 des Hessischen Schulgesetzes verpflichtend.<\/p>\r\n\r\n\r\n\r\n<p class=\"wp-block-paragraph\">Ethik richtet sich an all jene, die sich mit wichtigen Fragen des Zusammenlebens in einer pluralistischen Gesellschaft auseinandersetzen m\u00f6chten. Dabei spielt es keine Rolle, welchem Glauben sie angeh\u00f6ren oder ob sie \u00fcberhaupt einer religi\u00f6sen \u00dcberzeugung folgen. Unsere Sch\u00fclerinnen und Sch\u00fcler kommen aus vielf\u00e4ltigen Hintergr\u00fcnden \u2013 genau diese Vielfalt macht den Austausch im Ethikunterricht so wertvoll. Es geht darum, gemeinsam \u00fcber Themen wie Gerechtigkeit, Toleranz, Freiheit und Verantwortung nachzudenken und eine eigene, reflektierte Position zu entwickeln.<\/p>\r\n\r\n\r\n\r\n<p class=\"wp-block-paragraph\">An der John-F.-Kennedy-Schule m\u00f6chten wir, dass alle Sch\u00fclerinnen und Sch\u00fcler sich in ihrer Vielfalt anerkannt und wertgesch\u00e4tzt f\u00fchlen. Ethik unterst\u00fctzt genau diesen Ansatz und bietet jedem die M\u00f6glichkeit, sich auf eine Reise der Selbstreflexion und der Auseinandersetzung mit den gro\u00dfen Fragen des Lebens zu begeben \u2013 unabh\u00e4ngig von der eigenen religi\u00f6sen \u00dcberzeugung.<\/p>\r\n\r\n\r\n\r\n<h3 class=\"wp-block-heading\"><strong>Was lernen die Sch\u00fclerinnen und Sch\u00fcler im Ethikunterricht?<\/strong><\/h3>\r\n\r\n\r\n\r\n<p class=\"wp-block-paragraph\">Im Ethikunterricht geht es um Fragen, die im Alltag unserer Sch\u00fclerinnen und Sch\u00fcler eine zentrale Rolle spielen. Gemeinsam erarbeiten sie Antworten auf grundlegende ethische und moralische Fragestellungen. Dabei stehen Themen wie \u201eIdentit\u00e4t\u201c, \u201eFreiheit und W\u00fcrde\u201c, \u201eRecht und Gerechtigkeit\u201c, \u201eGewissen und Verantwortung\u201c sowie \u201eReligion und Weltbilder\u201c im Fokus. All diese Themen regen zum Nachdenken an und sollen die Jugendlichen in ihrer pers\u00f6nlichen Entwicklung unterst\u00fctzen.<\/p>\r\n\r\n\r\n\r\n<p class=\"wp-block-paragraph\">Ziel des Ethikunterrichts ist es, die Sch\u00fclerinnen und Sch\u00fcler darin zu f\u00f6rdern:<\/p>\r\n\r\n\r\n\r\n<ul class=\"wp-block-list\">\r\n<li>eine eigene Meinung zu bilden und zu vertreten,<\/li>\r\n\r\n\r\n\r\n<li>respektvoll mit anderen Meinungen umzugehen,<\/li>\r\n\r\n\r\n\r\n<li>Diskussionsf\u00e4higkeiten auszubauen,<\/li>\r\n\r\n\r\n\r\n<li>Empathie und Toleranz zu st\u00e4rken,<\/li>\r\n\r\n\r\n\r\n<li>und Verantwortung f\u00fcr sich selbst und die Gemeinschaft zu \u00fcbernehmen.<\/li>\r\n<\/ul>\r\n\r\n\r\n\r\n<h3 class=\"wp-block-heading\"><strong>Wie wird im Ethikunterricht gearbeitet?<\/strong><\/h3>\r\n\r\n\r\n\r\n<p class=\"wp-block-paragraph\">Die Unterrichtsmethoden sind vielf\u00e4ltig und sch\u00fclerorientiert. Philosophische Fragestellungen werden altersgerecht und praxisnah vermittelt. Die Sch\u00fclerinnen und Sch\u00fcler lernen, komplexe Themen zu verstehen und dar\u00fcber nachzudenken, was sie im eigenen Leben und in der Gesellschaft bedeuten. Diskussionen, Gruppenarbeiten und Rollenspiele sind nur einige der Methoden, die eingesetzt werden, um die Themen des schulinternen Curriculums zu bearbeiten.<\/p>\r\n\r\n\r\n\r\n<h3 class=\"wp-block-heading\"><strong>Warum ist Ethik an unserer Schule so wichtig?<\/strong><\/h3>\r\n\r\n\r\n\r\n<p class=\"wp-block-paragraph\">Unsere Schule ist gepr\u00e4gt von einer bunten Gemeinschaft, in der Sch\u00fclerinnen und Sch\u00fcler aus unterschiedlichen kulturellen und religi\u00f6sen Hintergr\u00fcnden aufeinandertreffen. Gerade in einem solch vielf\u00e4ltigen Umfeld ist es entscheidend, Werte wie Respekt, Toleranz und gegenseitige R\u00fccksichtnahme zu vermitteln. Diese Werte sind die Grundlage f\u00fcr ein harmonisches Miteinander und tragen ma\u00dfgeblich zu einer positiven Lernatmosph\u00e4re bei. Der Ethikunterricht leistet dabei einen wichtigen Beitrag, indem er den Sch\u00fclerinnen und Sch\u00fclern Raum bietet, \u00fcber ihre eigenen Werte nachzudenken und sie in den Kontext des gemeinschaftlichen Lebens zu stellen.<\/p>\r\n\r\n\r\n\r\n<h3 class=\"wp-block-heading\"><strong>Unser Ziel: Ein starkes Miteinander<\/strong><\/h3>\r\n\r\n\r\n\r\n<p class=\"wp-block-paragraph\">Am Ende geht es im Ethikunterricht nicht nur darum, Wissen zu vermitteln, sondern den Sch\u00fclerinnen und Sch\u00fclern Werkzeuge an die Hand zu geben, die ihnen helfen, zu reflektierten und verantwortungsbewussten Mitgliedern der Gesellschaft zu werden. Wir sind \u00fcberzeugt, dass der Ethikunterricht einen wesentlichen Beitrag zur Pers\u00f6nlichkeitsentwicklung unserer Sch\u00fclerinnen und Sch\u00fcler leistet und sie dabei unterst\u00fctzt, in einer globalen, multikulturellen Welt ihren Platz zu finden.<\/p>\r\n\r\n\r\n\r\n<p class=\"wp-block-paragraph\">Durch die F\u00f6rderung von Respekt, Toleranz und Empathie m\u00f6chten wir sie auf ihrem Weg begleiten \u2013 nicht nur als Lernende, sondern auch als Individuum.<\/p>\r\n\r\n\r\n\r\n<p class=\"wp-block-paragraph\"><em>Dilan Eser, Oktober 2024<\/em><\/p>\r\n\r\n\r\n\r\n<figure class=\"wp-block-gallery has-nested-images columns-default is-cropped wp-block-gallery-1 is-layout-flex wp-block-gallery-is-layout-flex\">\r\n<figure class=\"wp-block-image size-large\"><a href=\"https:\/\/wir-von-der-kennedy.de\/wirvonderkennedyfinal\/wp-content\/uploads\/2024\/10\/IMG_0193.jpeg\"><img loading=\"lazy\" decoding=\"async\" width=\"768\" height=\"1024\" data-id=\"16005\" class=\"wp-image-16005\" src=\"https:\/\/wir-von-der-kennedy.de\/wirvonderkennedyfinal\/wp-content\/uploads\/2024\/10\/IMG_0193-768x1024.jpeg\" alt=\"\" srcset=\"https:\/\/wir-von-der-kennedy.de\/wirvonderkennedyfinal\/wp-content\/uploads\/2024\/10\/IMG_0193-768x1024.jpeg 768w, https:\/\/wir-von-der-kennedy.de\/wirvonderkennedyfinal\/wp-content\/uploads\/2024\/10\/IMG_0193-225x300.jpeg 225w, https:\/\/wir-von-der-kennedy.de\/wirvonderkennedyfinal\/wp-content\/uploads\/2024\/10\/IMG_0193-1152x1536.jpeg 1152w, https:\/\/wir-von-der-kennedy.de\/wirvonderkennedyfinal\/wp-content\/uploads\/2024\/10\/IMG_0193.jpeg 1536w\" sizes=\"auto, (max-width: 768px) 100vw, 768px\" \/><\/a><\/figure>\r\n\r\n\r\n\r\n<figure class=\"wp-block-image size-large\"><a href=\"https:\/\/wir-von-der-kennedy.de\/wirvonderkennedyfinal\/wp-content\/uploads\/2024\/10\/IMG_0189-scaled.jpg\"><img loading=\"lazy\" decoding=\"async\" width=\"768\" height=\"1024\" data-id=\"16004\" class=\"wp-image-16004\" src=\"https:\/\/wir-von-der-kennedy.de\/wirvonderkennedyfinal\/wp-content\/uploads\/2024\/10\/IMG_0189-768x1024.jpg\" alt=\"\" srcset=\"https:\/\/wir-von-der-kennedy.de\/wirvonderkennedyfinal\/wp-content\/uploads\/2024\/10\/IMG_0189-768x1024.jpg 768w, https:\/\/wir-von-der-kennedy.de\/wirvonderkennedyfinal\/wp-content\/uploads\/2024\/10\/IMG_0189-225x300.jpg 225w, https:\/\/wir-von-der-kennedy.de\/wirvonderkennedyfinal\/wp-content\/uploads\/2024\/10\/IMG_0189-1152x1536.jpg 1152w, https:\/\/wir-von-der-kennedy.de\/wirvonderkennedyfinal\/wp-content\/uploads\/2024\/10\/IMG_0189-1536x2048.jpg 1536w, https:\/\/wir-von-der-kennedy.de\/wirvonderkennedyfinal\/wp-content\/uploads\/2024\/10\/IMG_0189-scaled.jpg 1920w\" sizes=\"auto, (max-width: 768px) 100vw, 768px\" \/><\/a><\/figure>\r\n<\/figure>\r\n\r\n\r\n\r\n<p class=\"has-white-color has-text-color has-link-color wp-elements-6728af331d6878aaeda9789fe1b6b338 wp-block-paragraph\">aaa<\/p>\r\n\r\n\r\n\r\n<p class=\"wp-block-paragraph\">\u058d\u00a0 <a href=\"https:\/\/wir-von-der-kennedy.de\/wirvonderkennedyfinal\/schulgemeinde\/faecher\/arbeitslehre\/\">Arbeitslehre<\/a>\u00a0 \u058d\u00a0 <a href=\"https:\/\/wir-von-der-kennedy.de\/wirvonderkennedyfinal\/schulgemeinde\/faecher\/biologie\/\">Biologie<\/a>\u00a0 \u058d\u00a0 <a href=\"https:\/\/wir-von-der-kennedy.de\/wirvonderkennedyfinal\/schulgemeinde\/faecher\/chemie\/\">Chemie<\/a>\u00a0 \u058d\u00a0 <a href=\"https:\/\/wir-von-der-kennedy.de\/wirvonderkennedyfinal\/schulgemeinde\/faecher\/religion-ethik\/\">Christliche Religion<\/a><br \/>\u058d\u00a0 <a href=\"https:\/\/wir-von-der-kennedy.de\/wirvonderkennedyfinal\/schulgemeinde\/faecher\/deutsch\/\">Deutsch<\/a>\u00a0 \u058d\u00a0 <a href=\"https:\/\/wir-von-der-kennedy.de\/wirvonderkennedyfinal\/schulgemeinde\/faecher\/englisch\/\">Englisch<\/a>\u00a0 \u058d\u00a0 <a href=\"https:\/\/wir-von-der-kennedy.de\/wirvonderkennedyfinal\/schulgemeinde\/faecher\/erdkunde\/\">Geographie<\/a>\u00a0 \u058d\u00a0 <a href=\"https:\/\/wir-von-der-kennedy.de\/wirvonderkennedyfinal\/ethik\/\">Ethik<\/a>\u00a0<br \/>\u058d\u00a0 <a href=\"https:\/\/wir-von-der-kennedy.de\/wirvonderkennedyfinal\/schulgemeinde\/faecher\/informatik\/\">Informatik<\/a>\u00a0 \u058d\u00a0 <a href=\"https:\/\/wir-von-der-kennedy.de\/wirvonderkennedyfinal\/schulgemeinde\/faecher\/kunst\/\">Kunst<\/a>\u00a0 \u058d\u00a0 <a href=\"https:\/\/wir-von-der-kennedy.de\/wirvonderkennedyfinal\/schulgemeinde\/faecher\/mathematik\/\">Mathematik<\/a>\u00a0 \u058d\u00a0 <a href=\"https:\/\/wir-von-der-kennedy.de\/wirvonderkennedyfinal\/schulgemeinde\/faecher\/musik\/\">Musik<\/a><br \/>\u058d\u00a0 <a href=\"https:\/\/wir-von-der-kennedy.de\/wirvonderkennedyfinal\/schulgemeinde\/faecher\/physik\/\">Physik<\/a>\u00a0 \u058d\u00a0 <a href=\"https:\/\/wir-von-der-kennedy.de\/wirvonderkennedyfinal\/schulgemeinde\/faecher\/politik-und-wirtschaft\/\">Politik und Wirtschaft<\/a>\u00a0 \u058d\u00a0 <a href=\"https:\/\/wir-von-der-kennedy.de\/wirvonderkennedyfinal\/schulgemeinde\/faecher\/sport\/\">Sport<\/a>\u00a0 \u058d\u00a0 <a href=\"https:\/\/wir-von-der-kennedy.de\/wirvonderkennedyfinal\/schulgemeinde\/faecher\/wahlpflichtunterricht\/\">Wahlpflicht<\/a>\u00a0<\/p>\r\n","protected":false},"excerpt":{"rendered":"<p>Ethik an der John-F.-Kennedy-Schule An der John-F.-Kennedy-Schule legen wir gro\u00dfen Wert darauf, dass Sch\u00fclerinnen und Sch\u00fcler nicht nur fachliches Wissen erwerben, sondern auch wichtige Werte f\u00fcr das Zusammenleben in einer vielf\u00e4ltigen Gesellschaft kennenlernen, abw\u00e4gen und reflektieren. Aus diesem Grund bieten wir als Alternative zum Religionsunterricht das Fach Ethik an. Dieses Fach richtet sich an alle,&#8230; <\/p>\n<div class=\"clear\"><\/div>\n<p><a href=\"https:\/\/wir-von-der-kennedy.de\/wirvonderkennedyfinal\/ethik\/\" class=\"gdlr-info-font excerpt-read-more\">Read More<\/a><\/p>\n","protected":false},"author":2,"featured_media":0,"parent":0,"menu_order":0,"comment_status":"closed","ping_status":"closed","template":"","meta":{"_crdt_document":"","footnotes":""},"class_list":["post-14082","page","type-page","status-publish","hentry"],"_links":{"self":[{"href":"https:\/\/wir-von-der-kennedy.de\/wirvonderkennedyfinal\/wp-json\/wp\/v2\/pages\/14082","targetHints":{"allow":["GET"]}}],"collection":[{"href":"https:\/\/wir-von-der-kennedy.de\/wirvonderkennedyfinal\/wp-json\/wp\/v2\/pages"}],"about":[{"href":"https:\/\/wir-von-der-kennedy.de\/wirvonderkennedyfinal\/wp-json\/wp\/v2\/types\/page"}],"author":[{"embeddable":true,"href":"https:\/\/wir-von-der-kennedy.de\/wirvonderkennedyfinal\/wp-json\/wp\/v2\/users\/2"}],"replies":[{"embeddable":true,"href":"https:\/\/wir-von-der-kennedy.de\/wirvonderkennedyfinal\/wp-json\/wp\/v2\/comments?post=14082"}],"version-history":[{"count":9,"href":"https:\/\/wir-von-der-kennedy.de\/wirvonderkennedyfinal\/wp-json\/wp\/v2\/pages\/14082\/revisions"}],"predecessor-version":[{"id":16630,"href":"https:\/\/wir-von-der-kennedy.de\/wirvonderkennedyfinal\/wp-json\/wp\/v2\/pages\/14082\/revisions\/16630"}],"wp:attachment":[{"href":"https:\/\/wir-von-der-kennedy.de\/wirvonderkennedyfinal\/wp-json\/wp\/v2\/media?parent=14082"}],"curies":[{"name":"wp","href":"https:\/\/api.w.org\/{rel}","templated":true}]}}