{"id":14133,"date":"2023-03-28T22:55:37","date_gmt":"2023-03-28T20:55:37","guid":{"rendered":"http:\/\/wir-von-der-kennedy.de\/wirvonderkennedyfinal\/?page_id=14133"},"modified":"2023-03-28T23:07:27","modified_gmt":"2023-03-28T21:07:27","slug":"schule-macht-kultur","status":"publish","type":"page","link":"https:\/\/wir-von-der-kennedy.de\/wirvonderkennedyfinal\/schule-macht-kultur\/","title":{"rendered":"Schule macht Kultur"},"content":{"rendered":"\n<p class=\"wp-block-paragraph\">Wieder einmal hat sich die Schulgemeinde der John-F.-Kennedy-Schule etwas Neues einfallen lassen.\u00a0Sch\u00fclerInnen und LehrerInnen veranstalten \u201eSCHULE macht KULTUR\u201c und etablieren ihre Schule als kulturellen Veranstaltungsort.<\/p>\n\n\n\n<p class=\"wp-block-paragraph\">Dabei engagiert die Schule jedes Jahr einen K\u00fcnstler, der auf der Mensab\u00fchne oder in der B\u00fccherei der JFK sein Programm spielt. Das k\u00f6nnen Lesungen, Konzerte oder Comedy sein. Ganz normale, \u00f6ffentliche Veranstaltungen f\u00fcr jeden also. Allerdings mit einem Unterschied, denn die Veranstaltungen werden mit der Unterst\u00fctzung von Sch\u00fclerInnen organisiert:<\/p>\n\n\n\n<p class=\"wp-block-paragraph\">B\u00fchne, Technik, Licht, Ton, Catering und alles, was dazu geh\u00f6rt.<\/p>\n\n\n\n<p class=\"wp-block-paragraph\">Schulleiter Markus Maienschein: \u201eWir haben Kinder, die anpacken wollen und Jobs \u00fcbernehmen, die eine kulturelle Veranstaltung erst m\u00f6glich machen. Das ist Schule mit Berufsorientierung im besten Sinne.\u201c M\u00f6glich wird das \u00fcber verschiedene AGs, welche die Schule in ihrem Ganztagsangebot anbietet. Das Kollegium der JFK hat da nat\u00fcrlich auch einen gro\u00dfen Anteil, denn hier ist Engagement gefragt.<\/p>\n","protected":false},"excerpt":{"rendered":"<p>Wieder einmal hat sich die Schulgemeinde der John-F.-Kennedy-Schule etwas Neues einfallen lassen.\u00a0Sch\u00fclerInnen und LehrerInnen veranstalten \u201eSCHULE macht KULTUR\u201c und etablieren ihre Schule als kulturellen Veranstaltungsort. Dabei engagiert die Schule jedes Jahr einen K\u00fcnstler, der auf der Mensab\u00fchne oder in der B\u00fccherei der JFK sein Programm spielt. Das k\u00f6nnen Lesungen, Konzerte oder Comedy sein. Ganz normale,&#8230; <\/p>\n<div class=\"clear\"><\/div>\n<p><a href=\"https:\/\/wir-von-der-kennedy.de\/wirvonderkennedyfinal\/schule-macht-kultur\/\" class=\"gdlr-info-font excerpt-read-more\">Read More<\/a><\/p>\n","protected":false},"author":2,"featured_media":0,"parent":0,"menu_order":0,"comment_status":"closed","ping_status":"closed","template":"","meta":{"_crdt_document":"","footnotes":""},"class_list":["post-14133","page","type-page","status-publish","hentry"],"_links":{"self":[{"href":"https:\/\/wir-von-der-kennedy.de\/wirvonderkennedyfinal\/wp-json\/wp\/v2\/pages\/14133","targetHints":{"allow":["GET"]}}],"collection":[{"href":"https:\/\/wir-von-der-kennedy.de\/wirvonderkennedyfinal\/wp-json\/wp\/v2\/pages"}],"about":[{"href":"https:\/\/wir-von-der-kennedy.de\/wirvonderkennedyfinal\/wp-json\/wp\/v2\/types\/page"}],"author":[{"embeddable":true,"href":"https:\/\/wir-von-der-kennedy.de\/wirvonderkennedyfinal\/wp-json\/wp\/v2\/users\/2"}],"replies":[{"embeddable":true,"href":"https:\/\/wir-von-der-kennedy.de\/wirvonderkennedyfinal\/wp-json\/wp\/v2\/comments?post=14133"}],"version-history":[{"count":4,"href":"https:\/\/wir-von-der-kennedy.de\/wirvonderkennedyfinal\/wp-json\/wp\/v2\/pages\/14133\/revisions"}],"predecessor-version":[{"id":14139,"href":"https:\/\/wir-von-der-kennedy.de\/wirvonderkennedyfinal\/wp-json\/wp\/v2\/pages\/14133\/revisions\/14139"}],"wp:attachment":[{"href":"https:\/\/wir-von-der-kennedy.de\/wirvonderkennedyfinal\/wp-json\/wp\/v2\/media?parent=14133"}],"curies":[{"name":"wp","href":"https:\/\/api.w.org\/{rel}","templated":true}]}}