{"id":14140,"date":"2023-03-28T23:20:40","date_gmt":"2023-03-28T21:20:40","guid":{"rendered":"http:\/\/wir-von-der-kennedy.de\/wirvonderkennedyfinal\/?page_id=14140"},"modified":"2023-03-28T23:25:11","modified_gmt":"2023-03-28T21:25:11","slug":"jfk-jahreszeitungen","status":"publish","type":"page","link":"https:\/\/wir-von-der-kennedy.de\/wirvonderkennedyfinal\/jfk-jahreszeitungen\/","title":{"rendered":"JFK-Jahreszeitungen"},"content":{"rendered":"\n<p class=\"wp-block-paragraph\">Alles begann im Jahre 2020 mit der Idee unseres Kollegen Ren\u00e9 Di Rienzo f\u00fcr eine Weihnachtszeitung. Nach dem Motto &#8222;think big&#8220; wurde daraus schon im Folgejahr eine Jahreszeitung, die in gedruckter Form erschien und sich gro\u00dfer Beliebtheit erfreute. Hier findet ihr die Links zu den digitalen Ausgaben. Viel Spa\u00df beim Schm\u00f6kern!<\/p>\n\n\n\n<p class=\"wp-block-paragraph\"><a rel=\"noreferrer noopener\" target=\"_blank\" href=\"https:\/\/www.yumpu.com\/de\/document\/view\/65268635\/jfk-weihnachtszeitung-2020\">JFK Weihnachtszeitung 2020 (yumpu.com)<\/a><\/p>\n\n\n\n<p class=\"wp-block-paragraph\"><a rel=\"noreferrer noopener\" target=\"_blank\" href=\"https:\/\/www.yumpu.com\/de\/document\/view\/66034570\/jfk-jahreszeitung-2021\">JFK JAHRESZEITUNG 2021 (yumpu.com)<\/a><\/p>\n\n\n\n<p class=\"wp-block-paragraph\"><a rel=\"noreferrer noopener\" target=\"_blank\" href=\"https:\/\/www.yumpu.com\/de\/document\/view\/67407611\/jfk-jahreszeitung-2022\">JFK-JAHRESZEITUNG 2022 (yumpu.com)<\/a><\/p>\n","protected":false},"excerpt":{"rendered":"<p>Alles begann im Jahre 2020 mit der Idee unseres Kollegen Ren\u00e9 Di Rienzo f\u00fcr eine Weihnachtszeitung. Nach dem Motto &#8222;think big&#8220; wurde daraus schon im Folgejahr eine Jahreszeitung, die in gedruckter Form erschien und sich gro\u00dfer Beliebtheit erfreute. Hier findet ihr die Links zu den digitalen Ausgaben. Viel Spa\u00df beim Schm\u00f6kern! JFK Weihnachtszeitung 2020 (yumpu.com)&#8230; <\/p>\n<div class=\"clear\"><\/div>\n<p><a href=\"https:\/\/wir-von-der-kennedy.de\/wirvonderkennedyfinal\/jfk-jahreszeitungen\/\" class=\"gdlr-info-font excerpt-read-more\">Read More<\/a><\/p>\n","protected":false},"author":2,"featured_media":0,"parent":0,"menu_order":0,"comment_status":"closed","ping_status":"closed","template":"","meta":{"_crdt_document":"","footnotes":""},"class_list":["post-14140","page","type-page","status-publish","hentry"],"_links":{"self":[{"href":"https:\/\/wir-von-der-kennedy.de\/wirvonderkennedyfinal\/wp-json\/wp\/v2\/pages\/14140","targetHints":{"allow":["GET"]}}],"collection":[{"href":"https:\/\/wir-von-der-kennedy.de\/wirvonderkennedyfinal\/wp-json\/wp\/v2\/pages"}],"about":[{"href":"https:\/\/wir-von-der-kennedy.de\/wirvonderkennedyfinal\/wp-json\/wp\/v2\/types\/page"}],"author":[{"embeddable":true,"href":"https:\/\/wir-von-der-kennedy.de\/wirvonderkennedyfinal\/wp-json\/wp\/v2\/users\/2"}],"replies":[{"embeddable":true,"href":"https:\/\/wir-von-der-kennedy.de\/wirvonderkennedyfinal\/wp-json\/wp\/v2\/comments?post=14140"}],"version-history":[{"count":3,"href":"https:\/\/wir-von-der-kennedy.de\/wirvonderkennedyfinal\/wp-json\/wp\/v2\/pages\/14140\/revisions"}],"predecessor-version":[{"id":14144,"href":"https:\/\/wir-von-der-kennedy.de\/wirvonderkennedyfinal\/wp-json\/wp\/v2\/pages\/14140\/revisions\/14144"}],"wp:attachment":[{"href":"https:\/\/wir-von-der-kennedy.de\/wirvonderkennedyfinal\/wp-json\/wp\/v2\/media?parent=14140"}],"curies":[{"name":"wp","href":"https:\/\/api.w.org\/{rel}","templated":true}]}}