{"id":14146,"date":"2023-03-28T23:32:07","date_gmt":"2023-03-28T21:32:07","guid":{"rendered":"http:\/\/wir-von-der-kennedy.de\/wirvonderkennedyfinal\/?page_id=14146"},"modified":"2023-03-28T23:32:08","modified_gmt":"2023-03-28T21:32:08","slug":"jfk-youtube-kanal-videos-aus-dem-schulleben","status":"publish","type":"page","link":"https:\/\/wir-von-der-kennedy.de\/wirvonderkennedyfinal\/jfk-youtube-kanal-videos-aus-dem-schulleben\/","title":{"rendered":"JFK-YouTube-Kanal &#8211; Videos aus dem Schulleben"},"content":{"rendered":"\n<p class=\"wp-block-paragraph\">Hier geht&#8217;s direkt zu unserem YouTube-Kanal. Viel Spa\u00df mit den nicht immer ganz ernst zu nehmenden Clips aus dem nicht immer ganz allt\u00e4glichen Schulleben der John-F.-Kennedy-Sch\u00fclerInnen und ihrer LehrerInnen. <\/p>\n\n\n\n<p class=\"wp-block-paragraph\"><a href=\"https:\/\/www.youtube.com\/@glubbschi31\/videos\">John F. Kennedy Schule Bad Vilbel &#8211; YouTube<\/a><\/p>\n","protected":false},"excerpt":{"rendered":"<p>Hier geht&#8217;s direkt zu unserem YouTube-Kanal. Viel Spa\u00df mit den nicht immer ganz ernst zu nehmenden Clips aus dem nicht immer ganz allt\u00e4glichen Schulleben der John-F.-Kennedy-Sch\u00fclerInnen und ihrer LehrerInnen. John F. Kennedy Schule Bad Vilbel &#8211; YouTube<\/p>\n","protected":false},"author":2,"featured_media":0,"parent":0,"menu_order":0,"comment_status":"closed","ping_status":"closed","template":"","meta":{"_crdt_document":"","footnotes":""},"class_list":["post-14146","page","type-page","status-publish","hentry"],"_links":{"self":[{"href":"https:\/\/wir-von-der-kennedy.de\/wirvonderkennedyfinal\/wp-json\/wp\/v2\/pages\/14146","targetHints":{"allow":["GET"]}}],"collection":[{"href":"https:\/\/wir-von-der-kennedy.de\/wirvonderkennedyfinal\/wp-json\/wp\/v2\/pages"}],"about":[{"href":"https:\/\/wir-von-der-kennedy.de\/wirvonderkennedyfinal\/wp-json\/wp\/v2\/types\/page"}],"author":[{"embeddable":true,"href":"https:\/\/wir-von-der-kennedy.de\/wirvonderkennedyfinal\/wp-json\/wp\/v2\/users\/2"}],"replies":[{"embeddable":true,"href":"https:\/\/wir-von-der-kennedy.de\/wirvonderkennedyfinal\/wp-json\/wp\/v2\/comments?post=14146"}],"version-history":[{"count":2,"href":"https:\/\/wir-von-der-kennedy.de\/wirvonderkennedyfinal\/wp-json\/wp\/v2\/pages\/14146\/revisions"}],"predecessor-version":[{"id":14148,"href":"https:\/\/wir-von-der-kennedy.de\/wirvonderkennedyfinal\/wp-json\/wp\/v2\/pages\/14146\/revisions\/14148"}],"wp:attachment":[{"href":"https:\/\/wir-von-der-kennedy.de\/wirvonderkennedyfinal\/wp-json\/wp\/v2\/media?parent=14146"}],"curies":[{"name":"wp","href":"https:\/\/api.w.org\/{rel}","templated":true}]}}