{"id":154,"date":"2015-02-22T11:45:16","date_gmt":"2015-02-22T10:45:16","guid":{"rendered":"http:\/\/wir-von-der-kennedy.de\/wirvonderkennedy\/?page_id=154"},"modified":"2025-10-21T16:08:32","modified_gmt":"2025-10-21T14:08:32","slug":"arbeitslehre","status":"publish","type":"page","link":"https:\/\/wir-von-der-kennedy.de\/wirvonderkennedyfinal\/schulgemeinde\/faecher\/arbeitslehre\/","title":{"rendered":"Arbeitslehre"},"content":{"rendered":"<div><img decoding=\"async\" class=\"image-float-right\" src=\"http:\/\/lernarchiv-alt.bildung.hessen.de\/sek_i\/arbeitslehre\/738px-Working_man-obrero-klein.jpg\" alt=\"\" \/><\/div>\n<div>\n<h3>Das Fach Arbeitslehre in der Hauptschule<\/h3>\n<p><strong>Jahrgangsstufe 7: Der Projekttag<\/strong><\/p>\n<p>Der Projekttag ist ein besonderes Programm der John-F.-Kennedy-Schule f\u00fcr die siebte Jahrgangsstufe des Hauptschulzweiges. An einem Tag pro Woche finden, eingebettet in ein Jahrescurriculum, vielf\u00e4ltige Projekte zum sozialen Lernen sowie zur beruflichen Fr\u00fchorientierung der Sch\u00fcler statt. So werden die Sch\u00fcler beispielsweise gezielt in der Wahrnehmung eigener Interessen, St\u00e4rken und Schw\u00e4chen gef\u00f6rdert und erhalten durch Betriebserkundungen, selbst gef\u00fchrte Interviews und Schnupperpraktika erste Einblicke in die Arbeitswelt.<\/p>\n<p><strong>Jahrgangsstufe 8: Der Praxistag<\/strong><\/p>\n<p>Der Praxistag ist ein bew\u00e4hrtes und mittlerweile an vielen Schulen eingesetztes Konzept der Berufsorientierung, das an der John-F.-Kennedy-Schule seit vielen Jahren erfolgreich durchgef\u00fchrt wird. An einem Tag pro Woche absolvieren die Sch\u00fcler der achten und neunten Jahrgangsstufe Praktika in vielf\u00e4ltigen Betrieben. Sie erhalten dadurch realistische Einblicke in die Arbeitswelt und lernen ausgew\u00e4hlte Berufe mit ihren spezifischen Anforderungen und Entwicklungsm\u00f6glichkeiten kennen. Die Sch\u00fcler werden so bereits fr\u00fchzeitig in ihrer beruflichen Orientierung unterst\u00fctzt und k\u00f6nnen durch die begleitenden Lehrkr\u00e4fte gezielt beraten und gef\u00f6rdert werden.<\/p>\n<p><strong>Jahrgangsstufe 9: Abschlusspr\u00fcfungen, Abschl\u00fcsse und weitere Bildungswege<\/strong><\/p>\n<p>Dass auch in der Hauptschule die Ausbildung \u201eklassischer\u201c schulischer Kompetenzen nicht zu kurz kommt, zeigen die Projektpr\u00fcfungen der Sch\u00fcler in der neunten Jahrgangsstufe, die Bestandteil der Abschlusspr\u00fcfungen sind.<\/p>\n<p>Ob Ausbildung, Berufsfachschule oder Realschule- der Hauptschulabschluss ist f\u00fcr die Sch\u00fcler der John-F.-Kennedy-Schule noch l\u00e4ngst kein Bildungs &#8211; Schlusspunkt.<\/p>\n<p>&nbsp;<\/p>\n<\/div>\n<p>\u058d\u00a0 <a href=\"https:\/\/wir-von-der-kennedy.de\/wirvonderkennedyfinal\/schulgemeinde\/faecher\/arbeitslehre\/\">Arbeitslehre<\/a>\u00a0 \u058d\u00a0 <a href=\"https:\/\/wir-von-der-kennedy.de\/wirvonderkennedyfinal\/schulgemeinde\/faecher\/biologie\/\">Biologie<\/a>\u00a0 \u058d\u00a0 <a href=\"https:\/\/wir-von-der-kennedy.de\/wirvonderkennedyfinal\/schulgemeinde\/faecher\/chemie\/\">Chemie<\/a>\u00a0 \u058d\u00a0 <a href=\"https:\/\/wir-von-der-kennedy.de\/wirvonderkennedyfinal\/schulgemeinde\/faecher\/religion-ethik\/\">Christliche Religion<\/a><br \/>\n\u058d\u00a0 <a href=\"https:\/\/wir-von-der-kennedy.de\/wirvonderkennedyfinal\/schulgemeinde\/faecher\/deutsch\/\">Deutsch<\/a>\u00a0 \u058d\u00a0 <a href=\"https:\/\/wir-von-der-kennedy.de\/wirvonderkennedyfinal\/schulgemeinde\/faecher\/englisch\/\">Englisch<\/a>\u00a0 \u058d\u00a0 <a href=\"https:\/\/wir-von-der-kennedy.de\/wirvonderkennedyfinal\/schulgemeinde\/faecher\/erdkunde\/\">Geographie<\/a>\u00a0 \u058d\u00a0 <a href=\"https:\/\/wir-von-der-kennedy.de\/wirvonderkennedyfinal\/ethik\/\">Ethik<\/a><br \/>\n\u058d\u00a0 <a href=\"https:\/\/wir-von-der-kennedy.de\/wirvonderkennedyfinal\/schulgemeinde\/faecher\/informatik\/\">Informatik<\/a>\u00a0 \u058d\u00a0 <a href=\"https:\/\/wir-von-der-kennedy.de\/wirvonderkennedyfinal\/schulgemeinde\/faecher\/kunst\/\">Kunst<\/a>\u00a0 \u058d\u00a0 <a href=\"https:\/\/wir-von-der-kennedy.de\/wirvonderkennedyfinal\/schulgemeinde\/faecher\/mathematik\/\">Mathematik<\/a>\u00a0 \u058d\u00a0 <a href=\"https:\/\/wir-von-der-kennedy.de\/wirvonderkennedyfinal\/schulgemeinde\/faecher\/musik\/\">Musik<\/a><br \/>\n\u058d\u00a0 <a href=\"https:\/\/wir-von-der-kennedy.de\/wirvonderkennedyfinal\/schulgemeinde\/faecher\/physik\/\">Physik<\/a>\u00a0 \u058d\u00a0 <a href=\"https:\/\/wir-von-der-kennedy.de\/wirvonderkennedyfinal\/schulgemeinde\/faecher\/politik-und-wirtschaft\/\">Politik und Wirtschaft<\/a>\u00a0 \u058d\u00a0 <a href=\"https:\/\/wir-von-der-kennedy.de\/wirvonderkennedyfinal\/schulgemeinde\/faecher\/sport\/\">Sport<\/a>\u00a0 \u058d\u00a0 <a href=\"https:\/\/wir-von-der-kennedy.de\/wirvonderkennedyfinal\/schulgemeinde\/faecher\/wahlpflichtunterricht\/\">Wahlpflicht<\/a><\/p>\n","protected":false},"excerpt":{"rendered":"<p>Das Fach Arbeitslehre in der Hauptschule Jahrgangsstufe 7: Der Projekttag Der Projekttag ist ein besonderes Programm der John-F.-Kennedy-Schule f\u00fcr die siebte Jahrgangsstufe des Hauptschulzweiges. An einem Tag pro Woche finden, eingebettet in ein Jahrescurriculum, vielf\u00e4ltige Projekte zum sozialen Lernen sowie zur beruflichen Fr\u00fchorientierung der Sch\u00fcler statt. So werden die Sch\u00fcler beispielsweise gezielt in der Wahrnehmung&#8230; <\/p>\n<div class=\"clear\"><\/div>\n<p><a href=\"https:\/\/wir-von-der-kennedy.de\/wirvonderkennedyfinal\/schulgemeinde\/faecher\/arbeitslehre\/\" class=\"gdlr-info-font excerpt-read-more\">Read More<\/a><\/p>\n","protected":false},"author":16,"featured_media":0,"parent":58,"menu_order":0,"comment_status":"closed","ping_status":"closed","template":"","meta":{"_crdt_document":"","footnotes":""},"class_list":["post-154","page","type-page","status-publish","hentry"],"_links":{"self":[{"href":"https:\/\/wir-von-der-kennedy.de\/wirvonderkennedyfinal\/wp-json\/wp\/v2\/pages\/154","targetHints":{"allow":["GET"]}}],"collection":[{"href":"https:\/\/wir-von-der-kennedy.de\/wirvonderkennedyfinal\/wp-json\/wp\/v2\/pages"}],"about":[{"href":"https:\/\/wir-von-der-kennedy.de\/wirvonderkennedyfinal\/wp-json\/wp\/v2\/types\/page"}],"author":[{"embeddable":true,"href":"https:\/\/wir-von-der-kennedy.de\/wirvonderkennedyfinal\/wp-json\/wp\/v2\/users\/16"}],"replies":[{"embeddable":true,"href":"https:\/\/wir-von-der-kennedy.de\/wirvonderkennedyfinal\/wp-json\/wp\/v2\/comments?post=154"}],"version-history":[{"count":3,"href":"https:\/\/wir-von-der-kennedy.de\/wirvonderkennedyfinal\/wp-json\/wp\/v2\/pages\/154\/revisions"}],"predecessor-version":[{"id":16624,"href":"https:\/\/wir-von-der-kennedy.de\/wirvonderkennedyfinal\/wp-json\/wp\/v2\/pages\/154\/revisions\/16624"}],"up":[{"embeddable":true,"href":"https:\/\/wir-von-der-kennedy.de\/wirvonderkennedyfinal\/wp-json\/wp\/v2\/pages\/58"}],"wp:attachment":[{"href":"https:\/\/wir-von-der-kennedy.de\/wirvonderkennedyfinal\/wp-json\/wp\/v2\/media?parent=154"}],"curies":[{"name":"wp","href":"https:\/\/api.w.org\/{rel}","templated":true}]}}