{"id":160,"date":"2015-02-22T11:47:21","date_gmt":"2015-02-22T10:47:21","guid":{"rendered":"http:\/\/wir-von-der-kennedy.de\/wirvonderkennedy\/?page_id=160"},"modified":"2023-03-30T16:28:35","modified_gmt":"2023-03-30T14:28:35","slug":"neues-aus-der-schule","status":"publish","type":"page","link":"https:\/\/wir-von-der-kennedy.de\/wirvonderkennedyfinal\/schuelerzeitung\/neues-aus-der-schule\/","title":{"rendered":"Neues aus der Schule"},"content":{"rendered":"<h3>Ob Berichte \u00fcber den &#8222;Tag des Lesens&#8220;, den &#8222;Berufsorientierungstag&#8220;\u00a0oder Ausfl\u00fcge von verschiedenen Klassen unserer Schule. Hier findet Ihr immer die allerneuesten Nachrichten \u00fcber das, was an der John-F.-Kennedy-Schule so l\u00e4uft!\u00a0Geht mit der Maus auf &#8222;Sch\u00fclerzeitung &#8211; Neues aus der Schule&#8220; und das entsprechende Schulhalbjahr!<\/h3>\n<p>\u2665\u00a0 <a href=\"http:\/\/wir-von-der-kennedy.de\/wirvonderkennedyfinal\/schuljahr-2022-2023-2-halbjahr\/\">Schuljahr 2022\/23, 2. Halbjahr<\/a>\u00a0 \u2665\u00a0 <a href=\"http:\/\/wir-von-der-kennedy.de\/wirvonderkennedyfinal\/schuljahr-2022-2023-1-halbjahr\/\">Schuljahr 2022\/23, 1. Halbjahr<\/a><\/p>\n<p>\u2665\u00a0 <a href=\"http:\/\/wir-von-der-kennedy.de\/wirvonderkennedyfinal\/schuljahr-2021-22-2-halbjahr\/\">Schuljahr 2021\/22, 2. Halbjahr<\/a>\u00a0 \u2665\u00a0 <a href=\"http:\/\/wir-von-der-kennedy.de\/wirvonderkennedyfinal\/schuljahr-2021-2022-1-halbjahr\/\">Schuljahr 2021\/22, 1. Halbjahr<\/a><\/p>\n<p>\u2665\u00a0 <a href=\"http:\/\/wir-von-der-kennedy.de\/wirvonderkennedyfinal\/schuljahr-2020-2021-2-halbjahr\/\">Schuljahr 2020\/21, 2. Halbjahr<\/a>\u00a0 \u2665\u00a0 <a href=\"http:\/\/wir-von-der-kennedy.de\/wirvonderkennedyfinal\/schuljahr-2020-2021-1-halbjahr\/\">Schuljahr 2020\/21, 1. Halbjahr<\/a><\/p>\n<p>\u2665\u00a0 <a href=\"http:\/\/wir-von-der-kennedy.de\/wirvonderkennedyfinal\/schuljahr-2019-2020-1-halbjahr-2\/\">Schuljahr 2019\/20, 2. Halbjahr<\/a>\u00a0 \u2665\u00a0 <a href=\"http:\/\/wir-von-der-kennedy.de\/wirvonderkennedyfinal\/schuljahr-2019-2020-1-halbjahr\/\">Schuljahr 2019\/20, 1. Halbjahr<\/a><\/p>\n<p>\u2665\u00a0 <a href=\"http:\/\/wir-von-der-kennedy.de\/wirvonderkennedyfinal\/schuljahr-2018-2019-2-halbjahr\/\">Schuljahr 2018\/19, 2. Halbjahr<\/a>\u00a0 \u2665\u00a0 <a href=\"http:\/\/wir-von-der-kennedy.de\/wirvonderkennedyfinal\/schuljahr-2018-2019-1-halbjahr\/\">Schuljahr 2018\/19, 1. Halbjahr<\/a><\/p>\n<p>\u2665\u00a0\u00a0<a href=\"http:\/\/wir-von-der-kennedy.de\/wirvonderkennedyfinal\/schuljahr-2017-2018-2-halbjahr\/\">Schuljahr 2017\/18, 2. Halbjahr<\/a>\u00a0 \u2665\u00a0\u00a0<a href=\"http:\/\/wir-von-der-kennedy.de\/wirvonderkennedyfinal\/schuljahr-20172018-1-halbjahr\/\">Schuljahr 2017\/18, 1. Halbjahr<\/a><\/p>\n<p>\u2665\u00a0\u00a0<a href=\"http:\/\/wir-von-der-kennedy.de\/wirvonderkennedyfinal\/schuljahr-20162017-2-halbjahr\/\">Schuljahr 2016\/17, 2. Halbjahr<\/a>\u00a0 \u2665\u00a0\u00a0<a href=\"http:\/\/wir-von-der-kennedy.de\/wirvonderkennedyfinal\/schuljahr-20162017-1-halbjahr\/\">Schuljahr 2016\/17, 1. Halbjahr<\/a><\/p>\n<p>\u2665\u00a0\u00a0<a href=\"http:\/\/wir-von-der-kennedy.de\/wirvonderkennedyfinal\/schuljahr-20152016-2-halbjahr\/\">Schuljahr 2015\/16, 2. Halbjahr<\/a>\u00a0 \u2665\u00a0\u00a0<a href=\"http:\/\/wir-von-der-kennedy.de\/wirvonderkennedyfinal\/schuljahr-20152016-1-halbjahr\/\">Schuljahr 2015\/16, 1. Halbjahr<\/a><\/p>\n<p>\u2665\u00a0\u00a0<a href=\"http:\/\/wir-von-der-kennedy.de\/wirvonderkennedyfinal\/schuelerzeitung\/neues-aus-der-schule\/schuljahr-20142015-2-halbjahr\/\">Schuljahr 2014\/15, 2. Halbjahr<\/a>\u00a0 \u2665\u00a0\u00a0<a href=\"http:\/\/wir-von-der-kennedy.de\/wirvonderkennedyfinal\/schuelerzeitung\/neues-aus-der-schule\/schuljahr-20142015-1-halbjahr\/\">Schuljahr 2014\/15, 1. Halbjahr<\/a><\/p>\n","protected":false},"excerpt":{"rendered":"<p>Ob Berichte \u00fcber den &#8222;Tag des Lesens&#8220;, den &#8222;Berufsorientierungstag&#8220;\u00a0oder Ausfl\u00fcge von verschiedenen Klassen unserer Schule. Hier findet Ihr immer die allerneuesten Nachrichten \u00fcber das, was an der John-F.-Kennedy-Schule so l\u00e4uft!\u00a0Geht mit der Maus auf &#8222;Sch\u00fclerzeitung &#8211; Neues aus der Schule&#8220; und das entsprechende Schulhalbjahr! \u2665\u00a0 Schuljahr 2022\/23, 2. Halbjahr\u00a0 \u2665\u00a0 Schuljahr 2022\/23, 1. Halbjahr \u2665\u00a0&#8230; <\/p>\n<div class=\"clear\"><\/div>\n<p><a href=\"https:\/\/wir-von-der-kennedy.de\/wirvonderkennedyfinal\/schuelerzeitung\/neues-aus-der-schule\/\" class=\"gdlr-info-font excerpt-read-more\">Read More<\/a><\/p>\n","protected":false},"author":2,"featured_media":0,"parent":140,"menu_order":0,"comment_status":"closed","ping_status":"closed","template":"","meta":{"_crdt_document":"","footnotes":""},"class_list":["post-160","page","type-page","status-publish","hentry"],"_links":{"self":[{"href":"https:\/\/wir-von-der-kennedy.de\/wirvonderkennedyfinal\/wp-json\/wp\/v2\/pages\/160","targetHints":{"allow":["GET"]}}],"collection":[{"href":"https:\/\/wir-von-der-kennedy.de\/wirvonderkennedyfinal\/wp-json\/wp\/v2\/pages"}],"about":[{"href":"https:\/\/wir-von-der-kennedy.de\/wirvonderkennedyfinal\/wp-json\/wp\/v2\/types\/page"}],"author":[{"embeddable":true,"href":"https:\/\/wir-von-der-kennedy.de\/wirvonderkennedyfinal\/wp-json\/wp\/v2\/users\/2"}],"replies":[{"embeddable":true,"href":"https:\/\/wir-von-der-kennedy.de\/wirvonderkennedyfinal\/wp-json\/wp\/v2\/comments?post=160"}],"version-history":[{"count":2,"href":"https:\/\/wir-von-der-kennedy.de\/wirvonderkennedyfinal\/wp-json\/wp\/v2\/pages\/160\/revisions"}],"predecessor-version":[{"id":14208,"href":"https:\/\/wir-von-der-kennedy.de\/wirvonderkennedyfinal\/wp-json\/wp\/v2\/pages\/160\/revisions\/14208"}],"up":[{"embeddable":true,"href":"https:\/\/wir-von-der-kennedy.de\/wirvonderkennedyfinal\/wp-json\/wp\/v2\/pages\/140"}],"wp:attachment":[{"href":"https:\/\/wir-von-der-kennedy.de\/wirvonderkennedyfinal\/wp-json\/wp\/v2\/media?parent=160"}],"curies":[{"name":"wp","href":"https:\/\/api.w.org\/{rel}","templated":true}]}}