{"id":167,"date":"2015-02-22T11:48:23","date_gmt":"2015-02-22T10:48:23","guid":{"rendered":"http:\/\/wir-von-der-kennedy.de\/wirvonderkennedy\/?page_id=167"},"modified":"2022-09-12T14:10:37","modified_gmt":"2022-09-12T12:10:37","slug":"wissenswertes","status":"publish","type":"page","link":"https:\/\/wir-von-der-kennedy.de\/wirvonderkennedyfinal\/schuelerzeitung\/wissenswertes\/","title":{"rendered":"Wissenswertes"},"content":{"rendered":"<h1 style=\"text-align: left;\"><strong><u>\u201eWenn du auf Englisch tr\u00e4umst, dann bist du angekommen!\u201c<\/u><\/strong><\/h1>\n<p style=\"text-align: left;\"><strong>Interview mit Leon \u00fcber sein bevorstehendes Auslandsschuljahr<\/strong><\/p>\n<p><span style=\"color: #0000ff;\"><strong>Frage:<\/strong> Hallo Leon! Du bist 15 Jahre alt und gehst in die 10. Klasse der John-F.-Kennedy-Schule. Du hast ein Stipendium f\u00fcr ein Auslandsschuljahr vom Deutschen Bundestag bekommen. Wohin geht die Reise?<\/span><\/p>\n<p><strong>Leon:<\/strong> Ja genau! Die Reise geht in die USA!<\/p>\n<p><span style=\"color: #0000ff;\"><strong>F.:<\/strong> Wie kamst du auf die Idee, ein Auslandsschuljahr in die USA zu machen?<\/span><\/p>\n<p><strong>L.:<\/strong> Unsere Lehrerin Frau Kern hat am Anfang des Schuljahres Flyer \u00fcber Auslandsaufenthalte, z.B. in die USA, verteilt. Daraufhin habe ich an dem folgenden Samstag eine Messe in Frankfurt am Main besucht und mich \u00fcber das Thema an verschiedenen St\u00e4nden informiert.<\/p>\n<p><span style=\"color: #0000ff;\"><strong>F.:<\/strong> Was war das f\u00fcr eine Messe?<\/span><\/p>\n<p><strong>L.:<\/strong> JuBi \u2013 Die JugendBildungsmesse! Es ist eine der bundesweit gr\u00f6\u00dften Spezial-Messen zum Thema Bildung im Ausland. An den St\u00e4nden stellen Experten der deutschen Austauschbranche interessierten Sch\u00fclerinnen und Sch\u00fclern und ihren Eltern ihre Programme zu Sch\u00fcleraustausch, Sprachreisen, Auslandsstudium etc. vor. Am Infostand erhalten die Besucher individuelle Beratung zu Auslandsaufenthalten.<\/p>\n<p><span style=\"color: #0000ff;\"><strong>F.:<\/strong> Wie ging es weiter?<\/span><\/p>\n<p><strong>L.:<\/strong> Dann habe ich mich im Internet \u00fcber die verschiedenen Organisationen der Messe informiert und bin durch die GIVE und den Deutschen Fachverband High School e.V. auf das Stipendium \u201eParlamentarisches Patenschafts-Programm (PPP)\u201c des Deutschen Bundestages gesto\u00dfen.<\/p>\n<p><span style=\"color: #0000ff;\"><strong>F.:<\/strong> Hast du dich dann dort beworben?<\/span><\/p>\n<p><strong>L.:<\/strong> Ich habe mich beim Parlamentarischen Patenschafts-Programm (PPP) beworben und daraufhin eine Einladung zu einem Gespr\u00e4ch von \u201eGIVE\u201c bekommen.<\/p>\n<p><span style=\"color: #0000ff;\"><strong>F.:<\/strong> Wie ist das Gespr\u00e4ch verlaufen?<\/span><\/p>\n<p><strong>L.:<\/strong> Wir waren viele Bewerber bei dem Termin und hatten uns an einem Tisch versammelt. Zun\u00e4chst musste sich jeder auf Englisch vorstellen; damit wollten sie unsere Englischkenntnisse testen. Sie haben mir verschiedene Fragen \u00fcber die Politik in Hessen, \u00fcber mich selbst, meine Lebensweise und \u00fcber meine Familie gestellt. Dann haben sie uns einige Englischaufgaben, z.B. Grammatikaufgaben, gegeben. Nach langem Warten habe ich einen Brief erhalten, dass ich zu den drei Leuten geh\u00f6re, die in die engere Auswahl gerutscht sind und habe mich dar\u00fcber riesig gefreut! Danach hat mich der Bundestagsabgeordnete vom Wetteraukreis zu einem pers\u00f6nlichen Gespr\u00e4ch eingeladen. Ein Tag darauf habe ich einen Anruf von seinem B\u00fcro bekommen, dass ich der Junior-Botschafter f\u00fcr den Wetteraukreis 2017\/18 sein darf.<\/p>\n<p><span style=\"color: #0000ff;\"><strong>F.:<\/strong> Was ist ein Junior-Botschafter?<\/span><\/p>\n<p><strong>L.:<\/strong> Ich werde sozusagen vom Bundestag in die USA geschickt und besuche unter anderem ein Seminar in Washington und habe noch weitere Verpflichtungen.<\/p>\n<p><span style=\"color: #0000ff;\"><strong>F.:<\/strong> Wann geht das Auslandsschuljahr los und wie lange wird es dauern?<\/span><\/p>\n<p><strong>L.:<\/strong> Mitte August soll es losgehen und ich werde ungef\u00e4hr 10 Monate dort verbringen.<\/p>\n<p><span style=\"color: #0000ff;\"><strong>F.:<\/strong> Wie haben deine Familie und Freunde darauf reagiert?<\/span><\/p>\n<p><strong>L.:<\/strong> Alle haben sich riesig gefreut, dass ich es soweit geschafft habe! Ich bin sehr stolz auf mich, es war echt viel Arbeit!<\/p>\n<p><span style=\"color: #0000ff;\"><strong>F.:<\/strong> Wirst du in einer Gastfamilie untergebracht?<\/span><\/p>\n<p><strong>L.:<\/strong> Ja, aber ich kenne sie noch nicht. Es ist ein komplizierter und langer Prozess, da die Familie \u00fcberpr\u00fcft wird, ob sie genug Platz hat und ob sie \u00fcberhaupt zu mir passt. Es m\u00fcssen ideale Umst\u00e4nde herrschen.<\/p>\n<p><span style=\"color: #0000ff;\"><strong>F.:<\/strong> Wei\u00dft du schon, in welchen Staat es geht und wirst du dort eine High School besuchen?<\/span><\/p>\n<p><strong>L.:<\/strong> Ich wei\u00df noch nicht, in welchen Staat es geht, das wird mir gesagt, wenn die Gastfamilie feststeht. Ja, ich muss dann dort eine High School besuchen und gehe in eine fremde Klasse. Ich freue mich darauf, neue Freunde kennenzulernen.<\/p>\n<p><span style=\"color: #0000ff;\"><strong>F.:<\/strong> Wie bereitest du dich ansonsten darauf vor?<\/span><\/p>\n<p><strong>L.:<\/strong> Ich lese im Moment das Buch \u201eProxy\u201c von Alex London auf Englisch, da ich meine Sprachkenntnisse erweitern m\u00f6chte.<\/p>\n<p><span style=\"color: #0000ff;\"><strong>F.:<\/strong> Hast du Angst, wenn ja, wovor?<\/span><\/p>\n<p><strong>L.:<\/strong> Die Kommunikation komplett auf Englisch wird wahrscheinlich eine H\u00fcrde sein. Aber mir wurde gesagt, wenn ich\u00a0auf Englisch tr\u00e4ume, habe ich keine Sprachprobleme mehr.<\/p>\n<p><span style=\"color: #0000ff;\"><strong>F.:<\/strong> Was hast du nach deinem Auslandsschuljahr vor?<\/span><\/p>\n<p><strong>L.:<\/strong> Danach m\u00f6chte ich auf einem beruflichen Gymnasium mein Abitur machen.<\/p>\n<p><span style=\"color: #0000ff;\"><strong>F.: <\/strong>Vielen Dank f\u00fcr das Interview und viel Spa\u00df in deinem Auslandsjahr in den USA!<\/span><\/p>\n<p><strong>L.: <\/strong>Danke!<\/p>\n<p><a href=\"http:\/\/wir-von-der-kennedy.de\/wirvonderkennedyfinal\/wp-content\/uploads\/2015\/02\/Interview-Leon.jpg\"><img loading=\"lazy\" decoding=\"async\" class=\"alignnone wp-image-7167\" src=\"http:\/\/wir-von-der-kennedy.de\/wirvonderkennedyfinal\/wp-content\/uploads\/2015\/02\/Interview-Leon-1024x577.jpg\" alt=\"\" width=\"550\" height=\"310\" srcset=\"https:\/\/wir-von-der-kennedy.de\/wirvonderkennedyfinal\/wp-content\/uploads\/2015\/02\/Interview-Leon-1024x577.jpg 1024w, https:\/\/wir-von-der-kennedy.de\/wirvonderkennedyfinal\/wp-content\/uploads\/2015\/02\/Interview-Leon-300x169.jpg 300w, https:\/\/wir-von-der-kennedy.de\/wirvonderkennedyfinal\/wp-content\/uploads\/2015\/02\/Interview-Leon-768x432.jpg 768w\" sizes=\"auto, (max-width: 550px) 100vw, 550px\" \/><\/a><\/p>\n<p><em>Das Interview mit Leon f\u00fchrten yawa, ebs und Aylin (Praktikantin im Efzet)<\/em><\/p>\n<p>&nbsp;<\/p>\n<hr \/>\n<h1><\/h1>\n<h1><strong>Was ist eigentlich eine Klassenkonferenz?<\/strong><\/h1>\n<p>Keiner will eine Klassenkonferenz haben. In der versammeln sich n\u00e4mlich alle Lehrer, das Kind, die Eltern und jemand von der Schulleitung und reden \u00fcber das Kind und sein Verhalten. Dann k\u00f6nnen Eltern und Kind etwas dazu sagen. Danach m\u00fcssen sie rausgehen und die Lehrer beraten und reden \u00fcber die Strafe (Ordnungsma\u00dfnahme). Diese kann vom Ausschluss beim n\u00e4chsten Ausflug bis zum Schulverweis gehen. Ziel dieser Strafe ist, dass das Kind sich wieder benimmt und daraus etwas lernt. Die Klassenkonferenz findet meistens in dem Klassenzimmer \u00a0statt.<\/p>\n<p><em>Die Ordnungsma\u00dfnahmen:<\/em><\/p>\n<ol>\n<li>Ausschluss vom Unterricht f\u00fcr den Rest des Schultages, erforderlichenfalls mit der Verpflichtung, am Unterricht einer anderen Klasse oder Lerngruppe teilzunehmen,<\/li>\n<li>Ausschluss von besonderen Klassen- oder Schulveranstaltungen sowie vom Unterricht in Wahlf\u00e4chern und freiwilligen Unterrichtsveranstaltungen,<\/li>\n<li>Vor\u00fcbergehende Zuweisung in eine Parallelklasse oder in eine andere Lerngruppe bis zu einer Dauer von vier Wochen,<\/li>\n<li>Zuweisung in eine Parallelklasse oder in eine andere Lerngruppe,<\/li>\n<li>Vor\u00fcbergehender Ausschluss vom Schulbesuch bis zu einer Dauer von zwei Wochen,<\/li>\n<li>\u00dcberweisung in den gleichen Bildungsgang einer anderen Schule,<\/li>\n<li>Verweisung von der besuchten Schule.<\/li>\n<\/ol>\n<p><em>Jana G.<\/em><\/p>\n<p>&nbsp;<\/p>\n<hr \/>\n<p>&nbsp;<\/p>\n<h1><strong>Neue Schule = neues Gl\u00fcck<\/strong><\/h1>\n<p>Ich habe im vergangenen Jahr meinen Abschluss an der JFK gemacht und besuche jetzt das berufliche Gymnasium der Klingerschule in Frankfurt im Zweig Wirtschaft. Eigentlich wollte ich gar nicht auf eine neue Schule, sondern w\u00e4re am liebsten mit meinen Freunden an der JFK geblieben. Am Anfang fragt man sich meistens, wie es auf der neuen Schule so wird. Man hofft, dass die Lehrer nett sind, man neue Freunde findet und gut in der Schule mitkommt. Eigentlich hat man keine Lust auf den ersten Schultag und freut sich gleichzeitig auf einen neuen Anfang.<\/p>\n<p>Mein erster Schultag war gar nicht so schlimm, wie ich gedacht habe. Es gibt in meiner Klasse niemanden, der keine neuen Freunde gefunden hat. Nach den ersten zwei bis drei Wochen kennt man sich einigerma\u00dfen und es bilden sich Gruppen. Zuerst dachte ich, es w\u00fcrde sich\u00a0 komisch anf\u00fchlen, auf eine neue Schule zu gehen, eine andere als die Kennedy, doch es war eigentlich von Anfang an ein vollkommen normales Gef\u00fchl.<\/p>\n<p>Als ich mich letztes Jahr entscheiden musste, auf welche Schule ich gehen w\u00fcrde, fiel mir die Wahl echt schwer. Man wei\u00df nicht welche der Schulen besser ist, was f\u00fcr eine Art von Schule am besten f\u00fcr einen ist, z.B. Fachhochschule, Gymnasium, berufliches Gymnasium oder ob man doch eine Ausbildung machen soll. Doch nur zur Beruhigung, nur weil man sich f\u00fcr ein berufliches Gymnasium entschieden hat, hei\u00dft das nicht, dass man nicht mehr wechseln kann, wenn es nichts f\u00fcr einen ist. Das ist bei mir in der Klasse n\u00e4mlich gerade im Gespr\u00e4ch, da das berufliche Abitur vielen zu anstrengend ist und sie lieber Fachabitur oder normales Abitur ohne, in meinem Fall, einen Wirtschafts-Leistungskurs machen m\u00f6chten. Jedoch sollte man sich wirklich \u00fcberlegen, was von einem gefordert wird und ob man damit klarkommt oder ob man lieber nicht so viel Stress haben will. Und wenn es nicht die richtige Entscheidung war, gibt es immer noch alternative M\u00f6glichkeiten und man hat auf jeden Fall herausgefunden, was einem nicht liegt. Aber ich hoffe nat\u00fcrlich, dass Ihr alle mit eurer Wahl zufrieden sein werdet. \ud83d\ude42<\/p>\n<p>Auch an die Unterschiede der Schulen gew\u00f6hnt man sich. Andere Zeiten, Pausen und ein um einige Stunden l\u00e4ngerer Schultag mit zus\u00e4tzlich einem Stapel an Hausaufgaben. O.k., so schlimm ist es eigentlich nicht, manche unserer Lehrer geben uns nicht immer was auf, da sie wissen, dass wir in anderen F\u00e4chern schon einiges tun m\u00fcssen. Das Bl\u00f6de ist nur immer, dass man in der Oberstufe sehr viel schreiben muss, erl\u00e4utern, erkl\u00e4ren, etc. Doch das Gute ist, dass die Lehrer in der 11. Klasse versuchen uns langsam an alles zu gew\u00f6hnen und auch viel wiederholt wird. Abgesehen davon haben wir richtig nette Lehrer.<\/p>\n<p>Aber die Lehrer von der JFK sind nat\u00fcrlich immer noch Nummer eins. \ud83d\ude42<\/p>\n<p><em>venu<\/em><\/p>\n<p>&nbsp;<\/p>\n<hr \/>\n<h2><strong>Pausenumfrage<\/strong><\/h2>\n<p>Wir haben im Fr\u00fchjahr 2015 eine Umfrage unter dem Namen \u201eWas macht ihr in der Pause?\u201c in der 5. und 6. Klasse durchgef\u00fchrt. Teilgenommen haben 59 Sch\u00fcler der 5. Klasse und 73 Sch\u00fcler der 6. Klasse. Das Ergebnis zeigt, dass Sch\u00fcler und Sch\u00fclerinnen der 5. und 6. Klassen in der Pause viel miteinander reden und am liebsten chillen. Die Kategorie \u201eBuch lesen\u201c geh\u00f6rt in beiden Jahrgangsstufen mit zwei Stimmen zu den unbeliebten Aktivit\u00e4ten.<\/p>\n<p><a href=\"http:\/\/wir-von-der-kennedy.de\/wirvonderkennedyfinal\/wp-content\/uploads\/2015\/02\/P5-neu.jpg\"><img loading=\"lazy\" decoding=\"async\" class=\"alignnone wp-image-5375 size-full\" src=\"http:\/\/wir-von-der-kennedy.de\/wirvonderkennedyfinal\/wp-content\/uploads\/2015\/02\/P5-neu.jpg\" alt=\"P5 neu\" width=\"588\" height=\"345\" srcset=\"https:\/\/wir-von-der-kennedy.de\/wirvonderkennedyfinal\/wp-content\/uploads\/2015\/02\/P5-neu.jpg 588w, https:\/\/wir-von-der-kennedy.de\/wirvonderkennedyfinal\/wp-content\/uploads\/2015\/02\/P5-neu-300x176.jpg 300w\" sizes=\"auto, (max-width: 588px) 100vw, 588px\" \/><\/a><\/p>\n<p>Klasse 5<\/p>\n<p>Die Top drei Pausenbesch\u00e4ftigungen der 5. Klasse sind: Chillen, sich unterhalten und Fu\u00dfball spielen. Essen, trinken, mit dem Handy spielen und in die Mensa gehen liegen im Mittelfeld. Zeit f\u00fcr Sachen wie Lernen und Buch lesen hat die 5. Klasse in den Pausen nicht. Die Punkte \u201eBretterwand\u201c, Hausaufgaben und Board fahren haben keine Stimmen bekommen.<\/p>\n<p><a href=\"http:\/\/wir-von-der-kennedy.de\/wirvonderkennedyfinal\/wp-content\/uploads\/2015\/02\/P6-neu.jpg\"><img loading=\"lazy\" decoding=\"async\" class=\"alignnone wp-image-5374 size-full\" src=\"http:\/\/wir-von-der-kennedy.de\/wirvonderkennedyfinal\/wp-content\/uploads\/2015\/02\/P6-neu.jpg\" alt=\"P6 neu\" width=\"588\" height=\"345\" srcset=\"https:\/\/wir-von-der-kennedy.de\/wirvonderkennedyfinal\/wp-content\/uploads\/2015\/02\/P6-neu.jpg 588w, https:\/\/wir-von-der-kennedy.de\/wirvonderkennedyfinal\/wp-content\/uploads\/2015\/02\/P6-neu-300x176.jpg 300w\" sizes=\"auto, (max-width: 588px) 100vw, 588px\" \/><\/a><\/p>\n<p>Klasse 6<\/p>\n<p>Die ersten drei Pl\u00e4tze belegen in der 6. Klasse die Punkte chillen, sich unterhalten und sich mit dem Handy besch\u00e4ftigen. In der Mitte platzieren sich Essen und Trinken, in die Mensa gehen und 38 Sch\u00fcler verbringen ihre Pause auf dem Spielplatz. Von wenigen wird auch Board gefahren. Au\u00dferdem spielen neun Sch\u00fcler \u201eBretterwand\u201c (ein Art Fu\u00dfball zu spielen)\u00a0 und ein paar machen ihre Hausaufgaben.<\/p>\n<p><a href=\"http:\/\/wir-von-der-kennedy.de\/wirvonderkennedyfinal\/wp-content\/uploads\/2015\/02\/Pausen-1.jpg\"><img loading=\"lazy\" decoding=\"async\" class=\"alignnone wp-image-5372 size-blog-grid\" src=\"http:\/\/wir-von-der-kennedy.de\/wirvonderkennedyfinal\/wp-content\/uploads\/2015\/02\/Pausen-1-700x400.jpg\" alt=\"Pausen 1\" width=\"700\" height=\"400\" \/><\/a><\/p>\n<p><em>lesch<\/em><\/p>\n<p>&nbsp;<\/p>\n<hr \/>\n<h2><strong>Manga-Mangel an Vilbeler (Schul-)Bibliotheken<\/strong><\/h2>\n<p><a href=\"http:\/\/wir-von-der-kennedy.de\/wirvonderkennedyfinal\/wp-content\/uploads\/2015\/02\/Manga.jpg\" rel=\"attachment wp-att-6405\"><img loading=\"lazy\" decoding=\"async\" class=\"alignnone wp-image-6405 size-full\" src=\"http:\/\/wir-von-der-kennedy.de\/wirvonderkennedyfinal\/wp-content\/uploads\/2015\/02\/Manga.jpg\" alt=\"Manga\" width=\"394\" height=\"600\" srcset=\"https:\/\/wir-von-der-kennedy.de\/wirvonderkennedyfinal\/wp-content\/uploads\/2015\/02\/Manga.jpg 394w, https:\/\/wir-von-der-kennedy.de\/wirvonderkennedyfinal\/wp-content\/uploads\/2015\/02\/Manga-197x300.jpg 197w\" sizes=\"auto, (max-width: 394px) 100vw, 394px\" \/><\/a><\/p>\n<p>Liest man gerne Mangas, leiht sie aber lieber aus als sie zu kaufen, hat man es in Bad Vilbel nicht ganz so leicht. Die Sch\u00fclerb\u00fccherei der JFK bietet keine dieser beliebten japanischen Comics zum Verleih an. Die alte Stadtbibliothek unter dem Hallenbad hatte eine einigerma\u00dfen ausgewogene Auswahl, aber bei der jetzigen Stadtb\u00fccherei bekommt man das Gef\u00fchl, das Angebot der Mangas ist immer nur auf h\u00f6chstens 10 beschr\u00e4nkt. Zumindest von den Mangas, die in der Jugendabteilung im 1. Stock stehen. Ebenfalls schade ist, dass die Ausstattung in verschiedenen Genres mangelhaft ist und dass die meisten interessanten Manga-Reihen nicht fortf\u00fchrend oder vom ersten Band an auszuleihen sind.<\/p>\n<p>Mangas sind in den letzten Jahren immer beliebter geworden. Deshalb w\u00e4re es sch\u00f6n, wenn unsere Sch\u00fclerb\u00fccherei Mangas anbieten w\u00fcrde. Zum Beispiel aus den Reihen \u201eNaruto\u201c, \u201eOuran High School Host Club\u201c, \u201eOne Piece\u201c oder \u201eBleach\u201c.<\/p>\n<p><em>venu<\/em><\/p>\n<p>&nbsp;<\/p>\n<hr \/>\n<p>&nbsp;<\/p>\n<h2><strong>10 wichtige Fakten \u00fcber John F. Kennedy<\/strong><\/h2>\n<p><a href=\"http:\/\/wir-von-der-kennedy.de\/wirvonderkennedyfinal\/wp-content\/uploads\/2015\/05\/jk.jpg\" rel=\"attachment wp-att-5919\"><img loading=\"lazy\" decoding=\"async\" class=\"alignnone wp-image-5919 size-medium\" src=\"http:\/\/wir-von-der-kennedy.de\/wirvonderkennedyfinal\/wp-content\/uploads\/2015\/05\/jk-240x300.jpg\" alt=\"jk\" width=\"240\" height=\"300\" srcset=\"https:\/\/wir-von-der-kennedy.de\/wirvonderkennedyfinal\/wp-content\/uploads\/2015\/05\/jk-240x300.jpg 240w, https:\/\/wir-von-der-kennedy.de\/wirvonderkennedyfinal\/wp-content\/uploads\/2015\/05\/jk.jpg 360w\" sizes=\"auto, (max-width: 240px) 100vw, 240px\" \/><\/a><\/p>\n<ol>\n<li>Geboren wurde Kennedy am 29. Mai 1917 in Brookline, Massachusetts.<\/li>\n<li>John F. Kennedy litt schon als kleiner Junge unter R\u00fcckenproblemen, an Asthma, extremer M\u00fcdigkeit und zahlreichen Allergien.<\/li>\n<li>Familie: Er hatte zwei Kinder, ein M\u00e4dchen namens Caroline und einen Jungen namens John jr. Seine Frau war Jacqueline Lee Bouvier.<\/li>\n<li>Milit\u00e4r: Im 2.Weltkrieg war Kennedy in der US-Marine aktiv.<\/li>\n<li>Er war der 35. Pr\u00e4sident der Vereinigten Staaten von Amerika.<\/li>\n<li>Sein ber\u00fchmtester Spruch: \u201eIch bin ein Berliner\u201c.<\/li>\n<li>Die erfolgreiche Bew\u00e4ltigung der Kuba-Krise, die die Welt an den Rand eines Dritten Weltkriegs gebracht hatte, kann als einer der gr\u00f6\u00dften au\u00dfenpolitischen Erfolge Kennedys angesehen werden.<\/li>\n<li>Ermordet am 22. November 1963 in Dallas, Texas.<\/li>\n<li>Ein ber\u00fchmter Film von Oliver Stone \u00fcber das Attentat auf Kennedy hei\u00dft: \u201eJFK \u2013 Tatort Dallas\u201c aus dem Jahre 1991.<\/li>\n<li>Im Februar 2013 erzielte eine von Kennedy getragene Fliegerjacke einen Erl\u00f6s von 570.000 Dollar.<\/li>\n<\/ol>\n<p><em>\u00a0<\/em><\/p>\n<p><em>thpf, yawa, topf, lupu, lesch<\/em><\/p>\n<p><em>\u00a0<\/em><\/p>\n","protected":false},"excerpt":{"rendered":"<p>\u201eWenn du auf Englisch tr\u00e4umst, dann bist du angekommen!\u201c Interview mit Leon \u00fcber sein bevorstehendes Auslandsschuljahr Frage: Hallo Leon! Du bist 15 Jahre alt und gehst in die 10. Klasse der John-F.-Kennedy-Schule. Du hast ein Stipendium f\u00fcr ein Auslandsschuljahr vom Deutschen Bundestag bekommen. Wohin geht die Reise? Leon: Ja genau! Die Reise geht in die&#8230; <\/p>\n<div class=\"clear\"><\/div>\n<p><a href=\"https:\/\/wir-von-der-kennedy.de\/wirvonderkennedyfinal\/schuelerzeitung\/wissenswertes\/\" class=\"gdlr-info-font excerpt-read-more\">Read More<\/a><\/p>\n","protected":false},"author":2,"featured_media":0,"parent":140,"menu_order":0,"comment_status":"closed","ping_status":"closed","template":"","meta":{"_crdt_document":"","footnotes":""},"class_list":["post-167","page","type-page","status-publish","hentry"],"_links":{"self":[{"href":"https:\/\/wir-von-der-kennedy.de\/wirvonderkennedyfinal\/wp-json\/wp\/v2\/pages\/167","targetHints":{"allow":["GET"]}}],"collection":[{"href":"https:\/\/wir-von-der-kennedy.de\/wirvonderkennedyfinal\/wp-json\/wp\/v2\/pages"}],"about":[{"href":"https:\/\/wir-von-der-kennedy.de\/wirvonderkennedyfinal\/wp-json\/wp\/v2\/types\/page"}],"author":[{"embeddable":true,"href":"https:\/\/wir-von-der-kennedy.de\/wirvonderkennedyfinal\/wp-json\/wp\/v2\/users\/2"}],"replies":[{"embeddable":true,"href":"https:\/\/wir-von-der-kennedy.de\/wirvonderkennedyfinal\/wp-json\/wp\/v2\/comments?post=167"}],"version-history":[{"count":82,"href":"https:\/\/wir-von-der-kennedy.de\/wirvonderkennedyfinal\/wp-json\/wp\/v2\/pages\/167\/revisions"}],"predecessor-version":[{"id":13289,"href":"https:\/\/wir-von-der-kennedy.de\/wirvonderkennedyfinal\/wp-json\/wp\/v2\/pages\/167\/revisions\/13289"}],"up":[{"embeddable":true,"href":"https:\/\/wir-von-der-kennedy.de\/wirvonderkennedyfinal\/wp-json\/wp\/v2\/pages\/140"}],"wp:attachment":[{"href":"https:\/\/wir-von-der-kennedy.de\/wirvonderkennedyfinal\/wp-json\/wp\/v2\/media?parent=167"}],"curies":[{"name":"wp","href":"https:\/\/api.w.org\/{rel}","templated":true}]}}