{"id":16959,"date":"2026-02-24T17:38:25","date_gmt":"2026-02-24T16:38:25","guid":{"rendered":"https:\/\/wir-von-der-kennedy.de\/wirvonderkennedyfinal\/?page_id=16959"},"modified":"2026-03-27T16:35:01","modified_gmt":"2026-03-27T15:35:01","slug":"schuljahr-2025-2026-2-halbjahr","status":"publish","type":"page","link":"https:\/\/wir-von-der-kennedy.de\/wirvonderkennedyfinal\/schuljahr-2025-2026-2-halbjahr\/","title":{"rendered":"Schuljahr 2025\/2026, 2. Halbjahr"},"content":{"rendered":"\n<h1 class=\"wp-block-heading\"><strong>Wer wirft die meisten Strikes?<\/strong><\/h1>\n\n\n\n<h3 class=\"wp-block-heading\"><em><strong>Die Jahrgangsstufe 8 im Friedberger Bowlingcenter!<\/strong><\/em><\/h3>\n\n\n\n<p class=\"wp-block-paragraph\">Ein gemeinsamer Ausflug f\u00fchrte vor Kurzem alle achten Klassen der Schule nach Friedberg. Das Ziel war \u201cBerry\u201d, wo die Sch\u00fclerinnen und Sch\u00fcler f\u00fcr einige Stunden die Bowlingbahnen \u00fcbernahmen.&nbsp;<\/p>\n\n\n\n<p class=\"wp-block-paragraph\">Bei \u201cBerry\u201d ging es direkt zur Sache. Auf den Bahnen war ordentlich was los und der Ehrgeiz war bei allen Klassen sofort da. W\u00e4hrend einige eine ruhige Kugel schoben, gab es&nbsp;bei anderen richtige Duelle&nbsp;um die meisten Strikes. Es war eine gute Abwechslung, mal mit der kompletten Stufe Zeit zu verbringen, ohne dass es um Noten oder Unterricht ging. Selbst wenn die Kugel mal nicht da landete, wo sie sollte, war die Stimmung in der Halle richtig gut.&nbsp;&nbsp;<\/p>\n\n\n\n<p class=\"wp-block-paragraph\">Nach der Zeit bei \u201cBerry\u201d ging es f\u00fcr alle gemeinsam weiter auf die Kaiserstra\u00dfe. Dort wurde die Gelegenheit genutzt, um ein wenig durch die Friedberger Innenstadt zu laufen und die Umgebung zu erkunden.&nbsp;&nbsp;<\/p>\n\n\n\n<p class=\"wp-block-paragraph\">Der gemeinsame Fu\u00dfweg zur S-Bahn war dann das Ende eines&nbsp;coolen&nbsp;Vormittags. Insgesamt war die Fahrt nach Friedberg eine gelungene Abwechslung zum Schulalltag, die allen achten Klassen richtig Spa\u00df gemacht hat. Nach der Zeit bei \u201cBerry\u201d und dem Spaziergang \u00fcber die Kaiserstra\u00dfe ging es f\u00fcr alle zusammen wieder zur\u00fcck nach Bad Vilbel.&nbsp;<\/p>\n\n\n\n<p class=\"wp-block-paragraph\"><em>Marcelina, 8a<\/em><\/p>\n\n\n\n<figure class=\"wp-block-gallery has-nested-images columns-2 is-cropped wp-block-gallery-1 is-layout-flex wp-block-gallery-is-layout-flex\">\n<figure class=\"wp-block-image size-large\"><a href=\"https:\/\/wir-von-der-kennedy.de\/wirvonderkennedyfinal\/wp-content\/uploads\/2026\/03\/Bowling-2026-Marc-1.jpeg\"><img loading=\"lazy\" decoding=\"async\" width=\"1024\" height=\"768\" data-id=\"17083\" src=\"https:\/\/wir-von-der-kennedy.de\/wirvonderkennedyfinal\/wp-content\/uploads\/2026\/03\/Bowling-2026-Marc-1-1024x768.jpeg\" alt=\"\" class=\"wp-image-17083\" srcset=\"https:\/\/wir-von-der-kennedy.de\/wirvonderkennedyfinal\/wp-content\/uploads\/2026\/03\/Bowling-2026-Marc-1-1024x768.jpeg 1024w, https:\/\/wir-von-der-kennedy.de\/wirvonderkennedyfinal\/wp-content\/uploads\/2026\/03\/Bowling-2026-Marc-1-300x225.jpeg 300w, https:\/\/wir-von-der-kennedy.de\/wirvonderkennedyfinal\/wp-content\/uploads\/2026\/03\/Bowling-2026-Marc-1-768x576.jpeg 768w, https:\/\/wir-von-der-kennedy.de\/wirvonderkennedyfinal\/wp-content\/uploads\/2026\/03\/Bowling-2026-Marc-1-1536x1152.jpeg 1536w, https:\/\/wir-von-der-kennedy.de\/wirvonderkennedyfinal\/wp-content\/uploads\/2026\/03\/Bowling-2026-Marc-1-400x300.jpeg 400w, https:\/\/wir-von-der-kennedy.de\/wirvonderkennedyfinal\/wp-content\/uploads\/2026\/03\/Bowling-2026-Marc-1.jpeg 2048w\" sizes=\"auto, (max-width: 1024px) 100vw, 1024px\" \/><\/a><\/figure>\n\n\n\n<figure class=\"wp-block-image size-large\"><a href=\"https:\/\/wir-von-der-kennedy.de\/wirvonderkennedyfinal\/wp-content\/uploads\/2026\/03\/Bowling-2026-Marc-4.jpeg\"><img loading=\"lazy\" decoding=\"async\" width=\"1024\" height=\"768\" data-id=\"17082\" src=\"https:\/\/wir-von-der-kennedy.de\/wirvonderkennedyfinal\/wp-content\/uploads\/2026\/03\/Bowling-2026-Marc-4-1024x768.jpeg\" alt=\"\" class=\"wp-image-17082\" srcset=\"https:\/\/wir-von-der-kennedy.de\/wirvonderkennedyfinal\/wp-content\/uploads\/2026\/03\/Bowling-2026-Marc-4-1024x768.jpeg 1024w, https:\/\/wir-von-der-kennedy.de\/wirvonderkennedyfinal\/wp-content\/uploads\/2026\/03\/Bowling-2026-Marc-4-300x225.jpeg 300w, https:\/\/wir-von-der-kennedy.de\/wirvonderkennedyfinal\/wp-content\/uploads\/2026\/03\/Bowling-2026-Marc-4-768x576.jpeg 768w, https:\/\/wir-von-der-kennedy.de\/wirvonderkennedyfinal\/wp-content\/uploads\/2026\/03\/Bowling-2026-Marc-4-1536x1152.jpeg 1536w, https:\/\/wir-von-der-kennedy.de\/wirvonderkennedyfinal\/wp-content\/uploads\/2026\/03\/Bowling-2026-Marc-4-400x300.jpeg 400w, https:\/\/wir-von-der-kennedy.de\/wirvonderkennedyfinal\/wp-content\/uploads\/2026\/03\/Bowling-2026-Marc-4.jpeg 2048w\" sizes=\"auto, (max-width: 1024px) 100vw, 1024px\" \/><\/a><\/figure>\n\n\n\n<figure class=\"wp-block-image size-large\"><a href=\"https:\/\/wir-von-der-kennedy.de\/wirvonderkennedyfinal\/wp-content\/uploads\/2026\/03\/Bowling-2026-Marc-3.jpeg\"><img loading=\"lazy\" decoding=\"async\" width=\"1024\" height=\"768\" data-id=\"17081\" src=\"https:\/\/wir-von-der-kennedy.de\/wirvonderkennedyfinal\/wp-content\/uploads\/2026\/03\/Bowling-2026-Marc-3-1024x768.jpeg\" alt=\"\" class=\"wp-image-17081\" srcset=\"https:\/\/wir-von-der-kennedy.de\/wirvonderkennedyfinal\/wp-content\/uploads\/2026\/03\/Bowling-2026-Marc-3-1024x768.jpeg 1024w, https:\/\/wir-von-der-kennedy.de\/wirvonderkennedyfinal\/wp-content\/uploads\/2026\/03\/Bowling-2026-Marc-3-300x225.jpeg 300w, https:\/\/wir-von-der-kennedy.de\/wirvonderkennedyfinal\/wp-content\/uploads\/2026\/03\/Bowling-2026-Marc-3-768x576.jpeg 768w, https:\/\/wir-von-der-kennedy.de\/wirvonderkennedyfinal\/wp-content\/uploads\/2026\/03\/Bowling-2026-Marc-3-1536x1152.jpeg 1536w, https:\/\/wir-von-der-kennedy.de\/wirvonderkennedyfinal\/wp-content\/uploads\/2026\/03\/Bowling-2026-Marc-3-400x300.jpeg 400w, https:\/\/wir-von-der-kennedy.de\/wirvonderkennedyfinal\/wp-content\/uploads\/2026\/03\/Bowling-2026-Marc-3.jpeg 2000w\" sizes=\"auto, (max-width: 1024px) 100vw, 1024px\" \/><\/a><\/figure>\n\n\n\n<figure class=\"wp-block-image size-large\"><a href=\"https:\/\/wir-von-der-kennedy.de\/wirvonderkennedyfinal\/wp-content\/uploads\/2026\/03\/Bowling-2026-Marc-2.jpeg\"><img loading=\"lazy\" decoding=\"async\" width=\"1024\" height=\"768\" data-id=\"17080\" src=\"https:\/\/wir-von-der-kennedy.de\/wirvonderkennedyfinal\/wp-content\/uploads\/2026\/03\/Bowling-2026-Marc-2-1024x768.jpeg\" alt=\"\" class=\"wp-image-17080\" srcset=\"https:\/\/wir-von-der-kennedy.de\/wirvonderkennedyfinal\/wp-content\/uploads\/2026\/03\/Bowling-2026-Marc-2-1024x768.jpeg 1024w, https:\/\/wir-von-der-kennedy.de\/wirvonderkennedyfinal\/wp-content\/uploads\/2026\/03\/Bowling-2026-Marc-2-300x225.jpeg 300w, https:\/\/wir-von-der-kennedy.de\/wirvonderkennedyfinal\/wp-content\/uploads\/2026\/03\/Bowling-2026-Marc-2-768x576.jpeg 768w, https:\/\/wir-von-der-kennedy.de\/wirvonderkennedyfinal\/wp-content\/uploads\/2026\/03\/Bowling-2026-Marc-2-1536x1152.jpeg 1536w, https:\/\/wir-von-der-kennedy.de\/wirvonderkennedyfinal\/wp-content\/uploads\/2026\/03\/Bowling-2026-Marc-2-400x300.jpeg 400w, https:\/\/wir-von-der-kennedy.de\/wirvonderkennedyfinal\/wp-content\/uploads\/2026\/03\/Bowling-2026-Marc-2.jpeg 2048w\" sizes=\"auto, (max-width: 1024px) 100vw, 1024px\" \/><\/a><\/figure>\n<\/figure>\n\n\n\n<p class=\"has-white-color has-text-color has-link-color wp-elements-e3400dfce78ddbf282f06908ddb9bb92 wp-block-paragraph\">aaa<\/p>\n\n\n\n<hr class=\"wp-block-separator has-alpha-channel-opacity\"\/>\n\n\n\n<p class=\"has-white-color has-text-color has-link-color wp-elements-e3400dfce78ddbf282f06908ddb9bb92 wp-block-paragraph\">aaa<\/p>\n\n\n\n<h1 class=\"wp-block-heading\"><strong>Bowling und Nuggets in Friedberg!<\/strong><\/h1>\n\n\n\n<p class=\"wp-block-paragraph\">Am Montagmorgen, den 23.03.2026, traf sich die Klasse 5af mit Frau Otte und Frau Jung am Nordbahnhof in Bad Vilbel. Von dort aus fuhren wir mit der S-Bahn nach Friedberg. Als wir in Friedberg ankamen, sind wir gemeinsam ca.20 Minuten zu Fu\u00df zu &#8222;Berry Bowling&#8220; gelaufen. Im Bowlingcenter angekommen, haben wir zuerst unsere Schuhe gewechselt. Nachdem wir unsere Schuhe angezogen haben, haben wir alle ein Foto zusammen gemacht, dann die Gruppen eingeteilt und es ging endlich los. Beim Bowling hatten alle viel Spa\u00df. Manche haben viele Pins getroffen. Zum Mittagessen gab es Pommes mit Chicken Nuggets. Als alle fertig mit Essen waren, sind wir zur\u00fcck zum Bahnhof gelaufen und mit der S-Bahn zur\u00fcck nach Bad Vilbel gefahren.<\/p>\n\n\n\n<p class=\"wp-block-paragraph\"><em>Shahzeb Ashraf, Jakob St\u00f6lzel und Luca Heckl (Klasse 5a)<\/em><\/p>\n\n\n\n<figure class=\"wp-block-gallery has-nested-images columns-2 is-cropped wp-block-gallery-2 is-layout-flex wp-block-gallery-is-layout-flex\">\n<figure class=\"wp-block-image size-large\"><a href=\"https:\/\/wir-von-der-kennedy.de\/wirvonderkennedyfinal\/wp-content\/uploads\/2026\/03\/Bowling-2026-Jung-2.jpeg\"><img loading=\"lazy\" decoding=\"async\" width=\"1024\" height=\"768\" data-id=\"17068\" src=\"https:\/\/wir-von-der-kennedy.de\/wirvonderkennedyfinal\/wp-content\/uploads\/2026\/03\/Bowling-2026-Jung-2-1024x768.jpeg\" alt=\"\" class=\"wp-image-17068\" srcset=\"https:\/\/wir-von-der-kennedy.de\/wirvonderkennedyfinal\/wp-content\/uploads\/2026\/03\/Bowling-2026-Jung-2-1024x768.jpeg 1024w, https:\/\/wir-von-der-kennedy.de\/wirvonderkennedyfinal\/wp-content\/uploads\/2026\/03\/Bowling-2026-Jung-2-300x225.jpeg 300w, https:\/\/wir-von-der-kennedy.de\/wirvonderkennedyfinal\/wp-content\/uploads\/2026\/03\/Bowling-2026-Jung-2-768x576.jpeg 768w, https:\/\/wir-von-der-kennedy.de\/wirvonderkennedyfinal\/wp-content\/uploads\/2026\/03\/Bowling-2026-Jung-2-1536x1152.jpeg 1536w, https:\/\/wir-von-der-kennedy.de\/wirvonderkennedyfinal\/wp-content\/uploads\/2026\/03\/Bowling-2026-Jung-2-400x300.jpeg 400w, https:\/\/wir-von-der-kennedy.de\/wirvonderkennedyfinal\/wp-content\/uploads\/2026\/03\/Bowling-2026-Jung-2.jpeg 2000w\" sizes=\"auto, (max-width: 1024px) 100vw, 1024px\" \/><\/a><\/figure>\n\n\n\n<figure class=\"wp-block-image size-large\"><a href=\"https:\/\/wir-von-der-kennedy.de\/wirvonderkennedyfinal\/wp-content\/uploads\/2026\/03\/Bowling-2026-Jung-4.jpeg\"><img loading=\"lazy\" decoding=\"async\" width=\"1024\" height=\"768\" data-id=\"17065\" src=\"https:\/\/wir-von-der-kennedy.de\/wirvonderkennedyfinal\/wp-content\/uploads\/2026\/03\/Bowling-2026-Jung-4-1024x768.jpeg\" alt=\"\" class=\"wp-image-17065\" srcset=\"https:\/\/wir-von-der-kennedy.de\/wirvonderkennedyfinal\/wp-content\/uploads\/2026\/03\/Bowling-2026-Jung-4-1024x768.jpeg 1024w, https:\/\/wir-von-der-kennedy.de\/wirvonderkennedyfinal\/wp-content\/uploads\/2026\/03\/Bowling-2026-Jung-4-300x225.jpeg 300w, https:\/\/wir-von-der-kennedy.de\/wirvonderkennedyfinal\/wp-content\/uploads\/2026\/03\/Bowling-2026-Jung-4-768x576.jpeg 768w, https:\/\/wir-von-der-kennedy.de\/wirvonderkennedyfinal\/wp-content\/uploads\/2026\/03\/Bowling-2026-Jung-4-1536x1152.jpeg 1536w, https:\/\/wir-von-der-kennedy.de\/wirvonderkennedyfinal\/wp-content\/uploads\/2026\/03\/Bowling-2026-Jung-4-400x300.jpeg 400w, https:\/\/wir-von-der-kennedy.de\/wirvonderkennedyfinal\/wp-content\/uploads\/2026\/03\/Bowling-2026-Jung-4.jpeg 2000w\" sizes=\"auto, (max-width: 1024px) 100vw, 1024px\" \/><\/a><\/figure>\n\n\n\n<figure class=\"wp-block-image size-large\"><a href=\"https:\/\/wir-von-der-kennedy.de\/wirvonderkennedyfinal\/wp-content\/uploads\/2026\/03\/Bowling-2026-Jung-3.jpeg\"><img loading=\"lazy\" decoding=\"async\" width=\"1024\" height=\"768\" data-id=\"17067\" src=\"https:\/\/wir-von-der-kennedy.de\/wirvonderkennedyfinal\/wp-content\/uploads\/2026\/03\/Bowling-2026-Jung-3-1024x768.jpeg\" alt=\"\" class=\"wp-image-17067\" srcset=\"https:\/\/wir-von-der-kennedy.de\/wirvonderkennedyfinal\/wp-content\/uploads\/2026\/03\/Bowling-2026-Jung-3-1024x768.jpeg 1024w, https:\/\/wir-von-der-kennedy.de\/wirvonderkennedyfinal\/wp-content\/uploads\/2026\/03\/Bowling-2026-Jung-3-300x225.jpeg 300w, https:\/\/wir-von-der-kennedy.de\/wirvonderkennedyfinal\/wp-content\/uploads\/2026\/03\/Bowling-2026-Jung-3-768x576.jpeg 768w, https:\/\/wir-von-der-kennedy.de\/wirvonderkennedyfinal\/wp-content\/uploads\/2026\/03\/Bowling-2026-Jung-3-1536x1152.jpeg 1536w, https:\/\/wir-von-der-kennedy.de\/wirvonderkennedyfinal\/wp-content\/uploads\/2026\/03\/Bowling-2026-Jung-3-400x300.jpeg 400w, https:\/\/wir-von-der-kennedy.de\/wirvonderkennedyfinal\/wp-content\/uploads\/2026\/03\/Bowling-2026-Jung-3.jpeg 2000w\" sizes=\"auto, (max-width: 1024px) 100vw, 1024px\" \/><\/a><\/figure>\n\n\n\n<figure class=\"wp-block-image size-large\"><a href=\"https:\/\/wir-von-der-kennedy.de\/wirvonderkennedyfinal\/wp-content\/uploads\/2026\/03\/Bowling-2026-Jung.jpeg\"><img loading=\"lazy\" decoding=\"async\" width=\"768\" height=\"1024\" data-id=\"17066\" src=\"https:\/\/wir-von-der-kennedy.de\/wirvonderkennedyfinal\/wp-content\/uploads\/2026\/03\/Bowling-2026-Jung-768x1024.jpeg\" alt=\"\" class=\"wp-image-17066\" srcset=\"https:\/\/wir-von-der-kennedy.de\/wirvonderkennedyfinal\/wp-content\/uploads\/2026\/03\/Bowling-2026-Jung-768x1024.jpeg 768w, https:\/\/wir-von-der-kennedy.de\/wirvonderkennedyfinal\/wp-content\/uploads\/2026\/03\/Bowling-2026-Jung-225x300.jpeg 225w, https:\/\/wir-von-der-kennedy.de\/wirvonderkennedyfinal\/wp-content\/uploads\/2026\/03\/Bowling-2026-Jung-1152x1536.jpeg 1152w, https:\/\/wir-von-der-kennedy.de\/wirvonderkennedyfinal\/wp-content\/uploads\/2026\/03\/Bowling-2026-Jung.jpeg 1500w\" sizes=\"auto, (max-width: 768px) 100vw, 768px\" \/><\/a><\/figure>\n<\/figure>\n\n\n\n<p class=\"has-white-color has-text-color has-link-color wp-elements-e3400dfce78ddbf282f06908ddb9bb92 wp-block-paragraph\">aaa<\/p>\n\n\n\n<hr class=\"wp-block-separator has-alpha-channel-opacity\"\/>\n\n\n\n<p class=\"has-white-color has-text-color has-link-color wp-elements-e3400dfce78ddbf282f06908ddb9bb92 wp-block-paragraph\">aaa<\/p>\n\n\n\n<h1 class=\"wp-block-heading\"><strong>Wie sich Arbeiten wirklich anf\u00fchlt: Die 8R im Sch\u00fclerbetriebspraktikum!<\/strong><\/h1>\n\n\n\n<p class=\"wp-block-paragraph\">Vom 9. bis zum 20. Februar war es in den G\u00e4ngen der 8aR und 8bR ziemlich still. Der Grund: Praktikum. Statt in der Schule rumzusitzen, waren wir in&nbsp;Unternehmen&nbsp;in ganz Bad Vilbel und Umgebung unterwegs, um mal zu sehen, wie sich \u201eArbeiten\u201c eigentlich anf\u00fchlt.&nbsp;<\/p>\n\n\n\n<p class=\"wp-block-paragraph\">Vom Friseur,&nbsp;Filmproduktion&nbsp;und Rathaus war alles dabei.&nbsp;Aber das war erst der Anfang der&nbsp;Liste.&nbsp;Einige von uns standen in der Kfz-Werkstatt und haben an Motoren geschraubt, w\u00e4hrend andere im Einzelhandel gemerkt haben, wie viel Stress hinter den Kulissen eigentlich herrscht.&nbsp;In den Kitas der Stadt wurde uns schnell klar, dass man dort Nerven aus Stahl&nbsp;braucht,&nbsp;und bei den&nbsp;IT-Dienstleistern&nbsp;haben wir gesehen, dass Programmieren mehr ist als nur auf Tasten zu hauen.&nbsp;In Bad Vilbel gibt es Firmen, von denen wir vorher gar nicht wussten, was die eigentlich genau&nbsp;machen,&nbsp;bis wir selbst mittendrin standen.&nbsp;Wir haben in diesen zwei Wochen gemerkt: Arbeiten ist ein ganz anderer Film als Schule. Es geht nicht nur darum, p\u00fcnktlich auf der Matte zu stehen oder acht Stunden zu lernen. Es geht darum, dass man pl\u00f6tzlich echt gebraucht wird.&nbsp;&nbsp;&nbsp;&nbsp;<\/p>\n\n\n\n<p class=\"wp-block-paragraph\">Am Ende war das Praktikum f\u00fcr die 8aR und 8bR vor allem eins: ein Realit\u00e4tscheck. Wir wissen jetzt besser, welcher&nbsp;Job uns liegt und was wir sp\u00e4ter vielleicht lieber lassen. Jetzt sind wir zur\u00fcck in der Schule, aber mit einer ganz anderen Sicht auf das, was nach dem Abschluss in Bad Vilbel auf uns wartet.<\/p>\n\n\n\n<p class=\"wp-block-paragraph\"><em>Marcelina und Lina (8aR)<\/em><\/p>\n\n\n\n<p class=\"has-white-color has-text-color has-link-color wp-elements-e3400dfce78ddbf282f06908ddb9bb92 wp-block-paragraph\">aaa<\/p>\n\n\n\n<hr class=\"wp-block-separator has-alpha-channel-opacity\"\/>\n\n\n\n<p class=\"has-white-color has-text-color has-link-color wp-elements-e3400dfce78ddbf282f06908ddb9bb92 wp-block-paragraph\">aaa<\/p>\n\n\n\n<h1 class=\"wp-block-heading\"><strong>Erst Bio, dann Bowling!<\/strong><\/h1>\n\n\n\n<h3 class=\"wp-block-heading\"><em><strong>Die Klasse 6cF auf der Bowlingbahn in Frankfurt<\/strong><\/em><\/h3>\n\n\n\n<p class=\"wp-block-paragraph\">Am 28.01.2026 war es so weit: Die Klasse 6cF ging auf einen Bowling-Ausflug. Wie gewohnt kamen alle p\u00fcnktlich bis 8:00 Uhr zur Schule, entweder zu Fu\u00df oder mit dem Bus. In den ersten drei Stunden hatten wir noch Unterricht in Biologie und Mathematik.<\/p>\n\n\n\n<p class=\"wp-block-paragraph\">Nach dem Unterricht gingen wir nach drau\u00dfen und warteten vor dem Schuleingang auf Frau Eser. Als sie ankam, liefen wir gemeinsam zum Nordbahnhof und stiegen nach ein paar Minuten in die S6 Richtung Eschersheim ein. Nach etwa zehn Minuten Fahrt stiegen wir aus und liefen noch ungef\u00e4hr zwanzig Minuten zur Bowlingbahn \u201eMain Bowling\u201c.<\/p>\n\n\n\n<p class=\"wp-block-paragraph\">Dort angekommen fragte uns eine freundliche Mitarbeiterin an der Theke nach unseren Schuhgr\u00f6\u00dfen und gab uns die passenden Bowlingschuhe. Nachdem alle Kinder und Frau Eser ihre Schuhe erhalten hatten, suchten wir uns einen Platz, zogen Jacken, M\u00fctzen und Schals aus und wechselten die Schuhe. Anschlie\u00dfend trug Frau Eser an den Touchscreens der Bahnen die Namen der Kinder ein. Danach durften wir uns aus einem Regal Bowlingkugeln aussuchen und versuchen, die Kegel zu treffen.<\/p>\n\n\n\n<p class=\"wp-block-paragraph\">Wir hatten ungef\u00e4hr zwei Stunden Zeit zum Bowlen. Au\u00dferdem durfte sich jedes Kind ein kostenloses Getr\u00e4nk aussuchen. Die Auswahl war gro\u00df und die Getr\u00e4nke haben sehr lecker geschmeckt. Die Klasse 6cF hatte viel Spa\u00df, wir haben viel gelacht und eine richtig sch\u00f6ne Zeit miteinander verbracht.<\/p>\n\n\n\n<p class=\"wp-block-paragraph\">Die Bowlingbahn \u201eMain Bowling\u201c in Frankfurt ist auf jeden Fall zu empfehlen. Besonders f\u00fcr Klassenausfl\u00fcge ist sie sehr geeignet, da es dort angenehm und nicht zu voll ist. Dadurch ist es auch nicht so laut, was wir sehr gut fanden.<\/p>\n\n\n\n<p class=\"wp-block-paragraph\"><em>Sara Bukvic, 6cF<\/em><\/p>\n\n\n\n<figure class=\"wp-block-gallery has-nested-images columns-default is-cropped wp-block-gallery-3 is-layout-flex wp-block-gallery-is-layout-flex\">\n<figure class=\"wp-block-image size-large\"><a href=\"https:\/\/wir-von-der-kennedy.de\/wirvonderkennedyfinal\/wp-content\/uploads\/2026\/02\/WhatsApp-Image-2026-02-27-at-15.24.37x.jpeg\"><img loading=\"lazy\" decoding=\"async\" width=\"768\" height=\"1024\" data-id=\"16977\" src=\"https:\/\/wir-von-der-kennedy.de\/wirvonderkennedyfinal\/wp-content\/uploads\/2026\/02\/WhatsApp-Image-2026-02-27-at-15.24.37x-768x1024.jpeg\" alt=\"\" class=\"wp-image-16977\" srcset=\"https:\/\/wir-von-der-kennedy.de\/wirvonderkennedyfinal\/wp-content\/uploads\/2026\/02\/WhatsApp-Image-2026-02-27-at-15.24.37x-768x1024.jpeg 768w, https:\/\/wir-von-der-kennedy.de\/wirvonderkennedyfinal\/wp-content\/uploads\/2026\/02\/WhatsApp-Image-2026-02-27-at-15.24.37x-225x300.jpeg 225w, https:\/\/wir-von-der-kennedy.de\/wirvonderkennedyfinal\/wp-content\/uploads\/2026\/02\/WhatsApp-Image-2026-02-27-at-15.24.37x-1152x1536.jpeg 1152w, https:\/\/wir-von-der-kennedy.de\/wirvonderkennedyfinal\/wp-content\/uploads\/2026\/02\/WhatsApp-Image-2026-02-27-at-15.24.37x.jpeg 1536w\" sizes=\"auto, (max-width: 768px) 100vw, 768px\" \/><\/a><\/figure>\n\n\n\n<figure class=\"wp-block-image size-large\"><a href=\"https:\/\/wir-von-der-kennedy.de\/wirvonderkennedyfinal\/wp-content\/uploads\/2026\/02\/WhatsApp-Image-2026-02-27-at-15.24.38.jpeg\"><img loading=\"lazy\" decoding=\"async\" width=\"768\" height=\"1024\" data-id=\"16976\" src=\"https:\/\/wir-von-der-kennedy.de\/wirvonderkennedyfinal\/wp-content\/uploads\/2026\/02\/WhatsApp-Image-2026-02-27-at-15.24.38-768x1024.jpeg\" alt=\"\" class=\"wp-image-16976\" srcset=\"https:\/\/wir-von-der-kennedy.de\/wirvonderkennedyfinal\/wp-content\/uploads\/2026\/02\/WhatsApp-Image-2026-02-27-at-15.24.38-768x1024.jpeg 768w, https:\/\/wir-von-der-kennedy.de\/wirvonderkennedyfinal\/wp-content\/uploads\/2026\/02\/WhatsApp-Image-2026-02-27-at-15.24.38-225x300.jpeg 225w, https:\/\/wir-von-der-kennedy.de\/wirvonderkennedyfinal\/wp-content\/uploads\/2026\/02\/WhatsApp-Image-2026-02-27-at-15.24.38-1152x1536.jpeg 1152w, https:\/\/wir-von-der-kennedy.de\/wirvonderkennedyfinal\/wp-content\/uploads\/2026\/02\/WhatsApp-Image-2026-02-27-at-15.24.38.jpeg 1536w\" sizes=\"auto, (max-width: 768px) 100vw, 768px\" \/><\/a><\/figure>\n\n\n\n<figure class=\"wp-block-image size-large\"><a href=\"https:\/\/wir-von-der-kennedy.de\/wirvonderkennedyfinal\/wp-content\/uploads\/2026\/02\/WhatsApp-Image-2026-02-27-at-15.24.37.jpeg\"><img loading=\"lazy\" decoding=\"async\" width=\"768\" height=\"1024\" data-id=\"16971\" src=\"https:\/\/wir-von-der-kennedy.de\/wirvonderkennedyfinal\/wp-content\/uploads\/2026\/02\/WhatsApp-Image-2026-02-27-at-15.24.37-768x1024.jpeg\" alt=\"\" class=\"wp-image-16971\" srcset=\"https:\/\/wir-von-der-kennedy.de\/wirvonderkennedyfinal\/wp-content\/uploads\/2026\/02\/WhatsApp-Image-2026-02-27-at-15.24.37-768x1024.jpeg 768w, https:\/\/wir-von-der-kennedy.de\/wirvonderkennedyfinal\/wp-content\/uploads\/2026\/02\/WhatsApp-Image-2026-02-27-at-15.24.37-225x300.jpeg 225w, https:\/\/wir-von-der-kennedy.de\/wirvonderkennedyfinal\/wp-content\/uploads\/2026\/02\/WhatsApp-Image-2026-02-27-at-15.24.37-1152x1536.jpeg 1152w, https:\/\/wir-von-der-kennedy.de\/wirvonderkennedyfinal\/wp-content\/uploads\/2026\/02\/WhatsApp-Image-2026-02-27-at-15.24.37.jpeg 1536w\" sizes=\"auto, (max-width: 768px) 100vw, 768px\" \/><\/a><\/figure>\n\n\n\n<figure class=\"wp-block-image size-large\"><a href=\"https:\/\/wir-von-der-kennedy.de\/wirvonderkennedyfinal\/wp-content\/uploads\/2026\/02\/WhatsApp-Image-2026-02-27-at-15.24.38x.jpeg\"><img loading=\"lazy\" decoding=\"async\" width=\"768\" height=\"1024\" data-id=\"16975\" src=\"https:\/\/wir-von-der-kennedy.de\/wirvonderkennedyfinal\/wp-content\/uploads\/2026\/02\/WhatsApp-Image-2026-02-27-at-15.24.38x-768x1024.jpeg\" alt=\"\" class=\"wp-image-16975\" srcset=\"https:\/\/wir-von-der-kennedy.de\/wirvonderkennedyfinal\/wp-content\/uploads\/2026\/02\/WhatsApp-Image-2026-02-27-at-15.24.38x-768x1024.jpeg 768w, https:\/\/wir-von-der-kennedy.de\/wirvonderkennedyfinal\/wp-content\/uploads\/2026\/02\/WhatsApp-Image-2026-02-27-at-15.24.38x-225x300.jpeg 225w, https:\/\/wir-von-der-kennedy.de\/wirvonderkennedyfinal\/wp-content\/uploads\/2026\/02\/WhatsApp-Image-2026-02-27-at-15.24.38x-1152x1536.jpeg 1152w, https:\/\/wir-von-der-kennedy.de\/wirvonderkennedyfinal\/wp-content\/uploads\/2026\/02\/WhatsApp-Image-2026-02-27-at-15.24.38x.jpeg 1536w\" sizes=\"auto, (max-width: 768px) 100vw, 768px\" \/><\/a><\/figure>\n\n\n\n<figure class=\"wp-block-image size-large\"><a href=\"https:\/\/wir-von-der-kennedy.de\/wirvonderkennedyfinal\/wp-content\/uploads\/2026\/02\/WhatsApp-Image-2026-02-27-at-15.24.38y.jpeg\"><img loading=\"lazy\" decoding=\"async\" width=\"1024\" height=\"768\" data-id=\"16973\" src=\"https:\/\/wir-von-der-kennedy.de\/wirvonderkennedyfinal\/wp-content\/uploads\/2026\/02\/WhatsApp-Image-2026-02-27-at-15.24.38y-1024x768.jpeg\" alt=\"\" class=\"wp-image-16973\" srcset=\"https:\/\/wir-von-der-kennedy.de\/wirvonderkennedyfinal\/wp-content\/uploads\/2026\/02\/WhatsApp-Image-2026-02-27-at-15.24.38y-1024x768.jpeg 1024w, https:\/\/wir-von-der-kennedy.de\/wirvonderkennedyfinal\/wp-content\/uploads\/2026\/02\/WhatsApp-Image-2026-02-27-at-15.24.38y-300x225.jpeg 300w, https:\/\/wir-von-der-kennedy.de\/wirvonderkennedyfinal\/wp-content\/uploads\/2026\/02\/WhatsApp-Image-2026-02-27-at-15.24.38y-768x576.jpeg 768w, https:\/\/wir-von-der-kennedy.de\/wirvonderkennedyfinal\/wp-content\/uploads\/2026\/02\/WhatsApp-Image-2026-02-27-at-15.24.38y-1536x1152.jpeg 1536w, https:\/\/wir-von-der-kennedy.de\/wirvonderkennedyfinal\/wp-content\/uploads\/2026\/02\/WhatsApp-Image-2026-02-27-at-15.24.38y-400x300.jpeg 400w, https:\/\/wir-von-der-kennedy.de\/wirvonderkennedyfinal\/wp-content\/uploads\/2026\/02\/WhatsApp-Image-2026-02-27-at-15.24.38y.jpeg 2048w\" sizes=\"auto, (max-width: 1024px) 100vw, 1024px\" \/><\/a><\/figure>\n\n\n\n<figure class=\"wp-block-image size-large\"><a href=\"https:\/\/wir-von-der-kennedy.de\/wirvonderkennedyfinal\/wp-content\/uploads\/2026\/02\/WhatsApp-Image-2026-02-27-at-15.24.38z.jpeg\"><img loading=\"lazy\" decoding=\"async\" width=\"768\" height=\"1024\" data-id=\"16972\" src=\"https:\/\/wir-von-der-kennedy.de\/wirvonderkennedyfinal\/wp-content\/uploads\/2026\/02\/WhatsApp-Image-2026-02-27-at-15.24.38z-768x1024.jpeg\" alt=\"\" class=\"wp-image-16972\" srcset=\"https:\/\/wir-von-der-kennedy.de\/wirvonderkennedyfinal\/wp-content\/uploads\/2026\/02\/WhatsApp-Image-2026-02-27-at-15.24.38z-768x1024.jpeg 768w, https:\/\/wir-von-der-kennedy.de\/wirvonderkennedyfinal\/wp-content\/uploads\/2026\/02\/WhatsApp-Image-2026-02-27-at-15.24.38z-225x300.jpeg 225w, https:\/\/wir-von-der-kennedy.de\/wirvonderkennedyfinal\/wp-content\/uploads\/2026\/02\/WhatsApp-Image-2026-02-27-at-15.24.38z-1152x1536.jpeg 1152w, https:\/\/wir-von-der-kennedy.de\/wirvonderkennedyfinal\/wp-content\/uploads\/2026\/02\/WhatsApp-Image-2026-02-27-at-15.24.38z.jpeg 1536w\" sizes=\"auto, (max-width: 768px) 100vw, 768px\" \/><\/a><\/figure>\n<\/figure>\n","protected":false},"excerpt":{"rendered":"<p>Wer wirft die meisten Strikes? Die Jahrgangsstufe 8 im Friedberger Bowlingcenter! Ein gemeinsamer Ausflug f\u00fchrte vor Kurzem alle achten Klassen der Schule nach Friedberg. Das Ziel war \u201cBerry\u201d, wo die Sch\u00fclerinnen und Sch\u00fcler f\u00fcr einige Stunden die Bowlingbahnen \u00fcbernahmen.&nbsp; Bei \u201cBerry\u201d ging es direkt zur Sache. Auf den Bahnen war ordentlich was los und der&#8230; <\/p>\n<div class=\"clear\"><\/div>\n<p><a href=\"https:\/\/wir-von-der-kennedy.de\/wirvonderkennedyfinal\/schuljahr-2025-2026-2-halbjahr\/\" class=\"gdlr-info-font excerpt-read-more\">Read More<\/a><\/p>\n","protected":false},"author":2,"featured_media":0,"parent":0,"menu_order":0,"comment_status":"closed","ping_status":"closed","template":"","meta":{"_crdt_document":"","footnotes":""},"class_list":["post-16959","page","type-page","status-publish","hentry"],"_links":{"self":[{"href":"https:\/\/wir-von-der-kennedy.de\/wirvonderkennedyfinal\/wp-json\/wp\/v2\/pages\/16959","targetHints":{"allow":["GET"]}}],"collection":[{"href":"https:\/\/wir-von-der-kennedy.de\/wirvonderkennedyfinal\/wp-json\/wp\/v2\/pages"}],"about":[{"href":"https:\/\/wir-von-der-kennedy.de\/wirvonderkennedyfinal\/wp-json\/wp\/v2\/types\/page"}],"author":[{"embeddable":true,"href":"https:\/\/wir-von-der-kennedy.de\/wirvonderkennedyfinal\/wp-json\/wp\/v2\/users\/2"}],"replies":[{"embeddable":true,"href":"https:\/\/wir-von-der-kennedy.de\/wirvonderkennedyfinal\/wp-json\/wp\/v2\/comments?post=16959"}],"version-history":[{"count":9,"href":"https:\/\/wir-von-der-kennedy.de\/wirvonderkennedyfinal\/wp-json\/wp\/v2\/pages\/16959\/revisions"}],"predecessor-version":[{"id":17086,"href":"https:\/\/wir-von-der-kennedy.de\/wirvonderkennedyfinal\/wp-json\/wp\/v2\/pages\/16959\/revisions\/17086"}],"wp:attachment":[{"href":"https:\/\/wir-von-der-kennedy.de\/wirvonderkennedyfinal\/wp-json\/wp\/v2\/media?parent=16959"}],"curies":[{"name":"wp","href":"https:\/\/api.w.org\/{rel}","templated":true}]}}