{"id":174,"date":"2015-02-22T11:50:26","date_gmt":"2015-02-22T10:50:26","guid":{"rendered":"http:\/\/wir-von-der-kennedy.de\/wirvonderkennedy\/?page_id=174"},"modified":"2025-10-21T16:09:23","modified_gmt":"2025-10-21T14:09:23","slug":"chemie","status":"publish","type":"page","link":"https:\/\/wir-von-der-kennedy.de\/wirvonderkennedyfinal\/schulgemeinde\/faecher\/chemie\/","title":{"rendered":"Chemie"},"content":{"rendered":"<p>Chemie hat seit 2011, wie alle Naturwissenschaften einen vollst\u00e4ndig renovierten Vorbereitungs- und Fachraum erhalten. Eine neue moderne Materialausstattung f\u00fcr den Experimentalunterricht steht ebenfalls zur Verf\u00fcgung.<\/p>\r\n<p>Das Fach Chemie wird in der Klasse 8, 9, 10\u00a0 der Realschule w\u00f6chentlich zweist\u00fcndig unterrichtet, in der Hauptschule wird in der Klasse 8 und 9 Chemie epochal unterrichtet.<\/p>\r\n<p>Im Rahmen des Chemieunterrichts werden die fachlichen Inhalte sehr praxisorientiert vermittelt. Dadurch steht die Ausbildung einer grundlegenden Experimentierkompetenz im Fokus des Fachunterrichts Chemie. Die Sch\u00fclerinnen und Sch\u00fcler erarbeiten verschiedenste chemische Inhalte erfahrungsorientiert und erlernen gleichzeitig den sicheren Umgang mit einer Vielzahl an Laborger\u00e4ten.<\/p>\r\n<p>Seit 2019 steht die John-F-Kennedy Schule in Kooperation mit der naheliegenden Feuerwehr. Im Rahmen des\u00a0<a href=\"http:\/\/wir-von-der-kennedy.de\/wirvonderkennedyfinal\/safety-first-brandschutz-projekt-an-der-jfk\/\">Projekts Brandschutz<\/a>\u00a0erlernen die Sch\u00fclerinnen und Sch\u00fcler nicht nur theoretisches Wissen zu Verbrennungen und L\u00f6schtechniken, sondern k\u00f6nnen auf dem \u00dcbungsgel\u00e4nde der Feuerwehr auch den praktischen Umgang mit einem Feuerl\u00f6scher \u00fcben.<\/p>\r\n<p>Dar\u00fcber hinaus finden verschiedenste Projekte und Exkursionen statt, die Sch\u00fclerinnen und Sch\u00fcler f\u00fcr das Fach Chemie begeistern sollen.<\/p>\r\n<p><a href=\"https:\/\/www.youtube.com\/watch?v=MOLzljLi76I\">Unser Chemie-Video zum Tag der offenen T\u00fcr mit Alex und Alex!<\/a><\/p>\r\n<hr class=\"wp-block-separator has-css-opacity\" \/>\r\n\r\n\r\n<figure class=\"wp-block-image size-large\"><img loading=\"lazy\" decoding=\"async\" width=\"1024\" height=\"576\" class=\"wp-image-13440\" src=\"http:\/\/wir-von-der-kennedy.de\/wirvonderkennedyfinal\/wp-content\/uploads\/2022\/11\/Chemie-an-der-JFK-1024x576.jpg\" alt=\"\" srcset=\"https:\/\/wir-von-der-kennedy.de\/wirvonderkennedyfinal\/wp-content\/uploads\/2022\/11\/Chemie-an-der-JFK-1024x576.jpg 1024w, https:\/\/wir-von-der-kennedy.de\/wirvonderkennedyfinal\/wp-content\/uploads\/2022\/11\/Chemie-an-der-JFK-300x169.jpg 300w, https:\/\/wir-von-der-kennedy.de\/wirvonderkennedyfinal\/wp-content\/uploads\/2022\/11\/Chemie-an-der-JFK-768x432.jpg 768w, https:\/\/wir-von-der-kennedy.de\/wirvonderkennedyfinal\/wp-content\/uploads\/2022\/11\/Chemie-an-der-JFK.jpg 1418w\" sizes=\"auto, (max-width: 1024px) 100vw, 1024px\" \/><\/figure>\r\n\r\n\r\n<hr class=\"wp-block-separator has-css-opacity\" \/>\r\n\r\n\r\n<p class=\"has-medium-font-size wp-block-paragraph\"><strong>JFK besucht die Experimente-Show<\/strong><\/p>\r\n\r\n\r\n\r\n<p class=\"wp-block-paragraph\">Ganz nach dem Motto von Albert Einstein besuchten die Sch\u00fclerinnen und Sch\u00fcler der John-F-Kennedy Schule am 13.07.2021 die Experimente-Show von Eric Siemes:<\/p>\r\n\r\n\r\n\r\n<p class=\"has-text-align-center wp-block-paragraph\"><em>\u201eEin h\u00fcbsches Experiment ist schon an sich oft wertvoller als zwanzig in der Gedankenretorte entwickelte Formeln!\u201c<\/em><br \/><em>Albert Einstein<\/em><\/p>\r\n\r\n\r\n\r\n<p class=\"wp-block-paragraph\">Eric Siemes hat Chemie an der RWTH Aachen studiert und promoviert derzeit dort. Neben dem Studium begeistert er ein breites Publikum mit naturwissenschaftlichen Experimenten auf der B\u00fchne. Auf einer Open-Air-B\u00fchne vor dem Kultur- und Sportforum in Dortelweil kamen Sch\u00fclerinnen und Sch\u00fcler aus insgesamt 12 Klassen der JFK in den Genuss der Show und konnten sich von vielen physikalischen sowie chemischen Experimenten begeistern lassen. Neben einer schwebenden Torte und explodierenden Coladosen gab es auch ein kleines Konzert, dessen T\u00f6ne nur durch Blitze erzeugt wurden. Eric Siemes k\u00e4mpfte bildlich gegen die Kraft von 1000 Volt und zeigte mit Hilfe von Tesla-Spulen wie ein Blitzableiter funktioniert und wie Blitze erzeugt werden k\u00f6nnen.<\/p>\r\n\r\n\r\n\r\n<p class=\"wp-block-paragraph\">Eine Vielzahl von Experimenten wurde gro\u00dfartig in Szene gesetzt und bot den Sch\u00fclerinnen und Sch\u00fclern eine gelungene Abwechslung zu dem vergangenen Homeschooling-Unterricht, der gr\u00f6\u00dftenteils vor den Computern stattfinden musste. Endlich konnten Experimente wieder im gro\u00dfen Format bestaunt und daraus naturwissenschaftliche Erkenntnisse gewonnen werden. Insgesamt ein gelungener Abschluss vor den Sommerferien.<\/p>\r\n\r\n\r\n\r\n<p class=\"wp-block-paragraph\">Die JFK bedankt sich herzlich beim Verein \u201eFreunde und F\u00f6rderer der John-F.-Kennedy-Schule und Saalburgschule e.V.\u201c, der allen Sch\u00fclerinnen und Sch\u00fclern die Teilnahme an der Show spendierte!<\/p>\r\n\r\n\r\n\r\n<figure class=\"wp-block-gallery has-nested-images columns-default is-cropped wp-block-gallery-1 is-layout-flex wp-block-gallery-is-layout-flex\">\r\n<figure class=\"wp-block-image size-large\"><a href=\"https:\/\/wir-von-der-kennedy.de\/wirvonderkennedyfinal\/wp-content\/uploads\/2021\/07\/20210713_100342-scaled.jpg\"><img loading=\"lazy\" decoding=\"async\" width=\"1024\" height=\"576\" data-id=\"12239\" class=\"wp-image-12239\" src=\"https:\/\/wir-von-der-kennedy.de\/wirvonderkennedyfinal\/wp-content\/uploads\/2021\/07\/20210713_100342-1024x576.jpg\" alt=\"\" srcset=\"https:\/\/wir-von-der-kennedy.de\/wirvonderkennedyfinal\/wp-content\/uploads\/2021\/07\/20210713_100342-1024x576.jpg 1024w, https:\/\/wir-von-der-kennedy.de\/wirvonderkennedyfinal\/wp-content\/uploads\/2021\/07\/20210713_100342-300x169.jpg 300w, https:\/\/wir-von-der-kennedy.de\/wirvonderkennedyfinal\/wp-content\/uploads\/2021\/07\/20210713_100342-768x432.jpg 768w, https:\/\/wir-von-der-kennedy.de\/wirvonderkennedyfinal\/wp-content\/uploads\/2021\/07\/20210713_100342-1536x864.jpg 1536w, https:\/\/wir-von-der-kennedy.de\/wirvonderkennedyfinal\/wp-content\/uploads\/2021\/07\/20210713_100342-2048x1152.jpg 2048w\" sizes=\"auto, (max-width: 1024px) 100vw, 1024px\" \/><\/a><\/figure>\r\n\r\n\r\n\r\n<figure class=\"wp-block-image size-large\"><a href=\"https:\/\/wir-von-der-kennedy.de\/wirvonderkennedyfinal\/wp-content\/uploads\/2021\/07\/20210713_100534-scaled.jpg\"><img loading=\"lazy\" decoding=\"async\" width=\"1024\" height=\"576\" data-id=\"12240\" class=\"wp-image-12240\" src=\"https:\/\/wir-von-der-kennedy.de\/wirvonderkennedyfinal\/wp-content\/uploads\/2021\/07\/20210713_100534-1024x576.jpg\" alt=\"\" srcset=\"https:\/\/wir-von-der-kennedy.de\/wirvonderkennedyfinal\/wp-content\/uploads\/2021\/07\/20210713_100534-1024x576.jpg 1024w, https:\/\/wir-von-der-kennedy.de\/wirvonderkennedyfinal\/wp-content\/uploads\/2021\/07\/20210713_100534-300x169.jpg 300w, https:\/\/wir-von-der-kennedy.de\/wirvonderkennedyfinal\/wp-content\/uploads\/2021\/07\/20210713_100534-768x432.jpg 768w, https:\/\/wir-von-der-kennedy.de\/wirvonderkennedyfinal\/wp-content\/uploads\/2021\/07\/20210713_100534-1536x864.jpg 1536w, https:\/\/wir-von-der-kennedy.de\/wirvonderkennedyfinal\/wp-content\/uploads\/2021\/07\/20210713_100534-2048x1152.jpg 2048w\" sizes=\"auto, (max-width: 1024px) 100vw, 1024px\" \/><\/a><\/figure>\r\n\r\n\r\n\r\n<figure class=\"wp-block-image size-large\"><a href=\"https:\/\/wir-von-der-kennedy.de\/wirvonderkennedyfinal\/wp-content\/uploads\/2021\/07\/20210713_103047-scaled.jpg\"><img loading=\"lazy\" decoding=\"async\" width=\"1024\" height=\"683\" data-id=\"12243\" class=\"wp-image-12243\" src=\"https:\/\/wir-von-der-kennedy.de\/wirvonderkennedyfinal\/wp-content\/uploads\/2021\/07\/20210713_103047-1024x683.jpg\" alt=\"\" srcset=\"https:\/\/wir-von-der-kennedy.de\/wirvonderkennedyfinal\/wp-content\/uploads\/2021\/07\/20210713_103047-1024x683.jpg 1024w, https:\/\/wir-von-der-kennedy.de\/wirvonderkennedyfinal\/wp-content\/uploads\/2021\/07\/20210713_103047-300x200.jpg 300w, https:\/\/wir-von-der-kennedy.de\/wirvonderkennedyfinal\/wp-content\/uploads\/2021\/07\/20210713_103047-768x512.jpg 768w, https:\/\/wir-von-der-kennedy.de\/wirvonderkennedyfinal\/wp-content\/uploads\/2021\/07\/20210713_103047-1536x1024.jpg 1536w, https:\/\/wir-von-der-kennedy.de\/wirvonderkennedyfinal\/wp-content\/uploads\/2021\/07\/20210713_103047-2048x1366.jpg 2048w\" sizes=\"auto, (max-width: 1024px) 100vw, 1024px\" \/><\/a><\/figure>\r\n\r\n\r\n\r\n<figure class=\"wp-block-image size-large\"><a href=\"https:\/\/wir-von-der-kennedy.de\/wirvonderkennedyfinal\/wp-content\/uploads\/2021\/07\/IMG_20210713_104916-scaled.jpg\"><img loading=\"lazy\" decoding=\"async\" width=\"1024\" height=\"769\" data-id=\"12247\" class=\"wp-image-12247\" src=\"https:\/\/wir-von-der-kennedy.de\/wirvonderkennedyfinal\/wp-content\/uploads\/2021\/07\/IMG_20210713_104916-1024x769.jpg\" alt=\"\" srcset=\"https:\/\/wir-von-der-kennedy.de\/wirvonderkennedyfinal\/wp-content\/uploads\/2021\/07\/IMG_20210713_104916-1024x769.jpg 1024w, https:\/\/wir-von-der-kennedy.de\/wirvonderkennedyfinal\/wp-content\/uploads\/2021\/07\/IMG_20210713_104916-300x225.jpg 300w, https:\/\/wir-von-der-kennedy.de\/wirvonderkennedyfinal\/wp-content\/uploads\/2021\/07\/IMG_20210713_104916-768x577.jpg 768w, https:\/\/wir-von-der-kennedy.de\/wirvonderkennedyfinal\/wp-content\/uploads\/2021\/07\/IMG_20210713_104916-1536x1153.jpg 1536w, https:\/\/wir-von-der-kennedy.de\/wirvonderkennedyfinal\/wp-content\/uploads\/2021\/07\/IMG_20210713_104916-2048x1538.jpg 2048w, https:\/\/wir-von-der-kennedy.de\/wirvonderkennedyfinal\/wp-content\/uploads\/2021\/07\/IMG_20210713_104916-400x300.jpg 400w\" sizes=\"auto, (max-width: 1024px) 100vw, 1024px\" \/><\/a><\/figure>\r\n\r\n\r\n\r\n<figure class=\"wp-block-image size-large\"><a href=\"https:\/\/wir-von-der-kennedy.de\/wirvonderkennedyfinal\/wp-content\/uploads\/2021\/07\/20210713_105043-scaled.jpg\"><img loading=\"lazy\" decoding=\"async\" width=\"1024\" height=\"683\" data-id=\"12245\" class=\"wp-image-12245\" src=\"https:\/\/wir-von-der-kennedy.de\/wirvonderkennedyfinal\/wp-content\/uploads\/2021\/07\/20210713_105043-1024x683.jpg\" alt=\"\" srcset=\"https:\/\/wir-von-der-kennedy.de\/wirvonderkennedyfinal\/wp-content\/uploads\/2021\/07\/20210713_105043-1024x683.jpg 1024w, https:\/\/wir-von-der-kennedy.de\/wirvonderkennedyfinal\/wp-content\/uploads\/2021\/07\/20210713_105043-300x200.jpg 300w, https:\/\/wir-von-der-kennedy.de\/wirvonderkennedyfinal\/wp-content\/uploads\/2021\/07\/20210713_105043-768x512.jpg 768w, https:\/\/wir-von-der-kennedy.de\/wirvonderkennedyfinal\/wp-content\/uploads\/2021\/07\/20210713_105043-1536x1024.jpg 1536w, https:\/\/wir-von-der-kennedy.de\/wirvonderkennedyfinal\/wp-content\/uploads\/2021\/07\/20210713_105043-2048x1366.jpg 2048w\" sizes=\"auto, (max-width: 1024px) 100vw, 1024px\" \/><\/a><\/figure>\r\n\r\n\r\n\r\n<figure class=\"wp-block-image size-large\"><a href=\"https:\/\/wir-von-der-kennedy.de\/wirvonderkennedyfinal\/wp-content\/uploads\/2021\/07\/20210713_105042-scaled.jpg\"><img loading=\"lazy\" decoding=\"async\" width=\"1024\" height=\"683\" data-id=\"12244\" class=\"wp-image-12244\" src=\"https:\/\/wir-von-der-kennedy.de\/wirvonderkennedyfinal\/wp-content\/uploads\/2021\/07\/20210713_105042-1024x683.jpg\" alt=\"\" srcset=\"https:\/\/wir-von-der-kennedy.de\/wirvonderkennedyfinal\/wp-content\/uploads\/2021\/07\/20210713_105042-1024x683.jpg 1024w, https:\/\/wir-von-der-kennedy.de\/wirvonderkennedyfinal\/wp-content\/uploads\/2021\/07\/20210713_105042-300x200.jpg 300w, https:\/\/wir-von-der-kennedy.de\/wirvonderkennedyfinal\/wp-content\/uploads\/2021\/07\/20210713_105042-768x512.jpg 768w, https:\/\/wir-von-der-kennedy.de\/wirvonderkennedyfinal\/wp-content\/uploads\/2021\/07\/20210713_105042-1536x1024.jpg 1536w, https:\/\/wir-von-der-kennedy.de\/wirvonderkennedyfinal\/wp-content\/uploads\/2021\/07\/20210713_105042-2048x1365.jpg 2048w\" sizes=\"auto, (max-width: 1024px) 100vw, 1024px\" \/><\/a><\/figure>\r\n\r\n\r\n\r\n<figure class=\"wp-block-image size-large\"><a href=\"https:\/\/wir-von-der-kennedy.de\/wirvonderkennedyfinal\/wp-content\/uploads\/2021\/07\/20210713_102820-scaled.jpg\"><img loading=\"lazy\" decoding=\"async\" width=\"1024\" height=\"576\" data-id=\"12242\" class=\"wp-image-12242\" src=\"https:\/\/wir-von-der-kennedy.de\/wirvonderkennedyfinal\/wp-content\/uploads\/2021\/07\/20210713_102820-1024x576.jpg\" alt=\"\" srcset=\"https:\/\/wir-von-der-kennedy.de\/wirvonderkennedyfinal\/wp-content\/uploads\/2021\/07\/20210713_102820-1024x576.jpg 1024w, https:\/\/wir-von-der-kennedy.de\/wirvonderkennedyfinal\/wp-content\/uploads\/2021\/07\/20210713_102820-300x169.jpg 300w, https:\/\/wir-von-der-kennedy.de\/wirvonderkennedyfinal\/wp-content\/uploads\/2021\/07\/20210713_102820-768x432.jpg 768w, https:\/\/wir-von-der-kennedy.de\/wirvonderkennedyfinal\/wp-content\/uploads\/2021\/07\/20210713_102820-1536x864.jpg 1536w, https:\/\/wir-von-der-kennedy.de\/wirvonderkennedyfinal\/wp-content\/uploads\/2021\/07\/20210713_102820-2048x1152.jpg 2048w\" sizes=\"auto, (max-width: 1024px) 100vw, 1024px\" \/><\/a><\/figure>\r\n\r\n\r\n\r\n<figure class=\"wp-block-image size-large\"><a href=\"https:\/\/wir-von-der-kennedy.de\/wirvonderkennedyfinal\/wp-content\/uploads\/2021\/07\/20210713_100609-scaled-e1626187805333.jpg\"><img loading=\"lazy\" decoding=\"async\" width=\"576\" height=\"1024\" data-id=\"12241\" class=\"wp-image-12241\" src=\"https:\/\/wir-von-der-kennedy.de\/wirvonderkennedyfinal\/wp-content\/uploads\/2021\/07\/20210713_100609-scaled-e1626187805333-576x1024.jpg\" alt=\"\" srcset=\"https:\/\/wir-von-der-kennedy.de\/wirvonderkennedyfinal\/wp-content\/uploads\/2021\/07\/20210713_100609-scaled-e1626187805333-576x1024.jpg 576w, https:\/\/wir-von-der-kennedy.de\/wirvonderkennedyfinal\/wp-content\/uploads\/2021\/07\/20210713_100609-scaled-e1626187805333-169x300.jpg 169w, https:\/\/wir-von-der-kennedy.de\/wirvonderkennedyfinal\/wp-content\/uploads\/2021\/07\/20210713_100609-scaled-e1626187805333-768x1365.jpg 768w, https:\/\/wir-von-der-kennedy.de\/wirvonderkennedyfinal\/wp-content\/uploads\/2021\/07\/20210713_100609-scaled-e1626187805333-864x1536.jpg 864w, https:\/\/wir-von-der-kennedy.de\/wirvonderkennedyfinal\/wp-content\/uploads\/2021\/07\/20210713_100609-scaled-e1626187805333-1152x2048.jpg 1152w, https:\/\/wir-von-der-kennedy.de\/wirvonderkennedyfinal\/wp-content\/uploads\/2021\/07\/20210713_100609-scaled-e1626187805333.jpg 1440w\" sizes=\"auto, (max-width: 576px) 100vw, 576px\" \/><\/a><\/figure>\r\n\r\n\r\n\r\n<figure class=\"wp-block-image size-large\"><a href=\"https:\/\/wir-von-der-kennedy.de\/wirvonderkennedyfinal\/wp-content\/uploads\/2021\/07\/20210713_110320-scaled.jpg\"><img loading=\"lazy\" decoding=\"async\" width=\"1024\" height=\"576\" data-id=\"12246\" class=\"wp-image-12246\" src=\"https:\/\/wir-von-der-kennedy.de\/wirvonderkennedyfinal\/wp-content\/uploads\/2021\/07\/20210713_110320-1024x576.jpg\" alt=\"\" srcset=\"https:\/\/wir-von-der-kennedy.de\/wirvonderkennedyfinal\/wp-content\/uploads\/2021\/07\/20210713_110320-1024x576.jpg 1024w, https:\/\/wir-von-der-kennedy.de\/wirvonderkennedyfinal\/wp-content\/uploads\/2021\/07\/20210713_110320-300x169.jpg 300w, https:\/\/wir-von-der-kennedy.de\/wirvonderkennedyfinal\/wp-content\/uploads\/2021\/07\/20210713_110320-768x432.jpg 768w, https:\/\/wir-von-der-kennedy.de\/wirvonderkennedyfinal\/wp-content\/uploads\/2021\/07\/20210713_110320-1536x864.jpg 1536w, https:\/\/wir-von-der-kennedy.de\/wirvonderkennedyfinal\/wp-content\/uploads\/2021\/07\/20210713_110320-2048x1152.jpg 2048w\" sizes=\"auto, (max-width: 1024px) 100vw, 1024px\" \/><\/a><\/figure>\r\n<\/figure>\r\n\r\n\r\n\r\n<p class=\"has-white-color has-text-color has-link-color wp-elements-6728af331d6878aaeda9789fe1b6b338 wp-block-paragraph\">aaa<\/p>\r\n\r\n\r\n\r\n<p class=\"wp-block-paragraph\">\u00a0 \u058d\u00a0 <a href=\"https:\/\/wir-von-der-kennedy.de\/wirvonderkennedyfinal\/schulgemeinde\/faecher\/arbeitslehre\/\">Arbeitslehre<\/a>\u00a0 \u058d\u00a0 <a href=\"https:\/\/wir-von-der-kennedy.de\/wirvonderkennedyfinal\/schulgemeinde\/faecher\/biologie\/\">Biologie<\/a>\u00a0 \u058d\u00a0 <a href=\"https:\/\/wir-von-der-kennedy.de\/wirvonderkennedyfinal\/schulgemeinde\/faecher\/chemie\/\">Chemie<\/a>\u00a0 \u058d\u00a0 <a href=\"https:\/\/wir-von-der-kennedy.de\/wirvonderkennedyfinal\/schulgemeinde\/faecher\/religion-ethik\/\">Christliche Religion<\/a><br \/>\u00a0 \u058d\u00a0 <a href=\"https:\/\/wir-von-der-kennedy.de\/wirvonderkennedyfinal\/schulgemeinde\/faecher\/deutsch\/\">Deutsch<\/a>\u00a0 \u058d\u00a0 <a href=\"https:\/\/wir-von-der-kennedy.de\/wirvonderkennedyfinal\/schulgemeinde\/faecher\/englisch\/\">Englisch<\/a>\u00a0 \u058d\u00a0 <a href=\"https:\/\/wir-von-der-kennedy.de\/wirvonderkennedyfinal\/schulgemeinde\/faecher\/erdkunde\/\">Geographie<\/a>\u00a0 \u058d\u00a0 <a href=\"https:\/\/wir-von-der-kennedy.de\/wirvonderkennedyfinal\/ethik\/\">Ethik<\/a>\u00a0<br \/>\u00a0 \u058d\u00a0 <a href=\"https:\/\/wir-von-der-kennedy.de\/wirvonderkennedyfinal\/schulgemeinde\/faecher\/informatik\/\">Informatik<\/a>\u00a0 \u058d\u00a0 <a href=\"https:\/\/wir-von-der-kennedy.de\/wirvonderkennedyfinal\/schulgemeinde\/faecher\/kunst\/\">Kunst<\/a>\u00a0 \u058d\u00a0 <a href=\"https:\/\/wir-von-der-kennedy.de\/wirvonderkennedyfinal\/schulgemeinde\/faecher\/mathematik\/\">Mathematik<\/a>\u00a0 \u058d\u00a0 <a href=\"https:\/\/wir-von-der-kennedy.de\/wirvonderkennedyfinal\/schulgemeinde\/faecher\/musik\/\">Musik<\/a><br \/>\u00a0 \u058d\u00a0 <a href=\"https:\/\/wir-von-der-kennedy.de\/wirvonderkennedyfinal\/schulgemeinde\/faecher\/physik\/\">Physik<\/a>\u00a0 \u058d\u00a0 <a href=\"https:\/\/wir-von-der-kennedy.de\/wirvonderkennedyfinal\/schulgemeinde\/faecher\/politik-und-wirtschaft\/\">Politik und Wirtschaft<\/a>\u00a0 \u058d\u00a0 <a href=\"https:\/\/wir-von-der-kennedy.de\/wirvonderkennedyfinal\/schulgemeinde\/faecher\/sport\/\">Sport<\/a>\u00a0 \u058d\u00a0 <a href=\"https:\/\/wir-von-der-kennedy.de\/wirvonderkennedyfinal\/schulgemeinde\/faecher\/wahlpflichtunterricht\/\">Wahlpflicht<\/a>\u00a0<\/p>\r\n","protected":false},"excerpt":{"rendered":"<p>Chemie hat seit 2011, wie alle Naturwissenschaften einen vollst\u00e4ndig renovierten Vorbereitungs- und Fachraum erhalten. Eine neue moderne Materialausstattung f\u00fcr den Experimentalunterricht steht ebenfalls zur Verf\u00fcgung. Das Fach Chemie wird in der Klasse 8, 9, 10\u00a0 der Realschule w\u00f6chentlich zweist\u00fcndig unterrichtet, in der Hauptschule wird in der Klasse 8 und 9 Chemie epochal unterrichtet. Im Rahmen&#8230; <\/p>\n<div class=\"clear\"><\/div>\n<p><a href=\"https:\/\/wir-von-der-kennedy.de\/wirvonderkennedyfinal\/schulgemeinde\/faecher\/chemie\/\" class=\"gdlr-info-font excerpt-read-more\">Read More<\/a><\/p>\n","protected":false},"author":16,"featured_media":0,"parent":58,"menu_order":0,"comment_status":"closed","ping_status":"closed","template":"","meta":{"_crdt_document":"","footnotes":""},"class_list":["post-174","page","type-page","status-publish","hentry"],"_links":{"self":[{"href":"https:\/\/wir-von-der-kennedy.de\/wirvonderkennedyfinal\/wp-json\/wp\/v2\/pages\/174","targetHints":{"allow":["GET"]}}],"collection":[{"href":"https:\/\/wir-von-der-kennedy.de\/wirvonderkennedyfinal\/wp-json\/wp\/v2\/pages"}],"about":[{"href":"https:\/\/wir-von-der-kennedy.de\/wirvonderkennedyfinal\/wp-json\/wp\/v2\/types\/page"}],"author":[{"embeddable":true,"href":"https:\/\/wir-von-der-kennedy.de\/wirvonderkennedyfinal\/wp-json\/wp\/v2\/users\/16"}],"replies":[{"embeddable":true,"href":"https:\/\/wir-von-der-kennedy.de\/wirvonderkennedyfinal\/wp-json\/wp\/v2\/comments?post=174"}],"version-history":[{"count":10,"href":"https:\/\/wir-von-der-kennedy.de\/wirvonderkennedyfinal\/wp-json\/wp\/v2\/pages\/174\/revisions"}],"predecessor-version":[{"id":16626,"href":"https:\/\/wir-von-der-kennedy.de\/wirvonderkennedyfinal\/wp-json\/wp\/v2\/pages\/174\/revisions\/16626"}],"up":[{"embeddable":true,"href":"https:\/\/wir-von-der-kennedy.de\/wirvonderkennedyfinal\/wp-json\/wp\/v2\/pages\/58"}],"wp:attachment":[{"href":"https:\/\/wir-von-der-kennedy.de\/wirvonderkennedyfinal\/wp-json\/wp\/v2\/media?parent=174"}],"curies":[{"name":"wp","href":"https:\/\/api.w.org\/{rel}","templated":true}]}}