{"id":192,"date":"2015-02-22T11:58:39","date_gmt":"2015-02-22T10:58:39","guid":{"rendered":"http:\/\/wir-von-der-kennedy.de\/wirvonderkennedy\/?page_id=192"},"modified":"2025-10-21T16:11:44","modified_gmt":"2025-10-21T14:11:44","slug":"informatik","status":"publish","type":"page","link":"https:\/\/wir-von-der-kennedy.de\/wirvonderkennedyfinal\/schulgemeinde\/faecher\/informatik\/","title":{"rendered":"Informatik"},"content":{"rendered":"<div class=\"floatbox\">\r\n<div class=\"floatbox\">\r\n<p>In den Jahrgangsstufen 5, 7 und 9 wird an der JFK einst\u00fcndig Informatik unterrichtet. Uns stehen hierf\u00fcr zwei PC-R\u00e4ume mit jeweils 16 modernen Rechnern und entsprechenden TFT-Monitoren sowie je einem Laser- und einem Tintenstrahldrucker zur Verf\u00fcgung.<\/p>\r\n<p>In Klasse 5 wird vorwiegend mit einem Textverarbeitungsprogramm (MS Office Word) gearbeitet. Die Sch\u00fcler sollen hier sicher im Umgang mit Word werden, in dem sie kleinere Produkte (z.B. einen Steckbrief oder eine Einladung zu ihrem Geburtstag) eigenst\u00e4ndig erstellen. Auch die Dateienverwaltung (Speichern, Erstellen von einer Ordnerstruktur, &#8230;) spielt hier eine wichtige Rolle.<\/p>\r\n<p>Unsere Sch\u00fcler lernen in der 7. Klasse den richtigen Aufbau einer Powerpoint-Pr\u00e4sentation, um diese f\u00fcr Referate in anderen F\u00e4chern einsetzen zu k\u00f6nnen. Auch die Grundfunktionen von einem Tabellenkalkulationsprogramm (MS Office Excel) lernen die Sch\u00fcler kennen. Das sichere Surfen im Internet spielt in dieser Jahrgangsstufe auch eine wichtige Rolle, insbesondere die Themen pers\u00f6nliche Daten, Informationen aus dem Netz, Urheberrecht, soziale Netzwerke, u.a. werden hier aufgegriffen und im Klassengepr\u00e4ch vertieft.<\/p>\r\n<p>Die Inhalte der 9. Klasse werden dominiert zum einen durch die Unterst\u00fctzung in der Berufsfindung, in dem die Sch\u00fcler ihren Lebenslauf und ein exemplarisches Anschreiben formgerecht erstellen. Zum anderen werden die Grundsteine f\u00fcr die Pr\u00e4sentationspr\u00fcfung in Klasse 10 im Realschulbereich\u00a0 gelegt; hier vertiefen die Sch\u00fcler den Umgang mit Powerpoint und erlernen Pr\u00e4sentationstechniken.<\/p>\r\n<p>&nbsp;<\/p>\r\n<p><strong>Arbeitsmaterial:<\/strong><\/p>\r\n<p>Die Sch\u00fcler ben\u00f6tigen f\u00fcr den Unterricht einen USB-Speicherstick mit mind. 2 GB Speicherkapazit\u00e4t. Die Schule empfiehlt den Kauf des Sticks <a href=\"http:\/\/www.amazon.de\/Corsair-Voyager-USB-Speicher-original-Handelsverpackung\/dp\/B000CH3IIW\" target=\"_extern\" rel=\"noopener\">Flash Voyager der Firma Corsair<\/a>, der zwar teurer als ein &#8222;normaler&#8220; Sticks ist, daf\u00fcr jedoch sehr robust, spritzwassergesch\u00fctzt und sehr schnell.<\/p>\r\n<\/div>\r\n<p>&nbsp;<\/p>\r\n<\/div>\r\n\r\n<p class=\"wp-block-paragraph\">\u00a0 \u058d\u00a0 <a href=\"https:\/\/wir-von-der-kennedy.de\/wirvonderkennedyfinal\/schulgemeinde\/faecher\/arbeitslehre\/\">Arbeitslehre<\/a>\u00a0 \u058d\u00a0 <a href=\"https:\/\/wir-von-der-kennedy.de\/wirvonderkennedyfinal\/schulgemeinde\/faecher\/biologie\/\">Biologie<\/a>\u00a0 \u058d\u00a0 <a href=\"https:\/\/wir-von-der-kennedy.de\/wirvonderkennedyfinal\/schulgemeinde\/faecher\/chemie\/\">Chemie<\/a>\u00a0 \u058d\u00a0 <a href=\"https:\/\/wir-von-der-kennedy.de\/wirvonderkennedyfinal\/schulgemeinde\/faecher\/religion-ethik\/\">Christliche Religion<\/a><br \/>\u00a0 \u058d\u00a0 <a href=\"https:\/\/wir-von-der-kennedy.de\/wirvonderkennedyfinal\/schulgemeinde\/faecher\/deutsch\/\">Deutsch<\/a>\u00a0 \u058d\u00a0 <a href=\"https:\/\/wir-von-der-kennedy.de\/wirvonderkennedyfinal\/schulgemeinde\/faecher\/englisch\/\">Englisch<\/a>\u00a0 \u058d\u00a0 <a href=\"https:\/\/wir-von-der-kennedy.de\/wirvonderkennedyfinal\/schulgemeinde\/faecher\/erdkunde\/\">Geographie<\/a>\u00a0 \u058d\u00a0 <a href=\"https:\/\/wir-von-der-kennedy.de\/wirvonderkennedyfinal\/ethik\/\">Ethik<\/a>\u00a0<br \/>\u00a0 \u058d\u00a0 <a href=\"https:\/\/wir-von-der-kennedy.de\/wirvonderkennedyfinal\/schulgemeinde\/faecher\/informatik\/\">Informatik<\/a>\u00a0 \u058d\u00a0 <a href=\"https:\/\/wir-von-der-kennedy.de\/wirvonderkennedyfinal\/schulgemeinde\/faecher\/kunst\/\">Kunst<\/a>\u00a0 \u058d\u00a0 <a href=\"https:\/\/wir-von-der-kennedy.de\/wirvonderkennedyfinal\/schulgemeinde\/faecher\/mathematik\/\">Mathematik<\/a>\u00a0 \u058d\u00a0 <a href=\"https:\/\/wir-von-der-kennedy.de\/wirvonderkennedyfinal\/schulgemeinde\/faecher\/musik\/\">Musik<\/a><br \/>\u00a0 \u058d\u00a0 <a href=\"https:\/\/wir-von-der-kennedy.de\/wirvonderkennedyfinal\/schulgemeinde\/faecher\/physik\/\">Physik<\/a>\u00a0 \u058d\u00a0 <a href=\"https:\/\/wir-von-der-kennedy.de\/wirvonderkennedyfinal\/schulgemeinde\/faecher\/politik-und-wirtschaft\/\">Politik und Wirtschaft<\/a>\u00a0 \u058d\u00a0 <a href=\"https:\/\/wir-von-der-kennedy.de\/wirvonderkennedyfinal\/schulgemeinde\/faecher\/sport\/\">Sport<\/a>\u00a0 \u058d\u00a0 <a href=\"https:\/\/wir-von-der-kennedy.de\/wirvonderkennedyfinal\/schulgemeinde\/faecher\/wahlpflichtunterricht\/\">Wahlpflicht<\/a>\u00a0<\/p>\r\n","protected":false},"excerpt":{"rendered":"<p>In den Jahrgangsstufen 5, 7 und 9 wird an der JFK einst\u00fcndig Informatik unterrichtet. Uns stehen hierf\u00fcr zwei PC-R\u00e4ume mit jeweils 16 modernen Rechnern und entsprechenden TFT-Monitoren sowie je einem Laser- und einem Tintenstrahldrucker zur Verf\u00fcgung. In Klasse 5 wird vorwiegend mit einem Textverarbeitungsprogramm (MS Office Word) gearbeitet. Die Sch\u00fcler sollen hier sicher im Umgang&#8230; <\/p>\n<div class=\"clear\"><\/div>\n<p><a href=\"https:\/\/wir-von-der-kennedy.de\/wirvonderkennedyfinal\/schulgemeinde\/faecher\/informatik\/\" class=\"gdlr-info-font excerpt-read-more\">Read More<\/a><\/p>\n","protected":false},"author":16,"featured_media":0,"parent":58,"menu_order":0,"comment_status":"closed","ping_status":"closed","template":"","meta":{"_crdt_document":"","footnotes":""},"class_list":["post-192","page","type-page","status-publish","hentry"],"_links":{"self":[{"href":"https:\/\/wir-von-der-kennedy.de\/wirvonderkennedyfinal\/wp-json\/wp\/v2\/pages\/192","targetHints":{"allow":["GET"]}}],"collection":[{"href":"https:\/\/wir-von-der-kennedy.de\/wirvonderkennedyfinal\/wp-json\/wp\/v2\/pages"}],"about":[{"href":"https:\/\/wir-von-der-kennedy.de\/wirvonderkennedyfinal\/wp-json\/wp\/v2\/types\/page"}],"author":[{"embeddable":true,"href":"https:\/\/wir-von-der-kennedy.de\/wirvonderkennedyfinal\/wp-json\/wp\/v2\/users\/16"}],"replies":[{"embeddable":true,"href":"https:\/\/wir-von-der-kennedy.de\/wirvonderkennedyfinal\/wp-json\/wp\/v2\/comments?post=192"}],"version-history":[{"count":3,"href":"https:\/\/wir-von-der-kennedy.de\/wirvonderkennedyfinal\/wp-json\/wp\/v2\/pages\/192\/revisions"}],"predecessor-version":[{"id":16631,"href":"https:\/\/wir-von-der-kennedy.de\/wirvonderkennedyfinal\/wp-json\/wp\/v2\/pages\/192\/revisions\/16631"}],"up":[{"embeddable":true,"href":"https:\/\/wir-von-der-kennedy.de\/wirvonderkennedyfinal\/wp-json\/wp\/v2\/pages\/58"}],"wp:attachment":[{"href":"https:\/\/wir-von-der-kennedy.de\/wirvonderkennedyfinal\/wp-json\/wp\/v2\/media?parent=192"}],"curies":[{"name":"wp","href":"https:\/\/api.w.org\/{rel}","templated":true}]}}