{"id":194,"date":"2015-02-22T11:59:33","date_gmt":"2015-02-22T10:59:33","guid":{"rendered":"http:\/\/wir-von-der-kennedy.de\/wirvonderkennedy\/?page_id=194"},"modified":"2025-10-21T16:14:02","modified_gmt":"2025-10-21T14:14:02","slug":"politik-und-wirtschaft","status":"publish","type":"page","link":"https:\/\/wir-von-der-kennedy.de\/wirvonderkennedyfinal\/schulgemeinde\/faecher\/politik-und-wirtschaft\/","title":{"rendered":"Politik und Wirtschaft"},"content":{"rendered":"<p>&nbsp;<\/p>\r\n<div class=\"floatbox\">\r\n<div>Die zentrale Aufgabe des Faches besteht in der Vermittlung eines politischen und \u00f6konomischen Grundwissens, auf dessen Basis sich Sch\u00fclerinnen und Sch\u00fcler in der Gesellschaft, Politik und Wirtschaft angemessen orientieren k\u00f6nnen. Politische, gesellschaftliche und wirtschaftliche Sachverhalte und Probleme sollen kompetent beurteilt und eingeordnet werden k\u00f6nnen. Dies erm\u00f6glicht es den Sch\u00fclerinnen und Sch\u00fclern Entscheidungen zu treffen und sich auf demokratischer Grundlage in \u00f6ffentlichen Angelegenheiten zu engagieren.<\/div>\r\n<div>\r\n<p>Der Politik- und Wirtschaftsunterricht f\u00f6rdert selbstst\u00e4ndiges Lernen und vermittelt ein tragf\u00e4higes und anwendbares politisches und \u00f6konomisches Grundwissen. Unser Leitbild der politischen und \u00f6konomischen Bildung ist der m\u00fcndige B\u00fcrger in der demokratischen Gesellschaft.<\/p>\r\n<p>Da die Spannung zwischen Konflikt und Konsens ein Wesensmerkmal der demokratisch-politischen Auseinandersetzung ist, muss der Politik- und Wirtschaftsunterricht dazu beitragen, Sch\u00fclerinnen und Sch\u00fcler zu bef\u00e4higen Konflikte auszuhalten, gewaltfrei auszutragen und vernunftgeleitet zu l\u00f6sen.<\/p>\r\n<p>Das Fach Politik und Wirtschaft wird an der JFKS ab der 6. Klassenstufe einst\u00fcndig und ab der 7. Klassenstufe in Haupt- und Realschule durchg\u00e4ngig zweist\u00fcndig unterrichtet (mit Ausnahme der Klassenstufe 8 der Realschule und Klassenstufe 9 der Hauptschule). Fachleiter f\u00fcr Politik und Wirtschaft ist Herr Menzel.<\/p>\r\n<p>&nbsp;<\/p>\r\n<p><strong><u>Besuch beim Bundesamt f\u00fcr Verfassungsschutz<\/u><\/strong><\/p>\r\n<p>Der WP-Kurs <em>Trialog der Kulturen,<\/em> der 9. Klassen der John F.- Kennedy Schule in Bad Vilbel, besuchte eine Ausstellung des Verfassungsschutzes im Polizeipr\u00e4sidium Gie\u00dfen. Wir sind ca. eine halbe Stunde mit dem Bus gefahren. Dort angekommen wurden wir sehr freundlich empfangen und uns wurde erstmal erkl\u00e4rt was der Verfassungsschutz eigentlich ist. Der Verfassungsschutz ist ein Inlandsgeheimdienst. Er dient der \u201cStreitbaren Demokratie\u201c. Die Ausstellung war spezialisiert auf die verschiedenen Formen des Islamismus. Uns wurde erkl\u00e4rt was Islamismus ist und wie er entstanden ist. Es wurde deutlich gemacht, dass Islam und Dschihad nichts mit Terrorismus zu tun haben, sondern dass diese Begriffe von Islamisten falsch verstanden werden bzw. zu w\u00f6rtlich genommen werden. Danach durften wir uns eigenst\u00e4ndig in der Ausstellung umschauen. Es gab viele Themen die sehr interessant waren, wie z.B. Terroranschl\u00e4ge in der EU, Hamas, Boko Haram und ISIS. Was mir pers\u00f6nlich sehr gefallen hat war die Freundlichkeit der Personen die dort gearbeitet haben und dass sie alle Fragen sehr ausf\u00fchrlich beantwortet haben. Der Besuch der Ausstellung dauerte etwa 1 \u00bd Stunden und es war keinesfalls langweilig.<\/p>\r\n<p>Abdul, 9. Klasse<\/p>\r\n<p><a href=\"http:\/\/wir-von-der-kennedy.de\/wirvonderkennedyfinal\/wp-content\/uploads\/2015\/02\/verfassungsschutz-bild.jpg\"><img loading=\"lazy\" decoding=\"async\" class=\"alignnone size-medium wp-image-6150\" src=\"http:\/\/wir-von-der-kennedy.de\/wirvonderkennedyfinal\/wp-content\/uploads\/2015\/02\/verfassungsschutz-bild-300x201.jpg\" alt=\"verfassungsschutz-bild\" width=\"300\" height=\"201\" srcset=\"https:\/\/wir-von-der-kennedy.de\/wirvonderkennedyfinal\/wp-content\/uploads\/2015\/02\/verfassungsschutz-bild-300x201.jpg 300w, https:\/\/wir-von-der-kennedy.de\/wirvonderkennedyfinal\/wp-content\/uploads\/2015\/02\/verfassungsschutz-bild.jpg 535w\" sizes=\"auto, (max-width: 300px) 100vw, 300px\" \/><\/a><\/p>\r\n<p>&nbsp;<\/p>\r\n<\/div>\r\n<\/div>\r\n\r\n<p class=\"wp-block-paragraph\">\u00a0 \u058d\u00a0 <a href=\"https:\/\/wir-von-der-kennedy.de\/wirvonderkennedyfinal\/schulgemeinde\/faecher\/arbeitslehre\/\">Arbeitslehre<\/a>\u00a0 \u058d\u00a0 <a href=\"https:\/\/wir-von-der-kennedy.de\/wirvonderkennedyfinal\/schulgemeinde\/faecher\/biologie\/\">Biologie<\/a>\u00a0 \u058d\u00a0 <a href=\"https:\/\/wir-von-der-kennedy.de\/wirvonderkennedyfinal\/schulgemeinde\/faecher\/chemie\/\">Chemie<\/a>\u00a0 \u058d\u00a0 <a href=\"https:\/\/wir-von-der-kennedy.de\/wirvonderkennedyfinal\/schulgemeinde\/faecher\/religion-ethik\/\">Christliche Religion<\/a><br \/>\u00a0 \u058d\u00a0 <a href=\"https:\/\/wir-von-der-kennedy.de\/wirvonderkennedyfinal\/schulgemeinde\/faecher\/deutsch\/\">Deutsch<\/a>\u00a0 \u058d\u00a0 <a href=\"https:\/\/wir-von-der-kennedy.de\/wirvonderkennedyfinal\/schulgemeinde\/faecher\/englisch\/\">Englisch<\/a>\u00a0 \u058d\u00a0 <a href=\"https:\/\/wir-von-der-kennedy.de\/wirvonderkennedyfinal\/schulgemeinde\/faecher\/erdkunde\/\">Geographie<\/a>\u00a0 \u058d\u00a0 <a href=\"https:\/\/wir-von-der-kennedy.de\/wirvonderkennedyfinal\/ethik\/\">Ethik<\/a>\u00a0<br \/>\u00a0 \u058d\u00a0 <a href=\"https:\/\/wir-von-der-kennedy.de\/wirvonderkennedyfinal\/schulgemeinde\/faecher\/informatik\/\">Informatik<\/a>\u00a0 \u058d\u00a0 <a href=\"https:\/\/wir-von-der-kennedy.de\/wirvonderkennedyfinal\/schulgemeinde\/faecher\/kunst\/\">Kunst<\/a>\u00a0 \u058d\u00a0 <a href=\"https:\/\/wir-von-der-kennedy.de\/wirvonderkennedyfinal\/schulgemeinde\/faecher\/mathematik\/\">Mathematik<\/a>\u00a0 \u058d\u00a0 <a href=\"https:\/\/wir-von-der-kennedy.de\/wirvonderkennedyfinal\/schulgemeinde\/faecher\/musik\/\">Musik<\/a><br \/>\u00a0 \u058d\u00a0 <a href=\"https:\/\/wir-von-der-kennedy.de\/wirvonderkennedyfinal\/schulgemeinde\/faecher\/physik\/\">Physik<\/a>\u00a0 \u058d\u00a0 <a href=\"https:\/\/wir-von-der-kennedy.de\/wirvonderkennedyfinal\/schulgemeinde\/faecher\/politik-und-wirtschaft\/\">Politik und Wirtschaft<\/a>\u00a0 \u058d\u00a0 <a href=\"https:\/\/wir-von-der-kennedy.de\/wirvonderkennedyfinal\/schulgemeinde\/faecher\/sport\/\">Sport<\/a>\u00a0 \u058d\u00a0 <a href=\"https:\/\/wir-von-der-kennedy.de\/wirvonderkennedyfinal\/schulgemeinde\/faecher\/wahlpflichtunterricht\/\">Wahlpflicht<\/a>\u00a0<\/p>\r\n","protected":false},"excerpt":{"rendered":"<p>&nbsp; Die zentrale Aufgabe des Faches besteht in der Vermittlung eines politischen und \u00f6konomischen Grundwissens, auf dessen Basis sich Sch\u00fclerinnen und Sch\u00fcler in der Gesellschaft, Politik und Wirtschaft angemessen orientieren k\u00f6nnen. Politische, gesellschaftliche und wirtschaftliche Sachverhalte und Probleme sollen kompetent beurteilt und eingeordnet werden k\u00f6nnen. Dies erm\u00f6glicht es den Sch\u00fclerinnen und Sch\u00fclern Entscheidungen zu treffen&#8230; <\/p>\n<div class=\"clear\"><\/div>\n<p><a href=\"https:\/\/wir-von-der-kennedy.de\/wirvonderkennedyfinal\/schulgemeinde\/faecher\/politik-und-wirtschaft\/\" class=\"gdlr-info-font excerpt-read-more\">Read More<\/a><\/p>\n","protected":false},"author":16,"featured_media":0,"parent":58,"menu_order":0,"comment_status":"closed","ping_status":"closed","template":"","meta":{"_crdt_document":"","footnotes":""},"class_list":["post-194","page","type-page","status-publish","hentry"],"_links":{"self":[{"href":"https:\/\/wir-von-der-kennedy.de\/wirvonderkennedyfinal\/wp-json\/wp\/v2\/pages\/194","targetHints":{"allow":["GET"]}}],"collection":[{"href":"https:\/\/wir-von-der-kennedy.de\/wirvonderkennedyfinal\/wp-json\/wp\/v2\/pages"}],"about":[{"href":"https:\/\/wir-von-der-kennedy.de\/wirvonderkennedyfinal\/wp-json\/wp\/v2\/types\/page"}],"author":[{"embeddable":true,"href":"https:\/\/wir-von-der-kennedy.de\/wirvonderkennedyfinal\/wp-json\/wp\/v2\/users\/16"}],"replies":[{"embeddable":true,"href":"https:\/\/wir-von-der-kennedy.de\/wirvonderkennedyfinal\/wp-json\/wp\/v2\/comments?post=194"}],"version-history":[{"count":6,"href":"https:\/\/wir-von-der-kennedy.de\/wirvonderkennedyfinal\/wp-json\/wp\/v2\/pages\/194\/revisions"}],"predecessor-version":[{"id":16636,"href":"https:\/\/wir-von-der-kennedy.de\/wirvonderkennedyfinal\/wp-json\/wp\/v2\/pages\/194\/revisions\/16636"}],"up":[{"embeddable":true,"href":"https:\/\/wir-von-der-kennedy.de\/wirvonderkennedyfinal\/wp-json\/wp\/v2\/pages\/58"}],"wp:attachment":[{"href":"https:\/\/wir-von-der-kennedy.de\/wirvonderkennedyfinal\/wp-json\/wp\/v2\/media?parent=194"}],"curies":[{"name":"wp","href":"https:\/\/api.w.org\/{rel}","templated":true}]}}