{"id":202,"date":"2015-02-22T12:01:39","date_gmt":"2015-02-22T11:01:39","guid":{"rendered":"http:\/\/wir-von-der-kennedy.de\/wirvonderkennedy\/?page_id=202"},"modified":"2025-10-21T16:14:22","modified_gmt":"2025-10-21T14:14:22","slug":"sport","status":"publish","type":"page","link":"https:\/\/wir-von-der-kennedy.de\/wirvonderkennedyfinal\/schulgemeinde\/faecher\/sport\/","title":{"rendered":"Sport"},"content":{"rendered":"<div><img decoding=\"async\" class=\"image-float-right alignleft\" src=\"http:\/\/www.john-f-kennedy.bad-vilbel.schule.hessen.de\/fach\/sport\/neu.jpg\" alt=\"\" \/><\/div>\r\n<div>\r\n<p>\u201e15 Prozent der Kinder und Jugendlichen heute haben \u00dcbergewicht, 30 Prozent haben Haltungssch\u00e4den und mindestens 15 Prozent sind psychisch auff\u00e4llig\u201c. (AOK 2009)<\/p>\r\n<p>Was hat das mit Schulsport zu tun?<\/p>\r\n<p>Eine ganze Menge, glauben wir, denn wir sehen das Fach als F\u00f6rderer von Gesundheit, Selbstbewusstsein und Intelligenz und somit als unverzichtbaren Bestandteil umfassender Bildung und Erziehung.<\/p>\r\n<p>Er soll bei allen Kindern und Jugendlichen Freude an der Bewegung wecken und sie zu lebenslangem Sporttreiben anregen und bef\u00e4higen. Unser Ziel ist es, durch Erwerb von Kompetenzen die M\u00f6glichkeit zu er\u00f6ffnen, an der existierenden Sport- und Bewegungskultur teilzuhaben.<\/p>\r\n<p>Den Kernbereich bildet der Sportunterricht, in dem neben den g\u00e4ngigen Schulsportarten auch immer wieder aktuelle Trends ber\u00fccksichtigt werden. Hierzu geh\u00f6ren die j\u00e4hrlichen Bundesjugendspiele, die sich\u00a0inzwischen zu einem sch\u00f6nen Sporttag mit Teamspielen und Sponsorenlauf gemausert haben.<\/p>\r\n<p>Die zweite S\u00e4ule des Schulsports bildet der au\u00dferunterrichtliche Bereich. Nachmittags k\u00f6nnen Sch\u00fcler beispielsweise Golf spielen oder Klettern.<\/p>\r\n<p>Au\u00dferdem finden regelm\u00e4\u00dfig Turniere statt, wie das Fu\u00dfballturnier aller Klassen und das Volleyballturnier der Klassen 8 &#8211; 10.<\/p>\r\n<p>H\u00f6hepunkte der letzten Zeit waren der unvergessene Sports-Finder-Day (www.sportsfinderday.de), und ein 12-Wochen-Projekt in den 7. Klassen (<a href=\"http:\/\/www.bewegung-macht-schule.de\/\">www.bewegung-macht-schule.de<\/a>).<\/p>\r\n<p>Am Sportsfinderday konnten die Sch\u00fcler an zahlreichen Angeboten allein oder im Klassenverband teilnehmen. Ziel war es, die Bedeutung und den Zusammenhang zwischen ausreichender Bewegung, ausgewogener Ern\u00e4hrung und Entspannung aufzuzeigen.<\/p>\r\n<p>Im Projekt \u201eBewegung-macht-Schule\u201c wurden die 7. Klassen von zwei Trainern und einem Sportlehrer unterrichtet. Inhalte waren: Parcours, Boxen, Speedminton, Slackline, Basketball, Volleyball, Ultimate Fribee, Laufschule, Leichtathletik und Tanz.<\/p>\r\n<\/div>\r\n\r\n<p class=\"has-white-color has-text-color has-link-color wp-elements-6728af331d6878aaeda9789fe1b6b338 wp-block-paragraph\">aaa<\/p>\r\n\r\n\r\n\r\n<p class=\"wp-block-paragraph\">\u00a0 \u058d\u00a0 <a href=\"https:\/\/wir-von-der-kennedy.de\/wirvonderkennedyfinal\/schulgemeinde\/faecher\/arbeitslehre\/\">Arbeitslehre<\/a>\u00a0 \u058d\u00a0 <a href=\"https:\/\/wir-von-der-kennedy.de\/wirvonderkennedyfinal\/schulgemeinde\/faecher\/biologie\/\">Biologie<\/a>\u00a0 \u058d\u00a0 <a href=\"https:\/\/wir-von-der-kennedy.de\/wirvonderkennedyfinal\/schulgemeinde\/faecher\/chemie\/\">Chemie<\/a>\u00a0 \u058d\u00a0 <a href=\"https:\/\/wir-von-der-kennedy.de\/wirvonderkennedyfinal\/schulgemeinde\/faecher\/religion-ethik\/\">Christliche Religion<\/a><br \/>\u00a0 \u058d\u00a0 <a href=\"https:\/\/wir-von-der-kennedy.de\/wirvonderkennedyfinal\/schulgemeinde\/faecher\/deutsch\/\">Deutsch<\/a>\u00a0 \u058d\u00a0 <a href=\"https:\/\/wir-von-der-kennedy.de\/wirvonderkennedyfinal\/schulgemeinde\/faecher\/englisch\/\">Englisch<\/a>\u00a0 \u058d\u00a0 <a href=\"https:\/\/wir-von-der-kennedy.de\/wirvonderkennedyfinal\/schulgemeinde\/faecher\/erdkunde\/\">Geographie<\/a>\u00a0 \u058d\u00a0 <a href=\"https:\/\/wir-von-der-kennedy.de\/wirvonderkennedyfinal\/ethik\/\">Ethik<\/a>\u00a0<br \/>\u00a0 \u058d\u00a0 <a href=\"https:\/\/wir-von-der-kennedy.de\/wirvonderkennedyfinal\/schulgemeinde\/faecher\/informatik\/\">Informatik<\/a>\u00a0 \u058d\u00a0 <a href=\"https:\/\/wir-von-der-kennedy.de\/wirvonderkennedyfinal\/schulgemeinde\/faecher\/kunst\/\">Kunst<\/a>\u00a0 \u058d\u00a0 <a href=\"https:\/\/wir-von-der-kennedy.de\/wirvonderkennedyfinal\/schulgemeinde\/faecher\/mathematik\/\">Mathematik<\/a>\u00a0 \u058d\u00a0 <a href=\"https:\/\/wir-von-der-kennedy.de\/wirvonderkennedyfinal\/schulgemeinde\/faecher\/musik\/\">Musik<\/a><br \/>\u00a0 \u058d\u00a0 <a href=\"https:\/\/wir-von-der-kennedy.de\/wirvonderkennedyfinal\/schulgemeinde\/faecher\/physik\/\">Physik<\/a>\u00a0 \u058d\u00a0 <a href=\"https:\/\/wir-von-der-kennedy.de\/wirvonderkennedyfinal\/schulgemeinde\/faecher\/politik-und-wirtschaft\/\">Politik und Wirtschaft<\/a>\u00a0 \u058d\u00a0 <a href=\"https:\/\/wir-von-der-kennedy.de\/wirvonderkennedyfinal\/schulgemeinde\/faecher\/sport\/\">Sport<\/a>\u00a0 \u058d\u00a0 <a href=\"https:\/\/wir-von-der-kennedy.de\/wirvonderkennedyfinal\/schulgemeinde\/faecher\/wahlpflichtunterricht\/\">Wahlpflicht<\/a>\u00a0<\/p>\r\n","protected":false},"excerpt":{"rendered":"<p>\u201e15 Prozent der Kinder und Jugendlichen heute haben \u00dcbergewicht, 30 Prozent haben Haltungssch\u00e4den und mindestens 15 Prozent sind psychisch auff\u00e4llig\u201c. (AOK 2009) Was hat das mit Schulsport zu tun? Eine ganze Menge, glauben wir, denn wir sehen das Fach als F\u00f6rderer von Gesundheit, Selbstbewusstsein und Intelligenz und somit als unverzichtbaren Bestandteil umfassender Bildung und Erziehung&#8230;. <\/p>\n<div class=\"clear\"><\/div>\n<p><a href=\"https:\/\/wir-von-der-kennedy.de\/wirvonderkennedyfinal\/schulgemeinde\/faecher\/sport\/\" class=\"gdlr-info-font excerpt-read-more\">Read More<\/a><\/p>\n","protected":false},"author":16,"featured_media":0,"parent":58,"menu_order":0,"comment_status":"closed","ping_status":"closed","template":"","meta":{"_crdt_document":"","footnotes":""},"class_list":["post-202","page","type-page","status-publish","hentry"],"_links":{"self":[{"href":"https:\/\/wir-von-der-kennedy.de\/wirvonderkennedyfinal\/wp-json\/wp\/v2\/pages\/202","targetHints":{"allow":["GET"]}}],"collection":[{"href":"https:\/\/wir-von-der-kennedy.de\/wirvonderkennedyfinal\/wp-json\/wp\/v2\/pages"}],"about":[{"href":"https:\/\/wir-von-der-kennedy.de\/wirvonderkennedyfinal\/wp-json\/wp\/v2\/types\/page"}],"author":[{"embeddable":true,"href":"https:\/\/wir-von-der-kennedy.de\/wirvonderkennedyfinal\/wp-json\/wp\/v2\/users\/16"}],"replies":[{"embeddable":true,"href":"https:\/\/wir-von-der-kennedy.de\/wirvonderkennedyfinal\/wp-json\/wp\/v2\/comments?post=202"}],"version-history":[{"count":5,"href":"https:\/\/wir-von-der-kennedy.de\/wirvonderkennedyfinal\/wp-json\/wp\/v2\/pages\/202\/revisions"}],"predecessor-version":[{"id":16637,"href":"https:\/\/wir-von-der-kennedy.de\/wirvonderkennedyfinal\/wp-json\/wp\/v2\/pages\/202\/revisions\/16637"}],"up":[{"embeddable":true,"href":"https:\/\/wir-von-der-kennedy.de\/wirvonderkennedyfinal\/wp-json\/wp\/v2\/pages\/58"}],"wp:attachment":[{"href":"https:\/\/wir-von-der-kennedy.de\/wirvonderkennedyfinal\/wp-json\/wp\/v2\/media?parent=202"}],"curies":[{"name":"wp","href":"https:\/\/api.w.org\/{rel}","templated":true}]}}