{"id":208,"date":"2015-02-22T12:02:53","date_gmt":"2015-02-22T11:02:53","guid":{"rendered":"http:\/\/wir-von-der-kennedy.de\/wirvonderkennedy\/?page_id=208"},"modified":"2025-10-21T16:14:41","modified_gmt":"2025-10-21T14:14:41","slug":"wahlpflichtunterricht","status":"publish","type":"page","link":"https:\/\/wir-von-der-kennedy.de\/wirvonderkennedyfinal\/schulgemeinde\/faecher\/wahlpflichtunterricht\/","title":{"rendered":"Wahlpflichtunterricht"},"content":{"rendered":"<p>Im Wahlpflichtunterricht gibt es in jedem Jahrgang zahlreiche Kursangebote. Die\u00a02. Fremdsprache <strong>Franz\u00f6sisch<\/strong> und der Kurs <strong>Technik<\/strong> werden durchg\u00e4ngig von Stufe 7 bis 10 angeboten und bauen aufeinander auf. Ansonsten finden sich\u00a0Kurse zu den\u00a0Themen <strong>Ern\u00e4hrung<\/strong>, <strong>Fitness<\/strong>, <strong>Kunst<\/strong>, <strong>Radio JFK,<\/strong> <strong>Sch\u00fclerfirma, Werken, Naturwissenschaften.<\/strong> Wir versuchen, immer attraktive und wechselnde Kurse einzurichten, damit neben der Bucharbeit auch andere F\u00e4higkeiten der Sch\u00fclerschaft ausgebildet werden k\u00f6nnen.<\/p>\r\n<p>In der Jahrgangsstufe 10 gibt es im Wahlpflichtunterricht neben <strong>Werken<\/strong> und <strong>Franz\u00f6sisch<\/strong> auch Intensivkurse f\u00fcr die Hauptf\u00e4cher <strong>Deutsch<\/strong>, <strong>Mathematik<\/strong> und <strong>Englisch<\/strong>.\u00a0\u00a0<\/p>\r\n\r\n<p class=\"has-white-color has-text-color has-link-color wp-elements-6728af331d6878aaeda9789fe1b6b338 wp-block-paragraph\">aaa<\/p>\r\n\r\n\r\n\r\n<p class=\"wp-block-paragraph\">\u00a0 \u058d\u00a0 <a href=\"https:\/\/wir-von-der-kennedy.de\/wirvonderkennedyfinal\/schulgemeinde\/faecher\/arbeitslehre\/\">Arbeitslehre<\/a>\u00a0 \u058d\u00a0 <a href=\"https:\/\/wir-von-der-kennedy.de\/wirvonderkennedyfinal\/schulgemeinde\/faecher\/biologie\/\">Biologie<\/a>\u00a0 \u058d\u00a0 <a href=\"https:\/\/wir-von-der-kennedy.de\/wirvonderkennedyfinal\/schulgemeinde\/faecher\/chemie\/\">Chemie<\/a>\u00a0 \u058d\u00a0 <a href=\"https:\/\/wir-von-der-kennedy.de\/wirvonderkennedyfinal\/schulgemeinde\/faecher\/religion-ethik\/\">Christliche Religion<\/a><br \/>\u00a0 \u058d\u00a0 <a href=\"https:\/\/wir-von-der-kennedy.de\/wirvonderkennedyfinal\/schulgemeinde\/faecher\/deutsch\/\">Deutsch<\/a>\u00a0 \u058d\u00a0 <a href=\"https:\/\/wir-von-der-kennedy.de\/wirvonderkennedyfinal\/schulgemeinde\/faecher\/englisch\/\">Englisch<\/a>\u00a0 \u058d\u00a0 <a href=\"https:\/\/wir-von-der-kennedy.de\/wirvonderkennedyfinal\/schulgemeinde\/faecher\/erdkunde\/\">Geographie<\/a>\u00a0 \u058d\u00a0 <a href=\"https:\/\/wir-von-der-kennedy.de\/wirvonderkennedyfinal\/ethik\/\">Ethik<\/a>\u00a0<br \/>\u00a0 \u058d\u00a0 <a href=\"https:\/\/wir-von-der-kennedy.de\/wirvonderkennedyfinal\/schulgemeinde\/faecher\/informatik\/\">Informatik<\/a>\u00a0 \u058d\u00a0 <a href=\"https:\/\/wir-von-der-kennedy.de\/wirvonderkennedyfinal\/schulgemeinde\/faecher\/kunst\/\">Kunst<\/a>\u00a0 \u058d\u00a0 <a href=\"https:\/\/wir-von-der-kennedy.de\/wirvonderkennedyfinal\/schulgemeinde\/faecher\/mathematik\/\">Mathematik<\/a>\u00a0 \u058d\u00a0 <a href=\"https:\/\/wir-von-der-kennedy.de\/wirvonderkennedyfinal\/schulgemeinde\/faecher\/musik\/\">Musik<\/a><br \/>\u00a0 \u058d\u00a0 <a href=\"https:\/\/wir-von-der-kennedy.de\/wirvonderkennedyfinal\/schulgemeinde\/faecher\/physik\/\">Physik<\/a>\u00a0 \u058d\u00a0 <a href=\"https:\/\/wir-von-der-kennedy.de\/wirvonderkennedyfinal\/schulgemeinde\/faecher\/politik-und-wirtschaft\/\">Politik und Wirtschaft<\/a>\u00a0 \u058d\u00a0 <a href=\"https:\/\/wir-von-der-kennedy.de\/wirvonderkennedyfinal\/schulgemeinde\/faecher\/sport\/\">Sport<\/a>\u00a0 \u058d\u00a0 <a href=\"https:\/\/wir-von-der-kennedy.de\/wirvonderkennedyfinal\/schulgemeinde\/faecher\/wahlpflichtunterricht\/\">Wahlpflicht<\/a>\u00a0<\/p>\r\n","protected":false},"excerpt":{"rendered":"<p>Im Wahlpflichtunterricht gibt es in jedem Jahrgang zahlreiche Kursangebote. Die\u00a02. Fremdsprache Franz\u00f6sisch und der Kurs Technik werden durchg\u00e4ngig von Stufe 7 bis 10 angeboten und bauen aufeinander auf. Ansonsten finden sich\u00a0Kurse zu den\u00a0Themen Ern\u00e4hrung, Fitness, Kunst, Radio JFK, Sch\u00fclerfirma, Werken, Naturwissenschaften. Wir versuchen, immer attraktive und wechselnde Kurse einzurichten, damit neben der Bucharbeit auch andere&#8230; <\/p>\n<div class=\"clear\"><\/div>\n<p><a href=\"https:\/\/wir-von-der-kennedy.de\/wirvonderkennedyfinal\/schulgemeinde\/faecher\/wahlpflichtunterricht\/\" class=\"gdlr-info-font excerpt-read-more\">Read More<\/a><\/p>\n","protected":false},"author":16,"featured_media":0,"parent":58,"menu_order":0,"comment_status":"closed","ping_status":"closed","template":"","meta":{"_crdt_document":"","footnotes":""},"class_list":["post-208","page","type-page","status-publish","hentry"],"_links":{"self":[{"href":"https:\/\/wir-von-der-kennedy.de\/wirvonderkennedyfinal\/wp-json\/wp\/v2\/pages\/208","targetHints":{"allow":["GET"]}}],"collection":[{"href":"https:\/\/wir-von-der-kennedy.de\/wirvonderkennedyfinal\/wp-json\/wp\/v2\/pages"}],"about":[{"href":"https:\/\/wir-von-der-kennedy.de\/wirvonderkennedyfinal\/wp-json\/wp\/v2\/types\/page"}],"author":[{"embeddable":true,"href":"https:\/\/wir-von-der-kennedy.de\/wirvonderkennedyfinal\/wp-json\/wp\/v2\/users\/16"}],"replies":[{"embeddable":true,"href":"https:\/\/wir-von-der-kennedy.de\/wirvonderkennedyfinal\/wp-json\/wp\/v2\/comments?post=208"}],"version-history":[{"count":4,"href":"https:\/\/wir-von-der-kennedy.de\/wirvonderkennedyfinal\/wp-json\/wp\/v2\/pages\/208\/revisions"}],"predecessor-version":[{"id":16638,"href":"https:\/\/wir-von-der-kennedy.de\/wirvonderkennedyfinal\/wp-json\/wp\/v2\/pages\/208\/revisions\/16638"}],"up":[{"embeddable":true,"href":"https:\/\/wir-von-der-kennedy.de\/wirvonderkennedyfinal\/wp-json\/wp\/v2\/pages\/58"}],"wp:attachment":[{"href":"https:\/\/wir-von-der-kennedy.de\/wirvonderkennedyfinal\/wp-json\/wp\/v2\/media?parent=208"}],"curies":[{"name":"wp","href":"https:\/\/api.w.org\/{rel}","templated":true}]}}