{"id":232,"date":"2015-02-22T12:17:37","date_gmt":"2015-02-22T11:17:37","guid":{"rendered":"http:\/\/wir-von-der-kennedy.de\/wirvonderkennedy\/?page_id=232"},"modified":"2017-03-21T18:07:59","modified_gmt":"2017-03-21T17:07:59","slug":"herr-beyer","status":"publish","type":"page","link":"https:\/\/wir-von-der-kennedy.de\/wirvonderkennedyfinal\/schuelerzeitung\/das-lehrerfreundebuch\/herr-beyer\/","title":{"rendered":"Herr Beyer"},"content":{"rendered":"<h2><strong>Das Lehrerfreundebuch<\/strong><\/h2>\n<h4><em>Ein Fragebogen der Sechstkl\u00e4ssler der Sch\u00fclerzeitung 2014\/15<\/em><\/h4>\n<h1><strong>Herr Beyer &#8211; ein Bad Boy?<\/strong><\/h1>\n<p><a href=\"http:\/\/wir-von-der-kennedy.de\/wirvonderkennedyfinal\/wp-content\/uploads\/2015\/02\/LFB-Beyer.jpg\" rel=\"attachment wp-att-6426\"><img loading=\"lazy\" decoding=\"async\" class=\"alignnone wp-image-6426 size-medium\" src=\"http:\/\/wir-von-der-kennedy.de\/wirvonderkennedyfinal\/wp-content\/uploads\/2015\/02\/LFB-Beyer-300x225.jpg\" alt=\"LFB Beyer\" width=\"300\" height=\"225\" srcset=\"https:\/\/wir-von-der-kennedy.de\/wirvonderkennedyfinal\/wp-content\/uploads\/2015\/02\/LFB-Beyer-300x225.jpg 300w, https:\/\/wir-von-der-kennedy.de\/wirvonderkennedyfinal\/wp-content\/uploads\/2015\/02\/LFB-Beyer-768x576.jpg 768w, https:\/\/wir-von-der-kennedy.de\/wirvonderkennedyfinal\/wp-content\/uploads\/2015\/02\/LFB-Beyer-1024x768.jpg 1024w, https:\/\/wir-von-der-kennedy.de\/wirvonderkennedyfinal\/wp-content\/uploads\/2015\/02\/LFB-Beyer-400x300.jpg 400w\" sizes=\"auto, (max-width: 300px) 100vw, 300px\" \/><\/a><\/p>\n<ol>\n<li>Name: Daniel Beyer<\/li>\n<li>Alter: 35<\/li>\n<li>Was wollten sie werden, als sie klein waren? Lehrer<\/li>\n<li>Wieso sind sie Lehrer geworden? Weil mein Vater auch Lehrer ist und er ein positives Vorbild f\u00fcr mich ist. Au\u00dferdem arbeite ich gerne mit Menschen.<\/li>\n<li>Was ist ihr gr\u00f6\u00dfter Wunsch f\u00fcr die Zukunft? Dass alle Menschen Jesus Christus kennen lernen!<\/li>\n<li>Lieblingsfarbe: Gelb + schwarz<\/li>\n<li>Lieblingstier: Schwein auf dem Grill!<\/li>\n<li>Was ist ihr Lieblingsessen? Pizza<\/li>\n<li>Was ist ihr Lieblingsbuch? Bibel<\/li>\n<li>Was ist ihr Lieblingsfilm? &#8222;Bad Boys&#8220; (Teile 1+2)<\/li>\n<li>Was war als Kind ihr Lieblingsfach? Mathe und Sport<\/li>\n<li>Was ist ihr Lieblingsgetr\u00e4nk? Eistee + Cola<\/li>\n<li>Wer ist ihr gr\u00f6\u00dftes Vorbild? Jesus<\/li>\n<li>Was ist ihre Lieblingszahl? 7<\/li>\n<li>Wie stellen sie sich die Schule in der Zukunft vor? Mehr Medieneinsatz und Nutzung, ansonsten wird sich nicht viel \u00e4ndern!<\/li>\n<\/ol>\n","protected":false},"excerpt":{"rendered":"<p>Das Lehrerfreundebuch Ein Fragebogen der Sechstkl\u00e4ssler der Sch\u00fclerzeitung 2014\/15 Herr Beyer &#8211; ein Bad Boy? Name: Daniel Beyer Alter: 35 Was wollten sie werden, als sie klein waren? Lehrer Wieso sind sie Lehrer geworden? Weil mein Vater auch Lehrer ist und er ein positives Vorbild f\u00fcr mich ist. Au\u00dferdem arbeite ich gerne mit Menschen. Was&#8230; <\/p>\n<div class=\"clear\"><\/div>\n<p><a href=\"https:\/\/wir-von-der-kennedy.de\/wirvonderkennedyfinal\/schuelerzeitung\/das-lehrerfreundebuch\/herr-beyer\/\" class=\"gdlr-info-font excerpt-read-more\">Read More<\/a><\/p>\n","protected":false},"author":2,"featured_media":0,"parent":169,"menu_order":0,"comment_status":"closed","ping_status":"closed","template":"","meta":{"_crdt_document":"","footnotes":""},"class_list":["post-232","page","type-page","status-publish","hentry"],"_links":{"self":[{"href":"https:\/\/wir-von-der-kennedy.de\/wirvonderkennedyfinal\/wp-json\/wp\/v2\/pages\/232","targetHints":{"allow":["GET"]}}],"collection":[{"href":"https:\/\/wir-von-der-kennedy.de\/wirvonderkennedyfinal\/wp-json\/wp\/v2\/pages"}],"about":[{"href":"https:\/\/wir-von-der-kennedy.de\/wirvonderkennedyfinal\/wp-json\/wp\/v2\/types\/page"}],"author":[{"embeddable":true,"href":"https:\/\/wir-von-der-kennedy.de\/wirvonderkennedyfinal\/wp-json\/wp\/v2\/users\/2"}],"replies":[{"embeddable":true,"href":"https:\/\/wir-von-der-kennedy.de\/wirvonderkennedyfinal\/wp-json\/wp\/v2\/comments?post=232"}],"version-history":[{"count":10,"href":"https:\/\/wir-von-der-kennedy.de\/wirvonderkennedyfinal\/wp-json\/wp\/v2\/pages\/232\/revisions"}],"predecessor-version":[{"id":7232,"href":"https:\/\/wir-von-der-kennedy.de\/wirvonderkennedyfinal\/wp-json\/wp\/v2\/pages\/232\/revisions\/7232"}],"up":[{"embeddable":true,"href":"https:\/\/wir-von-der-kennedy.de\/wirvonderkennedyfinal\/wp-json\/wp\/v2\/pages\/169"}],"wp:attachment":[{"href":"https:\/\/wir-von-der-kennedy.de\/wirvonderkennedyfinal\/wp-json\/wp\/v2\/media?parent=232"}],"curies":[{"name":"wp","href":"https:\/\/api.w.org\/{rel}","templated":true}]}}