{"id":33,"date":"2015-02-22T00:59:16","date_gmt":"2015-02-21T23:59:16","guid":{"rendered":"http:\/\/wir-von-der-kennedy.de\/wirvonderkennedy\/?page_id=33"},"modified":"2026-04-26T13:08:57","modified_gmt":"2026-04-26T11:08:57","slug":"schulgemeinde","status":"publish","type":"page","link":"https:\/\/wir-von-der-kennedy.de\/wirvonderkennedyfinal\/schulgemeinde\/","title":{"rendered":"Schulgemeinde"},"content":{"rendered":"<p>Wertsch\u00e4tzung, Vertrauen und Transparenz sind die S\u00e4ulen unseres Zusammenlebens. Es geht immer um das Wohl der Kinder, deshalb soll sich unsere Schule in einem fortw\u00e4hrenden Prozess auch in Zukunft weiterentwickeln.<br \/>\nAlle Gremien sind aufgefordert, durch gegenseitige Unterst\u00fctzung und konstruktive Kritik das Profil der Schule zu sch\u00e4rfen. Dies ist auch deshalb notwendig, weil die Haupt- und Realschule inklusive F\u00f6rderstufe als reizvolle Alternative zum Gymnasium in Bad Vilbel und Umgebung etabliert bleiben soll.    <\/p>\n","protected":false},"excerpt":{"rendered":"<p>Wertsch\u00e4tzung, Vertrauen und Transparenz sind die S\u00e4ulen unseres Zusammenlebens. Es geht immer um das Wohl der Kinder, deshalb soll sich unsere Schule in einem fortw\u00e4hrenden Prozess auch in Zukunft weiterentwickeln. Alle Gremien sind aufgefordert, durch gegenseitige Unterst\u00fctzung und konstruktive Kritik das Profil der Schule zu sch\u00e4rfen. Dies ist auch deshalb notwendig, weil die Haupt- und&#8230; <\/p>\n<div class=\"clear\"><\/div>\n<p><a href=\"https:\/\/wir-von-der-kennedy.de\/wirvonderkennedyfinal\/schulgemeinde\/\" class=\"gdlr-info-font excerpt-read-more\">Read More<\/a><\/p>\n","protected":false},"author":16,"featured_media":0,"parent":0,"menu_order":0,"comment_status":"closed","ping_status":"closed","template":"","meta":{"_crdt_document":"{\"document\":\"AAAGyoK3iR0KCggcpBAEAgECCkoAHSgDJwAEACcABAAnACgEJwAoACcABwAoAycAKAAn4Qa5BnN0YXRldmVyc2lvbmRvY3VtZW50ZGF0ZWRvY3VtZW50c2x1Z2RvY3VtZW50c3RhdHVzZG9jdW1lbnR0aXRsZVNjaHVsZ2VtZWluZGVkb2N1bWVudGNvbnRlbnRXZXJ0c2Now6R0enVuZywgVmVydHJhdWVuIHVuZCBUcmFuc3BhcmVueiBzaW5kIGRpZSBTw6R1bGVuIHVuc2VyZXMgWnVzYW1tZW5sZWJlbnMuIEVzIGdlaHQgaW1tZXIgdW0gZGFzIFdvaGwgZGVyIEtpbmRlciwgZGVzaGFsYiBzb2xsIHNpY2ggdW5zZXJlIFNjaHVsZSBpbiBlaW5lbSBmb3J0d8OkaHJlbmRlbiBQcm96ZXNzIGF1Y2ggaW4gWnVrdW5mdCB3ZWl0ZXJlbnR3aWNrZWxuLg0KQWxsZSBHcmVtaWVuIHNpbmQgYXVmZ2Vmb3JkZXJ0LCBkdXJjaCBnZWdlbnNlaXRpZ2UgVW50ZXJzdMO8dHp1bmcgdW5kIGtvbnN0cnVrdGl2ZSBLcml0aWsgZGFzIFByb2ZpbCBkZXIgU2NodWxlIHp1IHNjaMOkcmZlbi4gRGllcyBpc3QgYXVjaCBkZXNoYWxiIG5vdHdlbmRpZywgd2VpbCBkaWUgSGF1cHQtIHVuZCBSZWFsc2NodWxlIGlua2x1c2l2ZSBGw7ZyZGVyc3R1ZmUgYWxzIHJlaXp2b2xsZSBBbHRlcm5hdGl2ZSB6dW0gR3ltbmFzaXVtIGluIEJhZCBWaWxiZWwgdW5kIFVtZ2VidW5nIGV0YWJsaWVydCBibGVpYmVuIHNvbGwuICAgIA0KZG9jdW1lbnRleGNlcnB0ZG9jdW1lbnRhdXRob3Jkb2N1bWVudGZlYXR1cmVkX21lZGlhZG9jdW1lbnRjb21tZW50X3N0YXR1c2RvY3VtZW50cGluZ19zdGF0dXNkb2N1bWVudHRlbXBsYXRlZG9jdW1lbnRtZXRhZm9vdG5vdGVzZG9jdW1lbnRibG9ja3NjbGllbnRJZGlzVmFsaWRvcmlnaW5hbENvbnRlbnRuYW1lYXR0cmlidXRlc2NvbnRlbnRpbm5lckJsb2NrcwUHCAQIBAgGCAUNCAeLCAgHCAYIDggOCAtIAQQJCAYIBw8ECgcLDwEEAAABAAAAAQYAAAEAAAdCAQEAQQAAAkENARkAfQF3EzIwMTUtMDItMjJUMDA6NTk6MTZ3DXNjaHVsZ2VtZWluZGV3B3B1Ymxpc2h9EH0AdwZjbG9zZWR3BmNsb3NlZHcAdwB3JDQ1ZWUyYzdlLWRkOWEtNDQ5OC1iNjcxLTVlZmVmMTBkZjI1N3h3lwQ8cD5XZXJ0c2Now6R0enVuZywgVmVydHJhdWVuIHVuZCBUcmFuc3BhcmVueiBzaW5kIGRpZSBTw6R1bGVuIHVuc2VyZXMgWnVzYW1tZW5sZWJlbnMuIEVzIGdlaHQgaW1tZXIgdW0gZGFzIFdvaGwgZGVyIEtpbmRlciwgZGVzaGFsYiBzb2xsIHNpY2ggdW5zZXJlIFNjaHVsZSBpbiBlaW5lbSBmb3J0d8OkaHJlbmRlbiBQcm96ZXNzIGF1Y2ggaW4gWnVrdW5mdCB3ZWl0ZXJlbnR3aWNrZWxuLjxiciAvPgpBbGxlIEdyZW1pZW4gc2luZCBhdWZnZWZvcmRlcnQsIGR1cmNoIGdlZ2Vuc2VpdGlnZSBVbnRlcnN0w7x0enVuZyB1bmQga29uc3RydWt0aXZlIEtyaXRpayBkYXMgUHJvZmlsIGRlciBTY2h1bGUgenUgc2Now6RyZmVuLiBEaWVzIGlzdCBhdWNoIGRlc2hhbGIgbm90d2VuZGlnLCB3ZWlsIGRpZSBIYXVwdC0gdW5kIFJlYWxzY2h1bGUgaW5rbHVzaXZlIEbDtnJkZXJzdHVmZSBhbHMgcmVpenZvbGxlIEFsdGVybmF0aXZlIHp1bSBHeW1uYXNpdW0gaW4gQmFkIFZpbGJlbCB1bmQgVW1nZWJ1bmcgZXRhYmxpZXJ0IGJsZWliZW4gc29sbC48L3A+dw1jb3JlL2ZyZWVmb3Jtd5cEPHA+V2VydHNjaMOkdHp1bmcsIFZlcnRyYXVlbiB1bmQgVHJhbnNwYXJlbnogc2luZCBkaWUgU8OkdWxlbiB1bnNlcmVzIFp1c2FtbWVubGViZW5zLiBFcyBnZWh0IGltbWVyIHVtIGRhcyBXb2hsIGRlciBLaW5kZXIsIGRlc2hhbGIgc29sbCBzaWNoIHVuc2VyZSBTY2h1bGUgaW4gZWluZW0gZm9ydHfDpGhyZW5kZW4gUHJvemVzcyBhdWNoIGluIFp1a3VuZnQgd2VpdGVyZW50d2lja2Vsbi48YnIgLz4KQWxsZSBHcmVtaWVuIHNpbmQgYXVmZ2Vmb3JkZXJ0LCBkdXJjaCBnZWdlbnNlaXRpZ2UgVW50ZXJzdMO8dHp1bmcgdW5kIGtvbnN0cnVrdGl2ZSBLcml0aWsgZGFzIFByb2ZpbCBkZXIgU2NodWxlIHp1IHNjaMOkcmZlbi4gRGllcyBpc3QgYXVjaCBkZXNoYWxiIG5vdHdlbmRpZywgd2VpbCBkaWUgSGF1cHQtIHVuZCBSZWFsc2NodWxlIGlua2x1c2l2ZSBGw7ZyZGVyc3R1ZmUgYWxzIHJlaXp2b2xsZSBBbHRlcm5hdGl2ZSB6dW0gR3ltbmFzaXVtIGluIEJhZCBWaWxiZWwgdW5kIFVtZ2VidW5nIGV0YWJsaWVydCBibGVpYmVuIHNvbGwuPC9wPgA=\",\"updateId\":232327052}","footnotes":""},"class_list":["post-33","page","type-page","status-publish","hentry"],"_links":{"self":[{"href":"https:\/\/wir-von-der-kennedy.de\/wirvonderkennedyfinal\/wp-json\/wp\/v2\/pages\/33","targetHints":{"allow":["GET"]}}],"collection":[{"href":"https:\/\/wir-von-der-kennedy.de\/wirvonderkennedyfinal\/wp-json\/wp\/v2\/pages"}],"about":[{"href":"https:\/\/wir-von-der-kennedy.de\/wirvonderkennedyfinal\/wp-json\/wp\/v2\/types\/page"}],"author":[{"embeddable":true,"href":"https:\/\/wir-von-der-kennedy.de\/wirvonderkennedyfinal\/wp-json\/wp\/v2\/users\/16"}],"replies":[{"embeddable":true,"href":"https:\/\/wir-von-der-kennedy.de\/wirvonderkennedyfinal\/wp-json\/wp\/v2\/comments?post=33"}],"version-history":[{"count":2,"href":"https:\/\/wir-von-der-kennedy.de\/wirvonderkennedyfinal\/wp-json\/wp\/v2\/pages\/33\/revisions"}],"predecessor-version":[{"id":17141,"href":"https:\/\/wir-von-der-kennedy.de\/wirvonderkennedyfinal\/wp-json\/wp\/v2\/pages\/33\/revisions\/17141"}],"wp:attachment":[{"href":"https:\/\/wir-von-der-kennedy.de\/wirvonderkennedyfinal\/wp-json\/wp\/v2\/media?parent=33"}],"curies":[{"name":"wp","href":"https:\/\/api.w.org\/{rel}","templated":true}]}}