{"id":3536,"date":"2015-02-22T01:03:09","date_gmt":"2015-02-22T00:03:09","guid":{"rendered":"http:\/\/wir-von-der-kennedy.de\/wirvonderkennedy\/?page_id=56"},"modified":"2025-01-23T13:59:33","modified_gmt":"2025-01-23T12:59:33","slug":"ags","status":"publish","type":"page","link":"https:\/\/wir-von-der-kennedy.de\/wirvonderkennedyfinal\/schulgemeinde\/ags\/","title":{"rendered":"AG&#8217;s"},"content":{"rendered":"\r\n<p class=\"wp-block-paragraph\">Auch im neuen Schuljahr k\u00f6nnen wieder AG&#8217;s besucht werden. Das Angebot ist vielf\u00e4ltig, sodass f\u00fcr jede und jeden was dabei sein d\u00fcrfte. So gibt es zum Beispiel eine Outdoor-AG, eine Fahrrad-AG, ein Theaterprojekt, die Bio-AG und vieles mehr. Zudem wird auch Nachhilfeunterricht und eine besondere Vorbereitung f\u00fcr den Schulabschluss angeboten. Schaut euch in Ruhe die Ganztagsangebote an:\u00a0<br \/><a href=\"https:\/\/wir-von-der-kennedy.de\/wirvonderkennedyfinal\/wp-content\/uploads\/2025\/01\/GTA-Anmeldungen-2024-2025-3.pdf\">Ganztagsangebote mit Anmeldebogen.<\/a><\/p>\r\n<p>&nbsp;<\/p>\r\n\r\n\r\n","protected":false},"excerpt":{"rendered":"<p>Auch im neuen Schuljahr k\u00f6nnen wieder AG&#8217;s besucht werden. Das Angebot ist vielf\u00e4ltig, sodass f\u00fcr jede und jeden was dabei sein d\u00fcrfte. So gibt es zum Beispiel eine Outdoor-AG, eine Fahrrad-AG, ein Theaterprojekt, die Bio-AG und vieles mehr. Zudem wird auch Nachhilfeunterricht und eine besondere Vorbereitung f\u00fcr den Schulabschluss angeboten. Schaut euch in Ruhe die&#8230; <\/p>\n<div class=\"clear\"><\/div>\n<p><a href=\"https:\/\/wir-von-der-kennedy.de\/wirvonderkennedyfinal\/schulgemeinde\/ags\/\" class=\"gdlr-info-font excerpt-read-more\">Read More<\/a><\/p>\n","protected":false},"author":16,"featured_media":0,"parent":33,"menu_order":0,"comment_status":"closed","ping_status":"closed","template":"","meta":{"_crdt_document":"","footnotes":""},"class_list":["post-3536","page","type-page","status-publish","hentry"],"_links":{"self":[{"href":"https:\/\/wir-von-der-kennedy.de\/wirvonderkennedyfinal\/wp-json\/wp\/v2\/pages\/3536","targetHints":{"allow":["GET"]}}],"collection":[{"href":"https:\/\/wir-von-der-kennedy.de\/wirvonderkennedyfinal\/wp-json\/wp\/v2\/pages"}],"about":[{"href":"https:\/\/wir-von-der-kennedy.de\/wirvonderkennedyfinal\/wp-json\/wp\/v2\/types\/page"}],"author":[{"embeddable":true,"href":"https:\/\/wir-von-der-kennedy.de\/wirvonderkennedyfinal\/wp-json\/wp\/v2\/users\/16"}],"replies":[{"embeddable":true,"href":"https:\/\/wir-von-der-kennedy.de\/wirvonderkennedyfinal\/wp-json\/wp\/v2\/comments?post=3536"}],"version-history":[{"count":10,"href":"https:\/\/wir-von-der-kennedy.de\/wirvonderkennedyfinal\/wp-json\/wp\/v2\/pages\/3536\/revisions"}],"predecessor-version":[{"id":16142,"href":"https:\/\/wir-von-der-kennedy.de\/wirvonderkennedyfinal\/wp-json\/wp\/v2\/pages\/3536\/revisions\/16142"}],"up":[{"embeddable":true,"href":"https:\/\/wir-von-der-kennedy.de\/wirvonderkennedyfinal\/wp-json\/wp\/v2\/pages\/33"}],"wp:attachment":[{"href":"https:\/\/wir-von-der-kennedy.de\/wirvonderkennedyfinal\/wp-json\/wp\/v2\/media?parent=3536"}],"curies":[{"name":"wp","href":"https:\/\/api.w.org\/{rel}","templated":true}]}}