{"id":418,"date":"2015-02-22T14:17:42","date_gmt":"2015-02-22T13:17:42","guid":{"rendered":"http:\/\/wir-von-der-kennedy.de\/wirvonderkennedy\/?page_id=418"},"modified":"2017-08-21T17:47:03","modified_gmt":"2017-08-21T15:47:03","slug":"golf","status":"publish","type":"page","link":"https:\/\/wir-von-der-kennedy.de\/wirvonderkennedyfinal\/schulgemeinde\/ags\/golf\/","title":{"rendered":"Golf"},"content":{"rendered":"<h3><strong><em>Einst AG, jetzt nicht mehr im Angebot<\/em><\/strong><\/h3>\n<p>&nbsp;<\/p>\n<h3>Die JFK auf den Spuren von\u00a0Rory McIlroy<\/h3>\n<div class=\"floatbox\">\n<p><strong>Donnerstag 14:30 Uhr, Golfplatz Lindenhof<\/strong>.<br \/>\nUm diese Uhrzeit findet auf dem Golfplatz Lindenhof, im Bad Vilbeler Stadtteil Dortelweil, eines der au\u00dfergew\u00f6hnlichsten Ganztagesangebote statt. Mit Stolz kann die JFK behaupten, dass sie mit diesem Angebot vor allem Kinder von Nichtgolfern erreicht und ausbildet. Bestes Beispiel war der 16.06. 2008, als eine kleine Auswahl unserer &#8222;Ganztages-Golfer&#8220; hier die Gelegenheit\u00a0hatte, ihr K\u00f6nnen im Rahmen eines Sch\u00fcler-Turniers unter Beweis zu stellen.<br \/>\nDie Aussichten eine Platzierung zu erhalten waren nicht besonders gut, da die Sch\u00fclerinnen und Sch\u00fcler der anderen Schulen teilweise bereits mit einem einstelligen Handicap in Clubs spielten, trotzdem hat diese Erfahrung dazu ermutigt, auch in Zukunft weiter zu \u00fcben.<\/p>\n<\/div>\n<p>Was nat\u00fcrlich auch unbedingt zu erw\u00e4hnen ist: Golf findet immer statt!!! (nur im Januar \/ Februar wird pausiert), denn\u00a0etwas Regen schadet keinem und in den letzten drei Jahren hat es donnerstags nur drei bis vier Mal geregnet. Seit mittlerweile elf Jahren existiert das Angebot &#8222;Golf&#8220; und nun gab\u00a0im Juli 2015\u00a0einen Projekttag zum Thema:<\/p>\n<div class=\"floatbox\">\n<p style=\"text-align: center;\"><strong>Golf und Inklusion<\/strong><\/p>\n<p>Wer kennt das Ziel des Golfspiels, so fragte Thomas Kubiak Golftrainer des Golfclubs Dortelweil in die Runde. Die Sch\u00fclerinnen und Sch\u00fcler der 7. Hauptschulklassen der John \u2013F.-Kennedy-Schule, die zum Teil festgestellten F\u00f6rderbedarf im Bereich emotionale und soziale Entwicklung haben, fanden schnell die Antwort: Mit m\u00f6glichst wenig Schl\u00e4gen einlochen. Und schon ging es los. Nach einer kurzen Einf\u00fchrung und Ausprobierphase musste in Zweierteams ein 9 Loch Kurs auf dem \u201eGreen\u201c \u201eeingeputtet\u201c werden. Die Sch\u00fclerinnen und Sch\u00fcler, die alle schon Minigolferfahrung besa\u00dfen, konnten ihre Vorerfahrung gut anwenden und absolvierten den Kurs teilweise mit unter 20 Schl\u00e4gen, wof\u00fcr sie von Herrn Kubiak gelobt wurden.<\/p>\n<p>Nun wurde es spannend, denn\u00a0es ging zur \u201eDriving Range\u201c. Hier sollten die Teams den wichtigen ersten Abschlag \u00fcben und dabei auch verschiedene Schl\u00e4ger ausprobieren.<\/p>\n<p>Mit Staunen nahmen sie zur Kenntnis, dass nur die besten Profis es schaffen, den Ball \u00fcber die 150 m Marke hinter den Zaun zu schlagen.<\/p>\n<p>Nach den ersten eigenen Versuchen wurde ihnen schnell klar warum. Mit einem weit ausholenden Schwung den kleinen Golfball so zu treffen, dass er das Fliegen lernt, bedarf nicht nur einer gut beherrschten Technik sondern auch jeder Menge Trainingsflei\u00df.<\/p>\n<p>Womit wir bei der Zielsetzung der Veranstaltung sind. Eingeladen vom Deutschen Golfverband soll es Sch\u00fclerinnen und Sch\u00fclern mit diesem Schnupperkurs erm\u00f6glicht werden, eine Sportart kennen zu lernen, die sowohl Kraftbeherrschung und Technik erfordert, als aber auch jenseits der zum Teil stressigen Anforderungen einer Teamsportart einen hohen Aufforderungscharakter zur Weiterentwicklung der individuellen Leistungsf\u00e4higkeit besitzt.<\/p>\n<p>\u201e Jeder geht mit seinem Handicap ins Rennen und versucht dieses zu verbessern. Das l\u00e4sst Raum f\u00fcr Konzentration auf die eigenen F\u00e4higkeiten\u201c, meint Konrektor Manfred Ochs, der die Sch\u00fclerinnen und Sch\u00fcler begleitete.<\/p>\n<p>Er begr\u00fc\u00dft das Inklusionsprojekt des DGV in Zusammenarbeit mit dem Golfclub Skyline Oberursel e.V, dessen Ehrenpr\u00e4sident Klaus Mehler, ihm dieses Projekt ans Herz gelegt hat. Peter Mayb\u00f6hm, Schulleiter der John-F.-Kennedy-Schule und selbst begeisterter Golfer \u00fcberlegt nun, f\u00fcr die Schule eine SNAG-Ausr\u00fcstung zu erwerben. SNAG steht f\u00fcr \u201eStarting new at Golf\u201c und ist die einfachste und schnellste Methode Golf zu erlernen.<\/p>\n<p>&nbsp;<\/p>\n<p><a href=\"http:\/\/wir-von-der-kennedy.de\/wirvonderkennedyfinal\/wp-content\/uploads\/2015\/02\/Golf2.jpg\"><img loading=\"lazy\" decoding=\"async\" class=\"wp-image-6024 aligncenter\" src=\"http:\/\/wir-von-der-kennedy.de\/wirvonderkennedyfinal\/wp-content\/uploads\/2015\/02\/Golf2-300x200.jpg\" alt=\"Golf2\" width=\"395\" height=\"263\" srcset=\"https:\/\/wir-von-der-kennedy.de\/wirvonderkennedyfinal\/wp-content\/uploads\/2015\/02\/Golf2-300x200.jpg 300w, https:\/\/wir-von-der-kennedy.de\/wirvonderkennedyfinal\/wp-content\/uploads\/2015\/02\/Golf2.jpg 882w\" sizes=\"auto, (max-width: 395px) 100vw, 395px\" \/><\/a><\/p>\n<\/div>\n","protected":false},"excerpt":{"rendered":"<p>Einst AG, jetzt nicht mehr im Angebot &nbsp; Die JFK auf den Spuren von\u00a0Rory McIlroy Donnerstag 14:30 Uhr, Golfplatz Lindenhof. Um diese Uhrzeit findet auf dem Golfplatz Lindenhof, im Bad Vilbeler Stadtteil Dortelweil, eines der au\u00dfergew\u00f6hnlichsten Ganztagesangebote statt. Mit Stolz kann die JFK behaupten, dass sie mit diesem Angebot vor allem Kinder von Nichtgolfern erreicht&#8230; <\/p>\n<div class=\"clear\"><\/div>\n<p><a href=\"https:\/\/wir-von-der-kennedy.de\/wirvonderkennedyfinal\/schulgemeinde\/ags\/golf\/\" class=\"gdlr-info-font excerpt-read-more\">Read More<\/a><\/p>\n","protected":false},"author":3,"featured_media":0,"parent":3536,"menu_order":0,"comment_status":"closed","ping_status":"closed","template":"","meta":{"_crdt_document":"","footnotes":""},"class_list":["post-418","page","type-page","status-publish","hentry"],"_links":{"self":[{"href":"https:\/\/wir-von-der-kennedy.de\/wirvonderkennedyfinal\/wp-json\/wp\/v2\/pages\/418","targetHints":{"allow":["GET"]}}],"collection":[{"href":"https:\/\/wir-von-der-kennedy.de\/wirvonderkennedyfinal\/wp-json\/wp\/v2\/pages"}],"about":[{"href":"https:\/\/wir-von-der-kennedy.de\/wirvonderkennedyfinal\/wp-json\/wp\/v2\/types\/page"}],"author":[{"embeddable":true,"href":"https:\/\/wir-von-der-kennedy.de\/wirvonderkennedyfinal\/wp-json\/wp\/v2\/users\/3"}],"replies":[{"embeddable":true,"href":"https:\/\/wir-von-der-kennedy.de\/wirvonderkennedyfinal\/wp-json\/wp\/v2\/comments?post=418"}],"version-history":[{"count":6,"href":"https:\/\/wir-von-der-kennedy.de\/wirvonderkennedyfinal\/wp-json\/wp\/v2\/pages\/418\/revisions"}],"predecessor-version":[{"id":7430,"href":"https:\/\/wir-von-der-kennedy.de\/wirvonderkennedyfinal\/wp-json\/wp\/v2\/pages\/418\/revisions\/7430"}],"up":[{"embeddable":true,"href":"https:\/\/wir-von-der-kennedy.de\/wirvonderkennedyfinal\/wp-json\/wp\/v2\/pages\/3536"}],"wp:attachment":[{"href":"https:\/\/wir-von-der-kennedy.de\/wirvonderkennedyfinal\/wp-json\/wp\/v2\/media?parent=418"}],"curies":[{"name":"wp","href":"https:\/\/api.w.org\/{rel}","templated":true}]}}