{"id":4184,"date":"2015-02-22T20:40:41","date_gmt":"2015-02-22T19:40:41","guid":{"rendered":"http:\/\/wir-von-der-kennedy.de\/wirvonderkennedy\/?page_id=4184"},"modified":"2016-04-19T14:43:55","modified_gmt":"2016-04-19T12:43:55","slug":"schuljahr-20142015-2-halbjahr","status":"publish","type":"page","link":"https:\/\/wir-von-der-kennedy.de\/wirvonderkennedyfinal\/schuelerzeitung\/neues-aus-der-schule\/schuljahr-20142015-2-halbjahr\/","title":{"rendered":"Schuljahr 2014\/2015, 2. Halbjahr"},"content":{"rendered":"<h1><strong>Abschlussfahrt nach Kroatien<\/strong><\/h1>\n<p>Eine gro\u00dfartige Woche verbrachten die beiden Abschlussklassen 10a und 10f in Begleitung von Meike Wolf, Herrn Maienschein und Herrn Wolfsholz Ende Juni 2015 in Kroatien.<br \/>\nWetter, Unterkunft, Verpflegung und Ausfl\u00fcge waren top. Lediglich das Sezieren von Katzenhaien beim meeresbiologischen Workshop stie\u00df auf geteiltes Echo \ud83d\ude42 !!!<\/p>\n<p>Auf dem Foto ist die ganze Gruppe vor dem Amphitheater von Pula zu sehen.<\/p>\n<p><a href=\"http:\/\/wir-von-der-kennedy.de\/wirvonderkennedyfinal\/wp-content\/uploads\/2015\/02\/103-23.06.2015.jpg\"><img loading=\"lazy\" decoding=\"async\" class=\"alignnone wp-image-5967 size-large\" src=\"http:\/\/wir-von-der-kennedy.de\/wirvonderkennedyfinal\/wp-content\/uploads\/2015\/02\/103-23.06.2015-1024x576.jpg\" alt=\"103 23.06.2015\" width=\"960\" height=\"540\" srcset=\"https:\/\/wir-von-der-kennedy.de\/wirvonderkennedyfinal\/wp-content\/uploads\/2015\/02\/103-23.06.2015-1024x576.jpg 1024w, https:\/\/wir-von-der-kennedy.de\/wirvonderkennedyfinal\/wp-content\/uploads\/2015\/02\/103-23.06.2015-300x169.jpg 300w\" sizes=\"auto, (max-width: 960px) 100vw, 960px\" \/><\/a><\/p>\n<p><em>Whz<\/em><\/p>\n<p>&nbsp;<\/p>\n<hr \/>\n<p>&nbsp;<\/p>\n<h1><strong>Die Klassenfahrt nach Lindau<br \/>\n<\/strong><\/h1>\n<p>Am Montag, den 15. Juni, sind wir um 8:00 Uhr mit dem Reisebus losgefahren: nach Lindau. Lindau liegt am Bodensee. Wir waren ca. 48 Sch\u00fcler und vier Lehrer, Herr Beyer, Frau Weber, Herr Gebauer und Frau Hilligen. Um 14 Uhr sind wir angekommen. Die Jugendherberge war sehr modern und sauber. Dann haben wir die Zimmer bezogen und sind in die Altstadt gelaufen. Abends haben wir Party gemacht. Am n\u00e4chsten Morgen gab es um 8 Uhr Fr\u00fchst\u00fcck. Um 10 Uhr sind wir losgelaufen zur Altstadt, die im \u00dcbrigen auf der Insel Lindau liegt. Unsere Jugendherberge liegt hingegen auf dem Festland. In der Altstadt hat uns eine Frau durch Lindau gef\u00fchrt. Anschlie\u00dfend haben wir eine Schifffahrt \u00fcber den Bodensee unternommen. Nachmittags durften wir schwimmen gehen oder mit Frau Weber ins Einkaufszentrum, das keine 100 Meter entfernt von der Jugendherberge ist. Das Abendessen war ganz okay.<\/p>\n<p>Am Mittwoch gab es schon um 7:30 Uhr Fr\u00fchst\u00fcck, weil wir zwei Stunden mit dem Bus zu den Rheinf\u00e4llen gefahren sind. Es war sehr sch\u00f6n dort. Nachmittags sind wir ins SEA LIFE gegangen. Dort konnten wir einen Seestern streicheln. Abends durften wir noch ins Shopping Center. Gegen 21:00 Uhr waren wir wieder in der Jugendherberge. Die Lehrer haben Tischtennis gespielt und wir Federball.<\/p>\n<p><a href=\"http:\/\/wir-von-der-kennedy.de\/wirvonderkennedyfinal\/wp-content\/uploads\/2015\/02\/DSC_0340.jpg\"><img loading=\"lazy\" decoding=\"async\" class=\"alignnone wp-image-5770 size-blog-grid\" src=\"http:\/\/wir-von-der-kennedy.de\/wirvonderkennedyfinal\/wp-content\/uploads\/2015\/02\/DSC_0340-700x400.jpg\" alt=\"DSC_0340\" width=\"700\" height=\"400\" \/><\/a><\/p>\n<p><a href=\"http:\/\/wir-von-der-kennedy.de\/wirvonderkennedyfinal\/wp-content\/uploads\/2015\/02\/DSC_0341.jpg\"><img loading=\"lazy\" decoding=\"async\" class=\" alignnone wp-image-5771 size-blog-grid\" src=\"http:\/\/wir-von-der-kennedy.de\/wirvonderkennedyfinal\/wp-content\/uploads\/2015\/02\/DSC_0341-700x400.jpg\" alt=\"DSC_0341\" width=\"700\" height=\"400\" \/><\/a><\/p>\n<p>Am Donnerstag waren wir vormittags im Zeppelinmuseum. Es war zum Teil interessant, manchmal aber auch langweilig. Die F\u00fchrung ging zwei Stunden. Nachmittags sind wir zum Affenberg gefahren. Die Affen haben wir mit Popcorn gef\u00fcttert. Dort gab es auch viele St\u00f6rche. Leider hat es geregnet und wir sind daher nicht lange geblieben. Nachmittags waren wir noch mal im Einkaufszentrum und haben unsere Koffer gepackt. Abends haben wir Tischtennis gespielt. Um kurz vor 0 Uhr haben wir uns vor Harrys Zimmer mit einem Milka-Kuchen und einem Geschenk gestellt. Um Mitternacht haben wir alle Harry zum Geburtstag gratuliert \u2013 er war sehr \u00fcberrascht.<\/p>\n<p><em>namal &amp; lesch<\/em><\/p>\n<p>&nbsp;<\/p>\n<hr \/>\n<p>&nbsp;<\/p>\n<h1><strong>Der Liederabend: Ph\u00e4nomenaler als gedacht<\/strong><\/h1>\n<p>Am 27. Mai 2015 fand von 19:00 bis (eigentlich) 21:00 der Liederabend statt. Tats\u00e4chlich dauerte er bis ca. 22:20 Uhr. In der Mensa waren rund um die B\u00fchne St\u00fchle aufgestellt. Doch es waren mehr Zuschauer als gedacht und da in der ersten H\u00e4lfte auch der Schulchor der Regenbogenschule aus Dortelweil anwesend war, mussten einige Leute stehen. Doch nach der zweiten H\u00e4lfte hatte jeder einen Sitzplatz, da die Grundsch\u00fcler, wie Herr Mayb\u00f6hm sagte, \u201ezeitig ins Bett mussten\u201c. Bevor die Schau anfing, ging unser Rektor rum und k\u00fcmmerte sich um die G\u00e4ste. Die Verpflegung f\u00fcr den Liederabend wurde von dem Projekt \u201eCatering\u201c gemanagt. Vor der Mensa konnte man sowohl Getr\u00e4nke, um die sich die Lehrer k\u00fcmmerten, kaufen als auch H\u00e4ppchen vom kalten B\u00fcffet. Um dieses k\u00fcmmerten sich wie gesagt die Sch\u00fcler aus dem Projekt \u201eCatering\u201c. Ebenso konnte man f\u00fcr unsere Sch\u00fclersanit\u00e4ter spenden, was auch getan wurde. Nat\u00fcrlich konnten die G\u00e4ste CD des Liederabends mit Bonustracks und Highlights der letzten Abende sowie die CD der Musical-Lesung \u201eDer Teufel mit den drei goldenen Haaren\u201c erwerben.<\/p>\n<p>Beteiligt haben sich jedoch anscheinend weniger Sch\u00fcler als im vorigen Jahr. Der F\u00f6rderstufen-Chor gab einige Einlagen zum Besten, ebenso die Kennedy-Boys, einige Solisten und Gaststars. Ein Junge aus dem Chor, Lukas Fischer, konnte jedoch leider nicht kommen, da er krank war. Ich sollte eigentlich Klavier spielen, konnte aber ebenfalls nicht auftreten, da ich mich an den H\u00e4nden verletzt hatte. Doch mein Lied sowie die Version des vollst\u00e4ndigen Chors sind auf der CD enthalten.<\/p>\n<p><a href=\"http:\/\/wir-von-der-kennedy.de\/wirvonderkennedyfinal\/wp-content\/uploads\/2015\/02\/JFKS-Liederabend-27.5.2015-201.jpg\"><img loading=\"lazy\" decoding=\"async\" class=\"alignnone wp-image-5924 size-blog-grid\" src=\"http:\/\/wir-von-der-kennedy.de\/wirvonderkennedyfinal\/wp-content\/uploads\/2015\/02\/JFKS-Liederabend-27.5.2015-201-700x400.jpg\" alt=\"JFKS Liederabend 27.5.2015 (20)[1]\" width=\"700\" height=\"400\" \/><\/a><\/p>\n<p>Gestartet wurde der Abend mit einer kleinen Ansprache von Herr Mayb\u00f6hm. Er witzelte \u00fcber die vielen G\u00e4ste und die fehlenden Pl\u00e4tze, sowie dass der Liederabend vielleicht n\u00e4chstes Jahr im Forum oder anderswo abgehalten werden k\u00f6nnte. Er bedankte sich au\u00dferdem bei den Sanis und pr\u00e4sentierte uns Stolz eine B\u00fcste von John F. Kennedy. Diese ist ein exaktes Replikat der B\u00fcste, die vor ca. 30 Jahren in unserer Schule von ihrem Sockel geklaut worden war. In einiger Zeit soll auf dem Sockel vor der Aula also bald wieder eine B\u00fcste stehen.<\/p>\n<p><a href=\"http:\/\/wir-von-der-kennedy.de\/wirvonderkennedyfinal\/wp-content\/uploads\/2015\/02\/JFKS-Liederabend-27.5.2015-81.jpg\"><img loading=\"lazy\" decoding=\"async\" class=\"alignnone wp-image-5922 size-blog-grid\" src=\"http:\/\/wir-von-der-kennedy.de\/wirvonderkennedyfinal\/wp-content\/uploads\/2015\/02\/JFKS-Liederabend-27.5.2015-81-700x400.jpg\" alt=\"JFKS Liederabend 27.5.2015 (8)[1]\" width=\"700\" height=\"400\" \/><\/a><\/p>\n<p>Als Einstieg spielte Jakob Schmidt \u201eMy heart will go on\u201c auf seiner Trompete und dann kam ein weiterer Solo-Akt von Azuman \u00a0mit dem Lied \u201eWei\u00dft du wie viel Sterne stehen\u201c. Es folgte eine kleine Ansprache von Herr Di Rienzo, gefolgt von einem weiteren Lied, \u201eGold von den Sternen\u201c, gesungen von Zera Ikinschi. Au\u00dferdem gespielt wurden \u201eFluch der Karibik\u201c (Jakob Schmidt), \u201eDie Blumen bl\u00fchen\u201c (Chor) gefolgt von dem Prolog f\u00fcr die Musical-Lesung. Danach kamen unsere Gaststars D\u00e9sir\u00e9e Piniella und der Schulchor der Regenbogenschule. Gefolgt von Sarah Samulowitz mit \u201eI have a dream\u201c, wo flei\u00dfig mitgesungen wurde, Benjamin Bruch mit seinem Klavierst\u00fcck \u201eMemories\u201c, Die Kennedy-Boys (der einzige machom\u00e4\u00dfige-chauvinistische-Lehrer-M\u00e4nner-Chor in Hessen), Hr. Di (zum ersten Mal) mit einer kleinen Einlage zu Udo J\u00fcrgens und unserem Chor und dem letzten Liederabend.\u00a0 Zwischendrin wurden auch immer wieder unsere geliebten Lehrerclips gezeigt, von denen ich sagen muss, dass sie wie immer zum Totlachen sind.<\/p>\n<p><a href=\"http:\/\/wir-von-der-kennedy.de\/wirvonderkennedyfinal\/wp-content\/uploads\/2015\/02\/JFKS-Liederabend-27.5.2015-371.jpg\"><img loading=\"lazy\" decoding=\"async\" class=\"alignnone wp-image-5925 size-blog-grid\" src=\"http:\/\/wir-von-der-kennedy.de\/wirvonderkennedyfinal\/wp-content\/uploads\/2015\/02\/JFKS-Liederabend-27.5.2015-371-700x400.jpg\" alt=\"JFKS Liederabend 27.5.2015 (37)[1]\" width=\"700\" height=\"400\" \/><\/a><\/p>\n<p>Au\u00dferdem haben die Zehntkl\u00e4sslerinnen Laura Kinnel, Lena B\u00fcttner und Lena Holzfu\u00df. den \u201eCup-Song\u201c gesungen, bei dem sie von Darleen Reul, ebenfalls aus der 10 f, auf dem Keyboard begleitet wurden.\u00a0 Anschlie\u00dfend hatte Zera wieder einen Soloakt, der Chor trat nochmals auf. Des Weiteren wurde ein kleiner Film mit dem Namen \u201eDie Kennedy-Schule im Wandel der Zeit\u201c gezeigt. Er enthielt unter anderem ein Interview mit dem ehemaligen Kennedy-Sch\u00fcler Andr\u00e9 H\u00fcbner, der jetzt einen Harley-Davidson Laden besitzt. Darauf folgten der Chor, die Kennedy-Boys und unsere neue Konrektorin Gudrun Hildebrand mit ihrem Cello mit dem Lied \u201e50 Jahre sind ein Tag\u201c. Abschlie\u00dfend hielten Herr Mayb\u00f6hm und Herr Di Rienzo beide eine Danksagung und verschenkten au\u00dferdem T-Shirts an die Leute, denen sie besonders danken wollten.<\/p>\n<p>Zusammenfassend muss ich sagen, dass der Liederabend wirklich sch\u00f6n war und ich die n\u00e4chsten, wenn sie (hoffentlich) stattfinden, wieder besuchen werde.<\/p>\n<p><em>venu<\/em><\/p>\n<p>&nbsp;<\/p>\n<hr \/>\n<p>&nbsp;<\/p>\n<h1><strong>JFK auf dem Schulhof<\/strong><\/h1>\n<p>Bei den F\u00fcnft- und Sechstkl\u00e4sslern war gerade Lernzeit, als am 22. April 2015 eine Durchsage kam, dass wir alle f\u00fcr ein Filmchen zum 50-j\u00e4hrigen Jubil\u00e4um der JFK rauskommen sollten. Wir sind dann in die Buchstaben \u201eJ\u201c, \u201eF\u201c, \u201eK\u201c gelaufen. Leider haben ein paar Zehntkl\u00e4ssler, die auf Klassenfahrt waren, gefehlt. Ein paar haben auch gar nicht auf die Lehrer geh\u00f6rt und haben nur Bl\u00f6dsinn gemacht. Es hat auch eine gef\u00fchlte Ewigkeit gedauert, bis eine Drohne endlich in die Luft stieg und danach ist sie auch nochmal runter geflogen und dann erst nochmal hochgestiegen. Dann hat sie uns von oben gefilmt. Das Ergebnis kann sich sehen lassen. Hier seht ihr zwei Screenshots aus dem Film der Drohne. Jetzt durften wir endlich wieder in unsere Klassen gehen. Es hat uns gut gefallen, auch wenn das Ganze nicht einfach war.<\/p>\n<p><em>yawa, thpf und topf<\/em><\/p>\n<p><a href=\"http:\/\/wir-von-der-kennedy.de\/wirvonderkennedyfinal\/wp-content\/uploads\/2015\/02\/JFK-auf-dem-Schulhof-1.bmp\"><img loading=\"lazy\" decoding=\"async\" class=\" wp-image-5710 alignnone\" src=\"http:\/\/wir-von-der-kennedy.de\/wirvonderkennedyfinal\/wp-content\/uploads\/2015\/02\/JFK-auf-dem-Schulhof-1.bmp\" alt=\"JFK auf dem Schulhof 1\" width=\"500\" height=\"333\" \/><\/a><\/p>\n<p><a href=\"http:\/\/wir-von-der-kennedy.de\/wirvonderkennedyfinal\/wp-content\/uploads\/2015\/02\/JFK-auf-dem-Schulhof-2.bmp\"><img loading=\"lazy\" decoding=\"async\" class=\" wp-image-5711 alignleft\" src=\"http:\/\/wir-von-der-kennedy.de\/wirvonderkennedyfinal\/wp-content\/uploads\/2015\/02\/JFK-auf-dem-Schulhof-2.bmp\" alt=\"JFK auf dem Schulhof 2\" width=\"500\" height=\"333\" \/><\/a><\/p>\n<hr \/>\n<h1><\/h1>\n<p>&nbsp;<\/p>\n<h1><\/h1>\n<h1><\/h1>\n<h1><\/h1>\n<p>&nbsp;<\/p>\n<hr \/>\n<p>&nbsp;<\/p>\n<h1><strong>JFK meets Sofi<\/strong><\/h1>\n<p><a href=\"http:\/\/wir-von-der-kennedy.de\/wirvonderkennedyfinal\/wp-content\/uploads\/2015\/02\/Sofi.jpg\"><img loading=\"lazy\" decoding=\"async\" class=\"alignnone wp-image-5281\" src=\"http:\/\/wir-von-der-kennedy.de\/wirvonderkennedyfinal\/wp-content\/uploads\/2015\/02\/Sofi-1024x572.jpg\" alt=\"Sofi\" width=\"729\" height=\"407\" srcset=\"https:\/\/wir-von-der-kennedy.de\/wirvonderkennedyfinal\/wp-content\/uploads\/2015\/02\/Sofi-1024x572.jpg 1024w, https:\/\/wir-von-der-kennedy.de\/wirvonderkennedyfinal\/wp-content\/uploads\/2015\/02\/Sofi-300x168.jpg 300w\" sizes=\"auto, (max-width: 729px) 100vw, 729px\" \/><\/a><\/p>\n<p>Am Freitag, den 20.03.2015 gegen 10:25 hatten wir die erste Sonnenfinsternis seit 1999. Die Wahrscheinlichkeit, diese in Bad Vilbel zu beobachten, lag bei \u00a070%. Frau Logisch hatte Brillen organisiert bzw. selber gebastelt, diese an Sch\u00fcler verliehen und war sogar mit verschiedenen Lerngruppen auf den Schulhof gegangen, damit jede Klasse mal etwas von der Finsternis mitbekam. Einige Grundschullehrerinnen der Saalburgschule verliehen ebenfalls Brillen und die Grundsch\u00fcler waren auch sehr gro\u00dfz\u00fcgig beim Verleihen, da fast jeder von ihnen eine hatte. Einige unserer Lehrer schauten sich die Finsternis ebenfalls zusammen mit den Klassen an, andere wiederum erlaubten dies nicht. Es war ein tolles Erlebnis, zu beobachten, wie die Sonne immer kleiner wurde und sichelartig aussah, wie sonst nur der Mond.<\/p>\n<p><em>venu<\/em><\/p>\n<p><a href=\"http:\/\/wir-von-der-kennedy.de\/wirvonderkennedyfinal\/wp-content\/uploads\/2015\/02\/Sonnenfinsternis.jpg\"><img loading=\"lazy\" decoding=\"async\" class=\"alignnone wp-image-5291\" src=\"http:\/\/wir-von-der-kennedy.de\/wirvonderkennedyfinal\/wp-content\/uploads\/2015\/02\/Sonnenfinsternis-700x400.jpg\" alt=\"Sonnenfinsternis\" width=\"700\" height=\"400\" \/><\/a><\/p>\n<p>&nbsp;<\/p>\n<hr \/>\n<p>&nbsp;<\/p>\n<h1><strong>Literatur in der Aula<\/strong><\/h1>\n<p>Am\u00a0Dienstag, den 10.3.15, fanden in der Aula in der 5. und\u00a06. Stunde\u00a0Lesungen statt.\u00a0W\u00e4hrend dieser Lesungen stellten\u00a0vier der Literaturpreistr\u00e4ger des Jahres 2014 ihre Geschichten vor, die in einem gebundenen Buch erschienen sind. In der 5. Stunde waren wir leider nicht anwesend. Doch in der 6. Stunde hatte ich das Vergn\u00fcgen, den zwei Preistr\u00e4gerinnen Clara Nelli und Farnaz Nasiriamini bei ihren Geschichten zuzuh\u00f6ren. In Clara Nellis Geschichte \u201eVergissdeinnicht\u201c geht es um eine \u00e4ltere Frau mit Alzheimer, in Farnaz Nasiriaminis Geschichte \u201eNachts bin ich beinahe unsichtbar\u201c geht es grob gesagt um Menschen mit Migrationshintergrund. Sie l\u00e4sst eine Studentin mit nigerianischen Eltern auf die Bekannten ihres Freundes treffen.<\/p>\n<p><a href=\"http:\/\/wir-von-der-kennedy.de\/wirvonderkennedyfinal\/wp-content\/uploads\/2015\/02\/Lesung-in-der-Aula2.jpg\"><img loading=\"lazy\" decoding=\"async\" class=\"alignnone wp-image-5114 \" src=\"http:\/\/wir-von-der-kennedy.de\/wirvonderkennedyfinal\/wp-content\/uploads\/2015\/02\/Lesung-in-der-Aula2-1024x683.jpg\" alt=\"Lesung in der Aula\" width=\"693\" height=\"462\" srcset=\"https:\/\/wir-von-der-kennedy.de\/wirvonderkennedyfinal\/wp-content\/uploads\/2015\/02\/Lesung-in-der-Aula2.jpg 1024w, https:\/\/wir-von-der-kennedy.de\/wirvonderkennedyfinal\/wp-content\/uploads\/2015\/02\/Lesung-in-der-Aula2-300x200.jpg 300w\" sizes=\"auto, (max-width: 693px) 100vw, 693px\" \/><\/a><\/p>\n<p>Man ist doch immer wieder erstaunt, wenn man bedenkt, dass die Autorinnen nur wenig \u00e4lter sind als wir und richtig gute, interessante Geschichten schreiben.<\/p>\n<p>Wir danken allen vier Preistr\u00e4gerinnen, dass sie an unserer Schule diese Lesungen gehalten haben.<\/p>\n<p><a href=\"http:\/\/wir-von-der-kennedy.de\/wirvonderkennedyfinal\/wp-content\/uploads\/2015\/02\/Lesung-in-der-Aula-2.jpg\"><img loading=\"lazy\" decoding=\"async\" class=\"alignnone wp-image-5115 \" src=\"http:\/\/wir-von-der-kennedy.de\/wirvonderkennedyfinal\/wp-content\/uploads\/2015\/02\/Lesung-in-der-Aula-2-1024x575.jpg\" alt=\"Lesung in der Aula 2\" width=\"695\" height=\"390\" srcset=\"https:\/\/wir-von-der-kennedy.de\/wirvonderkennedyfinal\/wp-content\/uploads\/2015\/02\/Lesung-in-der-Aula-2.jpg 1024w, https:\/\/wir-von-der-kennedy.de\/wirvonderkennedyfinal\/wp-content\/uploads\/2015\/02\/Lesung-in-der-Aula-2-300x168.jpg 300w\" sizes=\"auto, (max-width: 695px) 100vw, 695px\" \/><\/a><\/p>\n<p><em>venu<\/em><\/p>\n<p>&nbsp;<\/p>\n<hr \/>\n<p>&nbsp;<\/p>\n<h1><strong>Modenschau<\/strong><\/h1>\n<p>Die Abschlussarbeiten sind zwar noch nicht geschrieben und die Abschlussfeier ist noch in weiter Ferne, aber die Sch\u00fclerinnen und Sch\u00fcler der Klasse 10 a R freuten sich am 6. M\u00e4rz 2015 schon mal \u00fcber ihre Abschlusspullover und Abschlussshirts. Motto: &#8222;Schule gef\u00e4hrdet die Dummheit&#8220;. Stimmt doch, oder?<\/p>\n<p><a href=\"http:\/\/wir-von-der-kennedy.de\/wirvonderkennedyfinal\/wp-content\/uploads\/2015\/02\/Abschlusspullis-der-10a.jpg\"><img loading=\"lazy\" decoding=\"async\" class=\"alignnone wp-image-5109 \" src=\"http:\/\/wir-von-der-kennedy.de\/wirvonderkennedyfinal\/wp-content\/uploads\/2015\/02\/Abschlusspullis-der-10a-1024x601.jpg\" alt=\"Abschlusspullis der 10a\" width=\"732\" height=\"429\" srcset=\"https:\/\/wir-von-der-kennedy.de\/wirvonderkennedyfinal\/wp-content\/uploads\/2015\/02\/Abschlusspullis-der-10a-1024x601.jpg 1024w, https:\/\/wir-von-der-kennedy.de\/wirvonderkennedyfinal\/wp-content\/uploads\/2015\/02\/Abschlusspullis-der-10a-300x176.jpg 300w\" sizes=\"auto, (max-width: 732px) 100vw, 732px\" \/><\/a><\/p>\n<p><em>whz<\/em><\/p>\n<p>&nbsp;<\/p>\n<hr \/>\n<p>&nbsp;<\/p>\n<h1><strong>27\u00a0mal 1<\/strong><\/h1>\n<p>In den letzten Jahren fanden die zu den Abschlusspr\u00fcfungen geh\u00f6renden Pr\u00e4sentationen der 9H und 10R immer Ende November bzw. Anfang Dezember statt. Weil aber das Schuljahr 2014\/15 so ein kurzes erstes Halbjahr hatte, wurden die Pr\u00e4sentationen von der Schulleitung auf den Beginn des zweiten Halbjahres gelegt.<\/p>\n<p>Die 25 Sch\u00fclerinnen und Sch\u00fcler des Hauptschulzweiges m\u00fcssen ihre Pr\u00e4sentationen in Gruppen halten. Themen waren dieses Mal unter anderem Magersucht, Drogensucht oder auch Schlaf. Im Durchschnitt erhielten die H-Sch\u00fcler die Note 3,04.<\/p>\n<p>In der Realschule steht die Sch\u00fclerin oder der Sch\u00fcler ganz alleine vor der Pr\u00fcfungskommission, die aus drei Personen besteht: der vom Sch\u00fcler selbst gew\u00e4hlte Pr\u00fcfer, ein Mitglied der Schulleitung und ein Protokollant. 27 von 92 Pr\u00e4sentationen wurden dieses Jahr mit der Traumnote 1 bewertet. Das sind fast 30 % aller Pr\u00e4sentationen. Die Durchschnittsnote ist 2,47.<\/p>\n<p><a href=\"http:\/\/wir-von-der-kennedy.de\/wirvonderkennedyfinal\/wp-content\/uploads\/2015\/02\/Pr\u00e4sentation-Diagramm-15.jpg\" rel=\"attachment wp-att-5060\"><img loading=\"lazy\" decoding=\"async\" class=\"alignnone  wp-image-5060\" src=\"http:\/\/wir-von-der-kennedy.de\/wirvonderkennedyfinal\/wp-content\/uploads\/2015\/02\/Pr\u00e4sentation-Diagramm-15-300x188.jpg\" alt=\"Pr\u00e4sentation Diagramm 15\" width=\"465\" height=\"291\" srcset=\"https:\/\/wir-von-der-kennedy.de\/wirvonderkennedyfinal\/wp-content\/uploads\/2015\/02\/Pr\u00e4sentation-Diagramm-15-300x188.jpg 300w, https:\/\/wir-von-der-kennedy.de\/wirvonderkennedyfinal\/wp-content\/uploads\/2015\/02\/Pr\u00e4sentation-Diagramm-15.jpg 619w\" sizes=\"auto, (max-width: 465px) 100vw, 465px\" \/><\/a><\/p>\n<p>&nbsp;<\/p>\n<p>Darunter fanden sich so spannende und ungew\u00f6hnliche Themen wie: Leben in der Sahelzone, Illegale Fl\u00fcchtlinge aus Afrika, Cybermobbing, Diabetes, B\u00fcndische Jugend, Frauenboxen, Umgang mit Tieren in der Fleischproduktion, Korruption bei der FIFA, Investitionspolitik der Deutschen Bahn oder Physikalische Fehler in Science-Fiction-Filmen!<\/p>\n<p><em>lesch &amp; whz<\/em><\/p>\n<hr \/>\n","protected":false},"excerpt":{"rendered":"<p>Abschlussfahrt nach Kroatien Eine gro\u00dfartige Woche verbrachten die beiden Abschlussklassen 10a und 10f in Begleitung von Meike Wolf, Herrn Maienschein und Herrn Wolfsholz Ende Juni 2015 in Kroatien. Wetter, Unterkunft, Verpflegung und Ausfl\u00fcge waren top. Lediglich das Sezieren von Katzenhaien beim meeresbiologischen Workshop stie\u00df auf geteiltes Echo \ud83d\ude42 !!! Auf dem Foto ist die ganze&#8230; <\/p>\n<div class=\"clear\"><\/div>\n<p><a href=\"https:\/\/wir-von-der-kennedy.de\/wirvonderkennedyfinal\/schuelerzeitung\/neues-aus-der-schule\/schuljahr-20142015-2-halbjahr\/\" class=\"gdlr-info-font excerpt-read-more\">Read More<\/a><\/p>\n","protected":false},"author":2,"featured_media":0,"parent":160,"menu_order":0,"comment_status":"closed","ping_status":"closed","template":"","meta":{"_crdt_document":"","footnotes":""},"class_list":["post-4184","page","type-page","status-publish","hentry"],"_links":{"self":[{"href":"https:\/\/wir-von-der-kennedy.de\/wirvonderkennedyfinal\/wp-json\/wp\/v2\/pages\/4184","targetHints":{"allow":["GET"]}}],"collection":[{"href":"https:\/\/wir-von-der-kennedy.de\/wirvonderkennedyfinal\/wp-json\/wp\/v2\/pages"}],"about":[{"href":"https:\/\/wir-von-der-kennedy.de\/wirvonderkennedyfinal\/wp-json\/wp\/v2\/types\/page"}],"author":[{"embeddable":true,"href":"https:\/\/wir-von-der-kennedy.de\/wirvonderkennedyfinal\/wp-json\/wp\/v2\/users\/2"}],"replies":[{"embeddable":true,"href":"https:\/\/wir-von-der-kennedy.de\/wirvonderkennedyfinal\/wp-json\/wp\/v2\/comments?post=4184"}],"version-history":[{"count":66,"href":"https:\/\/wir-von-der-kennedy.de\/wirvonderkennedyfinal\/wp-json\/wp\/v2\/pages\/4184\/revisions"}],"predecessor-version":[{"id":6420,"href":"https:\/\/wir-von-der-kennedy.de\/wirvonderkennedyfinal\/wp-json\/wp\/v2\/pages\/4184\/revisions\/6420"}],"up":[{"embeddable":true,"href":"https:\/\/wir-von-der-kennedy.de\/wirvonderkennedyfinal\/wp-json\/wp\/v2\/pages\/160"}],"wp:attachment":[{"href":"https:\/\/wir-von-der-kennedy.de\/wirvonderkennedyfinal\/wp-json\/wp\/v2\/media?parent=4184"}],"curies":[{"name":"wp","href":"https:\/\/api.w.org\/{rel}","templated":true}]}}