{"id":47,"date":"2015-02-22T01:01:22","date_gmt":"2015-02-22T00:01:22","guid":{"rendered":"http:\/\/wir-von-der-kennedy.de\/wirvonderkennedy\/?page_id=47"},"modified":"2017-03-15T17:11:24","modified_gmt":"2017-03-15T16:11:24","slug":"hauptschule","status":"publish","type":"page","link":"https:\/\/wir-von-der-kennedy.de\/wirvonderkennedyfinal\/schulprofil\/schulformen\/hauptschule\/","title":{"rendered":"F\u00f6rderstufe"},"content":{"rendered":"<h3>F\u00f6rderstufe (Klasse 5+6)<\/h3>\n<div class=\"floatbox\">\n<div>\n<p>Die F\u00f6rderstufe ist die richtige Schulform f\u00fcr die Sch\u00fclerinnen und Sch\u00fcler, denen die Grundschule am Ende des vierten Schuljahres einen problemlosen gymnasialen Bildungsweg nicht voraussagen kann.<\/p>\n<p>Sie ist auch die richtige Schulform, wenn Eltern m\u00f6chten, dass ihr Kind eine andauernd erfreuliche Schulzeit erlebt und das sogar ohne den Druck von Hausaufgaben. Die Schulaufgaben werden gemeinsam im Klassenverband in der einst\u00fcndigen Lernzeit mit einer Lehrkraft und einer weiteren Fachkraft erledigt. Es sind Kinder, von denen auf Grund ihres bisher gezeigten Arbeitsverhaltens, ihrer F\u00e4higkeiten und Kenntnisse angenommen werden kann, dass sie den Realschulabschluss oder den Hauptschulabschluss erreichen k\u00f6nnen.<\/p>\n<p>Es sind aber auch Kinder, von denen man erwarten kann, dass sie, einen entsprechenden und ausdauernden Arbeitseifer vorausgesetzt, nach der Klasse 10 in eine gymnasiale Oberstufe oder eine Fachoberschule \u00fcbergehen k\u00f6nnen.<\/p>\n<p>Die F\u00f6rderstufe reagiert flexibel auf die individuellen Entwicklungen der Kinder und gibt ihnen so 2 Jahre l\u00e4nger Zeit, bevor eine Bildungswegentscheidung getroffen wird und erm\u00f6glicht somit dem Kind einen \u201esanften\u201c \u00dcbergang in die weiterf\u00fchrende Schule. Unser Ziel ist es, den Sch\u00fclerinnen und Sch\u00fclern einen erfolgreichen Einstieg in weiterf\u00fchrende Bildungsg\u00e4nge nach der Klasse 6 der F\u00f6rderstufe zu erm\u00f6glichen.<\/p>\n<p><strong>Klassenunterricht in der F\u00f6rderstufe <\/strong><\/p>\n<p>In allen F\u00e4chern au\u00dfer Mathematik und Englisch werden die Kinder zwei Jahre lang im Klassenverband unterrichtet. Der Unterricht im Fach Deutsch und in mindestens zwei weiteren F\u00e4chern liegt in der Hand des Klassenlehrers bzw. der Klassenlehrerin.<\/p>\n<p><a href=\"http:\/\/wir-von-der-kennedy.de\/wirvonderkennedyfinal\/wp-content\/uploads\/2015\/02\/Zeittafel-F\u00f6rderstufe.bmp\"><img loading=\"lazy\" decoding=\"async\" class=\"alignnone wp-image-7185\" src=\"http:\/\/wir-von-der-kennedy.de\/wirvonderkennedyfinal\/wp-content\/uploads\/2015\/02\/Zeittafel-F\u00f6rderstufe.bmp\" alt=\"\" width=\"300\" height=\"195\" \/><\/a><\/p>\n<\/div>\n<\/div>\n<p><strong>Kursunterricht in der F\u00f6rderstufe <\/strong><\/p>\n<div class=\"floatbox\">\n<div>\n<p>Zu Beginn des zweiten Halbjahres in Klasse 5 werden in den F\u00e4chern Englisch und Mathematik, entsprechend den zentralen Bildungsg\u00e4ngen, Kurse auf zwei Anspruchsebenen eingerichtet (Grundkurs oder Erweiterungskurs). Die Grundlagen sind in beiden Kursen gleich, der Erweiterungskurs vermittelt dar\u00fcber hinaus vertiefende Aspekte. Bei der ersten Einstufung in die Kurse haben die Eltern das Entscheidungsrecht dar\u00fcber, welchen Kurs ihr Kind besuchen soll. Vor dieser Entscheidung findet eine ausf\u00fchrliche Beratung durch die Lehrkr\u00e4fte am Elternsprechtag der Stufe 5 statt.<\/p>\n<p>Umstufungen zwischen den Kursen werden nur einmal w\u00e4hrend eines Schulhalbjahres vorgenommen, wobei die Erziehungsberechtigten vorher schriftlich informiert und beraten werden.<\/p>\n<p><strong>F\u00f6rderkurse <\/strong><\/p>\n<p>\u00dcber den Pflichtunterricht hinaus werden den Kindern in der Regel in den F\u00e4chern Deutsch, Englisch und Mathematik einst\u00fcndige F\u00f6rderkurse auf zwei Leistungsniveaus, entsprechend dem Grundkurs und Erweiterungskurs angeboten.<\/p>\n<p><strong>F\u00f6rderkurs f\u00fcr Kinder mit LRS<\/strong><\/p>\n<p>Kinder mit besonderen Schwierigkeiten im Lesen, Schreiben und Rechtschreiben (LRS) erhalten einen speziellen F\u00f6rderunterricht in Kleingruppen.<\/p>\n<p><strong>Schullaufbahnentscheidung <\/strong><\/p>\n<p>Zusammen mit dem Zwischenzeugnis der Stufe 6 bekommen die Eltern eine schriftliche Information \u00fcber den aktuellen Leistungsstand des Kindes und dessen wahrscheinlich zu erwartenden Bildungsweg. Am Ende des 6. Schuljahres entscheidet die Klassenkonferenz endg\u00fcltig \u00fcber die folgende Schulform der Sch\u00fclerinnen und Sch\u00fcler. Eine ausf\u00fchrliche Beratung der Eltern erfolgt durch die Lehrkr\u00e4fte am Elternsprechtag der Stufe 6.<\/p>\n<p><strong>Lesepaten<\/strong><\/p>\n<p>Durch unser Lesepaten-Projekt haben die Kinder, die noch \u00dcbung und Unterst\u00fctzung beim Lesen brauchen, die M\u00f6glichkeit sich spielerisch zu verbessern. Hilfe bekommen sie dabei von aktiven Senioren und Seniorinnen aus Bad Vilbel. Nebenbei werden so Kontakte zwischen den Generationen gepflegt.<\/p>\n<p><strong>\u201eDeutsch zum Anfassen\u201c<\/strong><\/p>\n<p>Diese Projekt im Fach Deutsch ist ein zus\u00e4tzliches, freiwilliges Angebot speziell f\u00fcr Kinder, die ihre F\u00e4higkeiten in Deutsch weiter steigern m\u00f6chten. Hier findet eine sehr differenzierte, individuelle F\u00f6rderung des Kindes statt.<\/p>\n<p><strong>Vorlesewettbewerb<\/strong><\/p>\n<p>Mit dem Vorlesewettbewerb der 6.Klassen beteiligt sich die F\u00f6rderstufe\u00a0 an einem kreisweiten Ausscheidungsverfahren.<\/p>\n<p>&nbsp;<\/p>\n<\/div>\n<\/div>\n","protected":false},"excerpt":{"rendered":"<p>F\u00f6rderstufe (Klasse 5+6) Die F\u00f6rderstufe ist die richtige Schulform f\u00fcr die Sch\u00fclerinnen und Sch\u00fcler, denen die Grundschule am Ende des vierten Schuljahres einen problemlosen gymnasialen Bildungsweg nicht voraussagen kann. Sie ist auch die richtige Schulform, wenn Eltern m\u00f6chten, dass ihr Kind eine andauernd erfreuliche Schulzeit erlebt und das sogar ohne den Druck von Hausaufgaben. Die&#8230; <\/p>\n<div class=\"clear\"><\/div>\n<p><a href=\"https:\/\/wir-von-der-kennedy.de\/wirvonderkennedyfinal\/schulprofil\/schulformen\/hauptschule\/\" class=\"gdlr-info-font excerpt-read-more\">Read More<\/a><\/p>\n","protected":false},"author":16,"featured_media":0,"parent":3535,"menu_order":0,"comment_status":"closed","ping_status":"closed","template":"","meta":{"_crdt_document":"","footnotes":""},"class_list":["post-47","page","type-page","status-publish","hentry"],"_links":{"self":[{"href":"https:\/\/wir-von-der-kennedy.de\/wirvonderkennedyfinal\/wp-json\/wp\/v2\/pages\/47","targetHints":{"allow":["GET"]}}],"collection":[{"href":"https:\/\/wir-von-der-kennedy.de\/wirvonderkennedyfinal\/wp-json\/wp\/v2\/pages"}],"about":[{"href":"https:\/\/wir-von-der-kennedy.de\/wirvonderkennedyfinal\/wp-json\/wp\/v2\/types\/page"}],"author":[{"embeddable":true,"href":"https:\/\/wir-von-der-kennedy.de\/wirvonderkennedyfinal\/wp-json\/wp\/v2\/users\/16"}],"replies":[{"embeddable":true,"href":"https:\/\/wir-von-der-kennedy.de\/wirvonderkennedyfinal\/wp-json\/wp\/v2\/comments?post=47"}],"version-history":[{"count":7,"href":"https:\/\/wir-von-der-kennedy.de\/wirvonderkennedyfinal\/wp-json\/wp\/v2\/pages\/47\/revisions"}],"predecessor-version":[{"id":14310,"href":"https:\/\/wir-von-der-kennedy.de\/wirvonderkennedyfinal\/wp-json\/wp\/v2\/pages\/47\/revisions\/14310"}],"up":[{"embeddable":true,"href":"https:\/\/wir-von-der-kennedy.de\/wirvonderkennedyfinal\/wp-json\/wp\/v2\/pages\/3535"}],"wp:attachment":[{"href":"https:\/\/wir-von-der-kennedy.de\/wirvonderkennedyfinal\/wp-json\/wp\/v2\/media?parent=47"}],"curies":[{"name":"wp","href":"https:\/\/api.w.org\/{rel}","templated":true}]}}