{"id":4942,"date":"2015-02-27T14:34:18","date_gmt":"2015-02-27T13:34:18","guid":{"rendered":"http:\/\/wir-von-der-kennedy.de\/wirvonderkennedyfinal\/?page_id=4942"},"modified":"2021-01-23T15:07:49","modified_gmt":"2021-01-23T14:07:49","slug":"schueler","status":"publish","type":"page","link":"https:\/\/wir-von-der-kennedy.de\/wirvonderkennedyfinal\/schueler\/","title":{"rendered":"Sch\u00fcler"},"content":{"rendered":"<p>Sch\u00fcler*innen sind nat\u00fcrlich das Wichtigste an der JFK. Ohne euch g\u00e4b&#8217;s ja gar keine Schule &#8211; logisch.<br \/>\nUnter der Rubrik &#8222;Sch\u00fcler&#8220; findet ihr Informationen \u00fcber eure SV, alle wichtigen Termine des laufenden Schuljahres, Formulare und Schreiben zum Herunterladen und den Kontakt zur Berufsberatung.<\/p>\n<p>&nbsp;<\/p>\n","protected":false},"excerpt":{"rendered":"<p>Sch\u00fcler*innen sind nat\u00fcrlich das Wichtigste an der JFK. Ohne euch g\u00e4b&#8217;s ja gar keine Schule &#8211; logisch. Unter der Rubrik &#8222;Sch\u00fcler&#8220; findet ihr Informationen \u00fcber eure SV, alle wichtigen Termine des laufenden Schuljahres, Formulare und Schreiben zum Herunterladen und den Kontakt zur Berufsberatung. &nbsp;<\/p>\n","protected":false},"author":16,"featured_media":0,"parent":0,"menu_order":0,"comment_status":"closed","ping_status":"closed","template":"","meta":{"_crdt_document":"","footnotes":""},"class_list":["post-4942","page","type-page","status-publish","hentry"],"_links":{"self":[{"href":"https:\/\/wir-von-der-kennedy.de\/wirvonderkennedyfinal\/wp-json\/wp\/v2\/pages\/4942","targetHints":{"allow":["GET"]}}],"collection":[{"href":"https:\/\/wir-von-der-kennedy.de\/wirvonderkennedyfinal\/wp-json\/wp\/v2\/pages"}],"about":[{"href":"https:\/\/wir-von-der-kennedy.de\/wirvonderkennedyfinal\/wp-json\/wp\/v2\/types\/page"}],"author":[{"embeddable":true,"href":"https:\/\/wir-von-der-kennedy.de\/wirvonderkennedyfinal\/wp-json\/wp\/v2\/users\/16"}],"replies":[{"embeddable":true,"href":"https:\/\/wir-von-der-kennedy.de\/wirvonderkennedyfinal\/wp-json\/wp\/v2\/comments?post=4942"}],"version-history":[{"count":3,"href":"https:\/\/wir-von-der-kennedy.de\/wirvonderkennedyfinal\/wp-json\/wp\/v2\/pages\/4942\/revisions"}],"predecessor-version":[{"id":11812,"href":"https:\/\/wir-von-der-kennedy.de\/wirvonderkennedyfinal\/wp-json\/wp\/v2\/pages\/4942\/revisions\/11812"}],"wp:attachment":[{"href":"https:\/\/wir-von-der-kennedy.de\/wirvonderkennedyfinal\/wp-json\/wp\/v2\/media?parent=4942"}],"curies":[{"name":"wp","href":"https:\/\/api.w.org\/{rel}","templated":true}]}}