{"id":5064,"date":"2015-03-03T15:10:48","date_gmt":"2015-03-03T14:10:48","guid":{"rendered":"http:\/\/wir-von-der-kennedy.de\/wirvonderkennedyfinal\/?page_id=5064"},"modified":"2017-03-21T18:10:07","modified_gmt":"2017-03-21T17:10:07","slug":"frau-weber","status":"publish","type":"page","link":"https:\/\/wir-von-der-kennedy.de\/wirvonderkennedyfinal\/schuelerzeitung\/das-lehrerfreundebuch\/frau-weber\/","title":{"rendered":"Frau Weber"},"content":{"rendered":"<h2><strong>Das Lehrerfreundebuch<\/strong><\/h2>\n<h4><em>Ein Fragebogen der Sechstkl\u00e4ssler der Sch\u00fclerzeitung 2014\/15<\/em><\/h4>\n<h1><strong>Frau Weber hat ein Herz f\u00fcr Kinder!<\/strong><\/h1>\n<p><a href=\"http:\/\/wir-von-der-kennedy.de\/wirvonderkennedyfinal\/wp-content\/uploads\/2015\/03\/Frau-Weber-2-komprimiert.jpg\"><img loading=\"lazy\" decoding=\"async\" class=\"alignnone wp-image-5090 size-portrait\" src=\"http:\/\/wir-von-der-kennedy.de\/wirvonderkennedyfinal\/wp-content\/uploads\/2015\/03\/Frau-Weber-2-komprimiert-440x550.jpg\" alt=\"Frau Weber 2 komprimiert\" width=\"440\" height=\"550\" \/><\/a><\/p>\n<ol>\n<li>Name: Nicole Weber<\/li>\n<li>Alter: 46<\/li>\n<li>Was wollten sie werden, als sie klein waren: Lehrerin oder Tier\u00e4rztin<\/li>\n<li>Wieso sind sie Lehrer geworden? Weil ich allergisch auf Tierhaare bin und weil ich gerne mit Kindern und Jugendlichen arbeite und ihnen etwas beibringe m\u00f6chte.<\/li>\n<li>Was ist ihr gr\u00f6\u00dfter Wunsch f\u00fcr die Zukunft? Ein gesundes und langes Leben.<\/li>\n<li>Lieblingsfarbe: Blau<\/li>\n<li>Lieblingstier: Hund<\/li>\n<li>Was ist ihr Lieblingsessen? Schnitzel mit Pommes und So\u00dfe<\/li>\n<li>Was ist ihr Lieblingsbuch? Diverse Krimis<\/li>\n<li>Was ist ihr Lieblingsfilm? \u201eDer Club der toten Dichter\u201c<\/li>\n<li>Was war als Kind ihr Lieblingsfach? Sport, Bio<\/li>\n<li>Was ist ihr Lieblingsgetr\u00e4nk? Wasser<\/li>\n<li>Wer ist ihr gr\u00f6\u00dftes Vorbild? \/<\/li>\n<li>Was ist ihre Lieblingszahl? \/<\/li>\n<li>Wie stellen sie sich die Schule in der Zukunft vor? Als einen Ort, an dem alle gerne zusammen sind und viel f\u00fcr das wahre Leben lernen. Eine gro\u00dfe Gemeinschaft , die zusammen lernt und dabei Spa\u00df hat.<\/li>\n<\/ol>\n<p><em>Vielen Dank!<\/em><\/p>\n","protected":false},"excerpt":{"rendered":"<p>Das Lehrerfreundebuch Ein Fragebogen der Sechstkl\u00e4ssler der Sch\u00fclerzeitung 2014\/15 Frau Weber hat ein Herz f\u00fcr Kinder! Name: Nicole Weber Alter: 46 Was wollten sie werden, als sie klein waren: Lehrerin oder Tier\u00e4rztin Wieso sind sie Lehrer geworden? Weil ich allergisch auf Tierhaare bin und weil ich gerne mit Kindern und Jugendlichen arbeite und ihnen etwas&#8230; <\/p>\n<div class=\"clear\"><\/div>\n<p><a href=\"https:\/\/wir-von-der-kennedy.de\/wirvonderkennedyfinal\/schuelerzeitung\/das-lehrerfreundebuch\/frau-weber\/\" class=\"gdlr-info-font excerpt-read-more\">Read More<\/a><\/p>\n","protected":false},"author":2,"featured_media":0,"parent":169,"menu_order":0,"comment_status":"closed","ping_status":"closed","template":"","meta":{"_crdt_document":"","footnotes":""},"class_list":["post-5064","page","type-page","status-publish","hentry"],"_links":{"self":[{"href":"https:\/\/wir-von-der-kennedy.de\/wirvonderkennedyfinal\/wp-json\/wp\/v2\/pages\/5064","targetHints":{"allow":["GET"]}}],"collection":[{"href":"https:\/\/wir-von-der-kennedy.de\/wirvonderkennedyfinal\/wp-json\/wp\/v2\/pages"}],"about":[{"href":"https:\/\/wir-von-der-kennedy.de\/wirvonderkennedyfinal\/wp-json\/wp\/v2\/types\/page"}],"author":[{"embeddable":true,"href":"https:\/\/wir-von-der-kennedy.de\/wirvonderkennedyfinal\/wp-json\/wp\/v2\/users\/2"}],"replies":[{"embeddable":true,"href":"https:\/\/wir-von-der-kennedy.de\/wirvonderkennedyfinal\/wp-json\/wp\/v2\/comments?post=5064"}],"version-history":[{"count":10,"href":"https:\/\/wir-von-der-kennedy.de\/wirvonderkennedyfinal\/wp-json\/wp\/v2\/pages\/5064\/revisions"}],"predecessor-version":[{"id":7236,"href":"https:\/\/wir-von-der-kennedy.de\/wirvonderkennedyfinal\/wp-json\/wp\/v2\/pages\/5064\/revisions\/7236"}],"up":[{"embeddable":true,"href":"https:\/\/wir-von-der-kennedy.de\/wirvonderkennedyfinal\/wp-json\/wp\/v2\/pages\/169"}],"wp:attachment":[{"href":"https:\/\/wir-von-der-kennedy.de\/wirvonderkennedyfinal\/wp-json\/wp\/v2\/media?parent=5064"}],"curies":[{"name":"wp","href":"https:\/\/api.w.org\/{rel}","templated":true}]}}