{"id":5143,"date":"2015-03-16T16:57:17","date_gmt":"2015-03-16T15:57:17","guid":{"rendered":"http:\/\/wir-von-der-kennedy.de\/wirvonderkennedyfinal\/?page_id=5143"},"modified":"2015-03-25T16:31:04","modified_gmt":"2015-03-25T15:31:04","slug":"50-jahre-jfk-newsticker","status":"publish","type":"page","link":"https:\/\/wir-von-der-kennedy.de\/wirvonderkennedyfinal\/50-jahre-jfk-newsticker\/","title":{"rendered":"Projekte"},"content":{"rendered":"<p>Unsere Schule versteht sich generell als offener Bestandteil des st\u00e4dtischen Lebens in Bad Vilbel. Da uns bekannt ist, dass Projektarbeit f\u00fcr Sch\u00fclerinnen und Sch\u00fcler generell nachhaltige Eindr\u00fccke hinterl\u00e4sst, nehmen wir gerne reizvolle Gelegenheiten f\u00fcr neue Projekte und Kooperationen wahr. Neben der Entdeckung neuer Talente bietet sich f\u00fcr\u00a0die Jugendlichen die Chance, ungewohnte Erfahrungen zu machen, die mitunter auch bei der sp\u00e4teren Berufswahl helfen k\u00f6nnen.<\/p>\n","protected":false},"excerpt":{"rendered":"<p>Unsere Schule versteht sich generell als offener Bestandteil des st\u00e4dtischen Lebens in Bad Vilbel. Da uns bekannt ist, dass Projektarbeit f\u00fcr Sch\u00fclerinnen und Sch\u00fcler generell nachhaltige Eindr\u00fccke hinterl\u00e4sst, nehmen wir gerne reizvolle Gelegenheiten f\u00fcr neue Projekte und Kooperationen wahr. Neben der Entdeckung neuer Talente bietet sich f\u00fcr\u00a0die Jugendlichen die Chance, ungewohnte Erfahrungen zu machen, die&#8230; <\/p>\n<div class=\"clear\"><\/div>\n<p><a href=\"https:\/\/wir-von-der-kennedy.de\/wirvonderkennedyfinal\/50-jahre-jfk-newsticker\/\" class=\"gdlr-info-font excerpt-read-more\">Read More<\/a><\/p>\n","protected":false},"author":3,"featured_media":0,"parent":0,"menu_order":0,"comment_status":"closed","ping_status":"closed","template":"","meta":{"_crdt_document":"","footnotes":""},"class_list":["post-5143","page","type-page","status-publish","hentry"],"_links":{"self":[{"href":"https:\/\/wir-von-der-kennedy.de\/wirvonderkennedyfinal\/wp-json\/wp\/v2\/pages\/5143","targetHints":{"allow":["GET"]}}],"collection":[{"href":"https:\/\/wir-von-der-kennedy.de\/wirvonderkennedyfinal\/wp-json\/wp\/v2\/pages"}],"about":[{"href":"https:\/\/wir-von-der-kennedy.de\/wirvonderkennedyfinal\/wp-json\/wp\/v2\/types\/page"}],"author":[{"embeddable":true,"href":"https:\/\/wir-von-der-kennedy.de\/wirvonderkennedyfinal\/wp-json\/wp\/v2\/users\/3"}],"replies":[{"embeddable":true,"href":"https:\/\/wir-von-der-kennedy.de\/wirvonderkennedyfinal\/wp-json\/wp\/v2\/comments?post=5143"}],"version-history":[{"count":11,"href":"https:\/\/wir-von-der-kennedy.de\/wirvonderkennedyfinal\/wp-json\/wp\/v2\/pages\/5143\/revisions"}],"predecessor-version":[{"id":5299,"href":"https:\/\/wir-von-der-kennedy.de\/wirvonderkennedyfinal\/wp-json\/wp\/v2\/pages\/5143\/revisions\/5299"}],"wp:attachment":[{"href":"https:\/\/wir-von-der-kennedy.de\/wirvonderkennedyfinal\/wp-json\/wp\/v2\/media?parent=5143"}],"curies":[{"name":"wp","href":"https:\/\/api.w.org\/{rel}","templated":true}]}}