{"id":5277,"date":"2015-03-24T13:57:57","date_gmt":"2015-03-24T12:57:57","guid":{"rendered":"http:\/\/wir-von-der-kennedy.de\/wirvonderkennedyfinal\/?page_id=5277"},"modified":"2017-03-21T18:07:20","modified_gmt":"2017-03-21T17:07:20","slug":"herr-bernges-2","status":"publish","type":"page","link":"https:\/\/wir-von-der-kennedy.de\/wirvonderkennedyfinal\/herr-bernges-2\/","title":{"rendered":"Herr Bernges"},"content":{"rendered":"<h2><strong>Das Lehrerfreundebuch<\/strong><\/h2>\n<h4><em>Ein Fragebogen der Sechstkl\u00e4ssler der Sch\u00fclerzeitung 2014\/15<\/em><\/h4>\n<h1><strong>Klaviermusik f\u00fcr Stummfilmstars<\/strong><\/h1>\n<p><a href=\"http:\/\/wir-von-der-kennedy.de\/wirvonderkennedyfinal\/wp-content\/uploads\/2015\/03\/Norbert-Bernges.jpg\"><img loading=\"lazy\" decoding=\"async\" class=\"alignnone wp-image-5301 size-portrait\" src=\"http:\/\/wir-von-der-kennedy.de\/wirvonderkennedyfinal\/wp-content\/uploads\/2015\/03\/Norbert-Bernges-440x550.jpg\" alt=\"Norbert Bernges\" width=\"440\" height=\"550\" \/><\/a><\/p>\n<ol>\n<li>Name: Norbert Bernges<\/li>\n<li>Alter: 49<\/li>\n<li>Was wollten sie werden, als sie klein waren? Orgel- und\/oder Klavierbauer<\/li>\n<li>Wieso sind sie Lehrer geworden? Ich wollte gerne mit Kindern arbeiten, nachdem ich in einem Jugendzentrum meinen Zivildienst abgeleistet hatte.<\/li>\n<li>Was ist ihr gr\u00f6\u00dfter Wunsch f\u00fcr die Zukunft? Gerechtigkeit, Gesundheit<\/li>\n<li>Lieblingsfarbe: Blau und Gelb<\/li>\n<li>Lieblingstier: alle Tiere<\/li>\n<li>Was ist ihr Lieblingsessen? Pizza und Pasta<\/li>\n<li>Was ist ihr Lieblingsbuch? \u201eKapuzinergruft\u201c von Joseph Roth<\/li>\n<li>Was ist ihr Lieblingsfilm? Filme mit Harold Lloyd und Buster Keaton<\/li>\n<li>Was war als Kind ihr Lieblingsfach? Musik<\/li>\n<li>Was ist ihr Lieblingsgetr\u00e4nk? Kaffee und Tee<\/li>\n<li>Wer ist ihr gr\u00f6\u00dftes Vorbild? Mahatma Gandhi<\/li>\n<li>Was ist ihre Lieblingszahl? 78<\/li>\n<li>Wie stellen sie sich die Schule in der Zukunft vor? Eine Schule mit kleineren Lerngruppen!<\/li>\n<\/ol>\n<p><em>Vielen Dank!<\/em><\/p>\n","protected":false},"excerpt":{"rendered":"<p>Das Lehrerfreundebuch Ein Fragebogen der Sechstkl\u00e4ssler der Sch\u00fclerzeitung 2014\/15 Klaviermusik f\u00fcr Stummfilmstars Name: Norbert Bernges Alter: 49 Was wollten sie werden, als sie klein waren? Orgel- und\/oder Klavierbauer Wieso sind sie Lehrer geworden? Ich wollte gerne mit Kindern arbeiten, nachdem ich in einem Jugendzentrum meinen Zivildienst abgeleistet hatte. Was ist ihr gr\u00f6\u00dfter Wunsch f\u00fcr die&#8230; <\/p>\n<div class=\"clear\"><\/div>\n<p><a href=\"https:\/\/wir-von-der-kennedy.de\/wirvonderkennedyfinal\/herr-bernges-2\/\" class=\"gdlr-info-font excerpt-read-more\">Read More<\/a><\/p>\n","protected":false},"author":2,"featured_media":0,"parent":0,"menu_order":0,"comment_status":"closed","ping_status":"closed","template":"","meta":{"_crdt_document":"","footnotes":""},"class_list":["post-5277","page","type-page","status-publish","hentry"],"_links":{"self":[{"href":"https:\/\/wir-von-der-kennedy.de\/wirvonderkennedyfinal\/wp-json\/wp\/v2\/pages\/5277","targetHints":{"allow":["GET"]}}],"collection":[{"href":"https:\/\/wir-von-der-kennedy.de\/wirvonderkennedyfinal\/wp-json\/wp\/v2\/pages"}],"about":[{"href":"https:\/\/wir-von-der-kennedy.de\/wirvonderkennedyfinal\/wp-json\/wp\/v2\/types\/page"}],"author":[{"embeddable":true,"href":"https:\/\/wir-von-der-kennedy.de\/wirvonderkennedyfinal\/wp-json\/wp\/v2\/users\/2"}],"replies":[{"embeddable":true,"href":"https:\/\/wir-von-der-kennedy.de\/wirvonderkennedyfinal\/wp-json\/wp\/v2\/comments?post=5277"}],"version-history":[{"count":7,"href":"https:\/\/wir-von-der-kennedy.de\/wirvonderkennedyfinal\/wp-json\/wp\/v2\/pages\/5277\/revisions"}],"predecessor-version":[{"id":7231,"href":"https:\/\/wir-von-der-kennedy.de\/wirvonderkennedyfinal\/wp-json\/wp\/v2\/pages\/5277\/revisions\/7231"}],"wp:attachment":[{"href":"https:\/\/wir-von-der-kennedy.de\/wirvonderkennedyfinal\/wp-json\/wp\/v2\/media?parent=5277"}],"curies":[{"name":"wp","href":"https:\/\/api.w.org\/{rel}","templated":true}]}}