{"id":5750,"date":"2015-06-15T10:09:56","date_gmt":"2015-06-15T08:09:56","guid":{"rendered":"http:\/\/wir-von-der-kennedy.de\/wirvonderkennedyfinal\/?page_id=5750"},"modified":"2022-05-06T21:54:16","modified_gmt":"2022-05-06T19:54:16","slug":"schuelerbibliothek","status":"publish","type":"page","link":"https:\/\/wir-von-der-kennedy.de\/wirvonderkennedyfinal\/schuelerbibliothek\/","title":{"rendered":"Sch\u00fclerb\u00fccherei"},"content":{"rendered":"\n<p class=\"wp-block-paragraph\">Liebe Sch\u00fclerinnen und Sch\u00fcler,<\/p>\n\n\n\n<p class=\"wp-block-paragraph\">herzlich willkommen auf unserer Seite der Schulhomepage.<\/p>\n\n\n\n<p class=\"wp-block-paragraph\">Die Sch\u00fclerb\u00fccherei ist ein wichtiger Bestandteil der John-F.-Kennedy-Schule. Sie befindet sich im Mensageb\u00e4ude und ist in den gro\u00dfen Pausen und in den Mittagspausen (au\u00dfer freitags) f\u00fcr euch ge\u00f6ffnet.<\/p>\n\n\n\n<p class=\"wp-block-paragraph\">Dann k\u00f6nnt ihr in unserem Angebot schm\u00f6kern, B\u00fccher ausleihen oder zur\u00fcckgeben. <strong>Zum Ausleihen und Zur\u00fcckgeben von B\u00fcchern braucht ihr<\/strong> <strong>immer einen Sch\u00fclerausweis, den ihr zur Einschulung von uns geschenkt bekommt.<\/strong><\/p>\r\n<p class=\"has-medium-font-size\">\n\n\n\n<\/p>\r\n<p class=\"wp-block-paragraph\"><span style=\"color: #003366;\"><strong>Als Ansprechpartner stehen Frau Axtmann und Frau \u00dcbelacker zur Verf\u00fcgung.<\/strong> <strong>Die \u00d6ffnungszeiten sind: Montag bis Mittwoch von 9.00 bis 13.00 Uhr.<\/strong><\/span><\/p>\r\n<p class=\"has-medium-font-size\">\n\n\n\n<\/p>\r\n<p class=\"wp-block-paragraph\">Wir sind auch eure Ansprechpartner, wenn ihr Material zum Ausarbeiten von Referaten ben\u00f6tigt.<\/p>\r\n<p class=\"has-medium-font-size\">\n\n\n\n<\/p>\r\n<p class=\"wp-block-paragraph\">Zu unserem Angebot geh\u00f6ren Lesungen zu Weihnachten und zum Welttag des Buches (jedes Jahr am 23.4.) sowie Leseabende und Projekte zum Nachschlagen in Duden und W\u00f6rterb\u00fcchern.<\/p>\r\n<p class=\"has-medium-font-size\">\n\n\n\n<\/p>\r\n<p class=\"wp-block-paragraph\">Zur Ausstattung geh\u00f6ren ein Kopierer (schwarzwei\u00df) und ein internetf\u00e4higer Computer mit Drucker (schwarzwei\u00df). Eine Kopie kostet \u20ac 0,10.<\/p>\r\n<p class=\"has-medium-font-size\">\n\n\n\n<\/p>\r\n<p class=\"wp-block-paragraph\">Die Klassen der F\u00f6rderstufe kommen oft in die Sch\u00fclerb\u00fccherei, um zu lesen oder zu verschiedenen Projektarbeiten.<\/p>\r\n<p class=\"has-medium-font-size\">\n\n\n\n<\/p>\r\n<p class=\"wp-block-paragraph\">Ebenso bieten wir f\u00fcr die F\u00f6rderstufe das Onlineportal \u201eAntolin\u201c an, das einige sicher noch aus der Grundschule kennen. Um die Ausleihe der Antolin-B\u00fccher zu erleichtern haben wir diese mit dem Antolin-Raben gekennzeichnet.<\/p>\r\n<p class=\"has-medium-font-size\">\n\n\n\n<\/p>\r\n<p class=\"wp-block-paragraph\">Wir w\u00fcnschen euch einen guten Start an der John-F.-Kennedy-Schule und freuen uns, euch alle recht oft in der Sch\u00fclerb\u00fccherei begr\u00fc\u00dfen zu d\u00fcrfen.<\/p>\r\n<p class=\"has-medium-font-size\">\n\n\n\n<\/p>\r\n<p class=\"wp-block-paragraph\">Das B\u00fcchereiteam<\/p>\r\n<p class=\"has-medium-font-size\">\n\n\n\n<\/p>\r\n<p class=\"wp-block-paragraph\"><em>Januar 2021<\/em><\/p>\r\n<p class=\"has-medium-font-size\">\n\n\n<p><\/p>\n\n\n<figure class=\"wp-block-gallery columns-5 is-cropped wp-block-gallery-1 is-layout-flex wp-block-gallery-is-layout-flex\"><ul class=\"blocks-gallery-grid\"><li class=\"blocks-gallery-item\"><figure><a href=\"http:\/\/wir-von-der-kennedy.de\/wirvonderkennedyfinal\/wp-content\/uploads\/2022\/05\/WhatsApp-Image-2022-05-05-at-14.22.30.jpeg\"><img loading=\"lazy\" decoding=\"async\" width=\"1024\" height=\"768\" src=\"http:\/\/wir-von-der-kennedy.de\/wirvonderkennedyfinal\/wp-content\/uploads\/2022\/05\/WhatsApp-Image-2022-05-05-at-14.22.30.jpeg\" alt=\"\" data-id=\"12878\" data-full-url=\"http:\/\/wir-von-der-kennedy.de\/wirvonderkennedyfinal\/wp-content\/uploads\/2022\/05\/WhatsApp-Image-2022-05-05-at-14.22.30.jpeg\" data-link=\"http:\/\/wir-von-der-kennedy.de\/wirvonderkennedyfinal\/whatsapp-image-2022-05-05-at-14-22-30\/\" class=\"wp-image-12878\" srcset=\"https:\/\/wir-von-der-kennedy.de\/wirvonderkennedyfinal\/wp-content\/uploads\/2022\/05\/WhatsApp-Image-2022-05-05-at-14.22.30.jpeg 1024w, https:\/\/wir-von-der-kennedy.de\/wirvonderkennedyfinal\/wp-content\/uploads\/2022\/05\/WhatsApp-Image-2022-05-05-at-14.22.30-300x225.jpeg 300w, https:\/\/wir-von-der-kennedy.de\/wirvonderkennedyfinal\/wp-content\/uploads\/2022\/05\/WhatsApp-Image-2022-05-05-at-14.22.30-768x576.jpeg 768w, https:\/\/wir-von-der-kennedy.de\/wirvonderkennedyfinal\/wp-content\/uploads\/2022\/05\/WhatsApp-Image-2022-05-05-at-14.22.30-400x300.jpeg 400w\" sizes=\"auto, (max-width: 1024px) 100vw, 1024px\" \/><\/a><\/figure><\/li><li class=\"blocks-gallery-item\"><figure><a href=\"http:\/\/wir-von-der-kennedy.de\/wirvonderkennedyfinal\/wp-content\/uploads\/2022\/05\/WhatsApp-Image-2022-05-05-at-14.22.30-2.jpeg\"><img loading=\"lazy\" decoding=\"async\" width=\"768\" height=\"1024\" src=\"http:\/\/wir-von-der-kennedy.de\/wirvonderkennedyfinal\/wp-content\/uploads\/2022\/05\/WhatsApp-Image-2022-05-05-at-14.22.30-2.jpeg\" alt=\"\" data-id=\"12881\" data-full-url=\"http:\/\/wir-von-der-kennedy.de\/wirvonderkennedyfinal\/wp-content\/uploads\/2022\/05\/WhatsApp-Image-2022-05-05-at-14.22.30-2.jpeg\" data-link=\"http:\/\/wir-von-der-kennedy.de\/wirvonderkennedyfinal\/whatsapp-image-2022-05-05-at-14-22-30-2\/\" class=\"wp-image-12881\" srcset=\"https:\/\/wir-von-der-kennedy.de\/wirvonderkennedyfinal\/wp-content\/uploads\/2022\/05\/WhatsApp-Image-2022-05-05-at-14.22.30-2.jpeg 768w, https:\/\/wir-von-der-kennedy.de\/wirvonderkennedyfinal\/wp-content\/uploads\/2022\/05\/WhatsApp-Image-2022-05-05-at-14.22.30-2-225x300.jpeg 225w\" sizes=\"auto, (max-width: 768px) 100vw, 768px\" \/><\/a><\/figure><\/li><li class=\"blocks-gallery-item\"><figure><a href=\"http:\/\/wir-von-der-kennedy.de\/wirvonderkennedyfinal\/wp-content\/uploads\/2022\/05\/WhatsApp-Image-2022-04-29-at-10.00.02.jpeg\"><img loading=\"lazy\" decoding=\"async\" width=\"1024\" height=\"767\" src=\"http:\/\/wir-von-der-kennedy.de\/wirvonderkennedyfinal\/wp-content\/uploads\/2022\/05\/WhatsApp-Image-2022-04-29-at-10.00.02-1024x767.jpeg\" alt=\"\" data-id=\"12880\" data-full-url=\"http:\/\/wir-von-der-kennedy.de\/wirvonderkennedyfinal\/wp-content\/uploads\/2022\/05\/WhatsApp-Image-2022-04-29-at-10.00.02.jpeg\" data-link=\"http:\/\/wir-von-der-kennedy.de\/wirvonderkennedyfinal\/whatsapp-image-2022-04-29-at-10-00-02\/\" class=\"wp-image-12880\" srcset=\"https:\/\/wir-von-der-kennedy.de\/wirvonderkennedyfinal\/wp-content\/uploads\/2022\/05\/WhatsApp-Image-2022-04-29-at-10.00.02-1024x767.jpeg 1024w, https:\/\/wir-von-der-kennedy.de\/wirvonderkennedyfinal\/wp-content\/uploads\/2022\/05\/WhatsApp-Image-2022-04-29-at-10.00.02-300x225.jpeg 300w, https:\/\/wir-von-der-kennedy.de\/wirvonderkennedyfinal\/wp-content\/uploads\/2022\/05\/WhatsApp-Image-2022-04-29-at-10.00.02-768x575.jpeg 768w, https:\/\/wir-von-der-kennedy.de\/wirvonderkennedyfinal\/wp-content\/uploads\/2022\/05\/WhatsApp-Image-2022-04-29-at-10.00.02-400x300.jpeg 400w, https:\/\/wir-von-der-kennedy.de\/wirvonderkennedyfinal\/wp-content\/uploads\/2022\/05\/WhatsApp-Image-2022-04-29-at-10.00.02.jpeg 1359w\" sizes=\"auto, (max-width: 1024px) 100vw, 1024px\" \/><\/a><\/figure><\/li><li class=\"blocks-gallery-item\"><figure><a href=\"http:\/\/wir-von-der-kennedy.de\/wirvonderkennedyfinal\/wp-content\/uploads\/2022\/05\/WhatsApp-Image-2022-04-29-at-10.00.04.jpeg\"><img loading=\"lazy\" decoding=\"async\" width=\"1024\" height=\"768\" src=\"http:\/\/wir-von-der-kennedy.de\/wirvonderkennedyfinal\/wp-content\/uploads\/2022\/05\/WhatsApp-Image-2022-04-29-at-10.00.04-1024x768.jpeg\" alt=\"\" data-id=\"12879\" data-full-url=\"http:\/\/wir-von-der-kennedy.de\/wirvonderkennedyfinal\/wp-content\/uploads\/2022\/05\/WhatsApp-Image-2022-04-29-at-10.00.04.jpeg\" data-link=\"http:\/\/wir-von-der-kennedy.de\/wirvonderkennedyfinal\/whatsapp-image-2022-04-29-at-10-00-04\/\" class=\"wp-image-12879\" srcset=\"https:\/\/wir-von-der-kennedy.de\/wirvonderkennedyfinal\/wp-content\/uploads\/2022\/05\/WhatsApp-Image-2022-04-29-at-10.00.04-1024x768.jpeg 1024w, https:\/\/wir-von-der-kennedy.de\/wirvonderkennedyfinal\/wp-content\/uploads\/2022\/05\/WhatsApp-Image-2022-04-29-at-10.00.04-300x225.jpeg 300w, https:\/\/wir-von-der-kennedy.de\/wirvonderkennedyfinal\/wp-content\/uploads\/2022\/05\/WhatsApp-Image-2022-04-29-at-10.00.04-768x576.jpeg 768w, https:\/\/wir-von-der-kennedy.de\/wirvonderkennedyfinal\/wp-content\/uploads\/2022\/05\/WhatsApp-Image-2022-04-29-at-10.00.04-1536x1152.jpeg 1536w, https:\/\/wir-von-der-kennedy.de\/wirvonderkennedyfinal\/wp-content\/uploads\/2022\/05\/WhatsApp-Image-2022-04-29-at-10.00.04-400x300.jpeg 400w, https:\/\/wir-von-der-kennedy.de\/wirvonderkennedyfinal\/wp-content\/uploads\/2022\/05\/WhatsApp-Image-2022-04-29-at-10.00.04.jpeg 1600w\" sizes=\"auto, (max-width: 1024px) 100vw, 1024px\" \/><\/a><\/figure><\/li><li class=\"blocks-gallery-item\"><figure><a href=\"http:\/\/wir-von-der-kennedy.de\/wirvonderkennedyfinal\/wp-content\/uploads\/2022\/05\/WhatsApp-Image-2022-05-05-at-14.22.30-3.jpeg\"><img loading=\"lazy\" decoding=\"async\" width=\"768\" height=\"1024\" src=\"http:\/\/wir-von-der-kennedy.de\/wirvonderkennedyfinal\/wp-content\/uploads\/2022\/05\/WhatsApp-Image-2022-05-05-at-14.22.30-3.jpeg\" alt=\"\" data-id=\"12877\" data-full-url=\"http:\/\/wir-von-der-kennedy.de\/wirvonderkennedyfinal\/wp-content\/uploads\/2022\/05\/WhatsApp-Image-2022-05-05-at-14.22.30-3.jpeg\" data-link=\"http:\/\/wir-von-der-kennedy.de\/wirvonderkennedyfinal\/whatsapp-image-2022-05-05-at-14-22-30-3\/\" class=\"wp-image-12877\" srcset=\"https:\/\/wir-von-der-kennedy.de\/wirvonderkennedyfinal\/wp-content\/uploads\/2022\/05\/WhatsApp-Image-2022-05-05-at-14.22.30-3.jpeg 768w, https:\/\/wir-von-der-kennedy.de\/wirvonderkennedyfinal\/wp-content\/uploads\/2022\/05\/WhatsApp-Image-2022-05-05-at-14.22.30-3-225x300.jpeg 225w\" sizes=\"auto, (max-width: 768px) 100vw, 768px\" \/><\/a><\/figure><\/li><\/ul><\/figure>\n\n\n\n<p class=\"wp-block-paragraph\"><em>Fotos vom Welttag des Buches, den 23. April 2022<\/em><\/p>\n","protected":false},"excerpt":{"rendered":"<p>Liebe Sch\u00fclerinnen und Sch\u00fcler, herzlich willkommen auf unserer Seite der Schulhomepage. Die Sch\u00fclerb\u00fccherei ist ein wichtiger Bestandteil der John-F.-Kennedy-Schule. Sie befindet sich im Mensageb\u00e4ude und ist in den gro\u00dfen Pausen und in den Mittagspausen (au\u00dfer freitags) f\u00fcr euch ge\u00f6ffnet. Dann k\u00f6nnt ihr in unserem Angebot schm\u00f6kern, B\u00fccher ausleihen oder zur\u00fcckgeben. Zum Ausleihen und Zur\u00fcckgeben von&#8230; <\/p>\n<div class=\"clear\"><\/div>\n<p><a href=\"https:\/\/wir-von-der-kennedy.de\/wirvonderkennedyfinal\/schuelerbibliothek\/\" class=\"gdlr-info-font excerpt-read-more\">Read More<\/a><\/p>\n","protected":false},"author":16,"featured_media":0,"parent":0,"menu_order":0,"comment_status":"closed","ping_status":"closed","template":"","meta":{"_crdt_document":"","footnotes":""},"class_list":["post-5750","page","type-page","status-publish","hentry"],"_links":{"self":[{"href":"https:\/\/wir-von-der-kennedy.de\/wirvonderkennedyfinal\/wp-json\/wp\/v2\/pages\/5750","targetHints":{"allow":["GET"]}}],"collection":[{"href":"https:\/\/wir-von-der-kennedy.de\/wirvonderkennedyfinal\/wp-json\/wp\/v2\/pages"}],"about":[{"href":"https:\/\/wir-von-der-kennedy.de\/wirvonderkennedyfinal\/wp-json\/wp\/v2\/types\/page"}],"author":[{"embeddable":true,"href":"https:\/\/wir-von-der-kennedy.de\/wirvonderkennedyfinal\/wp-json\/wp\/v2\/users\/16"}],"replies":[{"embeddable":true,"href":"https:\/\/wir-von-der-kennedy.de\/wirvonderkennedyfinal\/wp-json\/wp\/v2\/comments?post=5750"}],"version-history":[{"count":21,"href":"https:\/\/wir-von-der-kennedy.de\/wirvonderkennedyfinal\/wp-json\/wp\/v2\/pages\/5750\/revisions"}],"predecessor-version":[{"id":12888,"href":"https:\/\/wir-von-der-kennedy.de\/wirvonderkennedyfinal\/wp-json\/wp\/v2\/pages\/5750\/revisions\/12888"}],"wp:attachment":[{"href":"https:\/\/wir-von-der-kennedy.de\/wirvonderkennedyfinal\/wp-json\/wp\/v2\/media?parent=5750"}],"curies":[{"name":"wp","href":"https:\/\/api.w.org\/{rel}","templated":true}]}}