{"id":5787,"date":"2015-06-21T14:34:30","date_gmt":"2015-06-21T12:34:30","guid":{"rendered":"http:\/\/wir-von-der-kennedy.de\/wirvonderkennedyfinal\/?page_id=5787"},"modified":"2015-06-29T11:06:13","modified_gmt":"2015-06-29T09:06:13","slug":"lesepaten","status":"publish","type":"page","link":"https:\/\/wir-von-der-kennedy.de\/wirvonderkennedyfinal\/lesepaten\/","title":{"rendered":"Lesepaten"},"content":{"rendered":"<p><strong>Lesepatenprojekt an der JFK<\/strong><\/p>\n<p>Im Schuljahr 2009\/2010 wurde an der JFK das Lesepatenprojekt in Zusammenarbeit mit dem Seniorenb\u00fcro der Stadt Bad Vilbel gestartet. An diesem generations\u00fcbergreifenden Projekt nehmen ausgew\u00e4hlte Sch\u00fclerinnen und Sch\u00fcler aus unserer F\u00f6rderstufe teil.<\/p>\n<p>Die Idee war, Sch\u00fclerinnen und Sch\u00fclern die Schwierigkeiten mit dem Lesen und Verstehen von Texten haben, zu helfen , besser in der Schule und somit im t\u00e4glichen Leben zurechtzukommen und den Spa\u00df am Lesen zu wecken. So wird die Lesef\u00e4higkeit verbessert und die Freude am Buch neu entdeckt.<\/p>\n<p>Die Organisation liegt in den H\u00e4nden der Sch\u00fclerb\u00fccherei, wo auch die Lesepatenstunden stattfinden. Die Lesepaten treffen sich einmal in der Woche mit den Kindern. Diese Treffen finden w\u00e4hrend des regul\u00e4ren Unterrichtes statt und sind mit den Klassenlehrer\/Innen abgesprochen.<\/p>\n<p>Mittlerweile helfen einige der 15 Lesepaten auch Fl\u00fcchtlingskindern, die nach dem regul\u00e4ren Unterricht im Erlernen der Deutschen Sprache gef\u00f6rdert werden.<\/p>\n<p>F\u00fcr weitere Informationen steht Ihnen Frau Jaksch\u00a0 (06101\/44146) gerne zur Verf\u00fcgung.<\/p>\n<p>&nbsp;<\/p>\n","protected":false},"excerpt":{"rendered":"<p>Lesepatenprojekt an der JFK Im Schuljahr 2009\/2010 wurde an der JFK das Lesepatenprojekt in Zusammenarbeit mit dem Seniorenb\u00fcro der Stadt Bad Vilbel gestartet. An diesem generations\u00fcbergreifenden Projekt nehmen ausgew\u00e4hlte Sch\u00fclerinnen und Sch\u00fcler aus unserer F\u00f6rderstufe teil. Die Idee war, Sch\u00fclerinnen und Sch\u00fclern die Schwierigkeiten mit dem Lesen und Verstehen von Texten haben, zu helfen ,&#8230; <\/p>\n<div class=\"clear\"><\/div>\n<p><a href=\"https:\/\/wir-von-der-kennedy.de\/wirvonderkennedyfinal\/lesepaten\/\" class=\"gdlr-info-font excerpt-read-more\">Read More<\/a><\/p>\n","protected":false},"author":15,"featured_media":0,"parent":0,"menu_order":0,"comment_status":"closed","ping_status":"closed","template":"","meta":{"_crdt_document":"","footnotes":""},"class_list":["post-5787","page","type-page","status-publish","hentry"],"_links":{"self":[{"href":"https:\/\/wir-von-der-kennedy.de\/wirvonderkennedyfinal\/wp-json\/wp\/v2\/pages\/5787","targetHints":{"allow":["GET"]}}],"collection":[{"href":"https:\/\/wir-von-der-kennedy.de\/wirvonderkennedyfinal\/wp-json\/wp\/v2\/pages"}],"about":[{"href":"https:\/\/wir-von-der-kennedy.de\/wirvonderkennedyfinal\/wp-json\/wp\/v2\/types\/page"}],"author":[{"embeddable":true,"href":"https:\/\/wir-von-der-kennedy.de\/wirvonderkennedyfinal\/wp-json\/wp\/v2\/users\/15"}],"replies":[{"embeddable":true,"href":"https:\/\/wir-von-der-kennedy.de\/wirvonderkennedyfinal\/wp-json\/wp\/v2\/comments?post=5787"}],"version-history":[{"count":5,"href":"https:\/\/wir-von-der-kennedy.de\/wirvonderkennedyfinal\/wp-json\/wp\/v2\/pages\/5787\/revisions"}],"predecessor-version":[{"id":5861,"href":"https:\/\/wir-von-der-kennedy.de\/wirvonderkennedyfinal\/wp-json\/wp\/v2\/pages\/5787\/revisions\/5861"}],"wp:attachment":[{"href":"https:\/\/wir-von-der-kennedy.de\/wirvonderkennedyfinal\/wp-json\/wp\/v2\/media?parent=5787"}],"curies":[{"name":"wp","href":"https:\/\/api.w.org\/{rel}","templated":true}]}}