{"id":6135,"date":"2015-11-03T15:08:11","date_gmt":"2015-11-03T14:08:11","guid":{"rendered":"http:\/\/wir-von-der-kennedy.de\/wirvonderkennedyfinal\/?page_id=6135"},"modified":"2018-03-20T15:09:46","modified_gmt":"2018-03-20T14:09:46","slug":"frau-astemer-ott","status":"publish","type":"page","link":"https:\/\/wir-von-der-kennedy.de\/wirvonderkennedyfinal\/frau-astemer-ott\/","title":{"rendered":"Pensioniert: Frau Astemer-Ott"},"content":{"rendered":"<h2><strong>Das Lehrerfreundebuch<\/strong><\/h2>\n<h4><em>Ein Fragebogen der F\u00fcnftkl\u00e4ssler der Sch\u00fclerzeitung 2015\/16<\/em><\/h4>\n<h1><strong>Jeden Tag etwas Lustiges<\/strong><\/h1>\n<p><a href=\"http:\/\/wir-von-der-kennedy.de\/wirvonderkennedyfinal\/wp-content\/uploads\/2015\/11\/IMG_4612.jpg\"><img loading=\"lazy\" decoding=\"async\" class=\"alignnone wp-image-6165 size-portrait\" src=\"http:\/\/wir-von-der-kennedy.de\/wirvonderkennedyfinal\/wp-content\/uploads\/2015\/11\/IMG_4612-440x550.jpg\" alt=\"IMG_4612\" width=\"440\" height=\"550\" \/><\/a><\/p>\n<p>Name: Claudia Astemer-Ott<\/p>\n<ol>\n<li>Alter: Warum?<\/li>\n<li>Welche F\u00e4cher unterrichten sie? Deutsch, Erdkunde, Kunst, Geschichte<\/li>\n<li>Wieso sind sie Lehrer geworden? Ich mag Kinder und bin gern mit ihnen zusammen. Ich will ihnen unbedingt viele Dinge erkl\u00e4ren!<\/li>\n<li>Ihre Lieblingsfarbe? Rot<\/li>\n<li>Ihr Lieblingsessen? Alles mit Nudeln<\/li>\n<li>Haben sie Kinder und wie viele? Einen Sohn<\/li>\n<li>In welcher Stadt wohnen sie? In Frankfurt<\/li>\n<li>Was sind ihre Hobbys? Lesen, Radfahren<\/li>\n<li>Sind sie gerne in die Schule gegangen? Na ja\u2026<\/li>\n<li>Wollten sie schon immer Lehrer werden? Nein<\/li>\n<li>Wer ist ihr gr\u00f6\u00dftes Vorbild? Mutige Menschen<\/li>\n<li>Wie stellen sie sich die Schule in der Zukunft vor? Ich glaube, da \u00e4ndert sich \u2013 au\u00dfer der Technik \u2013 nicht viel.<\/li>\n<li>Welche F\u00e4cher m\u00f6gen Sie nicht? Geht nicht, gibt\u2019s nicht!<\/li>\n<li>Was war das lustigste Erlebnis an der Kennedy-Schule? Hier passiert jeden Tag etwas Lustiges!<\/li>\n<\/ol>\n<p>Danke f\u00fcr das Interview!!!<\/p>\n<p>&nbsp;<\/p>\n<p>&nbsp;<\/p>\n<p>&nbsp;<\/p>\n","protected":false},"excerpt":{"rendered":"<p>Das Lehrerfreundebuch Ein Fragebogen der F\u00fcnftkl\u00e4ssler der Sch\u00fclerzeitung 2015\/16 Jeden Tag etwas Lustiges Name: Claudia Astemer-Ott Alter: Warum? Welche F\u00e4cher unterrichten sie? Deutsch, Erdkunde, Kunst, Geschichte Wieso sind sie Lehrer geworden? Ich mag Kinder und bin gern mit ihnen zusammen. Ich will ihnen unbedingt viele Dinge erkl\u00e4ren! Ihre Lieblingsfarbe? Rot Ihr Lieblingsessen? Alles mit Nudeln&#8230; <\/p>\n<div class=\"clear\"><\/div>\n<p><a href=\"https:\/\/wir-von-der-kennedy.de\/wirvonderkennedyfinal\/frau-astemer-ott\/\" class=\"gdlr-info-font excerpt-read-more\">Read More<\/a><\/p>\n","protected":false},"author":2,"featured_media":0,"parent":0,"menu_order":0,"comment_status":"closed","ping_status":"closed","template":"","meta":{"_crdt_document":"","footnotes":""},"class_list":["post-6135","page","type-page","status-publish","hentry"],"_links":{"self":[{"href":"https:\/\/wir-von-der-kennedy.de\/wirvonderkennedyfinal\/wp-json\/wp\/v2\/pages\/6135","targetHints":{"allow":["GET"]}}],"collection":[{"href":"https:\/\/wir-von-der-kennedy.de\/wirvonderkennedyfinal\/wp-json\/wp\/v2\/pages"}],"about":[{"href":"https:\/\/wir-von-der-kennedy.de\/wirvonderkennedyfinal\/wp-json\/wp\/v2\/types\/page"}],"author":[{"embeddable":true,"href":"https:\/\/wir-von-der-kennedy.de\/wirvonderkennedyfinal\/wp-json\/wp\/v2\/users\/2"}],"replies":[{"embeddable":true,"href":"https:\/\/wir-von-der-kennedy.de\/wirvonderkennedyfinal\/wp-json\/wp\/v2\/comments?post=6135"}],"version-history":[{"count":7,"href":"https:\/\/wir-von-der-kennedy.de\/wirvonderkennedyfinal\/wp-json\/wp\/v2\/pages\/6135\/revisions"}],"predecessor-version":[{"id":8094,"href":"https:\/\/wir-von-der-kennedy.de\/wirvonderkennedyfinal\/wp-json\/wp\/v2\/pages\/6135\/revisions\/8094"}],"wp:attachment":[{"href":"https:\/\/wir-von-der-kennedy.de\/wirvonderkennedyfinal\/wp-json\/wp\/v2\/media?parent=6135"}],"curies":[{"name":"wp","href":"https:\/\/api.w.org\/{rel}","templated":true}]}}