{"id":66,"date":"2015-02-22T01:04:39","date_gmt":"2015-02-22T00:04:39","guid":{"rendered":"http:\/\/wir-von-der-kennedy.de\/wirvonderkennedy\/?page_id=66"},"modified":"2026-03-02T16:38:36","modified_gmt":"2026-03-02T15:38:36","slug":"downloads","status":"publish","type":"page","link":"https:\/\/wir-von-der-kennedy.de\/wirvonderkennedyfinal\/eltern\/downloads\/","title":{"rendered":"Downloads"},"content":{"rendered":"<h3><strong>Hier finden Sie verschiedene Downloads rund um die Schule<\/strong><\/h3>\r\n<h3><span style=\"color: #3d15ed;\"><strong>Anmeldung an der John-F.-Kennedy-Schule &#8211; Formulare<\/strong><\/span><\/h3>\r\n<p><span style=\"color: #0000ff;\"><br \/><a style=\"color: #0000ff;\" href=\"http:\/\/wir-von-der-kennedy.de\/wirvonderkennedyfinal\/wp-content\/uploads\/2022\/06\/1-Anmeldung-John-F.-Kennedy-Schule.pdf\">Anmeldeformular<\/a><br \/><a style=\"color: #0000ff;\" href=\"http:\/\/wir-von-der-kennedy.de\/wirvonderkennedyfinal\/wp-content\/uploads\/2022\/06\/2-Notfalldatenblatt-Neu.pdf\">Notfalldatenblatt \/ Elternabfrage<\/a><br \/><a style=\"color: #0000ff;\" href=\"http:\/\/wir-von-der-kennedy.de\/wirvonderkennedyfinal\/wp-content\/uploads\/2022\/06\/10-Schulportal-Datenschutz-Neu.pdf\">Schulportal &#8211; Einwilligungserkl\u00e4rung<\/a><br \/><a style=\"color: #0000ff;\" href=\"https:\/\/wir-von-der-kennedy.de\/wirvonderkennedyfinal\/wp-content\/uploads\/2025\/08\/ELTERN-1-2025-2026.pdf\">Elternbrief Nr. 1 des Schulleiters Markus Maienschein 2025\/2026<\/a><br \/><a href=\"https:\/\/wir-von-der-kennedy.de\/wirvonderkennedyfinal\/wp-content\/uploads\/2026\/03\/ELTERN-2-2025-2026.pdf\">Elternbrief Nr. 2 des Schulleiters Markus Maienschein 2025\/2026<br \/><\/a><\/span><span style=\"color: #0000ff;\"><a style=\"color: #0000ff;\" href=\"https:\/\/wir-von-der-kennedy.de\/wirvonderkennedyfinal\/wp-content\/uploads\/2025\/09\/5-Schulordnung.pdf\">Schulordnung<\/a><br \/><a style=\"color: #0000ff;\" href=\"http:\/\/wir-von-der-kennedy.de\/wirvonderkennedyfinal\/wp-content\/uploads\/2022\/06\/9-Nutzungsordnung-IT-Neu.pdf\">Nutzungsordnung IT<\/a><br \/><a style=\"color: #0000ff;\" href=\"http:\/\/wir-von-der-kennedy.de\/wirvonderkennedyfinal\/wp-content\/uploads\/2022\/06\/11-Infektionsschutz-Neu.pdf\">Merkblatt Infektionsschutz<\/a><br \/><a style=\"color: #0000ff;\" href=\"http:\/\/wir-von-der-kennedy.de\/wirvonderkennedyfinal\/wp-content\/uploads\/2022\/12\/Schulverpflegung-WTK-JKBV-Anmeldung-Stand-Jan-2023.pdf\">Anmeldung zum Mittagessen in der Mensa (Stand Januar 2023)<\/a><br \/><a style=\"color: #0000ff;\" href=\"https:\/\/wir-von-der-kennedy.de\/wirvonderkennedyfinal\/wp-content\/uploads\/2025\/06\/GTA-Anmeldungen-2025-2026.pdf\">Ganztags-Angebote: Anmeldungen 2025\/26<\/a><br \/><a style=\"color: #0000ff;\" href=\"http:\/\/wir-von-der-kennedy.de\/wirvonderkennedyfinal\/wp-content\/uploads\/2022\/01\/Masernschutz.pdf\">Masernschutz<\/a><br \/><a style=\"color: #0000ff;\" href=\"http:\/\/wir-von-der-kennedy.de\/wirvonderkennedyfinal\/wp-content\/uploads\/2022\/01\/BZGA-Wie-weise-ich-Masern-Immunitaet-nach-.pdf\">BZGA &#8211; Wie weise ich Masern Immunit\u00e4t nach?<\/a><br \/><a style=\"color: #0000ff;\" href=\"http:\/\/wir-von-der-kennedy.de\/wirvonderkennedyfinal\/wp-content\/uploads\/2022\/09\/Elternbrief_Giroweb_22_23.pdf\">Elternbrief von FPS Catering, dem neuen Mensa-Team!<\/a><\/span><\/p>\r\n<hr \/>\r\n<h3><span style=\"color: #96562c;\"><strong>Allgemeine Downloads:<\/strong><\/span><\/h3>\r\n<ul>\r\n<li><span style=\"color: #ff0000;\"><a style=\"color: #ff0000;\" href=\"https:\/\/wir-von-der-kennedy.de\/wirvonderkennedyfinal\/wp-content\/uploads\/2025\/09\/5-Schulordnung.pdf\">Schulordnung<\/a><strong>\u00a0<\/strong><\/span><\/li>\r\n<li><span style=\"color: #ff0000;\"><a style=\"color: #ff0000;\" href=\"http:\/\/wir-von-der-kennedy.de\/wirvonderkennedyfinal\/wp-content\/uploads\/2015\/02\/Vorgehensweise-bei-Sachschaeden-Diebstaehlen.pdf\">Vorgehensweise bei Sachsch\u00e4den<\/a>\u00a0und <a style=\"color: #ff0000;\" href=\"http:\/\/wir-von-der-kennedy.de\/wirvonderkennedyfinal\/wp-content\/uploads\/2015\/02\/Vorgehensweise-bei-Sachschaeden-Diebstaehlen.pdf\">Diebst\u00e4hlen<\/a><\/span><\/li>\r\n<li><span style=\"color: #ff0000;\"><a style=\"color: #ff0000;\" href=\"http:\/\/wir-von-der-kennedy.de\/wirvonderkennedyfinal\/wp-content\/uploads\/2015\/02\/Pausenordnung_.pdf\">Pausenordnung<\/a><\/span><\/li>\r\n<li><span style=\"color: #ff0000;\"><a style=\"color: #ff0000;\" href=\"http:\/\/wir-von-der-kennedy.de\/wirvonderkennedyfinal\/wp-content\/uploads\/2019\/05\/ANMELDUNG-JFKS-Neu-2019.pdf\">Anmeldung f\u00fcr alle Schulformen<\/a><\/span><\/li>\r\n<li><a href=\"https:\/\/wir-von-der-kennedy.de\/wirvonderkennedyfinal\/wp-content\/uploads\/2023\/09\/FPS-Mensa-Anmeldung-Anschreiben.pdf\"><span style=\"color: #ff0000;\">Infoblatt zur Mensa-Anmeldeformular \/ Schulverpflegung (Stand: September 2023)<\/span><\/a><\/li>\r\n<li><span style=\"color: #ff0000;\"><a style=\"color: #ff0000;\" href=\"http:\/\/wir-von-der-kennedy.de\/wirvonderkennedyfinal\/wp-content\/uploads\/2015\/02\/Hilfestellung-Themenformulierung-Pr\u00e4sentationen-10-R.pdf\">Hilfestellung Themenformulierung Pr\u00e4sentationen 10 R<\/a><\/span><\/li>\r\n<li><span style=\"color: #ff0000;\"><a style=\"color: #ff0000;\" href=\"http:\/\/wir-von-der-kennedy.de\/wirvonderkennedyfinal\/wp-content\/uploads\/2015\/02\/Mittagspause-1.pdf\">Mittagspause<\/a><\/span><\/li>\r\n<li><span style=\"color: #ff0000;\"><a style=\"color: #ff0000;\" href=\"http:\/\/wir-von-der-kennedy.de\/wirvonderkennedyfinal\/wp-content\/uploads\/2015\/02\/Verlassen-des-Schulgel\u00e4ndes.pdf\">Verlassen des Schulgel\u00e4ndes in der Mittagspause (ab Klasse 8)<\/a><\/span><\/li>\r\n<li><span style=\"color: #ff0000;\"><a style=\"color: #ff0000;\" href=\"https:\/\/wir-von-der-kennedy.de\/wirvonderkennedyfinal\/wp-content\/uploads\/2024\/02\/10-Schliessfach-Mietvertrag.pdf\">Schlie\u00dffach \/ Mietvertrag<\/a><\/span><\/li>\r\n<li><span style=\"color: #ff0000;\"><a style=\"color: #ff0000;\" href=\"http:\/\/wir-von-der-kennedy.de\/wirvonderkennedyfinal\/wp-content\/uploads\/2017\/10\/Schulwegeplan-2017-2018.pdf\">Schulwegeplan &#8211; Hinweise und Empfehlungen<\/a><\/span><\/li>\r\n<li><span style=\"color: #ff0000;\"><a style=\"color: #ff0000;\" href=\"http:\/\/wir-von-der-kennedy.de\/wirvonderkennedyfinal\/wp-content\/uploads\/2018\/02\/K38-Informationen-f\u00fcr-Eltern.pdf\">Lernstandserhebung im 8. Schuljahr &#8211; Infos f\u00fcr Eltern<\/a><\/span><\/li>\r\n<li><span style=\"color: #ff0000;\"><a style=\"color: #ff0000;\" href=\"http:\/\/wir-von-der-kennedy.de\/wirvonderkennedyfinal\/wp-content\/uploads\/2019\/12\/Aufnahmevoraussetzung-SEKII.pdf\">Aufnahmevoraussetzungen f\u00fcr Berufsfachschulen und Sekundarstufe II<\/a><\/span><\/li>\r\n<li><span style=\"color: #ff0000;\"><a style=\"color: #ff0000;\" href=\"https:\/\/wir-von-der-kennedy.de\/wirvonderkennedyfinal\/wp-content\/uploads\/2024\/02\/ANTRAG_Beurlaubung.pdf\">Antrag auf Beurlaubung<\/a><\/span><\/li>\r\n<li><span style=\"color: #ff0000;\"><a style=\"color: #ff0000;\" href=\"http:\/\/wir-von-der-kennedy.de\/wirvonderkennedyfinal\/wp-content\/uploads\/2020\/08\/Anmeldebogen-Berufsberatung.pdf\">Anmeldebogen zur Berufsberatung zum Ausdrucken<\/a><\/span><\/li>\r\n<li>\r\n<div>Die wichtigsten Informationen zu den Themen <em><strong>Unterricht in der Herkunftssprache und mehrsprachiger Unterricht <\/strong><\/em>finden Sie hier:\u00a0<\/div>\r\n<div><a href=\"https:\/\/schulaemter.hessen.de\/schulbesuch\/herkunftssprache-und-mehrsprachigkeit\/herkunftssprachlicher-unterricht\/angebotene-sprachen\"><span style=\"color: #ff0000;\">Schul\u00e4mter Hessen, Schulbesuch, Herkunftssprache und Mehrsprachigkeit, Herkunftssprachlicher Unterricht, angebotene Sprachen<\/span><\/a><\/div>\r\n<\/li>\r\n<li><a href=\"https:\/\/wir-von-der-kennedy.de\/wirvonderkennedyfinal\/wp-content\/uploads\/2024\/08\/Elternbrief-2024_2025.pdf\">Neu!!! Elternbrief mit Informationen \u00fcber die Abschlusspr\u00fcfungen 2024\/2025 <\/a><\/li>\r\n<\/ul>\r\n<hr \/>\r\n<h3>\u00a0<\/h3>\r\n<h3><span style=\"color: #333399;\"><strong>Downloads f\u00fcr die Praktika in den Klassen 8 und 9:<\/strong><\/span><\/h3>\r\n<ul>\r\n<li><a href=\"https:\/\/wir-von-der-kennedy.de\/wirvonderkennedyfinal\/wp-content\/uploads\/2024\/02\/Schuelerbefoerderung-Praktikumsantrag.pdf\">Antrag auf \u00dcbernahme der Bef\u00f6rderungskosten f\u00fcr Betriebspraktikum<\/a><\/li>\r\n<\/ul>\r\n<p><strong>Hauptschule<\/strong><\/p>\r\n<ul>\r\n<li><a href=\"https:\/\/wir-von-der-kennedy.de\/wirvonderkennedyfinal\/wp-content\/uploads\/2024\/08\/Praktikum-8-9H-Datenschutz.pdf\">Praktikum &#8211; Datenschutzformular<\/a><\/li>\r\n<li><a href=\"https:\/\/wir-von-der-kennedy.de\/wirvonderkennedyfinal\/wp-content\/uploads\/2024\/08\/Info-8-9H-Praxistag-Eltern.pdf\">Infoblatt Praxistag f\u00fcr Eltern<\/a><\/li>\r\n<li><a href=\"https:\/\/wir-von-der-kennedy.de\/wirvonderkennedyfinal\/wp-content\/uploads\/2024\/08\/Info-8-9H-Praxistag-Betrieb.pdf\">Infoblatt Praxistag f\u00fcr Betriebe<\/a><\/li>\r\n<li><a href=\"https:\/\/wir-von-der-kennedy.de\/wirvonderkennedyfinal\/wp-content\/uploads\/2024\/08\/Paktikum-H8-9-Durchfuehrungshinweise.pdf\">Praxistag in der H8 und H9 &#8211; Durchf\u00fchrungshinweise<\/a><\/li>\r\n<li><a href=\"https:\/\/wir-von-der-kennedy.de\/wirvonderkennedyfinal\/wp-content\/uploads\/2024\/10\/Praktikum-8-9H-Anmeldebestaetigung-2.-Halbjahr.pdf\">Praxistag in der H8 und H9 &#8211; Anmeldebest\u00e4tigung f\u00fcr das 2. Halbjahr<\/a><\/li>\r\n<\/ul>\r\n<p><strong>Realschule<\/strong><\/p>\r\n<ul>\r\n<li><a href=\"https:\/\/wir-von-der-kennedy.de\/wirvonderkennedyfinal\/wp-content\/uploads\/2024\/08\/Praktikum-Datenschutz-2.pdf\">Praktikum &#8211; Datenschutzformular<\/a><\/li>\r\n<li><a href=\"https:\/\/wir-von-der-kennedy.de\/wirvonderkennedyfinal\/wp-content\/uploads\/2024\/08\/Praktikum-R8-Anmeldebestaetigung-1.pdf\">Praktikum in der R8 &#8211; Anmeldebest\u00e4tigung<\/a><\/li>\r\n<li><a href=\"https:\/\/wir-von-der-kennedy.de\/wirvonderkennedyfinal\/wp-content\/uploads\/2024\/08\/Praktikum-R8-Durchfuehrungshinweise24_25.pdf\">Praktikum in der R8 &#8211; Durchf\u00fchrungshinweise<\/a><\/li>\r\n<li><a href=\"https:\/\/wir-von-der-kennedy.de\/wirvonderkennedyfinal\/wp-content\/uploads\/2024\/08\/Praktikum-R9-Anmeldebestaetigung-1.pdf\">Praktikum in der R9 &#8211; Anmeldebest\u00e4tigung<\/a><\/li>\r\n<li><a href=\"https:\/\/wir-von-der-kennedy.de\/wirvonderkennedyfinal\/wp-content\/uploads\/2024\/08\/Praktikum-R9-Durchfuehrung24_25.pdf\">Praktikum in der R9 &#8211; Durchf\u00fchrungshinweise<\/a> \u00a0<\/li>\r\n<\/ul>\r\n<hr \/>\r\n<h3>\u00a0<\/h3>\r\n<h3 class=\"has-text-color\"><span style=\"color: #800000;\"><strong>&#8222;Girls\u2019Day \u2013 M\u00e4dchen- Zukunftstag&#8220; und &#8222;Boys\u2019Day \u2013 Jungen-Zukunftstag&#8220;:\u00a0<br \/><b>Infos und Teilnahmebescheinigungen als Download<\/b><\/strong><\/span><\/h3>\r\n\r\n<ul class=\"wp-block-list\">\r\n<li><a href=\"http:\/\/wir-von-der-kennedy.de\/wirvonderkennedyfinal\/wp-content\/uploads\/2019\/02\/Girlsday-Elterninfo.pdf\">&#8222;Girls\u2019Day \u2013 M\u00e4dchen-Zukunftstag&#8220; \u2013 Elterninfo<\/a><\/li>\r\n\r\n\r\n\r\n<li><a href=\"http:\/\/wir-von-der-kennedy.de\/wirvonderkennedyfinal\/wp-content\/uploads\/2019\/02\/Girlsday-Teilnahmebescheinigung.pdf\">&#8222;Girls\u2019Day \u2013 M\u00e4dchen-Zukunftstag&#8220; \u2013 Teilnahmebescheinigung <\/a><\/li>\r\n\r\n\r\n\r\n<li><a href=\"http:\/\/wir-von-der-kennedy.de\/wirvonderkennedyfinal\/wp-content\/uploads\/2019\/02\/Boysday-Elterninfo.pdf\">&#8222;Boys\u2019Day \u2013 Jungen-Zukunftstag&#8220; \u2013 Elterninfo<\/a><\/li>\r\n\r\n\r\n\r\n<li><a href=\"http:\/\/wir-von-der-kennedy.de\/wirvonderkennedyfinal\/wp-content\/uploads\/2019\/02\/Boysday-Teilnahmebescheinigung.pdf\">&#8222;Boys\u2019Day \u2013 Jungen-Zukunftstag&#8220; \u2013 Teilnahmebescheinigung <\/a><\/li>\r\n<\/ul>\r\n","protected":false},"excerpt":{"rendered":"<p>Hier finden Sie verschiedene Downloads rund um die Schule Anmeldung an der John-F.-Kennedy-Schule &#8211; Formulare AnmeldeformularNotfalldatenblatt \/ ElternabfrageSchulportal &#8211; Einwilligungserkl\u00e4rungElternbrief Nr. 1 des Schulleiters Markus Maienschein 2025\/2026Elternbrief Nr. 2 des Schulleiters Markus Maienschein 2025\/2026SchulordnungNutzungsordnung ITMerkblatt InfektionsschutzAnmeldung zum Mittagessen in der Mensa (Stand Januar 2023)Ganztags-Angebote: Anmeldungen 2025\/26MasernschutzBZGA &#8211; Wie weise ich Masern Immunit\u00e4t nach?Elternbrief von FPS&#8230; <\/p>\n<div class=\"clear\"><\/div>\n<p><a href=\"https:\/\/wir-von-der-kennedy.de\/wirvonderkennedyfinal\/eltern\/downloads\/\" class=\"gdlr-info-font excerpt-read-more\">Read More<\/a><\/p>\n","protected":false},"author":16,"featured_media":0,"parent":3534,"menu_order":0,"comment_status":"closed","ping_status":"closed","template":"","meta":{"_crdt_document":"","footnotes":""},"class_list":["post-66","page","type-page","status-publish","hentry"],"_links":{"self":[{"href":"https:\/\/wir-von-der-kennedy.de\/wirvonderkennedyfinal\/wp-json\/wp\/v2\/pages\/66","targetHints":{"allow":["GET"]}}],"collection":[{"href":"https:\/\/wir-von-der-kennedy.de\/wirvonderkennedyfinal\/wp-json\/wp\/v2\/pages"}],"about":[{"href":"https:\/\/wir-von-der-kennedy.de\/wirvonderkennedyfinal\/wp-json\/wp\/v2\/types\/page"}],"author":[{"embeddable":true,"href":"https:\/\/wir-von-der-kennedy.de\/wirvonderkennedyfinal\/wp-json\/wp\/v2\/users\/16"}],"replies":[{"embeddable":true,"href":"https:\/\/wir-von-der-kennedy.de\/wirvonderkennedyfinal\/wp-json\/wp\/v2\/comments?post=66"}],"version-history":[{"count":10,"href":"https:\/\/wir-von-der-kennedy.de\/wirvonderkennedyfinal\/wp-json\/wp\/v2\/pages\/66\/revisions"}],"predecessor-version":[{"id":17020,"href":"https:\/\/wir-von-der-kennedy.de\/wirvonderkennedyfinal\/wp-json\/wp\/v2\/pages\/66\/revisions\/17020"}],"up":[{"embeddable":true,"href":"https:\/\/wir-von-der-kennedy.de\/wirvonderkennedyfinal\/wp-json\/wp\/v2\/pages\/3534"}],"wp:attachment":[{"href":"https:\/\/wir-von-der-kennedy.de\/wirvonderkennedyfinal\/wp-json\/wp\/v2\/media?parent=66"}],"curies":[{"name":"wp","href":"https:\/\/api.w.org\/{rel}","templated":true}]}}