{"id":6733,"date":"2016-09-20T14:22:44","date_gmt":"2016-09-20T12:22:44","guid":{"rendered":"http:\/\/wir-von-der-kennedy.de\/wirvonderkennedyfinal\/?page_id=6733"},"modified":"2019-10-21T15:07:56","modified_gmt":"2019-10-21T13:07:56","slug":"die-besten-schuelerwitze","status":"publish","type":"page","link":"https:\/\/wir-von-der-kennedy.de\/wirvonderkennedyfinal\/die-besten-schuelerwitze\/","title":{"rendered":"Die besten Sch\u00fclerwitze"},"content":{"rendered":"<h2>Wir sammeln f\u00fcr euch die besten Sch\u00fclerwitze! Vielleicht kennt ihr ja auch noch lustige?! Dann schickt sie uns zu! Bislang sind es 34!<\/h2>\n<p><strong>1.<\/strong><br \/><strong> <span style=\"color: #000080;\">Laura: \u201eWas hast du bei Aufgabe 7 in der Mathearbeit geschrieben?\u201c<\/span><\/strong><br \/><strong> <span style=\"color: #000080;\">Sarah: \u201eAufgabe 7??\u201c<\/span><\/strong><br \/><strong> <span style=\"color: #000080;\">Laura: \u201eJa! Auf der R\u00fcckseite\u201c<\/span><\/strong><br \/><strong> <span style=\"color: #000080;\">Sarah: \u201eES GAB EINE R\u00dcCKSEITE???\u201c<\/span><\/strong><\/p>\n<p><strong>2.<\/strong><br \/><strong> <span style=\"color: #339966;\">Egal wie leer du bist &#8211; es gibt Menschen, die sind Lehrer!<\/span><\/strong><\/p>\n<p><strong>3.<\/strong><br \/><strong> <span style=\"color: #800000;\">Erkl\u00e4rt Herr Grote: \u201eW\u00f6rter die mit un- anfangen bedeuten immer etwas Schlechtes, wie z.B. Unfrieden oder unangenehm. Kennt ihr noch ein Beispiel?&#8220; <\/span><\/strong><br \/><strong> <span style=\"color: #800000;\">Henry meldet sich und sagt: \u201eIch kenn noch eins: UNTERRICHT!!!\u201c<\/span><\/strong><\/p>\n<p><strong><span style=\"color: #008080;\">4.<br \/>Ein Sch\u00fcler schl\u00e4ft im Unterricht. <\/span><\/strong><br \/><strong> <span style=\"color: #008080;\">Frau Helm-Kraemer weckt ihn: \u201eIch kann mir nicht vorstellen, dass das der richtige Platz zum Schlafen ist!\u201c.<\/span><\/strong><br \/><strong> <span style=\"color: #008080;\">Darauf der Sch\u00fcler: \u201eAch, es geht schon. Sie m\u00fcssen nur leiser sprechen!\u201c <\/span><\/strong><\/p>\n<p><strong>5.<\/strong><br \/><strong> <span style=\"color: #333300;\">\u201eIch habe heute einen Tadel bekommen.\u201c<\/span><\/strong><br \/><strong> <span style=\"color: #333300;\">\u201eH\u00e4, warum?\u201c<\/span><\/strong><br \/><strong> <span style=\"color: #333300;\">\u201eDu kennst doch Frau Baum, oder?\u201c<\/span><\/strong><br \/><strong> <span style=\"color: #333300;\">\u201eJa!\u201c<\/span><\/strong><br \/><strong> <span style=\"color: #333300;\">\u201eAls sie bei der Treppe hingefallen ist, konnte ich mir nicht verkneifen:\u00a0ACHTUNG BAUM F\u00c4LLT! zu rufen.\u201c<\/span><\/strong><\/p>\n<p><strong>6.<\/strong><br \/><strong> <span style=\"color: #000080;\">Frau Lachs fragt Markus: \u201eWenn f\u00fcnf V\u00f6gel auf einem Baum sitzen und ich einen abschie\u00dfe, wie viele sind noch auf dem Baum?\u201c<\/span><\/strong><br \/><strong> <span style=\"color: #000080;\">Markus antwortet: \u201eNull, weil durch den lauten Knall alle wegfliegen.\u201c<\/span><\/strong><br \/><strong> <span style=\"color: #000080;\">Frau Lachs: \u201eNein Vier, aber ich mag deine Art zu denken.\u201c<\/span><\/strong><br \/><strong> <span style=\"color: #000080;\">\u201eIch habe auch eine Frage an sie: Drei Frauen sitzen in einer Eisdiele. Die eine bei\u00dft in ihr Eis, die andere leckt ihr Eis und die dritte lutscht ihr Eis, welche ist verheiratet?\u201c<\/span><\/strong><br \/><strong> <span style=\"color: #000080;\">Frau Lachs: \u201eDie, die ihr Eis lutscht?\u201c<\/span><\/strong><br \/><strong> <span style=\"color: #000080;\">Markus: \u201eNein, die mit dem Ehering. Aber ich mag ihre Art zu denken.\u201c<\/span><\/strong><\/p>\n<p><strong>7.<\/strong><br \/><strong> <span style=\"color: #333300;\">Herr Wolfsholz: \u201eIch habe jetzt auch Facebook!\u201c<\/span><\/strong><br \/><strong> <span style=\"color: #333300;\">Tim: \u201eWTF!\u201c<\/span><\/strong><br \/><strong> <span style=\"color: #333300;\">Wolfsholz: \u201eWas hei\u00dft WTF?\u201c<\/span><\/strong><br \/><strong> <span style=\"color: #333300;\">Tim: \u201eWelcome To Facebook!\u201c<\/span><\/strong><\/p>\n<p><strong>8.<\/strong><br \/><strong> <span style=\"color: #008000;\">Herr Ochs: \u201eIch hoffe, dass ich dich in Zukunft nicht mehr beim Abschreiben erwische!\u201c<\/span><\/strong><br \/><strong> <span style=\"color: #008000;\">Sebastian: \u201eJa, Ich auch.\u201c<\/span><\/strong><\/p>\n<p><strong>9.<\/strong><br \/><strong> <span style=\"color: #800000;\">Sagt Herr Andr\u00e9: \u201e Wenn die Herrschaften in der dritten Reihe so leise sein w\u00fcrden wie die Comic-Leser in der mittleren Reihe, dann k\u00f6nnten die Sch\u00fcler in der ersten Reihe ungest\u00f6rt weiterschlafen!\u201c<\/span><\/strong><\/p>\n<p><strong>10.<\/strong><br \/><strong> <span style=\"color: #333300;\">Wenn alles schl\u00e4ft und einer spricht, den Zustand nennt man Unterricht!<\/span><\/strong><\/p>\n<p><strong>11.<\/strong><br \/><strong> <span style=\"color: #003366;\">Der Sohn von Fu\u00dfballer Miroslav Klose schwenkt sein Zeugnis. \u201ePapa, Papa\u201c, ruft er, \u201emein Vertrag in der 4. Klasse ist um ein Jahr verl\u00e4ngert worden.\u201c<\/span><\/strong><\/p>\n<p><strong>12.<\/strong><br \/><strong> <span style=\"color: #800000;\">Frau Samulowitz zum Sch\u00fcler: \u201eSag deinem Gro\u00dfvater, er soll morgen zu mir in die Schule kommen.\u201c<br \/>\u201eNicht mein Vater?\u201c<br \/>\u201eNein, ich m\u00f6chte deinem Gro\u00dfvater zeigen, wie viele Fehler sein Sohn in deiner Hausaufgabe gemacht hat.<\/span><span style=\"color: #003366;\"><span style=\"color: #800000;\">\u201c<\/span> <\/span><\/strong><\/p>\n<p><strong>13.<\/strong><br \/><strong> <span style=\"color: #003300;\">Frau\u00a0Gre\u00df: \u201eWas ist die Steigerung von leer?\u201c\u00a0<\/span><\/strong><br \/><strong> <span style=\"color: #003300;\">Sch\u00fcler: \u201eLehrer!<\/span><span style=\"color: #800000;\"><span style=\"color: #003300;\">\u201c<\/span>\u00a0<\/span><\/strong><\/p>\n<p><strong>14.<\/strong><br \/><strong> <span style=\"color: #008080;\">Knurrt der L\u00f6we auf der Eisscholle:\u00a0\u201eBl\u00f6der Sch\u00fcler-Austausch!\u201c<\/span><\/strong><\/p>\n<p><span style=\"color: #0000ff;\"><strong>15.<\/strong><\/span><br \/><span style=\"color: #0000ff;\"> <strong> Treffen sich zwei Sch\u00fcler auf dem Schulhof. <\/strong><\/span><br \/><span style=\"color: #0000ff;\"> <strong> Sagt der eine: \u201eIch muss heute zum Arzt, ich hab nur keine Lust.\u201c <\/strong><\/span><br \/><span style=\"color: #0000ff;\"> <strong> Sagt der andere:\u00a0\u201eSag doch einfach, du bist krank!\u201c\u00a0<\/strong><\/span><\/p>\n<p><span style=\"color: #800000;\"><strong>16.<br \/><\/strong><strong>Verzweifelt fragt Herr Beyer einen gelangweilten Sch\u00fcler:<br \/>\u201eWas glaubst du wohl, welches Wort man als Lehrer am h\u00e4ufigsten von einem Sch\u00fcler h\u00f6rt?\u201c<br \/><\/strong><strong>\u201eWei\u00df ich nicht!\u201c sagt der Sch\u00fcler.<br \/><\/strong><strong>\u201eRichtig!\u201c, seufzt Herr Beyer.<\/strong><\/span><\/p>\n<p><span style=\"color: #003366;\"><strong>17.<br \/>Luisa rast wie wild mit ihrem Fahrrad \u00fcber den Schulhof.<br \/>\u201eHalt!\u201c, ruft Herr Schnalke ihr zu. \u201eKein Licht und keine Klingel!\u201c<br \/>Da ruft Luisa zur\u00fcck: \u201eAus dem Weg. Ich habe auch keine Bremse!\u201c<\/strong><\/span><\/p>\n<p><span style=\"color: #808080;\"><strong>18.<br \/><\/strong><strong>Kommt Herr Grote in die Klasse und sieht unter einem der Tische eine gro\u00dfe Pf\u00fctze. <\/strong><strong>Erschrocken fragt er: \u201eWer war das?\u201c Keiner meldet sich. \u201eNa sch\u00f6n\u201c, sagt Herr Grote. <\/strong><strong>\u201eWir machen jetzt alle die Augen zu und derjenige, der es war, geht an die Tafel und schreibt eine Entschuldigung. Danach nimmt er sich einen Lappen und wischt die Pf\u00fctze einfach wieder weg.\u201c Alle machen die Augen zu und man h\u00f6rt, wie jemand an die Tafel geht und etwas schreibt. Als alle die Augen wieder \u00f6ffnen, sehen sie eine zweite Pf\u00fctze unter dem Tisch und an der Tafel steht:<br \/>\u201eDER UNHEIMLICHE PISSER HAT WIEDER ZUGESCHLAGEN!\u201c<\/strong><\/span><\/p>\n<p><span style=\"color: #ff6600;\"><strong>19.<\/strong> <\/span><br \/><span style=\"color: #ff6600;\"><strong>Frau Ulrich: \u201eWarum antwortest du eigentlich immer mit einer Gegenfrage?\u201c<br \/><\/strong><strong>Victoria: \u201eTue ich das wirklich?\u201c<\/strong><\/span><\/p>\n<p><span style=\"color: #333399;\"><strong>20.<br \/><\/strong><strong>Frau Kern: \u201eWarum hei\u00dft unsere Sprache eigentlich Muttersprache\u201c<br \/><\/strong><strong>Konstantin antwortet: \u201eWeil der Vater nie zu Wort kommt.\u201c<\/strong><\/span><\/p>\n<p><span style=\"color: #808000;\"><strong>21.<br \/><\/strong><strong>Anna: \u201eMama, die Lehrerin ruft gleich an, SIE L\u00dcGT!\u201c<\/strong><\/span><\/p>\n<p><span style=\"color: #333399;\"><span style=\"color: #37374d;\"><strong>22.<br \/><\/strong><strong>Was ist der Unterschied zwischen den Lehrern und Gott?<br \/><\/strong><\/span><strong><span style=\"color: #37374d;\">Gott wei\u00df alles, Lehrer wissen immer alles besser<\/span>.<\/strong><\/span><\/p>\n<p><span style=\"color: #008000;\"><strong>23.<br \/><\/strong><strong>Frau Weber: \u201eWer die n\u00e4chste Frage richtig beantwortet, darf nach Hause gehen.\u201c<br \/><\/strong><strong>Da wirft Chantal einen Stein gegen die Tafel.<br \/>Frau Weber: \u201eWer war das?\u201c<br \/><\/strong><strong>Chantal: \u201eIch. Bye!\u201c<\/strong><\/span><\/p>\n<p><span style=\"color: #993300;\"><strong>24.<\/strong> <\/span><br \/><span style=\"color: #993300;\"><strong>Herr Bernges: \u201eWelches Tier au\u00dfer dem Igel kann sich noch zusammenrollen?\u201c<br \/><\/strong><strong>Katharina antwortet: \u201eNa, der Rollmops!\u201c<\/strong><\/span><\/p>\n<p><span style=\"color: #674a85;\"><strong>25.<br \/>Zwei gute Gr\u00fcnde Lehrer zu werden: Juli und August.<\/strong><\/span><\/p>\n<p><span style=\"color: #4d0505;\"><strong>26.<\/strong> <\/span><br \/><span style=\"color: #4d0505;\"><strong>Julie: \u201eWas heist: You can go out?\u201c<br \/><\/strong><strong>Frau Ulrich: \u201eDu kannst rausgehen.\u201c<br \/><\/strong><strong>Julie: \u201eDanke, wir sehen uns sp\u00e4ter!\u201c<\/strong><\/span><\/p>\n<p><span style=\"color: #3366ff;\"><strong>27.<\/strong><\/span><br \/><span style=\"color: #3366ff;\"><strong>Emilia steht im Geschichtsunterricht auf.\u00a0Emilia zu Herrn Wolfsholz: &#8222;Sie m\u00fcssen lernen loszulassen. Sie k\u00f6nnen nicht nur in der Vergangenheit leben.&#8220;<\/strong><\/span><\/p>\n<p><strong><span style=\"color: #800080;\">28.<\/span><\/strong><br \/><strong><span style=\"color: #800080;\">Anna sagt: \u201eZahlen schreiben ist so schwer. Besonders die Zahl 77. Ich wei\u00df nie, welche Sieben zuerst kommt\u201c.<\/span><\/strong><\/p>\n<p><strong><span style=\"color: #ff9900;\">29. <\/span><\/strong><br \/><strong><span style=\"color: #ff9900;\">Herr Beyer: \u201e76 % aller Sch\u00fcler in dieser Klasse haben keine Ahnung von Prozentrechnung!\u201c<\/span><\/strong><br \/><strong><span style=\"color: #ff9900;\">Sch\u00fcler: \u201eHerr Beyer, so viele sind wir doch gar nicht!\u201c<\/span><\/strong><\/p>\n<p><strong><span style=\"color: #3366ff;\">30. <\/span><\/strong><br \/><strong><span style=\"color: #3366ff;\">Mia zu Beyza: \u201eBeyza, k\u00f6nnen Lehrer eigentlich schwimmen?<\/span><\/strong><br \/><strong><span style=\"color: #3366ff;\">\u201eEinerseits ja, denn sie sind ja hohl. Aber andererseits nein, denn die sind ja nicht ganz dicht!\u201c, sagt Beyza.<\/span><\/strong><\/p>\n<p><strong><span style=\"color: #008000;\">31. <\/span><\/strong><br \/><strong><span style=\"color: #008000;\">Der Lehrer sagt: \u201eAlle, die glauben ein Idiot zu sein, stehen bitte auf!\u201c<\/span><\/strong><br \/><strong><span style=\"color: #008000;\">Keiner steht auf. Nach einer Weile steht der Klassenbeste auf.<\/span><\/strong><br \/><strong><span style=\"color: #008000;\">Fragt der Lehrer: \u201eWas machst du denn da?&#8220; <\/span><\/strong><br \/><strong><span style=\"color: #008000;\">Sagt der Sch\u00fcler: \u201eEs tut mir leid, Sie als Einzigen stehen zu sehen.\u201c<\/span><\/strong><\/p>\n<p><strong><span style=\"color: #ff0000;\">32. <\/span><\/strong><br \/><strong><span style=\"color: #ff0000;\">Sch\u00fclerin: \u201eWarum hab ich denn eine Sechs?\u201c<\/span><\/strong><br \/><strong><span style=\"color: #ff0000;\">Lehrer: \u201eWeil ich keine Siebenen geben darf!\u201c<\/span><\/strong><\/p>\n<p><strong><span style=\"color: #99cc00;\">33. <\/span><\/strong><br \/><strong><span style=\"color: #99cc00;\">Lehrer zu Klaus: \u201eNenn mir einen Satz mit einem Punkt.\u201c<\/span><\/strong><br \/><strong><span style=\"color: #99cc00;\">Klaus: \u201eMeine Schwester ist sch\u00f6n &#8211; Punkt.\u201c<\/span><\/strong><br \/><strong><span style=\"color: #99cc00;\">Lehrer: \u201eSch\u00f6n! Und jetzt mit einem Komma und einem Punkt.&#8220;<\/span><\/strong><br \/><strong><span style=\"color: #99cc00;\">Klaus: \u201eMeine Schwester wei\u00df &#8211; Komma &#8211; dass sie sch\u00f6n ist &#8211; Punkt.&#8220;<\/span><\/strong><br \/><strong><span style=\"color: #99cc00;\">Lehrer: \u201eUnd nun noch einen Satz mit zwei Kommas und einem Strichpunkt.&#8220;<\/span><\/strong><br \/><strong><span style=\"color: #99cc00;\">Klaus: \u201eWeil meine Schwester wei\u00df &#8211; Komma &#8211; dass sie sch\u00f6n ist &#8211; Komma &#8211; geht sie auf den Strich &#8211; Punkt.&#8220;<\/span><\/strong><\/p>\n<p><strong><span style=\"color: #ff00ff;\">34.\u00a0<\/span><\/strong><br \/><strong><span style=\"color: #ff00ff;\">\u201eHerr Grote\u201c, fragt Melvin den Klassenlehrer, \u201ekann man f\u00fcr etwas bestraft werden, was man nicht getan hat?&#8220;<\/span><\/strong><br \/><strong><span style=\"color: #ff00ff;\">\u201eNat\u00fcrlich nicht. Das w\u00e4re ungerecht.&#8220;<\/span><\/strong><br \/><strong><span style=\"color: #ff00ff;\">\u201eGut&#8220;, sagt Melvin. \u201eIch habe meine Hausaufgaben nicht gemacht!&#8220;<\/span><\/strong><\/p>\n\n\n<p class=\"wp-block-paragraph\"><\/p>\n","protected":false},"excerpt":{"rendered":"<p>Wir sammeln f\u00fcr euch die besten Sch\u00fclerwitze! Vielleicht kennt ihr ja auch noch lustige?! Dann schickt sie uns zu! Bislang sind es 34! 1. Laura: \u201eWas hast du bei Aufgabe 7 in der Mathearbeit geschrieben?\u201c Sarah: \u201eAufgabe 7??\u201c Laura: \u201eJa! Auf der R\u00fcckseite\u201c Sarah: \u201eES GAB EINE R\u00dcCKSEITE???\u201c 2. Egal wie leer du bist &#8211;&#8230; <\/p>\n<div class=\"clear\"><\/div>\n<p><a href=\"https:\/\/wir-von-der-kennedy.de\/wirvonderkennedyfinal\/die-besten-schuelerwitze\/\" class=\"gdlr-info-font excerpt-read-more\">Read More<\/a><\/p>\n","protected":false},"author":2,"featured_media":0,"parent":0,"menu_order":0,"comment_status":"closed","ping_status":"closed","template":"","meta":{"_crdt_document":"","footnotes":""},"class_list":["post-6733","page","type-page","status-publish","hentry"],"_links":{"self":[{"href":"https:\/\/wir-von-der-kennedy.de\/wirvonderkennedyfinal\/wp-json\/wp\/v2\/pages\/6733","targetHints":{"allow":["GET"]}}],"collection":[{"href":"https:\/\/wir-von-der-kennedy.de\/wirvonderkennedyfinal\/wp-json\/wp\/v2\/pages"}],"about":[{"href":"https:\/\/wir-von-der-kennedy.de\/wirvonderkennedyfinal\/wp-json\/wp\/v2\/types\/page"}],"author":[{"embeddable":true,"href":"https:\/\/wir-von-der-kennedy.de\/wirvonderkennedyfinal\/wp-json\/wp\/v2\/users\/2"}],"replies":[{"embeddable":true,"href":"https:\/\/wir-von-der-kennedy.de\/wirvonderkennedyfinal\/wp-json\/wp\/v2\/comments?post=6733"}],"version-history":[{"count":19,"href":"https:\/\/wir-von-der-kennedy.de\/wirvonderkennedyfinal\/wp-json\/wp\/v2\/pages\/6733\/revisions"}],"predecessor-version":[{"id":10512,"href":"https:\/\/wir-von-der-kennedy.de\/wirvonderkennedyfinal\/wp-json\/wp\/v2\/pages\/6733\/revisions\/10512"}],"wp:attachment":[{"href":"https:\/\/wir-von-der-kennedy.de\/wirvonderkennedyfinal\/wp-json\/wp\/v2\/media?parent=6733"}],"curies":[{"name":"wp","href":"https:\/\/api.w.org\/{rel}","templated":true}]}}