{"id":68,"date":"2015-02-22T01:04:57","date_gmt":"2015-02-22T00:04:57","guid":{"rendered":"http:\/\/wir-von-der-kennedy.de\/wirvonderkennedy\/?page_id=68"},"modified":"2025-06-04T13:52:33","modified_gmt":"2025-06-04T11:52:33","slug":"elternvertretung","status":"publish","type":"page","link":"https:\/\/wir-von-der-kennedy.de\/wirvonderkennedyfinal\/eltern\/elternvertretung\/","title":{"rendered":"Elternvertretung"},"content":{"rendered":"\n<h2 class=\"wp-block-heading\">Schulelternbeirat<\/h2>\n\n\n\n<p class=\"wp-block-paragraph\">Vorsitzender des Schulelternbeirats (SEB) der John-F.-Kennedy-Schule ist:<\/p>\n\n\n\n<p class=\"wp-block-paragraph\">Herr Gegenheimer <\/p>\n\n\n\n<p class=\"wp-block-paragraph\">&#8222;Die gew\u00e4hlten Klassenelternbeir\u00e4te bilden den Schulelternbeirat, der das Mitbestimmungsrecht der Eltern an der Schule aus\u00fcbt. Ebenfalls f\u00fcr die Dauer von zwei Jahren werden aus dessen Mitte eine Vorsitzende\/ein Vorsitzender, eine Stellvertreterin\/ein Stellvertreter sowie nach Bedarf weitere Vorstandsmitglieder gew\u00e4hlt.<\/p>\n\n\n\n<p class=\"wp-block-paragraph\">Der Schulelternbeirat wird nach Bedarf, mindestens jedoch einmal im Schulhalbjahr, einberufen. An den Sitzungen nehmen die Schulleiterin oder der Schulleiter sowie die Stellvertretung teil. Sie unterrichten den Schulelternbeirat \u00fcber alle wesentlichen Angelegenheiten des Schullebens. Weitere Lehrerinnen und Lehrer sowie Vertreterinnen oder Vertreter der Schulaufsichtsbeh\u00f6rde k\u00f6nnen teilnehmen. Bei geeigneten Beratungsgegenst\u00e4nden sollen Mitglieder der Sch\u00fclervertretung hinzugezogen werden.<\/p>\n\n\n\n<p class=\"wp-block-paragraph\">Zu den Aufgaben des Schulelternbeirates geh\u00f6ren unter anderem die Zustimmung zum Schulprogramm, zu Grunds\u00e4tzen f\u00fcr Hausaufgaben und Klassenarbeiten oder zu Grunds\u00e4tzen f\u00fcr die Einrichtung und den Umfang freiwilliger Unterrichts- und Betreuungsangebote. Hinzu kommen Anh\u00f6rungsrechte, Informationsrechte und Initiativrechte. In seiner Arbeit wird der Schulelternbeirat von den Kreis- und Stadtelternbeir\u00e4ten unterst\u00fctzt.&#8220;<\/p>\n\n\n\n<p class=\"wp-block-paragraph\">Quelle: Hessisches Kultusministerium<\/p>\n","protected":false},"excerpt":{"rendered":"<p>Schulelternbeirat Vorsitzender des Schulelternbeirats (SEB) der John-F.-Kennedy-Schule ist: Herr Gegenheimer &#8222;Die gew\u00e4hlten Klassenelternbeir\u00e4te bilden den Schulelternbeirat, der das Mitbestimmungsrecht der Eltern an der Schule aus\u00fcbt. Ebenfalls f\u00fcr die Dauer von zwei Jahren werden aus dessen Mitte eine Vorsitzende\/ein Vorsitzender, eine Stellvertreterin\/ein Stellvertreter sowie nach Bedarf weitere Vorstandsmitglieder gew\u00e4hlt. Der Schulelternbeirat wird nach Bedarf, mindestens jedoch&#8230; <\/p>\n<div class=\"clear\"><\/div>\n<p><a href=\"https:\/\/wir-von-der-kennedy.de\/wirvonderkennedyfinal\/eltern\/elternvertretung\/\" class=\"gdlr-info-font excerpt-read-more\">Read More<\/a><\/p>\n","protected":false},"author":16,"featured_media":0,"parent":3534,"menu_order":0,"comment_status":"closed","ping_status":"closed","template":"","meta":{"_crdt_document":"","footnotes":""},"class_list":["post-68","page","type-page","status-publish","hentry"],"_links":{"self":[{"href":"https:\/\/wir-von-der-kennedy.de\/wirvonderkennedyfinal\/wp-json\/wp\/v2\/pages\/68","targetHints":{"allow":["GET"]}}],"collection":[{"href":"https:\/\/wir-von-der-kennedy.de\/wirvonderkennedyfinal\/wp-json\/wp\/v2\/pages"}],"about":[{"href":"https:\/\/wir-von-der-kennedy.de\/wirvonderkennedyfinal\/wp-json\/wp\/v2\/types\/page"}],"author":[{"embeddable":true,"href":"https:\/\/wir-von-der-kennedy.de\/wirvonderkennedyfinal\/wp-json\/wp\/v2\/users\/16"}],"replies":[{"embeddable":true,"href":"https:\/\/wir-von-der-kennedy.de\/wirvonderkennedyfinal\/wp-json\/wp\/v2\/comments?post=68"}],"version-history":[{"count":10,"href":"https:\/\/wir-von-der-kennedy.de\/wirvonderkennedyfinal\/wp-json\/wp\/v2\/pages\/68\/revisions"}],"predecessor-version":[{"id":16352,"href":"https:\/\/wir-von-der-kennedy.de\/wirvonderkennedyfinal\/wp-json\/wp\/v2\/pages\/68\/revisions\/16352"}],"up":[{"embeddable":true,"href":"https:\/\/wir-von-der-kennedy.de\/wirvonderkennedyfinal\/wp-json\/wp\/v2\/pages\/3534"}],"wp:attachment":[{"href":"https:\/\/wir-von-der-kennedy.de\/wirvonderkennedyfinal\/wp-json\/wp\/v2\/media?parent=68"}],"curies":[{"name":"wp","href":"https:\/\/api.w.org\/{rel}","templated":true}]}}