{"id":7375,"date":"2017-06-27T17:51:38","date_gmt":"2017-06-27T15:51:38","guid":{"rendered":"http:\/\/wir-von-der-kennedy.de\/wirvonderkennedyfinal\/?page_id=7375"},"modified":"2023-06-13T11:09:42","modified_gmt":"2023-06-13T09:09:42","slug":"radio-jfk-das-schueler-radio","status":"publish","type":"page","link":"https:\/\/wir-von-der-kennedy.de\/wirvonderkennedyfinal\/radio-jfk-das-schueler-radio\/","title":{"rendered":"RADIO JFK &#8211; Das Sch\u00fcler-Radio"},"content":{"rendered":"\r\n<h1 class=\"wp-block-heading has-text-align-center\"><strong>&#8222;Radio JFK &#8211; Just for Kids&#8220; ist seit Sommer 2016 auf Sendung!<\/strong><\/h1>\r\n\r\n\r\n<hr class=\"wp-block-separator has-css-opacity\" \/>\r\n\r\n<div class=\"wp-block-image\">\r\n<figure class=\"aligncenter size-large\"><a href=\"http:\/\/wir-von-der-kennedy.de\/wirvonderkennedyfinal\/wp-content\/uploads\/2023\/05\/Radio-JFK-unterwegs-Straeter-Titelbild-1.jpg\"><img loading=\"lazy\" decoding=\"async\" width=\"1024\" height=\"576\" class=\"wp-image-14284\" src=\"http:\/\/wir-von-der-kennedy.de\/wirvonderkennedyfinal\/wp-content\/uploads\/2023\/05\/Radio-JFK-unterwegs-Straeter-Titelbild-1-1024x576.jpg\" alt=\"\" srcset=\"https:\/\/wir-von-der-kennedy.de\/wirvonderkennedyfinal\/wp-content\/uploads\/2023\/05\/Radio-JFK-unterwegs-Straeter-Titelbild-1-1024x576.jpg 1024w, https:\/\/wir-von-der-kennedy.de\/wirvonderkennedyfinal\/wp-content\/uploads\/2023\/05\/Radio-JFK-unterwegs-Straeter-Titelbild-1-300x169.jpg 300w, https:\/\/wir-von-der-kennedy.de\/wirvonderkennedyfinal\/wp-content\/uploads\/2023\/05\/Radio-JFK-unterwegs-Straeter-Titelbild-1-768x432.jpg 768w, https:\/\/wir-von-der-kennedy.de\/wirvonderkennedyfinal\/wp-content\/uploads\/2023\/05\/Radio-JFK-unterwegs-Straeter-Titelbild-1-1536x864.jpg 1536w, https:\/\/wir-von-der-kennedy.de\/wirvonderkennedyfinal\/wp-content\/uploads\/2023\/05\/Radio-JFK-unterwegs-Straeter-Titelbild-1.jpg 1920w\" sizes=\"auto, (max-width: 1024px) 100vw, 1024px\" \/><\/a><\/figure>\r\n<\/div>\r\n\r\n\r\n<p class=\"wp-block-paragraph\"><span style=\"color: #ffffff;\">bla<\/span><\/p>\r\n<p><a href=\"https:\/\/www.youtube.com\/watch?v=ESHguZWbfLw\">Hier geht&#8217;s zum Torsten-Str\u00e4ter-Interview auf unserem YouTube-Kanal!<\/a><\/p>\r\n<p><em>Mai 2023<\/em><\/p>\r\n\r\n\r\n\r\n<figure class=\"wp-block-gallery has-nested-images columns-2 is-cropped wp-block-gallery-1 is-layout-flex wp-block-gallery-is-layout-flex\">\r\n<figure class=\"wp-block-image size-large\"><a href=\"http:\/\/wir-von-der-kennedy.de\/wirvonderkennedyfinal\/wp-content\/uploads\/2023\/05\/WhatsApp-Image-2023-05-12-at-11.41.38.jpeg\"><img loading=\"lazy\" decoding=\"async\" width=\"1024\" height=\"576\" data-id=\"14287\" class=\"wp-image-14287\" src=\"http:\/\/wir-von-der-kennedy.de\/wirvonderkennedyfinal\/wp-content\/uploads\/2023\/05\/WhatsApp-Image-2023-05-12-at-11.41.38-1024x576.jpeg\" alt=\"\" srcset=\"https:\/\/wir-von-der-kennedy.de\/wirvonderkennedyfinal\/wp-content\/uploads\/2023\/05\/WhatsApp-Image-2023-05-12-at-11.41.38-1024x576.jpeg 1024w, https:\/\/wir-von-der-kennedy.de\/wirvonderkennedyfinal\/wp-content\/uploads\/2023\/05\/WhatsApp-Image-2023-05-12-at-11.41.38-300x169.jpeg 300w, https:\/\/wir-von-der-kennedy.de\/wirvonderkennedyfinal\/wp-content\/uploads\/2023\/05\/WhatsApp-Image-2023-05-12-at-11.41.38-768x432.jpeg 768w, https:\/\/wir-von-der-kennedy.de\/wirvonderkennedyfinal\/wp-content\/uploads\/2023\/05\/WhatsApp-Image-2023-05-12-at-11.41.38-1536x864.jpeg 1536w, https:\/\/wir-von-der-kennedy.de\/wirvonderkennedyfinal\/wp-content\/uploads\/2023\/05\/WhatsApp-Image-2023-05-12-at-11.41.38.jpeg 1920w\" sizes=\"auto, (max-width: 1024px) 100vw, 1024px\" \/><\/a><\/figure>\r\n\r\n\r\n\r\n<figure class=\"wp-block-image size-large\"><a href=\"http:\/\/wir-von-der-kennedy.de\/wirvonderkennedyfinal\/wp-content\/uploads\/2023\/05\/WhatsApp-Image-2023-05-12-at-11.41.08.jpeg\"><img loading=\"lazy\" decoding=\"async\" width=\"1024\" height=\"576\" data-id=\"14285\" class=\"wp-image-14285\" src=\"http:\/\/wir-von-der-kennedy.de\/wirvonderkennedyfinal\/wp-content\/uploads\/2023\/05\/WhatsApp-Image-2023-05-12-at-11.41.08-1024x576.jpeg\" alt=\"\" srcset=\"https:\/\/wir-von-der-kennedy.de\/wirvonderkennedyfinal\/wp-content\/uploads\/2023\/05\/WhatsApp-Image-2023-05-12-at-11.41.08-1024x576.jpeg 1024w, https:\/\/wir-von-der-kennedy.de\/wirvonderkennedyfinal\/wp-content\/uploads\/2023\/05\/WhatsApp-Image-2023-05-12-at-11.41.08-300x169.jpeg 300w, https:\/\/wir-von-der-kennedy.de\/wirvonderkennedyfinal\/wp-content\/uploads\/2023\/05\/WhatsApp-Image-2023-05-12-at-11.41.08-768x432.jpeg 768w, https:\/\/wir-von-der-kennedy.de\/wirvonderkennedyfinal\/wp-content\/uploads\/2023\/05\/WhatsApp-Image-2023-05-12-at-11.41.08-1536x864.jpeg 1536w, https:\/\/wir-von-der-kennedy.de\/wirvonderkennedyfinal\/wp-content\/uploads\/2023\/05\/WhatsApp-Image-2023-05-12-at-11.41.08.jpeg 1920w\" sizes=\"auto, (max-width: 1024px) 100vw, 1024px\" \/><\/a><\/figure>\r\n\r\n\r\n\r\n<figure class=\"wp-block-image size-large\"><a href=\"http:\/\/wir-von-der-kennedy.de\/wirvonderkennedyfinal\/wp-content\/uploads\/2023\/05\/WhatsApp-Image-2023-05-12-at-11.41.24.jpeg\"><img loading=\"lazy\" decoding=\"async\" width=\"1024\" height=\"576\" data-id=\"14286\" class=\"wp-image-14286\" src=\"http:\/\/wir-von-der-kennedy.de\/wirvonderkennedyfinal\/wp-content\/uploads\/2023\/05\/WhatsApp-Image-2023-05-12-at-11.41.24-1024x576.jpeg\" alt=\"\" srcset=\"https:\/\/wir-von-der-kennedy.de\/wirvonderkennedyfinal\/wp-content\/uploads\/2023\/05\/WhatsApp-Image-2023-05-12-at-11.41.24-1024x576.jpeg 1024w, https:\/\/wir-von-der-kennedy.de\/wirvonderkennedyfinal\/wp-content\/uploads\/2023\/05\/WhatsApp-Image-2023-05-12-at-11.41.24-300x169.jpeg 300w, https:\/\/wir-von-der-kennedy.de\/wirvonderkennedyfinal\/wp-content\/uploads\/2023\/05\/WhatsApp-Image-2023-05-12-at-11.41.24-768x432.jpeg 768w, https:\/\/wir-von-der-kennedy.de\/wirvonderkennedyfinal\/wp-content\/uploads\/2023\/05\/WhatsApp-Image-2023-05-12-at-11.41.24-1536x864.jpeg 1536w, https:\/\/wir-von-der-kennedy.de\/wirvonderkennedyfinal\/wp-content\/uploads\/2023\/05\/WhatsApp-Image-2023-05-12-at-11.41.24.jpeg 1920w\" sizes=\"auto, (max-width: 1024px) 100vw, 1024px\" \/><\/a><\/figure>\r\n\r\n\r\n\r\n<figure class=\"wp-block-image size-large\"><a href=\"http:\/\/wir-von-der-kennedy.de\/wirvonderkennedyfinal\/wp-content\/uploads\/2023\/05\/WhatsApp-Image-2023-05-12-at-11.41.50.jpeg\"><img loading=\"lazy\" decoding=\"async\" width=\"1024\" height=\"576\" data-id=\"14288\" class=\"wp-image-14288\" src=\"http:\/\/wir-von-der-kennedy.de\/wirvonderkennedyfinal\/wp-content\/uploads\/2023\/05\/WhatsApp-Image-2023-05-12-at-11.41.50-1024x576.jpeg\" alt=\"\" srcset=\"https:\/\/wir-von-der-kennedy.de\/wirvonderkennedyfinal\/wp-content\/uploads\/2023\/05\/WhatsApp-Image-2023-05-12-at-11.41.50-1024x576.jpeg 1024w, https:\/\/wir-von-der-kennedy.de\/wirvonderkennedyfinal\/wp-content\/uploads\/2023\/05\/WhatsApp-Image-2023-05-12-at-11.41.50-300x169.jpeg 300w, https:\/\/wir-von-der-kennedy.de\/wirvonderkennedyfinal\/wp-content\/uploads\/2023\/05\/WhatsApp-Image-2023-05-12-at-11.41.50-768x432.jpeg 768w, https:\/\/wir-von-der-kennedy.de\/wirvonderkennedyfinal\/wp-content\/uploads\/2023\/05\/WhatsApp-Image-2023-05-12-at-11.41.50-1536x864.jpeg 1536w, https:\/\/wir-von-der-kennedy.de\/wirvonderkennedyfinal\/wp-content\/uploads\/2023\/05\/WhatsApp-Image-2023-05-12-at-11.41.50.jpeg 1920w\" sizes=\"auto, (max-width: 1024px) 100vw, 1024px\" \/><\/a><\/figure>\r\n<\/figure>\r\n\r\n\r\n\r\n<p class=\"has-white-color has-text-color wp-block-paragraph\"><span style=\"color: #ffffff;\">bla<\/span><\/p>\r\n\r\n\r\n<hr class=\"wp-block-separator has-alpha-channel-opacity\" \/>\r\n\r\n\r\n<h1 class=\"wp-block-heading\"><strong>RADIO JFK trifft Ministerpr\u00e4sident Volker Bouffier!<\/strong><\/h1>\r\n\r\n\r\n\r\n<p class=\"wp-block-paragraph\"><em>September 2021<\/em><\/p>\r\n\r\n\r\n\r\n<figure class=\"wp-block-gallery has-nested-images columns-default is-cropped wp-block-gallery-2 is-layout-flex wp-block-gallery-is-layout-flex\">\r\n<figure class=\"wp-block-image size-large\"><a href=\"http:\/\/wir-von-der-kennedy.de\/wirvonderkennedyfinal\/wp-content\/uploads\/2021\/09\/IMG-20210924-WA0032.jpg\"><img loading=\"lazy\" decoding=\"async\" width=\"1024\" height=\"768\" data-id=\"12441\" class=\"wp-image-12441\" src=\"http:\/\/wir-von-der-kennedy.de\/wirvonderkennedyfinal\/wp-content\/uploads\/2021\/09\/IMG-20210924-WA0032-1024x768.jpg\" alt=\"\" srcset=\"https:\/\/wir-von-der-kennedy.de\/wirvonderkennedyfinal\/wp-content\/uploads\/2021\/09\/IMG-20210924-WA0032-1024x768.jpg 1024w, https:\/\/wir-von-der-kennedy.de\/wirvonderkennedyfinal\/wp-content\/uploads\/2021\/09\/IMG-20210924-WA0032-300x225.jpg 300w, https:\/\/wir-von-der-kennedy.de\/wirvonderkennedyfinal\/wp-content\/uploads\/2021\/09\/IMG-20210924-WA0032-768x576.jpg 768w, https:\/\/wir-von-der-kennedy.de\/wirvonderkennedyfinal\/wp-content\/uploads\/2021\/09\/IMG-20210924-WA0032-1536x1152.jpg 1536w, https:\/\/wir-von-der-kennedy.de\/wirvonderkennedyfinal\/wp-content\/uploads\/2021\/09\/IMG-20210924-WA0032-400x300.jpg 400w, https:\/\/wir-von-der-kennedy.de\/wirvonderkennedyfinal\/wp-content\/uploads\/2021\/09\/IMG-20210924-WA0032.jpg 2048w\" sizes=\"auto, (max-width: 1024px) 100vw, 1024px\" \/><\/a><\/figure>\r\n\r\n\r\n\r\n<figure class=\"wp-block-image size-large\"><a href=\"http:\/\/wir-von-der-kennedy.de\/wirvonderkennedyfinal\/wp-content\/uploads\/2021\/09\/IMG-20210924-WA0035.jpg\"><img loading=\"lazy\" decoding=\"async\" width=\"1024\" height=\"768\" data-id=\"12442\" class=\"wp-image-12442\" src=\"http:\/\/wir-von-der-kennedy.de\/wirvonderkennedyfinal\/wp-content\/uploads\/2021\/09\/IMG-20210924-WA0035-1024x768.jpg\" alt=\"\" srcset=\"https:\/\/wir-von-der-kennedy.de\/wirvonderkennedyfinal\/wp-content\/uploads\/2021\/09\/IMG-20210924-WA0035-1024x768.jpg 1024w, https:\/\/wir-von-der-kennedy.de\/wirvonderkennedyfinal\/wp-content\/uploads\/2021\/09\/IMG-20210924-WA0035-300x225.jpg 300w, https:\/\/wir-von-der-kennedy.de\/wirvonderkennedyfinal\/wp-content\/uploads\/2021\/09\/IMG-20210924-WA0035-768x576.jpg 768w, https:\/\/wir-von-der-kennedy.de\/wirvonderkennedyfinal\/wp-content\/uploads\/2021\/09\/IMG-20210924-WA0035-1536x1152.jpg 1536w, https:\/\/wir-von-der-kennedy.de\/wirvonderkennedyfinal\/wp-content\/uploads\/2021\/09\/IMG-20210924-WA0035-400x300.jpg 400w, https:\/\/wir-von-der-kennedy.de\/wirvonderkennedyfinal\/wp-content\/uploads\/2021\/09\/IMG-20210924-WA0035.jpg 2048w\" sizes=\"auto, (max-width: 1024px) 100vw, 1024px\" \/><\/a><\/figure>\r\n<\/figure>\r\n\r\n\r\n\r\n<p class=\"has-white-color has-text-color wp-block-paragraph\">aaaa<\/p>\r\n\r\n\r\n<hr class=\"wp-block-separator has-alpha-channel-opacity\" \/>\r\n\r\n\r\n<h1 class=\"wp-block-heading\"><strong>RADIO JFK gewinnt Sonderpreis vom Hessischen Rundfunk 2020!<\/strong><\/h1>\r\n\r\n\r\n\r\n<p class=\"wp-block-paragraph\">Es hat mal wieder geklappt. Zwei Mal beworben, zwei Mal gewonnen. Das ist doch ein guter Schnitt! \ud83d\ude42 Wir konnten mit unserem Schulradio bei der Preisverleihung des Wettbewerbs <strong>\u201eSCHOOL.fm\u00a0\u2013 Hessens bestes Schulradio\u201c<\/strong> vom Hessischen Rundfunk den Sonderpreis f\u00fcr <strong>\u201ebeste Radioentwicklung\u201c<\/strong> gewinnen. Unsere Laudatio hielt kein Geringerer als <strong>Henni Nachtsheim<\/strong>. Unsere Wettbewerbssendung war aber auch sehr interessant. Es war ein Interview mit der bekannten Schauspielerin, Moderatorin und Comedian\u00a0<strong>Mirja Boes<\/strong>.<\/p>\r\n\r\n\r\n\r\n<div class=\"wp-block-group\"><div class=\"wp-block-group__inner-container is-layout-flow wp-block-group-is-layout-flow\">\r\n<div class=\"wp-block-group\"><div class=\"wp-block-group__inner-container is-layout-flow wp-block-group-is-layout-flow\">\r\n<figure class=\"wp-block-gallery has-nested-images columns-default wp-block-gallery-3 is-layout-flex wp-block-gallery-is-layout-flex\">\r\n<figure class=\"wp-block-image size-large\"><a href=\"http:\/\/wir-von-der-kennedy.de\/wirvonderkennedyfinal\/wp-content\/uploads\/2020\/07\/IMG_20200629_134317-scaled.jpg\"><img loading=\"lazy\" decoding=\"async\" width=\"713\" height=\"1024\" data-id=\"11456\" class=\"wp-image-11456\" src=\"http:\/\/wir-von-der-kennedy.de\/wirvonderkennedyfinal\/wp-content\/uploads\/2020\/07\/IMG_20200629_134317-713x1024.jpg\" alt=\"\" srcset=\"https:\/\/wir-von-der-kennedy.de\/wirvonderkennedyfinal\/wp-content\/uploads\/2020\/07\/IMG_20200629_134317-713x1024.jpg 713w, https:\/\/wir-von-der-kennedy.de\/wirvonderkennedyfinal\/wp-content\/uploads\/2020\/07\/IMG_20200629_134317-209x300.jpg 209w, https:\/\/wir-von-der-kennedy.de\/wirvonderkennedyfinal\/wp-content\/uploads\/2020\/07\/IMG_20200629_134317-768x1104.jpg 768w, https:\/\/wir-von-der-kennedy.de\/wirvonderkennedyfinal\/wp-content\/uploads\/2020\/07\/IMG_20200629_134317-1069x1536.jpg 1069w, https:\/\/wir-von-der-kennedy.de\/wirvonderkennedyfinal\/wp-content\/uploads\/2020\/07\/IMG_20200629_134317-1425x2048.jpg 1425w, https:\/\/wir-von-der-kennedy.de\/wirvonderkennedyfinal\/wp-content\/uploads\/2020\/07\/IMG_20200629_134317-scaled.jpg 1781w\" sizes=\"auto, (max-width: 713px) 100vw, 713px\" \/><\/a>\r\n<figcaption class=\"wp-element-caption\">dav<\/figcaption>\r\n<\/figure>\r\n\r\n\r\n\r\n<figure class=\"wp-block-image size-large\"><a href=\"http:\/\/wir-von-der-kennedy.de\/wirvonderkennedyfinal\/wp-content\/uploads\/2020\/07\/Team-und-Mirja-Boes-scaled.jpg\"><img loading=\"lazy\" decoding=\"async\" width=\"1024\" height=\"576\" data-id=\"11468\" class=\"wp-image-11468\" src=\"http:\/\/wir-von-der-kennedy.de\/wirvonderkennedyfinal\/wp-content\/uploads\/2020\/07\/Team-und-Mirja-Boes-1024x576.jpg\" alt=\"\" srcset=\"https:\/\/wir-von-der-kennedy.de\/wirvonderkennedyfinal\/wp-content\/uploads\/2020\/07\/Team-und-Mirja-Boes-1024x576.jpg 1024w, https:\/\/wir-von-der-kennedy.de\/wirvonderkennedyfinal\/wp-content\/uploads\/2020\/07\/Team-und-Mirja-Boes-300x169.jpg 300w, https:\/\/wir-von-der-kennedy.de\/wirvonderkennedyfinal\/wp-content\/uploads\/2020\/07\/Team-und-Mirja-Boes-768x432.jpg 768w, https:\/\/wir-von-der-kennedy.de\/wirvonderkennedyfinal\/wp-content\/uploads\/2020\/07\/Team-und-Mirja-Boes-1536x864.jpg 1536w, https:\/\/wir-von-der-kennedy.de\/wirvonderkennedyfinal\/wp-content\/uploads\/2020\/07\/Team-und-Mirja-Boes-2048x1152.jpg 2048w\" sizes=\"auto, (max-width: 1024px) 100vw, 1024px\" \/><\/a>\r\n<figcaption class=\"wp-element-caption\">Das Team mit Mirja Boes<\/figcaption>\r\n<\/figure>\r\n<\/figure>\r\n<\/div><\/div>\r\n<\/div><\/div>\r\n\r\n\r\n\r\n<p class=\"has-black-color has-pale-cyan-blue-background-color has-text-color has-background wp-block-paragraph\"><strong><em>H\u00f6rt hier einen Ausschnitt aus der Sendung der Preisverleihung.<\/em><\/strong><\/p>\r\n\r\n\r\n\r\n<figure class=\"wp-block-audio\"><audio src=\"http:\/\/wir-von-der-kennedy.de\/wirvonderkennedyfinal\/wp-content\/uploads\/2020\/07\/School-FM-Preisverleihung-2020.mp3\" controls=\"controls\"><\/audio><\/figure>\r\n\r\n\r\n\r\n\r\n<hr class=\"wp-block-separator has-css-opacity\" \/>\r\n\r\n\r\n\r\n\r\n<h1 class=\"wp-block-heading\"><strong>Kabarettist Florian Schroeder im Interview mit Radio JFK!<\/strong><\/h1>\r\n\r\n\r\n\r\n<p class=\"wp-block-paragraph\">Am Abend des 30. Oktober 2019 &#8211; also lange vor der Corona-Krise &#8211; wurden im gro\u00dfen Sendesaal des hr in Frankfurt am Main zwei Folgen der &#8222;Florian Schroeder Satire Show&#8220; aufgezeichnet, doch zuvor fand der 40-j\u00e4hrige Kabarettist Zeit f\u00fcr ein Interview mit Radio JFK. Im Backstage-Bereich stellte er sich den Fragen der beiden Sch\u00fclerinnen Lena (9c) und Paula (10a). Die wollten unter anderem wissen, wie es dazu kam, dass Florian Schroeder so gut und gerne andere Menschen parodiert. Und so erz\u00e4hlte er, dass er zuerst den Sportlehrer seiner Schule parodierte, damit die Mitsch\u00fcler nicht \u00fcber Florians mangelnde sportliche Leistungen lachten, sondern vielmehr \u00fcber sein kom\u00f6diantisches Talent. Das vollst\u00e4ndige Interview nebst &#8222;Promi-Stimmen-Quiz&#8220; ist jetzt auf <a href=\"https:\/\/www.youtube.com\/watch?v=UbtCxYXfjeY\">YouTube<\/a> zu sehen!<\/p>\r\n\r\n\r\n<div class=\"wp-block-image is-style-rounded\">\r\n<figure class=\"aligncenter size-large\"><img loading=\"lazy\" decoding=\"async\" width=\"1024\" height=\"683\" class=\"wp-image-10528\" src=\"http:\/\/wir-von-der-kennedy.de\/wirvonderkennedyfinal\/wp-content\/uploads\/2019\/10\/117-30.10.2019-1024x683.jpg\" alt=\"\" srcset=\"https:\/\/wir-von-der-kennedy.de\/wirvonderkennedyfinal\/wp-content\/uploads\/2019\/10\/117-30.10.2019-1024x683.jpg 1024w, https:\/\/wir-von-der-kennedy.de\/wirvonderkennedyfinal\/wp-content\/uploads\/2019\/10\/117-30.10.2019-300x200.jpg 300w, https:\/\/wir-von-der-kennedy.de\/wirvonderkennedyfinal\/wp-content\/uploads\/2019\/10\/117-30.10.2019-768x512.jpg 768w\" sizes=\"auto, (max-width: 1024px) 100vw, 1024px\" \/><\/figure>\r\n<\/div>\r\n\r\n\r\n<p class=\"has-text-align-center has-normal-font-size wp-block-paragraph\"><em><span class=\"has-inline-color\" style=\"color: #c33faf;\">Kabarettist Florian Schroeder, Paula, Lena und Ren\u00e9 Di Rienzo, Leiter des Radio JFK<\/span><\/em><\/p>\r\n\r\n\r\n\r\n\r\n<hr class=\"wp-block-separator has-css-opacity\" \/>\r\n\r\n\r\n\r\n\r\n<h1 class=\"wp-block-heading\"><strong>Radio JFK: Interview mit Komikerin Mirja Boes!<\/strong><\/h1>\r\n\r\n\r\n\r\n<p class=\"wp-block-paragraph\">Zwischen Soundcheck und ihrem Konzert auf dem Marktplatz von Nidderau-Windecken fand die mehrfach ausgezeichnete Komikerin und S\u00e4ngerin Mirja Boes Zeit f\u00fcr ein Interview mit unserem Radio JFK. Am sonnigen Samstagnachmittag erz\u00e4hlte sie von ihrem peinlichsten Schulerlebnis und welche F\u00e4cher sie besonders mochte. Zu einer Gesangseinlage auf Italienisch mit dem Kr\u00fcmelmonster (!) musste die geb\u00fcrtige Rheinl\u00e4nderin nicht lange \u00fcberredet werden. Am Schluss gab es noch Autogramme f\u00fcr und Fotos mit den Moderatorinnen Sarah und Sabrina sowie Techniker Liam. Begleitet wurden die drei Neuntkl\u00e4ssler am 31. August 2019 von den Lehrern Ren\u00e9 Di Rienzo und Martin Wolfsholz.<\/p>\r\n\r\n\r\n\r\n<p class=\"wp-block-paragraph\"><a href=\"https:\/\/youtu.be\/nRrhivPXe4A\">Das vollst\u00e4ndige Interview gibt&#8217;s hier zu sehen!<\/a><\/p>\r\n\r\n\r\n\r\n\r\n<hr class=\"wp-block-separator has-css-opacity\" \/>\r\n\r\n\r\n\r\n\r\n<h1 class=\"wp-block-heading\"><strong>Radio JFK trifft Rick Kavanian!<\/strong><\/h1>\r\n\r\n\r\n\r\n<h3 class=\"wp-block-heading\"><span style=\"color: #000080;\"><em>Unser Weihnachtsgeschenk: Das vollst\u00e4ndige Interview im Video!<\/em><\/span><\/h3>\r\n\r\n\r\n\r\n<p class=\"wp-block-paragraph\">F\u00fcr ein ausf\u00fchrliches Interview vor seinem Auftritt am 1. November 2018 in der neuen Frankfurter &#8222;Batschkapp&#8220; konnte das Reporter-Team von &#8222;Radio JFK&#8220; <strong>Rick Kavanian<\/strong> gewinnen. Der Schauspieler (&#8222;Der Schuh des Manitu&#8220;, &#8222;Bullyparade&#8220;) und Synchronsprecher (&#8222;Hotel Transsilvanien&#8220;, &#8222;Madagascar&#8220;) zeigte sich gut gelaunt und hatte auch viel Spa\u00df bei dem Quiz, das die Sch\u00fcler und Sch\u00fclerinnen des WP-Kurses von Ren\u00e9 Di Rienzo f\u00fcr ihn vorbereitet hatten. Im Anschluss stand Kavanian neben Henni Nachtsheim und Pianist Martin Johnson mit dem Programm &#8222;Dollbohrer! &#8211; Von Klempnern und anderen Helden!&#8220; auf der B\u00fchne. Damit unsere Reporter Christina, David und Steven den Auftritt sehen konnten, schenkten die K\u00fcnstler ihnen spontan das Geld f\u00fcr die (teuren) Eintrittskarten!!!<\/p>\r\n\r\n\r\n\r\n<p class=\"wp-block-paragraph\"><a href=\"https:\/\/youtu.be\/54mcfaqEo5o\">Das komplette Interview im Video &#8211; hier klicken!<\/a><\/p>\r\n\r\n\r\n<div class=\"wp-block-image\">\r\n<figure class=\"aligncenter size-large\"><img loading=\"lazy\" decoding=\"async\" width=\"1024\" height=\"683\" class=\"wp-image-8621\" src=\"http:\/\/wir-von-der-kennedy.de\/wirvonderkennedyfinal\/wp-content\/uploads\/2018\/11\/IMG_8173-1024x683.jpg\" alt=\"\" srcset=\"https:\/\/wir-von-der-kennedy.de\/wirvonderkennedyfinal\/wp-content\/uploads\/2018\/11\/IMG_8173-1024x683.jpg 1024w, https:\/\/wir-von-der-kennedy.de\/wirvonderkennedyfinal\/wp-content\/uploads\/2018\/11\/IMG_8173-300x200.jpg 300w, https:\/\/wir-von-der-kennedy.de\/wirvonderkennedyfinal\/wp-content\/uploads\/2018\/11\/IMG_8173-768x512.jpg 768w\" sizes=\"auto, (max-width: 1024px) 100vw, 1024px\" \/><\/figure>\r\n<\/div>\r\n\r\n\r\n<p class=\"has-text-align-center has-normal-font-size wp-block-paragraph\"><em><span class=\"has-inline-color\" style=\"color: #492e96;\">Martin Wolfsholz, Ren\u00e9 Di Rienzo, Rick Kavanian, Christina, Steven und David<\/span><\/em><\/p>\r\n\r\n\r\n\r\n<p class=\"wp-block-paragraph\">&nbsp;<\/p>\r\n\r\n\r\n\r\n\r\n<hr class=\"wp-block-separator has-css-opacity\" \/>\r\n\r\n\r\n\r\n\r\n<h3 class=\"wp-block-heading has-text-align-center\"><em><strong>Der Hammer: Das hessische Comedy-Duo Badesalz k\u00fcndet das Programm von Radio JFK an!<\/strong>\u00a0<\/em><\/h3>\r\n\r\n\r\n\r\n<figure class=\"wp-block-image size-large\"><a href=\"http:\/\/wir-von-der-kennedy.de\/wirvonderkennedyfinal\/wp-content\/uploads\/2017\/06\/Filme-TV-27.06.2017-18_00_52.jpg\"><img loading=\"lazy\" decoding=\"async\" width=\"1024\" height=\"556\" class=\"wp-image-7568\" src=\"http:\/\/wir-von-der-kennedy.de\/wirvonderkennedyfinal\/wp-content\/uploads\/2017\/06\/Filme-TV-27.06.2017-18_00_52-1024x556.jpg\" alt=\"\" srcset=\"https:\/\/wir-von-der-kennedy.de\/wirvonderkennedyfinal\/wp-content\/uploads\/2017\/06\/Filme-TV-27.06.2017-18_00_52-1024x556.jpg 1024w, https:\/\/wir-von-der-kennedy.de\/wirvonderkennedyfinal\/wp-content\/uploads\/2017\/06\/Filme-TV-27.06.2017-18_00_52-300x163.jpg 300w, https:\/\/wir-von-der-kennedy.de\/wirvonderkennedyfinal\/wp-content\/uploads\/2017\/06\/Filme-TV-27.06.2017-18_00_52-768x417.jpg 768w, https:\/\/wir-von-der-kennedy.de\/wirvonderkennedyfinal\/wp-content\/uploads\/2017\/06\/Filme-TV-27.06.2017-18_00_52.jpg 1594w\" sizes=\"auto, (max-width: 1024px) 100vw, 1024px\" \/><\/a><\/figure>\r\n\r\n\r\n\r\n<p class=\"has-text-align-center wp-block-paragraph\">Wir trafen Badesalz am 14. Juni 2017 in Bad Orb.<\/p>\r\n\r\n\r\n\r\n<figure class=\"wp-block-audio\"><audio src=\"http:\/\/wir-von-der-kennedy.de\/wirvonderkennedyfinal\/wp-content\/uploads\/2017\/06\/Badesalz-Audio-Intro.mp3\" controls=\"controls\"><\/audio><\/figure>\r\n\r\n\r\n\r\n<h3 class=\"wp-block-heading\">\u00a0<\/h3>\r\n\r\n\r\n\r\n<h3 class=\"wp-block-heading\"><strong><em>&#8222;Radio JFK &#8211; Just for Kids&#8220; &#8211; Video-Intro 2017\/18<\/em><\/strong><\/h3>\r\n\r\n\r\n\r\n<p class=\"wp-block-paragraph\"><div style=\"width: 960px;\" class=\"wp-video\"><video class=\"wp-video-shortcode\" id=\"video-7375-1\" width=\"960\" height=\"540\" preload=\"metadata\" controls=\"controls\"><source type=\"video\/mp4\" src=\"http:\/\/wir-von-der-kennedy.de\/wirvonderkennedyfinal\/wp-content\/uploads\/2017\/06\/Radio-JFK-Intro-WEB-2017.mp4?_=1\" \/><a href=\"http:\/\/wir-von-der-kennedy.de\/wirvonderkennedyfinal\/wp-content\/uploads\/2017\/06\/Radio-JFK-Intro-WEB-2017.mp4\">http:\/\/wir-von-der-kennedy.de\/wirvonderkennedyfinal\/wp-content\/uploads\/2017\/06\/Radio-JFK-Intro-WEB-2017.mp4<\/a><\/video><\/div><\/p>\r\n\r\n\r\n\r\n<h3 class=\"wp-block-heading\">\u00a0<\/h3>\r\n\r\n\r\n\r\n<h3 class=\"wp-block-heading\">\u00a0<\/h3>\r\n\r\n\r\n\r\n<h3 class=\"wp-block-heading\">\u00a0<\/h3>\r\n\r\n\r\n\r\n\r\n\r\n\r\n\r\n<p class=\"wp-block-paragraph\">&nbsp;<\/p>\r\n\r\n\r\n","protected":false},"excerpt":{"rendered":"<p>&#8222;Radio JFK &#8211; Just for Kids&#8220; ist seit Sommer 2016 auf Sendung! bla Hier geht&#8217;s zum Torsten-Str\u00e4ter-Interview auf unserem YouTube-Kanal! Mai 2023 bla RADIO JFK trifft Ministerpr\u00e4sident Volker Bouffier! September 2021 aaaa RADIO JFK gewinnt Sonderpreis vom Hessischen Rundfunk 2020! Es hat mal wieder geklappt. Zwei Mal beworben, zwei Mal gewonnen. Das ist doch ein&#8230; <\/p>\n<div class=\"clear\"><\/div>\n<p><a href=\"https:\/\/wir-von-der-kennedy.de\/wirvonderkennedyfinal\/radio-jfk-das-schueler-radio\/\" class=\"gdlr-info-font excerpt-read-more\">Read More<\/a><\/p>\n","protected":false},"author":2,"featured_media":0,"parent":0,"menu_order":0,"comment_status":"closed","ping_status":"closed","template":"","meta":{"_crdt_document":"","footnotes":""},"class_list":["post-7375","page","type-page","status-publish","hentry"],"_links":{"self":[{"href":"https:\/\/wir-von-der-kennedy.de\/wirvonderkennedyfinal\/wp-json\/wp\/v2\/pages\/7375","targetHints":{"allow":["GET"]}}],"collection":[{"href":"https:\/\/wir-von-der-kennedy.de\/wirvonderkennedyfinal\/wp-json\/wp\/v2\/pages"}],"about":[{"href":"https:\/\/wir-von-der-kennedy.de\/wirvonderkennedyfinal\/wp-json\/wp\/v2\/types\/page"}],"author":[{"embeddable":true,"href":"https:\/\/wir-von-der-kennedy.de\/wirvonderkennedyfinal\/wp-json\/wp\/v2\/users\/2"}],"replies":[{"embeddable":true,"href":"https:\/\/wir-von-der-kennedy.de\/wirvonderkennedyfinal\/wp-json\/wp\/v2\/comments?post=7375"}],"version-history":[{"count":10,"href":"https:\/\/wir-von-der-kennedy.de\/wirvonderkennedyfinal\/wp-json\/wp\/v2\/pages\/7375\/revisions"}],"predecessor-version":[{"id":14400,"href":"https:\/\/wir-von-der-kennedy.de\/wirvonderkennedyfinal\/wp-json\/wp\/v2\/pages\/7375\/revisions\/14400"}],"wp:attachment":[{"href":"https:\/\/wir-von-der-kennedy.de\/wirvonderkennedyfinal\/wp-json\/wp\/v2\/media?parent=7375"}],"curies":[{"name":"wp","href":"https:\/\/api.w.org\/{rel}","templated":true}]}}