{"id":8152,"date":"2018-04-17T14:47:20","date_gmt":"2018-04-17T12:47:20","guid":{"rendered":"http:\/\/wir-von-der-kennedy.de\/wirvonderkennedyfinal\/?page_id=8152"},"modified":"2018-08-28T14:00:57","modified_gmt":"2018-08-28T12:00:57","slug":"frau-moecker","status":"publish","type":"page","link":"https:\/\/wir-von-der-kennedy.de\/wirvonderkennedyfinal\/frau-moecker\/","title":{"rendered":"Frau Olbrich"},"content":{"rendered":"<h2><strong>Das Lehrerfreundebuch<\/strong><\/h2>\n<h4><em>Ein Fragebogen der Sch\u00fclerzeitung 2017\/18<\/em><\/h4>\n<h1><strong>Bad Vilbel &#8211; Helau!<\/strong><\/h1>\n<p><a href=\"http:\/\/wir-von-der-kennedy.de\/wirvonderkennedyfinal\/wp-content\/uploads\/2018\/04\/m\u00f6cker.jpg\"><img loading=\"lazy\" decoding=\"async\" class=\"alignnone wp-image-8140\" src=\"http:\/\/wir-von-der-kennedy.de\/wirvonderkennedyfinal\/wp-content\/uploads\/2018\/04\/m\u00f6cker-300x297.jpg\" alt=\"\" width=\"400\" height=\"396\" srcset=\"https:\/\/wir-von-der-kennedy.de\/wirvonderkennedyfinal\/wp-content\/uploads\/2018\/04\/m\u00f6cker-300x297.jpg 300w, https:\/\/wir-von-der-kennedy.de\/wirvonderkennedyfinal\/wp-content\/uploads\/2018\/04\/m\u00f6cker-150x150.jpg 150w, https:\/\/wir-von-der-kennedy.de\/wirvonderkennedyfinal\/wp-content\/uploads\/2018\/04\/m\u00f6cker-768x759.jpg 768w, https:\/\/wir-von-der-kennedy.de\/wirvonderkennedyfinal\/wp-content\/uploads\/2018\/04\/m\u00f6cker-1024x1013.jpg 1024w\" sizes=\"auto, (max-width: 400px) 100vw, 400px\" \/><\/a><\/p>\n<ol>\n<li>Name: Marie-Luise Olbrich<\/li>\n<li>Alter: 30<\/li>\n<li>Welche F\u00e4cher unterrichten sie? Mathe, Physik, AL, DaZ<\/li>\n<li>Wieso sind Sie Lehrerin geworden? Viele Familienmitglieder sind auch Lehrer.<\/li>\n<li>Ihre Lieblingsfarbe? Blau<\/li>\n<li>Ihre Lieblingsessen ? Lasagne<\/li>\n<li>Haben Sie Kinder und wie viele? Noch keine.<\/li>\n<li>In welcher Stadt wohnen Sie? Bad Vilbel<\/li>\n<li>Was sind Ihre Hobbys? Tanzen, Karneval, Singen<\/li>\n<li>Sind Sie gerne in die Schule gegangen? Nicht immer&#8230;<\/li>\n<li>Wollten Sie schon immer Lehrer werden? Seit der Grundschule wollte ich Lehrerin werden!<\/li>\n<li>Wer ist Ihr gr\u00f6\u00dftes Vorbild? Meine damalige Franz\u00f6sischlehrerin und meine Mutter.<\/li>\n<li>Wie stellen Sie sich die Schule in der Zukunft vor? Sch\u00fcler mit Tablets im Unterricht.<\/li>\n<li>Welche F\u00e4cher m\u00f6gen Sie nicht? Sprachen (Englisch, Franz\u00f6sisch)<\/li>\n<li>Was war das Lustigste Erlebnis an der Kennedy-Schule? Lehrerclips, Sp\u00e4\u00dfe mit Sch\u00fclern und Sch\u00fclerinnen!<\/li>\n<\/ol>\n<p><em>Danke f\u00fcr das Interview!<\/em><\/p>\n","protected":false},"excerpt":{"rendered":"<p>Das Lehrerfreundebuch Ein Fragebogen der Sch\u00fclerzeitung 2017\/18 Bad Vilbel &#8211; Helau! Name: Marie-Luise Olbrich Alter: 30 Welche F\u00e4cher unterrichten sie? Mathe, Physik, AL, DaZ Wieso sind Sie Lehrerin geworden? Viele Familienmitglieder sind auch Lehrer. Ihre Lieblingsfarbe? Blau Ihre Lieblingsessen ? Lasagne Haben Sie Kinder und wie viele? Noch keine. In welcher Stadt wohnen Sie? Bad&#8230; <\/p>\n<div class=\"clear\"><\/div>\n<p><a href=\"https:\/\/wir-von-der-kennedy.de\/wirvonderkennedyfinal\/frau-moecker\/\" class=\"gdlr-info-font excerpt-read-more\">Read More<\/a><\/p>\n","protected":false},"author":2,"featured_media":0,"parent":0,"menu_order":0,"comment_status":"closed","ping_status":"closed","template":"","meta":{"_crdt_document":"","footnotes":""},"class_list":["post-8152","page","type-page","status-publish","hentry"],"_links":{"self":[{"href":"https:\/\/wir-von-der-kennedy.de\/wirvonderkennedyfinal\/wp-json\/wp\/v2\/pages\/8152","targetHints":{"allow":["GET"]}}],"collection":[{"href":"https:\/\/wir-von-der-kennedy.de\/wirvonderkennedyfinal\/wp-json\/wp\/v2\/pages"}],"about":[{"href":"https:\/\/wir-von-der-kennedy.de\/wirvonderkennedyfinal\/wp-json\/wp\/v2\/types\/page"}],"author":[{"embeddable":true,"href":"https:\/\/wir-von-der-kennedy.de\/wirvonderkennedyfinal\/wp-json\/wp\/v2\/users\/2"}],"replies":[{"embeddable":true,"href":"https:\/\/wir-von-der-kennedy.de\/wirvonderkennedyfinal\/wp-json\/wp\/v2\/comments?post=8152"}],"version-history":[{"count":6,"href":"https:\/\/wir-von-der-kennedy.de\/wirvonderkennedyfinal\/wp-json\/wp\/v2\/pages\/8152\/revisions"}],"predecessor-version":[{"id":8398,"href":"https:\/\/wir-von-der-kennedy.de\/wirvonderkennedyfinal\/wp-json\/wp\/v2\/pages\/8152\/revisions\/8398"}],"wp:attachment":[{"href":"https:\/\/wir-von-der-kennedy.de\/wirvonderkennedyfinal\/wp-json\/wp\/v2\/media?parent=8152"}],"curies":[{"name":"wp","href":"https:\/\/api.w.org\/{rel}","templated":true}]}}