{"id":8664,"date":"2018-11-27T14:00:36","date_gmt":"2018-11-27T13:00:36","guid":{"rendered":"http:\/\/wir-von-der-kennedy.de\/wirvonderkennedyfinal\/?page_id=8664"},"modified":"2018-11-27T14:13:00","modified_gmt":"2018-11-27T13:13:00","slug":"herr-andre","status":"publish","type":"page","link":"https:\/\/wir-von-der-kennedy.de\/wirvonderkennedyfinal\/herr-andre\/","title":{"rendered":"Herr Andr\u00e9"},"content":{"rendered":"<h2><strong>Das Lehrerfreundebuch<\/strong><\/h2>\n<h4><em>Ein Fragebogen der Sch\u00fclerzeitung 2018\/19<\/em><\/h4>\n<h1><strong>Papierkugelschlachten in Villitown!<\/strong><\/h1>\n<p><a href=\"http:\/\/wir-von-der-kennedy.de\/wirvonderkennedyfinal\/wp-content\/uploads\/2018\/11\/Andre.jpg\"><img loading=\"lazy\" decoding=\"async\" class=\"alignnone wp-image-8666\" src=\"http:\/\/wir-von-der-kennedy.de\/wirvonderkennedyfinal\/wp-content\/uploads\/2018\/11\/Andre-300x200.jpg\" alt=\"\" width=\"450\" height=\"300\" srcset=\"https:\/\/wir-von-der-kennedy.de\/wirvonderkennedyfinal\/wp-content\/uploads\/2018\/11\/Andre-300x200.jpg 300w, https:\/\/wir-von-der-kennedy.de\/wirvonderkennedyfinal\/wp-content\/uploads\/2018\/11\/Andre-768x511.jpg 768w, https:\/\/wir-von-der-kennedy.de\/wirvonderkennedyfinal\/wp-content\/uploads\/2018\/11\/Andre.jpg 910w\" sizes=\"auto, (max-width: 450px) 100vw, 450px\" \/><\/a><\/p>\n<ol>\n<li>Name: Alexander Andr\u00e9<\/li>\n<li>Alter: 35<\/li>\n<li>Welche F\u00e4cher unterrichten Sie? Sport, Physik, Chemie, Mathe, Geschichte<\/li>\n<li>Wieso sind Sie Lehrer geworden? Es gab nix Besseres!<\/li>\n<li>Ihre Lieblingsfarbe? Gr\u00fcn<\/li>\n<li>Ihre Lieblingsessen ? Putengeschnetzeltes meiner Frau<\/li>\n<li>Haben Sie Kinder und wie viele? In ferner Zukunft werde ich 5 Kinder haben.<\/li>\n<li>In welcher Stadt wohnen Sie? Villitown<\/li>\n<li>Was sind Ihre Hobbys? Hobbylos<\/li>\n<li>Sind Sie gerne in die Schule gegangen? Ja, das macht mich noch unsympathischer.<\/li>\n<li>Wollten Sie schon immer Lehrer werden? Nein, auf keinen Fall!!!<\/li>\n<li>Wer ist Ihr gr\u00f6\u00dftes Vorbild? Herr Mayb\u00f6hm<\/li>\n<li>Wie stellen Sie sich die Schule in der Zukunft vor? Noch sch\u00f6ner.<\/li>\n<li>Welche F\u00e4cher m\u00f6gen Sie nicht? Englisch. Obwohl es das wichtigste Fach meiner Meinung nach ist<\/li>\n<li>Was war das lustigste Erlebnis an der Kennedy-Schule? Das letzte Sch\u00fcler-Lehrer-Fu\u00dfballspiel (2009) und die Papierkugelschlacht mit meiner alten Klasse &#8211; obwohl ich verloren habe \u2026<\/li>\n<\/ol>\n<p><em>Danke f\u00fcr das Interview!<\/em><\/p>\n","protected":false},"excerpt":{"rendered":"<p>Das Lehrerfreundebuch Ein Fragebogen der Sch\u00fclerzeitung 2018\/19 Papierkugelschlachten in Villitown! Name: Alexander Andr\u00e9 Alter: 35 Welche F\u00e4cher unterrichten Sie? Sport, Physik, Chemie, Mathe, Geschichte Wieso sind Sie Lehrer geworden? Es gab nix Besseres! Ihre Lieblingsfarbe? Gr\u00fcn Ihre Lieblingsessen ? Putengeschnetzeltes meiner Frau Haben Sie Kinder und wie viele? In ferner Zukunft werde ich 5 Kinder&#8230; <\/p>\n<div class=\"clear\"><\/div>\n<p><a href=\"https:\/\/wir-von-der-kennedy.de\/wirvonderkennedyfinal\/herr-andre\/\" class=\"gdlr-info-font excerpt-read-more\">Read More<\/a><\/p>\n","protected":false},"author":2,"featured_media":0,"parent":0,"menu_order":0,"comment_status":"closed","ping_status":"closed","template":"","meta":{"_crdt_document":"","footnotes":""},"class_list":["post-8664","page","type-page","status-publish","hentry"],"_links":{"self":[{"href":"https:\/\/wir-von-der-kennedy.de\/wirvonderkennedyfinal\/wp-json\/wp\/v2\/pages\/8664","targetHints":{"allow":["GET"]}}],"collection":[{"href":"https:\/\/wir-von-der-kennedy.de\/wirvonderkennedyfinal\/wp-json\/wp\/v2\/pages"}],"about":[{"href":"https:\/\/wir-von-der-kennedy.de\/wirvonderkennedyfinal\/wp-json\/wp\/v2\/types\/page"}],"author":[{"embeddable":true,"href":"https:\/\/wir-von-der-kennedy.de\/wirvonderkennedyfinal\/wp-json\/wp\/v2\/users\/2"}],"replies":[{"embeddable":true,"href":"https:\/\/wir-von-der-kennedy.de\/wirvonderkennedyfinal\/wp-json\/wp\/v2\/comments?post=8664"}],"version-history":[{"count":3,"href":"https:\/\/wir-von-der-kennedy.de\/wirvonderkennedyfinal\/wp-json\/wp\/v2\/pages\/8664\/revisions"}],"predecessor-version":[{"id":8669,"href":"https:\/\/wir-von-der-kennedy.de\/wirvonderkennedyfinal\/wp-json\/wp\/v2\/pages\/8664\/revisions\/8669"}],"wp:attachment":[{"href":"https:\/\/wir-von-der-kennedy.de\/wirvonderkennedyfinal\/wp-json\/wp\/v2\/media?parent=8664"}],"curies":[{"name":"wp","href":"https:\/\/api.w.org\/{rel}","templated":true}]}}