{"id":9764,"date":"2019-03-21T22:29:44","date_gmt":"2019-03-21T21:29:44","guid":{"rendered":"http:\/\/wir-von-der-kennedy.de\/wirvonderkennedyfinal\/?page_id=9764"},"modified":"2019-03-23T07:00:15","modified_gmt":"2019-03-23T06:00:15","slug":"alle-beitraege","status":"publish","type":"page","link":"https:\/\/wir-von-der-kennedy.de\/wirvonderkennedyfinal\/alle-beitraege\/","title":{"rendered":"Alle Beitr\u00e4ge der Startseite"},"content":{"rendered":"\n<p style=\"background-color:#c4e1f3;color:#0022a3;text-align:center\" class=\"has-text-color has-background has-medium-font-size wp-block-paragraph\"><em>Auf dieser Archiv-Seite sind alle Beitr\u00e4ge zu finden, <\/em><br><em>die seit dem 25. April 2015 auf der Startseite unserer Homepage erschienen sind. <\/em><br><em>Viel Spa\u00df beim St\u00f6bern in alten Zeiten!<\/em><\/p>\n","protected":false},"excerpt":{"rendered":"<p>Auf dieser Archiv-Seite sind alle Beitr\u00e4ge zu finden, die seit dem 25. April 2015 auf der Startseite unserer Homepage erschienen sind. Viel Spa\u00df beim St\u00f6bern in alten Zeiten!<\/p>\n","protected":false},"author":2,"featured_media":0,"parent":0,"menu_order":0,"comment_status":"closed","ping_status":"closed","template":"","meta":{"_crdt_document":"","footnotes":""},"class_list":["post-9764","page","type-page","status-publish","hentry"],"_links":{"self":[{"href":"https:\/\/wir-von-der-kennedy.de\/wirvonderkennedyfinal\/wp-json\/wp\/v2\/pages\/9764","targetHints":{"allow":["GET"]}}],"collection":[{"href":"https:\/\/wir-von-der-kennedy.de\/wirvonderkennedyfinal\/wp-json\/wp\/v2\/pages"}],"about":[{"href":"https:\/\/wir-von-der-kennedy.de\/wirvonderkennedyfinal\/wp-json\/wp\/v2\/types\/page"}],"author":[{"embeddable":true,"href":"https:\/\/wir-von-der-kennedy.de\/wirvonderkennedyfinal\/wp-json\/wp\/v2\/users\/2"}],"replies":[{"embeddable":true,"href":"https:\/\/wir-von-der-kennedy.de\/wirvonderkennedyfinal\/wp-json\/wp\/v2\/comments?post=9764"}],"version-history":[{"count":7,"href":"https:\/\/wir-von-der-kennedy.de\/wirvonderkennedyfinal\/wp-json\/wp\/v2\/pages\/9764\/revisions"}],"predecessor-version":[{"id":9877,"href":"https:\/\/wir-von-der-kennedy.de\/wirvonderkennedyfinal\/wp-json\/wp\/v2\/pages\/9764\/revisions\/9877"}],"wp:attachment":[{"href":"https:\/\/wir-von-der-kennedy.de\/wirvonderkennedyfinal\/wp-json\/wp\/v2\/media?parent=9764"}],"curies":[{"name":"wp","href":"https:\/\/api.w.org\/{rel}","templated":true}]}}